{"id":19998,"date":"2022-08-19T11:00:45","date_gmt":"2022-08-19T08:00:45","guid":{"rendered":"https:\/\/vinilozona.lt\/?post_type=product&#038;p=19998"},"modified":"2024-10-31T10:49:31","modified_gmt":"2024-10-31T08:49:31","slug":"peter-gabriel-so-2","status":"publish","type":"product","link":"https:\/\/vinilozona.lt\/en\/parduotuve\/naujos-lp\/peter-gabriel-so-2\/","title":{"rendered":"Peter Gabriel \u2013 So"},"content":{"rendered":"<p>A1\t\tRed Rain 5:40<br \/>\nA2\t\tSledgehammer 5:13<br \/>\nA3\t\tDon&#8217;t Give Up 6:33<br \/>\nA4\t\tThat Voice Again 4:53<br \/>\nB1\t\tMercy Street 6:23<br \/>\nB2\t\tBig Time 4:29<br \/>\nB3\t\tWe Do What We&#8217;re Told (Milgram&#8217;s 37) 3:22<br \/>\nB4\t\tThis Is The Picture (Excellent Birds) 4:26<br \/>\nB5\t\tIn Your Eyes 5:27<\/p>","protected":false},"excerpt":{"rendered":"<p>Label:\tReal World Records \u2013 PGLPR5, Caroline International \u2013 884108004548<br \/>\nFormat:\tVinyl, LP, Album, Reissue, Remastered, 180g<br \/>\nCountry:\tEurope<br \/>\nReleased:\tDec 2, 2016<\/p>","protected":false},"featured_media":19999,"template":"","meta":[],"product_cat":[23],"product_tag":[55],"yoast_head":"<!-- This site is optimized with the Yoast SEO plugin v23.5 - https:\/\/yoast.com\/wordpress\/plugins\/seo\/ -->\n<title>Peter Gabriel \u2013 So Vinilin\u0117 Plok\u0161tel\u0117 | Vinilozona.lt<\/title>\n<meta name=\"robots\" content=\"index, follow, max-snippet:-1, max-image-preview:large, max-video-preview:-1\" \/>\n<link rel=\"canonical\" href=\"https:\/\/vinilozona.lt\/en\/parduotuve\/naujos-lp\/peter-gabriel-so-2\/\" \/>\n<meta property=\"og:locale\" content=\"en_GB\" \/>\n<meta property=\"og:type\" content=\"article\" \/>\n<meta property=\"og:title\" content=\"Peter Gabriel \u2013 So Vinilin\u0117 Plok\u0161tel\u0117 | Vinilozona.lt\" \/>\n<meta property=\"og:description\" content=\"Label: Real World Records \u2013 PGLPR5, Caroline International \u2013 884108004548 Format: Vinyl, LP, Album, Reissue, Remastered, 180g Country: Europe Released: Dec 2, 2016\" \/>\n<meta property=\"og:url\" content=\"https:\/\/vinilozona.lt\/en\/parduotuve\/naujos-lp\/peter-gabriel-so-2\/\" \/>\n<meta property=\"og:site_name\" content=\"Vinilo Zona\" \/>\n<meta property=\"article:modified_time\" content=\"2024-10-31T08:49:31+00:00\" \/>\n<meta property=\"og:image\" content=\"https:\/\/vinilozona.lt\/wp-content\/uploads\/2022\/08\/R-9473337-1573210753-4445.jpg\" \/>\n\t<meta property=\"og:image:width\" content=\"599\" \/>\n\t<meta property=\"og:image:height\" content=\"597\" \/>\n\t<meta property=\"og:image:type\" content=\"image\/jpeg\" \/>\n<meta name=\"twitter:card\" content=\"summary_large_image\" \/>\n<script type=\"application\/ld+json\" class=\"yoast-schema-graph\">{\"@context\":\"https:\/\/schema.org\",\"@graph\":[{\"@type\":\"WebPage\",\"@id\":\"https:\/\/vinilozona.lt\/en\/parduotuve\/naujos-lp\/peter-gabriel-so-2\/\",\"url\":\"https:\/\/vinilozona.lt\/en\/parduotuve\/naujos-lp\/peter-gabriel-so-2\/\",\"name\":\"Peter Gabriel \u2013 So Vinilin\u0117 Plok\u0161tel\u0117 | Vinilozona.lt\",\"isPartOf\":{\"@id\":\"https:\/\/vinilozona.lt\/#website\"},\"primaryImageOfPage\":{\"@id\":\"https:\/\/vinilozona.lt\/en\/parduotuve\/naujos-lp\/peter-gabriel-so-2\/#primaryimage\"},\"image\":{\"@id\":\"https:\/\/vinilozona.lt\/en\/parduotuve\/naujos-lp\/peter-gabriel-so-2\/#primaryimage\"},\"thumbnailUrl\":\"https:\/\/vinilozona.lt\/wp-content\/uploads\/2022\/08\/R-9473337-1573210753-4445.jpg\",\"datePublished\":\"2022-08-19T08:00:45+00:00\",\"dateModified\":\"2024-10-31T08:49:31+00:00\",\"breadcrumb\":{\"@id\":\"https:\/\/vinilozona.lt\/en\/parduotuve\/naujos-lp\/peter-gabriel-so-2\/#breadcrumb\"},\"inLanguage\":\"en-GB\",\"potentialAction\":[{\"@type\":\"ReadAction\",\"target\":[\"https:\/\/vinilozona.lt\/en\/parduotuve\/naujos-lp\/peter-gabriel-so-2\/\"]}]},{\"@type\":\"ImageObject\",\"inLanguage\":\"en-GB\",\"@id\":\"https:\/\/vinilozona.lt\/en\/parduotuve\/naujos-lp\/peter-gabriel-so-2\/#primaryimage\",\"url\":\"https:\/\/vinilozona.lt\/wp-content\/uploads\/2022\/08\/R-9473337-1573210753-4445.jpg\",\"contentUrl\":\"https:\/\/vinilozona.lt\/wp-content\/uploads\/2022\/08\/R-9473337-1573210753-4445.jpg\",\"width\":599,\"height\":597},{\"@type\":\"BreadcrumbList\",\"@id\":\"https:\/\/vinilozona.lt\/en\/parduotuve\/naujos-lp\/peter-gabriel-so-2\/#breadcrumb\",\"itemListElement\":[{\"@type\":\"ListItem\",\"position\":1,\"name\":\"Home\",\"item\":\"https:\/\/vinilozona.lt\/\"},{\"@type\":\"ListItem\",\"position\":2,\"name\":\"Parduotuv\u0117\",\"item\":\"https:\/\/vinilozona.lt\/parduotuve\/\"},{\"@type\":\"ListItem\",\"position\":3,\"name\":\"Peter Gabriel \u2013 So\"}]},{\"@type\":\"WebSite\",\"@id\":\"https:\/\/vinilozona.lt\/#website\",\"url\":\"https:\/\/vinilozona.lt\/\",\"name\":\"Vinilo Zona\",\"description\":\"Nup\u016bsk dulkes ir klausyk LP\",\"potentialAction\":[{\"@type\":\"SearchAction\",\"target\":{\"@type\":\"EntryPoint\",\"urlTemplate\":\"https:\/\/vinilozona.lt\/?s={search_term_string}\"},\"query-input\":{\"@type\":\"PropertyValueSpecification\",\"valueRequired\":true,\"valueName\":\"search_term_string\"}}],\"inLanguage\":\"en-GB\"}]}<\/script>\n<!-- \/ Yoast SEO plugin. -->","yoast_head_json":{"title":"Peter Gabriel \u2013 So Vinilin\u0117 Plok\u0161tel\u0117 | Vinilozona.lt","robots":{"index":"index","follow":"follow","max-snippet":"max-snippet:-1","max-image-preview":"max-image-preview:large","max-video-preview":"max-video-preview:-1"},"canonical":"https:\/\/vinilozona.lt\/en\/parduotuve\/naujos-lp\/peter-gabriel-so-2\/","og_locale":"en_GB","og_type":"article","og_title":"Peter Gabriel \u2013 So Vinilin\u0117 Plok\u0161tel\u0117 | Vinilozona.lt","og_description":"Label: Real World Records \u2013 PGLPR5, Caroline International \u2013 884108004548 Format: Vinyl, LP, Album, Reissue, Remastered, 180g Country: Europe Released: Dec 2, 2016","og_url":"https:\/\/vinilozona.lt\/en\/parduotuve\/naujos-lp\/peter-gabriel-so-2\/","og_site_name":"Vinilo Zona","article_modified_time":"2024-10-31T08:49:31+00:00","og_image":[{"width":599,"height":597,"url":"https:\/\/vinilozona.lt\/wp-content\/uploads\/2022\/08\/R-9473337-1573210753-4445.jpg","type":"image\/jpeg"}],"twitter_card":"summary_large_image","schema":{"@context":"https:\/\/schema.org","@graph":[{"@type":"WebPage","@id":"https:\/\/vinilozona.lt\/en\/parduotuve\/naujos-lp\/peter-gabriel-so-2\/","url":"https:\/\/vinilozona.lt\/en\/parduotuve\/naujos-lp\/peter-gabriel-so-2\/","name":"Peter Gabriel \u2013 So Vinilin\u0117 Plok\u0161tel\u0117 | Vinilozona.lt","isPartOf":{"@id":"https:\/\/vinilozona.lt\/#website"},"primaryImageOfPage":{"@id":"https:\/\/vinilozona.lt\/en\/parduotuve\/naujos-lp\/peter-gabriel-so-2\/#primaryimage"},"image":{"@id":"https:\/\/vinilozona.lt\/en\/parduotuve\/naujos-lp\/peter-gabriel-so-2\/#primaryimage"},"thumbnailUrl":"https:\/\/vinilozona.lt\/wp-content\/uploads\/2022\/08\/R-9473337-1573210753-4445.jpg","datePublished":"2022-08-19T08:00:45+00:00","dateModified":"2024-10-31T08:49:31+00:00","breadcrumb":{"@id":"https:\/\/vinilozona.lt\/en\/parduotuve\/naujos-lp\/peter-gabriel-so-2\/#breadcrumb"},"inLanguage":"en-GB","potentialAction":[{"@type":"ReadAction","target":["https:\/\/vinilozona.lt\/en\/parduotuve\/naujos-lp\/peter-gabriel-so-2\/"]}]},{"@type":"ImageObject","inLanguage":"en-GB","@id":"https:\/\/vinilozona.lt\/en\/parduotuve\/naujos-lp\/peter-gabriel-so-2\/#primaryimage","url":"https:\/\/vinilozona.lt\/wp-content\/uploads\/2022\/08\/R-9473337-1573210753-4445.jpg","contentUrl":"https:\/\/vinilozona.lt\/wp-content\/uploads\/2022\/08\/R-9473337-1573210753-4445.jpg","width":599,"height":597},{"@type":"BreadcrumbList","@id":"https:\/\/vinilozona.lt\/en\/parduotuve\/naujos-lp\/peter-gabriel-so-2\/#breadcrumb","itemListElement":[{"@type":"ListItem","position":1,"name":"Home","item":"https:\/\/vinilozona.lt\/"},{"@type":"ListItem","position":2,"name":"Parduotuv\u0117","item":"https:\/\/vinilozona.lt\/parduotuve\/"},{"@type":"ListItem","position":3,"name":"Peter Gabriel \u2013 So"}]},{"@type":"WebSite","@id":"https:\/\/vinilozona.lt\/#website","url":"https:\/\/vinilozona.lt\/","name":"Vinilo Zona","description":"Nup\u016bsk dulkes ir klausyk LP","potentialAction":[{"@type":"SearchAction","target":{"@type":"EntryPoint","urlTemplate":"https:\/\/vinilozona.lt\/?s={search_term_string}"},"query-input":{"@type":"PropertyValueSpecification","valueRequired":true,"valueName":"search_term_string"}}],"inLanguage":"en-GB"}]}},"_links":{"self":[{"href":"https:\/\/vinilozona.lt\/en\/wp-json\/wp\/v2\/product\/19998"}],"collection":[{"href":"https:\/\/vinilozona.lt\/en\/wp-json\/wp\/v2\/product"}],"about":[{"href":"https:\/\/vinilozona.lt\/en\/wp-json\/wp\/v2\/types\/product"}],"wp:featuredmedia":[{"embeddable":true,"href":"https:\/\/vinilozona.lt\/en\/wp-json\/wp\/v2\/media\/19999"}],"wp:attachment":[{"href":"https:\/\/vinilozona.lt\/en\/wp-json\/wp\/v2\/media?parent=19998"}],"wp:term":[{"taxonomy":"product_cat","embeddable":true,"href":"https:\/\/vinilozona.lt\/en\/wp-json\/wp\/v2\/product_cat?post=19998"},{"taxonomy":"product_tag","embeddable":true,"href":"https:\/\/vinilozona.lt\/en\/wp-json\/wp\/v2\/product_tag?post=19998"}],"curies":[{"name":"wp","href":"https:\/\/api.w.org\/{rel}","templated":true}]}}