{"id":19919,"date":"2025-10-27T06:00:48","date_gmt":"2025-10-27T04:00:48","guid":{"rendered":"https:\/\/vinilozona.lt\/?post_type=product&#038;p=19919"},"modified":"2025-12-21T10:56:25","modified_gmt":"2025-12-21T08:56:25","slug":"antikvariniai-kaspirovskio-dantys-dantu-plokstele-lp-2017-2021","status":"publish","type":"product","link":"https:\/\/vinilozona.lt\/en\/parduotuve\/lietuviska\/antikvariniai-kaspirovskio-dantys-dantu-plokstele-lp-2017-2021\/","title":{"rendered":"Antikvariniai Ka\u0161pirovskio dantys \u2013 \u201eDant\u0173 plok\u0161tel\u0117\u201c LP, 2017\/2021"},"content":{"rendered":"<p>1.  \u012e Venesuel\u0105<br \/>\n2. Joga \u2013 j\u0117ga<br \/>\n3. Apie tai, kaip \u017eirafa sumind\u0117 kauniet\u012f Antan\u0105<br \/>\n4. \u0160e\u0161i kauk\u0117ti vyri\u0161kiai<br \/>\n5. Gaisrinink\u0173 rokenrolas<br \/>\n6. Kur ne\u0161vie\u010dia saul\u0117<br \/>\n7. Saludos desde Venezuela (Akilin Remix)<\/p>\n<p>B pus\u0117:<\/p>\n<p>1. Mar\u0161as<br \/>\n2. Indai<br \/>\n3. \u017dilvitis<br \/>\n4. Tu mano vasara<br \/>\n5. Daug dien\u0173<br \/>\n6. Mieloji, k\u0105 tu valgai?<br \/>\n7. Daug dien\u0173 (Jogaila Remix)<\/p>","protected":false},"excerpt":{"rendered":"<p>M.P.3 \u2013 M.P.3-068LP-3<br \/>\nFormat:<br \/>\nVinyl, LP, Compilation, Reissue,<br \/>\nCountry:<br \/>\nLithuania<br \/>\nReleased:<br \/>\nMar 15, 2024<\/p>","protected":false},"featured_media":19920,"template":"","meta":[],"product_cat":[19,23],"product_tag":[291],"yoast_head":"<!-- This site is optimized with the Yoast SEO plugin v23.5 - https:\/\/yoast.com\/wordpress\/plugins\/seo\/ -->\n<title>Antikvariniai Ka\u0161pirovskio dantys \u2013 \u201eDant\u0173 plok\u0161tel\u0117\u201c LP, 2017\/2021 Vinilin\u0117 Plok\u0161tel\u0117 | Vinilozona.lt<\/title>\n<meta name=\"robots\" content=\"index, follow, max-snippet:-1, max-image-preview:large, max-video-preview:-1\" \/>\n<link rel=\"canonical\" href=\"https:\/\/vinilozona.lt\/en\/parduotuve\/lietuviska\/antikvariniai-kaspirovskio-dantys-dantu-plokstele-lp-2017-2021\/\" \/>\n<meta property=\"og:locale\" content=\"en_GB\" \/>\n<meta property=\"og:type\" content=\"article\" \/>\n<meta property=\"og:title\" content=\"Antikvariniai Ka\u0161pirovskio dantys \u2013 \u201eDant\u0173 plok\u0161tel\u0117\u201c LP, 2017\/2021 Vinilin\u0117 Plok\u0161tel\u0117 | Vinilozona.lt\" \/>\n<meta property=\"og:description\" content=\"M.P.3 \u2013 M.P.3-068LP-3 Format: Vinyl, LP, Compilation, Reissue,  Country: Lithuania Released: Mar 15, 2024\" \/>\n<meta property=\"og:url\" content=\"https:\/\/vinilozona.lt\/en\/parduotuve\/lietuviska\/antikvariniai-kaspirovskio-dantys-dantu-plokstele-lp-2017-2021\/\" \/>\n<meta property=\"og:site_name\" content=\"Vinilo Zona\" \/>\n<meta property=\"article:modified_time\" content=\"2025-12-21T08:56:25+00:00\" \/>\n<meta property=\"og:image\" content=\"https:\/\/vinilozona.lt\/wp-content\/uploads\/2022\/08\/AKD_cover-1015x1024.jpg\" \/>\n\t<meta property=\"og:image:width\" content=\"1015\" \/>\n\t<meta property=\"og:image:height\" content=\"1024\" \/>\n\t<meta property=\"og:image:type\" content=\"image\/jpeg\" \/>\n<meta name=\"twitter:card\" content=\"summary_large_image\" \/>\n<meta name=\"twitter:label1\" content=\"Estimated reading time\" \/>\n\t<meta name=\"twitter:data1\" content=\"1 minute\" \/>\n<script type=\"application\/ld+json\" class=\"yoast-schema-graph\">{\"@context\":\"https:\/\/schema.org\",\"@graph\":[{\"@type\":\"WebPage\",\"@id\":\"https:\/\/vinilozona.lt\/parduotuve\/lietuviska\/antikvariniai-kaspirovskio-dantys-dantu-plokstele-lp-2017-2021\/\",\"url\":\"https:\/\/vinilozona.lt\/parduotuve\/lietuviska\/antikvariniai-kaspirovskio-dantys-dantu-plokstele-lp-2017-2021\/\",\"name\":\"Antikvariniai Ka\u0161pirovskio dantys \u2013 \u201eDant\u0173 plok\u0161tel\u0117\u201c LP, 2017\/2021 Vinilin\u0117 Plok\u0161tel\u0117 | Vinilozona.lt\",\"isPartOf\":{\"@id\":\"https:\/\/vinilozona.lt\/#website\"},\"primaryImageOfPage\":{\"@id\":\"https:\/\/vinilozona.lt\/parduotuve\/lietuviska\/antikvariniai-kaspirovskio-dantys-dantu-plokstele-lp-2017-2021\/#primaryimage\"},\"image\":{\"@id\":\"https:\/\/vinilozona.lt\/parduotuve\/lietuviska\/antikvariniai-kaspirovskio-dantys-dantu-plokstele-lp-2017-2021\/#primaryimage\"},\"thumbnailUrl\":\"https:\/\/vinilozona.lt\/wp-content\/uploads\/2022\/08\/AKD_cover.jpg\",\"datePublished\":\"2025-10-27T04:00:48+00:00\",\"dateModified\":\"2025-12-21T08:56:25+00:00\",\"breadcrumb\":{\"@id\":\"https:\/\/vinilozona.lt\/parduotuve\/lietuviska\/antikvariniai-kaspirovskio-dantys-dantu-plokstele-lp-2017-2021\/#breadcrumb\"},\"inLanguage\":\"en-GB\",\"potentialAction\":[{\"@type\":\"ReadAction\",\"target\":[\"https:\/\/vinilozona.lt\/parduotuve\/lietuviska\/antikvariniai-kaspirovskio-dantys-dantu-plokstele-lp-2017-2021\/\"]}]},{\"@type\":\"ImageObject\",\"inLanguage\":\"en-GB\",\"@id\":\"https:\/\/vinilozona.lt\/parduotuve\/lietuviska\/antikvariniai-kaspirovskio-dantys-dantu-plokstele-lp-2017-2021\/#primaryimage\",\"url\":\"https:\/\/vinilozona.lt\/wp-content\/uploads\/2022\/08\/AKD_cover.jpg\",\"contentUrl\":\"https:\/\/vinilozona.lt\/wp-content\/uploads\/2022\/08\/AKD_cover.jpg\",\"width\":2386,\"height\":2406},{\"@type\":\"BreadcrumbList\",\"@id\":\"https:\/\/vinilozona.lt\/parduotuve\/lietuviska\/antikvariniai-kaspirovskio-dantys-dantu-plokstele-lp-2017-2021\/#breadcrumb\",\"itemListElement\":[{\"@type\":\"ListItem\",\"position\":1,\"name\":\"Home\",\"item\":\"https:\/\/vinilozona.lt\/\"},{\"@type\":\"ListItem\",\"position\":2,\"name\":\"Parduotuv\u0117\",\"item\":\"https:\/\/vinilozona.lt\/parduotuve\/\"},{\"@type\":\"ListItem\",\"position\":3,\"name\":\"Antikvariniai Ka\u0161pirovskio dantys \u2013 \u201eDant\u0173 plok\u0161tel\u0117\u201c LP, 2017\/2021\"}]},{\"@type\":\"WebSite\",\"@id\":\"https:\/\/vinilozona.lt\/#website\",\"url\":\"https:\/\/vinilozona.lt\/\",\"name\":\"Vinilo Zona\",\"description\":\"Nup\u016bsk dulkes ir klausyk LP\",\"potentialAction\":[{\"@type\":\"SearchAction\",\"target\":{\"@type\":\"EntryPoint\",\"urlTemplate\":\"https:\/\/vinilozona.lt\/?s={search_term_string}\"},\"query-input\":{\"@type\":\"PropertyValueSpecification\",\"valueRequired\":true,\"valueName\":\"search_term_string\"}}],\"inLanguage\":\"en-GB\"}]}<\/script>\n<!-- \/ Yoast SEO plugin. -->","yoast_head_json":{"title":"Antikvariniai Ka\u0161pirovskio dantys \u2013 \u201eDant\u0173 plok\u0161tel\u0117\u201c LP, 2017\/2021 Vinilin\u0117 Plok\u0161tel\u0117 | Vinilozona.lt","robots":{"index":"index","follow":"follow","max-snippet":"max-snippet:-1","max-image-preview":"max-image-preview:large","max-video-preview":"max-video-preview:-1"},"canonical":"https:\/\/vinilozona.lt\/en\/parduotuve\/lietuviska\/antikvariniai-kaspirovskio-dantys-dantu-plokstele-lp-2017-2021\/","og_locale":"en_GB","og_type":"article","og_title":"Antikvariniai Ka\u0161pirovskio dantys \u2013 \u201eDant\u0173 plok\u0161tel\u0117\u201c LP, 2017\/2021 Vinilin\u0117 Plok\u0161tel\u0117 | Vinilozona.lt","og_description":"M.P.3 \u2013 M.P.3-068LP-3 Format: Vinyl, LP, Compilation, Reissue,  Country: Lithuania Released: Mar 15, 2024","og_url":"https:\/\/vinilozona.lt\/en\/parduotuve\/lietuviska\/antikvariniai-kaspirovskio-dantys-dantu-plokstele-lp-2017-2021\/","og_site_name":"Vinilo Zona","article_modified_time":"2025-12-21T08:56:25+00:00","og_image":[{"width":1015,"height":1024,"url":"https:\/\/vinilozona.lt\/wp-content\/uploads\/2022\/08\/AKD_cover-1015x1024.jpg","type":"image\/jpeg"}],"twitter_card":"summary_large_image","twitter_misc":{"Estimated reading time":"1 minute"},"schema":{"@context":"https:\/\/schema.org","@graph":[{"@type":"WebPage","@id":"https:\/\/vinilozona.lt\/parduotuve\/lietuviska\/antikvariniai-kaspirovskio-dantys-dantu-plokstele-lp-2017-2021\/","url":"https:\/\/vinilozona.lt\/parduotuve\/lietuviska\/antikvariniai-kaspirovskio-dantys-dantu-plokstele-lp-2017-2021\/","name":"Antikvariniai Ka\u0161pirovskio dantys \u2013 \u201eDant\u0173 plok\u0161tel\u0117\u201c LP, 2017\/2021 Vinilin\u0117 Plok\u0161tel\u0117 | Vinilozona.lt","isPartOf":{"@id":"https:\/\/vinilozona.lt\/#website"},"primaryImageOfPage":{"@id":"https:\/\/vinilozona.lt\/parduotuve\/lietuviska\/antikvariniai-kaspirovskio-dantys-dantu-plokstele-lp-2017-2021\/#primaryimage"},"image":{"@id":"https:\/\/vinilozona.lt\/parduotuve\/lietuviska\/antikvariniai-kaspirovskio-dantys-dantu-plokstele-lp-2017-2021\/#primaryimage"},"thumbnailUrl":"https:\/\/vinilozona.lt\/wp-content\/uploads\/2022\/08\/AKD_cover.jpg","datePublished":"2025-10-27T04:00:48+00:00","dateModified":"2025-12-21T08:56:25+00:00","breadcrumb":{"@id":"https:\/\/vinilozona.lt\/parduotuve\/lietuviska\/antikvariniai-kaspirovskio-dantys-dantu-plokstele-lp-2017-2021\/#breadcrumb"},"inLanguage":"en-GB","potentialAction":[{"@type":"ReadAction","target":["https:\/\/vinilozona.lt\/parduotuve\/lietuviska\/antikvariniai-kaspirovskio-dantys-dantu-plokstele-lp-2017-2021\/"]}]},{"@type":"ImageObject","inLanguage":"en-GB","@id":"https:\/\/vinilozona.lt\/parduotuve\/lietuviska\/antikvariniai-kaspirovskio-dantys-dantu-plokstele-lp-2017-2021\/#primaryimage","url":"https:\/\/vinilozona.lt\/wp-content\/uploads\/2022\/08\/AKD_cover.jpg","contentUrl":"https:\/\/vinilozona.lt\/wp-content\/uploads\/2022\/08\/AKD_cover.jpg","width":2386,"height":2406},{"@type":"BreadcrumbList","@id":"https:\/\/vinilozona.lt\/parduotuve\/lietuviska\/antikvariniai-kaspirovskio-dantys-dantu-plokstele-lp-2017-2021\/#breadcrumb","itemListElement":[{"@type":"ListItem","position":1,"name":"Home","item":"https:\/\/vinilozona.lt\/"},{"@type":"ListItem","position":2,"name":"Parduotuv\u0117","item":"https:\/\/vinilozona.lt\/parduotuve\/"},{"@type":"ListItem","position":3,"name":"Antikvariniai Ka\u0161pirovskio dantys \u2013 \u201eDant\u0173 plok\u0161tel\u0117\u201c LP, 2017\/2021"}]},{"@type":"WebSite","@id":"https:\/\/vinilozona.lt\/#website","url":"https:\/\/vinilozona.lt\/","name":"Vinilo Zona","description":"Nup\u016bsk dulkes ir klausyk LP","potentialAction":[{"@type":"SearchAction","target":{"@type":"EntryPoint","urlTemplate":"https:\/\/vinilozona.lt\/?s={search_term_string}"},"query-input":{"@type":"PropertyValueSpecification","valueRequired":true,"valueName":"search_term_string"}}],"inLanguage":"en-GB"}]}},"_links":{"self":[{"href":"https:\/\/vinilozona.lt\/en\/wp-json\/wp\/v2\/product\/19919"}],"collection":[{"href":"https:\/\/vinilozona.lt\/en\/wp-json\/wp\/v2\/product"}],"about":[{"href":"https:\/\/vinilozona.lt\/en\/wp-json\/wp\/v2\/types\/product"}],"wp:featuredmedia":[{"embeddable":true,"href":"https:\/\/vinilozona.lt\/en\/wp-json\/wp\/v2\/media\/19920"}],"wp:attachment":[{"href":"https:\/\/vinilozona.lt\/en\/wp-json\/wp\/v2\/media?parent=19919"}],"wp:term":[{"taxonomy":"product_cat","embeddable":true,"href":"https:\/\/vinilozona.lt\/en\/wp-json\/wp\/v2\/product_cat?post=19919"},{"taxonomy":"product_tag","embeddable":true,"href":"https:\/\/vinilozona.lt\/en\/wp-json\/wp\/v2\/product_tag?post=19919"}],"curies":[{"name":"wp","href":"https:\/\/api.w.org\/{rel}","templated":true}]}}