{"id":19881,"date":"2022-09-16T08:00:42","date_gmt":"2022-09-16T05:00:42","guid":{"rendered":"https:\/\/vinilozona.lt\/?post_type=product&#038;p=19881"},"modified":"2023-08-08T13:10:30","modified_gmt":"2023-08-08T10:10:30","slug":"alice-cooper-dragontown","status":"publish","type":"product","link":"https:\/\/vinilozona.lt\/en\/parduotuve\/naujos-lp\/alice-cooper-dragontown\/","title":{"rendered":"Alice Cooper  \u2013 Dragontown"},"content":{"rendered":"<p>A1\t\tTriggerman\t3:58<br \/>\nA2\t\tDeeper\t4:34<br \/>\nA3\t\tDragontown\t5:04<br \/>\nA4\t\tSex, Death And Money\t3:37<br \/>\nA5\t\tFantasy Man\t4:05<br \/>\nA6\t\tSomewhere In The Jungle\t5:20<br \/>\nB1\t\tDisgraceland\t3:32<br \/>\nB2\t\tSister Sara\t4:33<br \/>\nB3\t\tEvery Woman Has A Name\t3:43<br \/>\nB4\t\tI Just Wanna Be God\t3:51<br \/>\nB5\t\tIt&#8217;s Much Too Late\t4:38<br \/>\nB6\t\tSentinel\t3:53<br \/>\nBonus Track<br \/>\nB7\t\tCan&#8217;t Sleep, Clowns Will Eat Me<\/p>","protected":false},"excerpt":{"rendered":"<p>Ear Music \u2013 0214317EMX<br \/>\nFormat:<br \/>\nVinyl, LP, Album, Limited Edition, Reissue, 180 gram<br \/>\nCountry:\tEurope<br \/>\nReleased:\tSep 18, 2020<\/p>","protected":false},"featured_media":19882,"template":"","meta":[],"product_cat":[23],"product_tag":[44],"yoast_head":"<!-- This site is optimized with the Yoast SEO plugin v23.5 - https:\/\/yoast.com\/wordpress\/plugins\/seo\/ -->\n<title>Alice Cooper \u2013 Dragontown Vinilin\u0117 Plok\u0161tel\u0117 | Vinilozona.lt<\/title>\n<meta name=\"robots\" content=\"index, follow, max-snippet:-1, max-image-preview:large, max-video-preview:-1\" \/>\n<link rel=\"canonical\" href=\"https:\/\/vinilozona.lt\/en\/parduotuve\/naujos-lp\/alice-cooper-dragontown\/\" \/>\n<meta property=\"og:locale\" content=\"en_GB\" \/>\n<meta property=\"og:type\" content=\"article\" \/>\n<meta property=\"og:title\" content=\"Alice Cooper \u2013 Dragontown Vinilin\u0117 Plok\u0161tel\u0117 | Vinilozona.lt\" \/>\n<meta property=\"og:description\" content=\"Ear Music \u2013 0214317EMX Format:  Vinyl, LP, Album, Limited Edition, Reissue, 180 gram Country: Europe Released: Sep 18, 2020\" \/>\n<meta property=\"og:url\" content=\"https:\/\/vinilozona.lt\/en\/parduotuve\/naujos-lp\/alice-cooper-dragontown\/\" \/>\n<meta property=\"og:site_name\" content=\"Vinilo Zona\" \/>\n<meta property=\"article:modified_time\" content=\"2023-08-08T10:10:30+00:00\" \/>\n<meta property=\"og:image\" content=\"https:\/\/vinilozona.lt\/wp-content\/uploads\/2022\/07\/R-15932870-1600769885-6522.jpg\" \/>\n\t<meta property=\"og:image:width\" content=\"600\" \/>\n\t<meta property=\"og:image:height\" content=\"600\" \/>\n\t<meta property=\"og:image:type\" content=\"image\/jpeg\" \/>\n<meta name=\"twitter:card\" content=\"summary_large_image\" \/>\n<script type=\"application\/ld+json\" class=\"yoast-schema-graph\">{\"@context\":\"https:\/\/schema.org\",\"@graph\":[{\"@type\":\"WebPage\",\"@id\":\"https:\/\/vinilozona.lt\/parduotuve\/naujos-lp\/alice-cooper-dragontown\/\",\"url\":\"https:\/\/vinilozona.lt\/parduotuve\/naujos-lp\/alice-cooper-dragontown\/\",\"name\":\"Alice Cooper \u2013 Dragontown Vinilin\u0117 Plok\u0161tel\u0117 | Vinilozona.lt\",\"isPartOf\":{\"@id\":\"https:\/\/vinilozona.lt\/#website\"},\"primaryImageOfPage\":{\"@id\":\"https:\/\/vinilozona.lt\/parduotuve\/naujos-lp\/alice-cooper-dragontown\/#primaryimage\"},\"image\":{\"@id\":\"https:\/\/vinilozona.lt\/parduotuve\/naujos-lp\/alice-cooper-dragontown\/#primaryimage\"},\"thumbnailUrl\":\"https:\/\/vinilozona.lt\/wp-content\/uploads\/2022\/07\/R-15932870-1600769885-6522.jpg\",\"datePublished\":\"2022-09-16T05:00:42+00:00\",\"dateModified\":\"2023-08-08T10:10:30+00:00\",\"breadcrumb\":{\"@id\":\"https:\/\/vinilozona.lt\/parduotuve\/naujos-lp\/alice-cooper-dragontown\/#breadcrumb\"},\"inLanguage\":\"en-GB\",\"potentialAction\":[{\"@type\":\"ReadAction\",\"target\":[\"https:\/\/vinilozona.lt\/parduotuve\/naujos-lp\/alice-cooper-dragontown\/\"]}]},{\"@type\":\"ImageObject\",\"inLanguage\":\"en-GB\",\"@id\":\"https:\/\/vinilozona.lt\/parduotuve\/naujos-lp\/alice-cooper-dragontown\/#primaryimage\",\"url\":\"https:\/\/vinilozona.lt\/wp-content\/uploads\/2022\/07\/R-15932870-1600769885-6522.jpg\",\"contentUrl\":\"https:\/\/vinilozona.lt\/wp-content\/uploads\/2022\/07\/R-15932870-1600769885-6522.jpg\",\"width\":600,\"height\":600},{\"@type\":\"BreadcrumbList\",\"@id\":\"https:\/\/vinilozona.lt\/parduotuve\/naujos-lp\/alice-cooper-dragontown\/#breadcrumb\",\"itemListElement\":[{\"@type\":\"ListItem\",\"position\":1,\"name\":\"Home\",\"item\":\"https:\/\/vinilozona.lt\/\"},{\"@type\":\"ListItem\",\"position\":2,\"name\":\"Parduotuv\u0117\",\"item\":\"https:\/\/vinilozona.lt\/parduotuve\/\"},{\"@type\":\"ListItem\",\"position\":3,\"name\":\"Alice Cooper \u2013 Dragontown\"}]},{\"@type\":\"WebSite\",\"@id\":\"https:\/\/vinilozona.lt\/#website\",\"url\":\"https:\/\/vinilozona.lt\/\",\"name\":\"Vinilo Zona\",\"description\":\"Nup\u016bsk dulkes ir klausyk LP\",\"potentialAction\":[{\"@type\":\"SearchAction\",\"target\":{\"@type\":\"EntryPoint\",\"urlTemplate\":\"https:\/\/vinilozona.lt\/?s={search_term_string}\"},\"query-input\":{\"@type\":\"PropertyValueSpecification\",\"valueRequired\":true,\"valueName\":\"search_term_string\"}}],\"inLanguage\":\"en-GB\"}]}<\/script>\n<!-- \/ Yoast SEO plugin. -->","yoast_head_json":{"title":"Alice Cooper \u2013 Dragontown Vinilin\u0117 Plok\u0161tel\u0117 | Vinilozona.lt","robots":{"index":"index","follow":"follow","max-snippet":"max-snippet:-1","max-image-preview":"max-image-preview:large","max-video-preview":"max-video-preview:-1"},"canonical":"https:\/\/vinilozona.lt\/en\/parduotuve\/naujos-lp\/alice-cooper-dragontown\/","og_locale":"en_GB","og_type":"article","og_title":"Alice Cooper \u2013 Dragontown Vinilin\u0117 Plok\u0161tel\u0117 | Vinilozona.lt","og_description":"Ear Music \u2013 0214317EMX Format:  Vinyl, LP, Album, Limited Edition, Reissue, 180 gram Country: Europe Released: Sep 18, 2020","og_url":"https:\/\/vinilozona.lt\/en\/parduotuve\/naujos-lp\/alice-cooper-dragontown\/","og_site_name":"Vinilo Zona","article_modified_time":"2023-08-08T10:10:30+00:00","og_image":[{"width":600,"height":600,"url":"https:\/\/vinilozona.lt\/wp-content\/uploads\/2022\/07\/R-15932870-1600769885-6522.jpg","type":"image\/jpeg"}],"twitter_card":"summary_large_image","schema":{"@context":"https:\/\/schema.org","@graph":[{"@type":"WebPage","@id":"https:\/\/vinilozona.lt\/parduotuve\/naujos-lp\/alice-cooper-dragontown\/","url":"https:\/\/vinilozona.lt\/parduotuve\/naujos-lp\/alice-cooper-dragontown\/","name":"Alice Cooper \u2013 Dragontown Vinilin\u0117 Plok\u0161tel\u0117 | Vinilozona.lt","isPartOf":{"@id":"https:\/\/vinilozona.lt\/#website"},"primaryImageOfPage":{"@id":"https:\/\/vinilozona.lt\/parduotuve\/naujos-lp\/alice-cooper-dragontown\/#primaryimage"},"image":{"@id":"https:\/\/vinilozona.lt\/parduotuve\/naujos-lp\/alice-cooper-dragontown\/#primaryimage"},"thumbnailUrl":"https:\/\/vinilozona.lt\/wp-content\/uploads\/2022\/07\/R-15932870-1600769885-6522.jpg","datePublished":"2022-09-16T05:00:42+00:00","dateModified":"2023-08-08T10:10:30+00:00","breadcrumb":{"@id":"https:\/\/vinilozona.lt\/parduotuve\/naujos-lp\/alice-cooper-dragontown\/#breadcrumb"},"inLanguage":"en-GB","potentialAction":[{"@type":"ReadAction","target":["https:\/\/vinilozona.lt\/parduotuve\/naujos-lp\/alice-cooper-dragontown\/"]}]},{"@type":"ImageObject","inLanguage":"en-GB","@id":"https:\/\/vinilozona.lt\/parduotuve\/naujos-lp\/alice-cooper-dragontown\/#primaryimage","url":"https:\/\/vinilozona.lt\/wp-content\/uploads\/2022\/07\/R-15932870-1600769885-6522.jpg","contentUrl":"https:\/\/vinilozona.lt\/wp-content\/uploads\/2022\/07\/R-15932870-1600769885-6522.jpg","width":600,"height":600},{"@type":"BreadcrumbList","@id":"https:\/\/vinilozona.lt\/parduotuve\/naujos-lp\/alice-cooper-dragontown\/#breadcrumb","itemListElement":[{"@type":"ListItem","position":1,"name":"Home","item":"https:\/\/vinilozona.lt\/"},{"@type":"ListItem","position":2,"name":"Parduotuv\u0117","item":"https:\/\/vinilozona.lt\/parduotuve\/"},{"@type":"ListItem","position":3,"name":"Alice Cooper \u2013 Dragontown"}]},{"@type":"WebSite","@id":"https:\/\/vinilozona.lt\/#website","url":"https:\/\/vinilozona.lt\/","name":"Vinilo Zona","description":"Nup\u016bsk dulkes ir klausyk LP","potentialAction":[{"@type":"SearchAction","target":{"@type":"EntryPoint","urlTemplate":"https:\/\/vinilozona.lt\/?s={search_term_string}"},"query-input":{"@type":"PropertyValueSpecification","valueRequired":true,"valueName":"search_term_string"}}],"inLanguage":"en-GB"}]}},"_links":{"self":[{"href":"https:\/\/vinilozona.lt\/en\/wp-json\/wp\/v2\/product\/19881"}],"collection":[{"href":"https:\/\/vinilozona.lt\/en\/wp-json\/wp\/v2\/product"}],"about":[{"href":"https:\/\/vinilozona.lt\/en\/wp-json\/wp\/v2\/types\/product"}],"wp:featuredmedia":[{"embeddable":true,"href":"https:\/\/vinilozona.lt\/en\/wp-json\/wp\/v2\/media\/19882"}],"wp:attachment":[{"href":"https:\/\/vinilozona.lt\/en\/wp-json\/wp\/v2\/media?parent=19881"}],"wp:term":[{"taxonomy":"product_cat","embeddable":true,"href":"https:\/\/vinilozona.lt\/en\/wp-json\/wp\/v2\/product_cat?post=19881"},{"taxonomy":"product_tag","embeddable":true,"href":"https:\/\/vinilozona.lt\/en\/wp-json\/wp\/v2\/product_tag?post=19881"}],"curies":[{"name":"wp","href":"https:\/\/api.w.org\/{rel}","templated":true}]}}