{"id":19877,"date":"2022-07-29T16:28:51","date_gmt":"2022-07-29T13:28:51","guid":{"rendered":"https:\/\/vinilozona.lt\/?post_type=product&#038;p=19877"},"modified":"2023-08-08T13:10:11","modified_gmt":"2023-08-08T10:10:11","slug":"alice-cooper-dirty-diamonds","status":"publish","type":"product","link":"https:\/\/vinilozona.lt\/en\/parduotuve\/naujos-lp\/alice-cooper-dirty-diamonds\/","title":{"rendered":"Alice Cooper \u2013 Dirty Diamonds"},"content":{"rendered":"<p>Woman Of Mass Distraction\t4:00<br \/>\nPerfect\t3:30<br \/>\nYou Make Me Wanna\t3:31<br \/>\nDirty Diamonds\t4:03<br \/>\nThe Saga Of Jesse Jane\t4:16<br \/>\nSunset Babies (All Got Rabies)\t3:28<br \/>\nPretty Ballerina\t3:02<br \/>\nRun Down The Devil\t3:29<br \/>\nSteal That Car\t3:17<br \/>\nSix Hours\t3:25<br \/>\nYour Own Worst Enemy\t2:15<br \/>\nZombie Dance\t4:23<br \/>\nBonus Track<br \/>\nStand\t4:05<\/p>","protected":false},"excerpt":{"rendered":"<p>Ear Music Classics \u2013 0214319EMX<br \/>\nFormat:<br \/>\nVinyl, LP, Limited Edition, Reissue, Stereo, Gatefold, 180 gram<br \/>\nCountry:\tEurope<br \/>\nReleased:\tSep 18, 2020<\/p>","protected":false},"featured_media":19878,"template":"","meta":[],"product_cat":[23],"product_tag":[44],"yoast_head":"<!-- This site is optimized with the Yoast SEO plugin v23.5 - https:\/\/yoast.com\/wordpress\/plugins\/seo\/ -->\n<title>Alice Cooper \u2013 Dirty Diamonds Vinilin\u0117 Plok\u0161tel\u0117 | Vinilozona.lt<\/title>\n<meta name=\"robots\" content=\"index, follow, max-snippet:-1, max-image-preview:large, max-video-preview:-1\" \/>\n<link rel=\"canonical\" href=\"https:\/\/vinilozona.lt\/en\/parduotuve\/naujos-lp\/alice-cooper-dirty-diamonds\/\" \/>\n<meta property=\"og:locale\" content=\"en_GB\" \/>\n<meta property=\"og:type\" content=\"article\" \/>\n<meta property=\"og:title\" content=\"Alice Cooper \u2013 Dirty Diamonds Vinilin\u0117 Plok\u0161tel\u0117 | Vinilozona.lt\" \/>\n<meta property=\"og:description\" content=\"Ear Music Classics \u2013 0214319EMX Format:  Vinyl, LP, Limited Edition, Reissue, Stereo, Gatefold, 180 gram Country: Europe Released: Sep 18, 2020\" \/>\n<meta property=\"og:url\" content=\"https:\/\/vinilozona.lt\/en\/parduotuve\/naujos-lp\/alice-cooper-dirty-diamonds\/\" \/>\n<meta property=\"og:site_name\" content=\"Vinilo Zona\" \/>\n<meta property=\"article:modified_time\" content=\"2023-08-08T10:10:11+00:00\" \/>\n<meta property=\"og:image\" content=\"https:\/\/vinilozona.lt\/wp-content\/uploads\/2022\/07\/R-15927752-1601378427-9203.jpg\" \/>\n\t<meta property=\"og:image:width\" content=\"591\" \/>\n\t<meta property=\"og:image:height\" content=\"599\" \/>\n\t<meta property=\"og:image:type\" content=\"image\/jpeg\" \/>\n<meta name=\"twitter:card\" content=\"summary_large_image\" \/>\n<script type=\"application\/ld+json\" class=\"yoast-schema-graph\">{\"@context\":\"https:\/\/schema.org\",\"@graph\":[{\"@type\":\"WebPage\",\"@id\":\"https:\/\/vinilozona.lt\/parduotuve\/naujos-lp\/alice-cooper-dirty-diamonds\/\",\"url\":\"https:\/\/vinilozona.lt\/parduotuve\/naujos-lp\/alice-cooper-dirty-diamonds\/\",\"name\":\"Alice Cooper \u2013 Dirty Diamonds Vinilin\u0117 Plok\u0161tel\u0117 | Vinilozona.lt\",\"isPartOf\":{\"@id\":\"https:\/\/vinilozona.lt\/#website\"},\"primaryImageOfPage\":{\"@id\":\"https:\/\/vinilozona.lt\/parduotuve\/naujos-lp\/alice-cooper-dirty-diamonds\/#primaryimage\"},\"image\":{\"@id\":\"https:\/\/vinilozona.lt\/parduotuve\/naujos-lp\/alice-cooper-dirty-diamonds\/#primaryimage\"},\"thumbnailUrl\":\"https:\/\/vinilozona.lt\/wp-content\/uploads\/2022\/07\/R-15927752-1601378427-9203.jpg\",\"datePublished\":\"2022-07-29T13:28:51+00:00\",\"dateModified\":\"2023-08-08T10:10:11+00:00\",\"breadcrumb\":{\"@id\":\"https:\/\/vinilozona.lt\/parduotuve\/naujos-lp\/alice-cooper-dirty-diamonds\/#breadcrumb\"},\"inLanguage\":\"en-GB\",\"potentialAction\":[{\"@type\":\"ReadAction\",\"target\":[\"https:\/\/vinilozona.lt\/parduotuve\/naujos-lp\/alice-cooper-dirty-diamonds\/\"]}]},{\"@type\":\"ImageObject\",\"inLanguage\":\"en-GB\",\"@id\":\"https:\/\/vinilozona.lt\/parduotuve\/naujos-lp\/alice-cooper-dirty-diamonds\/#primaryimage\",\"url\":\"https:\/\/vinilozona.lt\/wp-content\/uploads\/2022\/07\/R-15927752-1601378427-9203.jpg\",\"contentUrl\":\"https:\/\/vinilozona.lt\/wp-content\/uploads\/2022\/07\/R-15927752-1601378427-9203.jpg\",\"width\":591,\"height\":599},{\"@type\":\"BreadcrumbList\",\"@id\":\"https:\/\/vinilozona.lt\/parduotuve\/naujos-lp\/alice-cooper-dirty-diamonds\/#breadcrumb\",\"itemListElement\":[{\"@type\":\"ListItem\",\"position\":1,\"name\":\"Home\",\"item\":\"https:\/\/vinilozona.lt\/\"},{\"@type\":\"ListItem\",\"position\":2,\"name\":\"Parduotuv\u0117\",\"item\":\"https:\/\/vinilozona.lt\/parduotuve\/\"},{\"@type\":\"ListItem\",\"position\":3,\"name\":\"Alice Cooper \u2013 Dirty Diamonds\"}]},{\"@type\":\"WebSite\",\"@id\":\"https:\/\/vinilozona.lt\/#website\",\"url\":\"https:\/\/vinilozona.lt\/\",\"name\":\"Vinilo Zona\",\"description\":\"Nup\u016bsk dulkes ir klausyk LP\",\"potentialAction\":[{\"@type\":\"SearchAction\",\"target\":{\"@type\":\"EntryPoint\",\"urlTemplate\":\"https:\/\/vinilozona.lt\/?s={search_term_string}\"},\"query-input\":{\"@type\":\"PropertyValueSpecification\",\"valueRequired\":true,\"valueName\":\"search_term_string\"}}],\"inLanguage\":\"en-GB\"}]}<\/script>\n<!-- \/ Yoast SEO plugin. -->","yoast_head_json":{"title":"Alice Cooper \u2013 Dirty Diamonds Vinilin\u0117 Plok\u0161tel\u0117 | Vinilozona.lt","robots":{"index":"index","follow":"follow","max-snippet":"max-snippet:-1","max-image-preview":"max-image-preview:large","max-video-preview":"max-video-preview:-1"},"canonical":"https:\/\/vinilozona.lt\/en\/parduotuve\/naujos-lp\/alice-cooper-dirty-diamonds\/","og_locale":"en_GB","og_type":"article","og_title":"Alice Cooper \u2013 Dirty Diamonds Vinilin\u0117 Plok\u0161tel\u0117 | Vinilozona.lt","og_description":"Ear Music Classics \u2013 0214319EMX Format:  Vinyl, LP, Limited Edition, Reissue, Stereo, Gatefold, 180 gram Country: Europe Released: Sep 18, 2020","og_url":"https:\/\/vinilozona.lt\/en\/parduotuve\/naujos-lp\/alice-cooper-dirty-diamonds\/","og_site_name":"Vinilo Zona","article_modified_time":"2023-08-08T10:10:11+00:00","og_image":[{"width":591,"height":599,"url":"https:\/\/vinilozona.lt\/wp-content\/uploads\/2022\/07\/R-15927752-1601378427-9203.jpg","type":"image\/jpeg"}],"twitter_card":"summary_large_image","schema":{"@context":"https:\/\/schema.org","@graph":[{"@type":"WebPage","@id":"https:\/\/vinilozona.lt\/parduotuve\/naujos-lp\/alice-cooper-dirty-diamonds\/","url":"https:\/\/vinilozona.lt\/parduotuve\/naujos-lp\/alice-cooper-dirty-diamonds\/","name":"Alice Cooper \u2013 Dirty Diamonds Vinilin\u0117 Plok\u0161tel\u0117 | Vinilozona.lt","isPartOf":{"@id":"https:\/\/vinilozona.lt\/#website"},"primaryImageOfPage":{"@id":"https:\/\/vinilozona.lt\/parduotuve\/naujos-lp\/alice-cooper-dirty-diamonds\/#primaryimage"},"image":{"@id":"https:\/\/vinilozona.lt\/parduotuve\/naujos-lp\/alice-cooper-dirty-diamonds\/#primaryimage"},"thumbnailUrl":"https:\/\/vinilozona.lt\/wp-content\/uploads\/2022\/07\/R-15927752-1601378427-9203.jpg","datePublished":"2022-07-29T13:28:51+00:00","dateModified":"2023-08-08T10:10:11+00:00","breadcrumb":{"@id":"https:\/\/vinilozona.lt\/parduotuve\/naujos-lp\/alice-cooper-dirty-diamonds\/#breadcrumb"},"inLanguage":"en-GB","potentialAction":[{"@type":"ReadAction","target":["https:\/\/vinilozona.lt\/parduotuve\/naujos-lp\/alice-cooper-dirty-diamonds\/"]}]},{"@type":"ImageObject","inLanguage":"en-GB","@id":"https:\/\/vinilozona.lt\/parduotuve\/naujos-lp\/alice-cooper-dirty-diamonds\/#primaryimage","url":"https:\/\/vinilozona.lt\/wp-content\/uploads\/2022\/07\/R-15927752-1601378427-9203.jpg","contentUrl":"https:\/\/vinilozona.lt\/wp-content\/uploads\/2022\/07\/R-15927752-1601378427-9203.jpg","width":591,"height":599},{"@type":"BreadcrumbList","@id":"https:\/\/vinilozona.lt\/parduotuve\/naujos-lp\/alice-cooper-dirty-diamonds\/#breadcrumb","itemListElement":[{"@type":"ListItem","position":1,"name":"Home","item":"https:\/\/vinilozona.lt\/"},{"@type":"ListItem","position":2,"name":"Parduotuv\u0117","item":"https:\/\/vinilozona.lt\/parduotuve\/"},{"@type":"ListItem","position":3,"name":"Alice Cooper \u2013 Dirty Diamonds"}]},{"@type":"WebSite","@id":"https:\/\/vinilozona.lt\/#website","url":"https:\/\/vinilozona.lt\/","name":"Vinilo Zona","description":"Nup\u016bsk dulkes ir klausyk LP","potentialAction":[{"@type":"SearchAction","target":{"@type":"EntryPoint","urlTemplate":"https:\/\/vinilozona.lt\/?s={search_term_string}"},"query-input":{"@type":"PropertyValueSpecification","valueRequired":true,"valueName":"search_term_string"}}],"inLanguage":"en-GB"}]}},"_links":{"self":[{"href":"https:\/\/vinilozona.lt\/en\/wp-json\/wp\/v2\/product\/19877"}],"collection":[{"href":"https:\/\/vinilozona.lt\/en\/wp-json\/wp\/v2\/product"}],"about":[{"href":"https:\/\/vinilozona.lt\/en\/wp-json\/wp\/v2\/types\/product"}],"wp:featuredmedia":[{"embeddable":true,"href":"https:\/\/vinilozona.lt\/en\/wp-json\/wp\/v2\/media\/19878"}],"wp:attachment":[{"href":"https:\/\/vinilozona.lt\/en\/wp-json\/wp\/v2\/media?parent=19877"}],"wp:term":[{"taxonomy":"product_cat","embeddable":true,"href":"https:\/\/vinilozona.lt\/en\/wp-json\/wp\/v2\/product_cat?post=19877"},{"taxonomy":"product_tag","embeddable":true,"href":"https:\/\/vinilozona.lt\/en\/wp-json\/wp\/v2\/product_tag?post=19877"}],"curies":[{"name":"wp","href":"https:\/\/api.w.org\/{rel}","templated":true}]}}