{"id":19873,"date":"2024-02-23T16:20:32","date_gmt":"2024-02-23T14:20:32","guid":{"rendered":"https:\/\/vinilozona.lt\/?post_type=product&#038;p=19873"},"modified":"2024-02-23T18:38:57","modified_gmt":"2024-02-23T16:38:57","slug":"bad-company-live-at-wembley","status":"publish","type":"product","link":"https:\/\/vinilozona.lt\/en\/parduotuve\/naujos-lp\/bad-company-live-at-wembley\/","title":{"rendered":"Bad Company  \u2013 Live At Wembley"},"content":{"rendered":"<p>LP-A1\t\tCan&#8217;t Get Enough<br \/>\nLP-A2\t\tHoney Child<br \/>\nLP-A3\t\tRun With The Pack<br \/>\nLP-A4\t\tYoung Blood<br \/>\nLP-A5\t\tSeagull<br \/>\nLP-B1\t\tGone Gone Gone<br \/>\nLP-B2\t\tElectric Land<br \/>\nLP-B3\t\tSimple Man<br \/>\nLP-B4\t\tFeel Like Makin&#8217; Love<br \/>\nLP-C1\t\tShooting Star<br \/>\nLP-C2\t\tRock And Roll Fantasy<br \/>\nLP-C3\t\tMovin&#8217; On<br \/>\nLP-D1\t\tReady For Love<br \/>\nLP-D2\t\tBad Company<br \/>\nLP-D3\t\tDeal With The Preacher<br \/>\nCD-1\t\tCan&#8217;t Get Enough<br \/>\nCD-2\t\tHoney Child<br \/>\nCD-3\t\tRun With The Pack<br \/>\nCD-4\t\tYoung Blood<br \/>\nCD-5\t\tSeagull<br \/>\nCD-6\t\tGone Gone Gone<br \/>\nCD-7\t\tElectric Land<br \/>\nCD-8\t\tSimple Man<br \/>\nCD-9\t\tFeel Like Makin&#8217; Love<br \/>\nCD-10\t\tShooting Star<br \/>\nCD-11\t\tRock And Roll Fantasy<br \/>\nCD-12\t\tMovin&#8217; On<br \/>\nCD-13\t\tReady For Love<br \/>\nCD-14\t\tBad Company<br \/>\nCD-15\t\tDeal With The Preacher<\/p>","protected":false},"excerpt":{"rendered":"<p>Ear Music \u2013 0212936EMX<br \/>\nFormat:<br \/>\n2 x Vinyl, LP, Album<br \/>\nCD, Album<br \/>\nAll Media, Limited Edition, Numbered, Reissue<br \/>\nCountry:\tGermany<br \/>\nReleased:\t2018<\/p>","protected":false},"featured_media":19874,"template":"","meta":[],"product_cat":[23],"product_tag":[74],"yoast_head":"<!-- This site is optimized with the Yoast SEO plugin v23.5 - https:\/\/yoast.com\/wordpress\/plugins\/seo\/ -->\n<title>Bad Company \u2013 Live At Wembley Vinilin\u0117 Plok\u0161tel\u0117 | Vinilozona.lt<\/title>\n<meta name=\"robots\" content=\"index, follow, max-snippet:-1, max-image-preview:large, max-video-preview:-1\" \/>\n<link rel=\"canonical\" href=\"https:\/\/vinilozona.lt\/en\/parduotuve\/naujos-lp\/bad-company-live-at-wembley\/\" \/>\n<meta property=\"og:locale\" content=\"en_GB\" \/>\n<meta property=\"og:type\" content=\"article\" \/>\n<meta property=\"og:title\" content=\"Bad Company \u2013 Live At Wembley Vinilin\u0117 Plok\u0161tel\u0117 | Vinilozona.lt\" \/>\n<meta property=\"og:description\" content=\"Ear Music \u2013 0212936EMX Format:  2 x Vinyl, LP, Album CD, Album All Media, Limited Edition, Numbered, Reissue Country: Germany Released: 2018\" \/>\n<meta property=\"og:url\" content=\"https:\/\/vinilozona.lt\/en\/parduotuve\/naujos-lp\/bad-company-live-at-wembley\/\" \/>\n<meta property=\"og:site_name\" content=\"Vinilo Zona\" \/>\n<meta property=\"article:modified_time\" content=\"2024-02-23T16:38:57+00:00\" \/>\n<meta property=\"og:image\" content=\"https:\/\/vinilozona.lt\/wp-content\/uploads\/2022\/07\/R-12270979-1531852608-5235.jpg\" \/>\n\t<meta property=\"og:image:width\" content=\"597\" \/>\n\t<meta property=\"og:image:height\" content=\"600\" \/>\n\t<meta property=\"og:image:type\" content=\"image\/jpeg\" \/>\n<meta name=\"twitter:card\" content=\"summary_large_image\" \/>\n<meta name=\"twitter:label1\" content=\"Estimated reading time\" \/>\n\t<meta name=\"twitter:data1\" content=\"1 minute\" \/>\n<script type=\"application\/ld+json\" class=\"yoast-schema-graph\">{\"@context\":\"https:\/\/schema.org\",\"@graph\":[{\"@type\":\"WebPage\",\"@id\":\"https:\/\/vinilozona.lt\/parduotuve\/naujos-lp\/bad-company-live-at-wembley\/\",\"url\":\"https:\/\/vinilozona.lt\/parduotuve\/naujos-lp\/bad-company-live-at-wembley\/\",\"name\":\"Bad Company \u2013 Live At Wembley Vinilin\u0117 Plok\u0161tel\u0117 | Vinilozona.lt\",\"isPartOf\":{\"@id\":\"https:\/\/vinilozona.lt\/#website\"},\"primaryImageOfPage\":{\"@id\":\"https:\/\/vinilozona.lt\/parduotuve\/naujos-lp\/bad-company-live-at-wembley\/#primaryimage\"},\"image\":{\"@id\":\"https:\/\/vinilozona.lt\/parduotuve\/naujos-lp\/bad-company-live-at-wembley\/#primaryimage\"},\"thumbnailUrl\":\"https:\/\/vinilozona.lt\/wp-content\/uploads\/2022\/07\/R-12270979-1531852608-5235.jpg\",\"datePublished\":\"2024-02-23T14:20:32+00:00\",\"dateModified\":\"2024-02-23T16:38:57+00:00\",\"breadcrumb\":{\"@id\":\"https:\/\/vinilozona.lt\/parduotuve\/naujos-lp\/bad-company-live-at-wembley\/#breadcrumb\"},\"inLanguage\":\"en-GB\",\"potentialAction\":[{\"@type\":\"ReadAction\",\"target\":[\"https:\/\/vinilozona.lt\/parduotuve\/naujos-lp\/bad-company-live-at-wembley\/\"]}]},{\"@type\":\"ImageObject\",\"inLanguage\":\"en-GB\",\"@id\":\"https:\/\/vinilozona.lt\/parduotuve\/naujos-lp\/bad-company-live-at-wembley\/#primaryimage\",\"url\":\"https:\/\/vinilozona.lt\/wp-content\/uploads\/2022\/07\/R-12270979-1531852608-5235.jpg\",\"contentUrl\":\"https:\/\/vinilozona.lt\/wp-content\/uploads\/2022\/07\/R-12270979-1531852608-5235.jpg\",\"width\":597,\"height\":600},{\"@type\":\"BreadcrumbList\",\"@id\":\"https:\/\/vinilozona.lt\/parduotuve\/naujos-lp\/bad-company-live-at-wembley\/#breadcrumb\",\"itemListElement\":[{\"@type\":\"ListItem\",\"position\":1,\"name\":\"Home\",\"item\":\"https:\/\/vinilozona.lt\/\"},{\"@type\":\"ListItem\",\"position\":2,\"name\":\"Parduotuv\u0117\",\"item\":\"https:\/\/vinilozona.lt\/parduotuve\/\"},{\"@type\":\"ListItem\",\"position\":3,\"name\":\"Bad Company \u2013 Live At Wembley\"}]},{\"@type\":\"WebSite\",\"@id\":\"https:\/\/vinilozona.lt\/#website\",\"url\":\"https:\/\/vinilozona.lt\/\",\"name\":\"Vinilo Zona\",\"description\":\"Nup\u016bsk dulkes ir klausyk LP\",\"potentialAction\":[{\"@type\":\"SearchAction\",\"target\":{\"@type\":\"EntryPoint\",\"urlTemplate\":\"https:\/\/vinilozona.lt\/?s={search_term_string}\"},\"query-input\":{\"@type\":\"PropertyValueSpecification\",\"valueRequired\":true,\"valueName\":\"search_term_string\"}}],\"inLanguage\":\"en-GB\"}]}<\/script>\n<!-- \/ Yoast SEO plugin. -->","yoast_head_json":{"title":"Bad Company \u2013 Live At Wembley Vinilin\u0117 Plok\u0161tel\u0117 | Vinilozona.lt","robots":{"index":"index","follow":"follow","max-snippet":"max-snippet:-1","max-image-preview":"max-image-preview:large","max-video-preview":"max-video-preview:-1"},"canonical":"https:\/\/vinilozona.lt\/en\/parduotuve\/naujos-lp\/bad-company-live-at-wembley\/","og_locale":"en_GB","og_type":"article","og_title":"Bad Company \u2013 Live At Wembley Vinilin\u0117 Plok\u0161tel\u0117 | Vinilozona.lt","og_description":"Ear Music \u2013 0212936EMX Format:  2 x Vinyl, LP, Album CD, Album All Media, Limited Edition, Numbered, Reissue Country: Germany Released: 2018","og_url":"https:\/\/vinilozona.lt\/en\/parduotuve\/naujos-lp\/bad-company-live-at-wembley\/","og_site_name":"Vinilo Zona","article_modified_time":"2024-02-23T16:38:57+00:00","og_image":[{"width":597,"height":600,"url":"https:\/\/vinilozona.lt\/wp-content\/uploads\/2022\/07\/R-12270979-1531852608-5235.jpg","type":"image\/jpeg"}],"twitter_card":"summary_large_image","twitter_misc":{"Estimated reading time":"1 minute"},"schema":{"@context":"https:\/\/schema.org","@graph":[{"@type":"WebPage","@id":"https:\/\/vinilozona.lt\/parduotuve\/naujos-lp\/bad-company-live-at-wembley\/","url":"https:\/\/vinilozona.lt\/parduotuve\/naujos-lp\/bad-company-live-at-wembley\/","name":"Bad Company \u2013 Live At Wembley Vinilin\u0117 Plok\u0161tel\u0117 | Vinilozona.lt","isPartOf":{"@id":"https:\/\/vinilozona.lt\/#website"},"primaryImageOfPage":{"@id":"https:\/\/vinilozona.lt\/parduotuve\/naujos-lp\/bad-company-live-at-wembley\/#primaryimage"},"image":{"@id":"https:\/\/vinilozona.lt\/parduotuve\/naujos-lp\/bad-company-live-at-wembley\/#primaryimage"},"thumbnailUrl":"https:\/\/vinilozona.lt\/wp-content\/uploads\/2022\/07\/R-12270979-1531852608-5235.jpg","datePublished":"2024-02-23T14:20:32+00:00","dateModified":"2024-02-23T16:38:57+00:00","breadcrumb":{"@id":"https:\/\/vinilozona.lt\/parduotuve\/naujos-lp\/bad-company-live-at-wembley\/#breadcrumb"},"inLanguage":"en-GB","potentialAction":[{"@type":"ReadAction","target":["https:\/\/vinilozona.lt\/parduotuve\/naujos-lp\/bad-company-live-at-wembley\/"]}]},{"@type":"ImageObject","inLanguage":"en-GB","@id":"https:\/\/vinilozona.lt\/parduotuve\/naujos-lp\/bad-company-live-at-wembley\/#primaryimage","url":"https:\/\/vinilozona.lt\/wp-content\/uploads\/2022\/07\/R-12270979-1531852608-5235.jpg","contentUrl":"https:\/\/vinilozona.lt\/wp-content\/uploads\/2022\/07\/R-12270979-1531852608-5235.jpg","width":597,"height":600},{"@type":"BreadcrumbList","@id":"https:\/\/vinilozona.lt\/parduotuve\/naujos-lp\/bad-company-live-at-wembley\/#breadcrumb","itemListElement":[{"@type":"ListItem","position":1,"name":"Home","item":"https:\/\/vinilozona.lt\/"},{"@type":"ListItem","position":2,"name":"Parduotuv\u0117","item":"https:\/\/vinilozona.lt\/parduotuve\/"},{"@type":"ListItem","position":3,"name":"Bad Company \u2013 Live At Wembley"}]},{"@type":"WebSite","@id":"https:\/\/vinilozona.lt\/#website","url":"https:\/\/vinilozona.lt\/","name":"Vinilo Zona","description":"Nup\u016bsk dulkes ir klausyk LP","potentialAction":[{"@type":"SearchAction","target":{"@type":"EntryPoint","urlTemplate":"https:\/\/vinilozona.lt\/?s={search_term_string}"},"query-input":{"@type":"PropertyValueSpecification","valueRequired":true,"valueName":"search_term_string"}}],"inLanguage":"en-GB"}]}},"_links":{"self":[{"href":"https:\/\/vinilozona.lt\/en\/wp-json\/wp\/v2\/product\/19873"}],"collection":[{"href":"https:\/\/vinilozona.lt\/en\/wp-json\/wp\/v2\/product"}],"about":[{"href":"https:\/\/vinilozona.lt\/en\/wp-json\/wp\/v2\/types\/product"}],"wp:featuredmedia":[{"embeddable":true,"href":"https:\/\/vinilozona.lt\/en\/wp-json\/wp\/v2\/media\/19874"}],"wp:attachment":[{"href":"https:\/\/vinilozona.lt\/en\/wp-json\/wp\/v2\/media?parent=19873"}],"wp:term":[{"taxonomy":"product_cat","embeddable":true,"href":"https:\/\/vinilozona.lt\/en\/wp-json\/wp\/v2\/product_cat?post=19873"},{"taxonomy":"product_tag","embeddable":true,"href":"https:\/\/vinilozona.lt\/en\/wp-json\/wp\/v2\/product_tag?post=19873"}],"curies":[{"name":"wp","href":"https:\/\/api.w.org\/{rel}","templated":true}]}}