{"id":19871,"date":"2022-07-29T16:16:35","date_gmt":"2022-07-29T13:16:35","guid":{"rendered":"https:\/\/vinilozona.lt\/?post_type=product&#038;p=19871"},"modified":"2025-10-05T11:23:26","modified_gmt":"2025-10-05T08:23:26","slug":"nirvana-bleach","status":"publish","type":"product","link":"https:\/\/vinilozona.lt\/en\/parduotuve\/rock-pop\/nirvana-bleach\/","title":{"rendered":"Nirvana \u2013 Bleach"},"content":{"rendered":"<p>A1\t\tBlew<br \/>\nA2\t\tFloyd The Barber<br \/>\nA3\t\tAbout A Girl<br \/>\nA4\t\tSchool<br \/>\nA5\t\tLove Buzz<br \/>\nA6\t\tPaper Cuts<br \/>\nA7\t\tNegative Creep<br \/>\nB1\t\tScoff<br \/>\nB2\t\tSwap Meet<br \/>\nB3\t\tMr. Moustache<br \/>\nB4\t\tSifting<br \/>\nB5\t\tBig Cheese<br \/>\nB6\t\tDowner<\/p>\n<p>Live. February 9, 1990 &#8211; Pine Street Theatre &#8211; Portland, OR<br \/>\nC1\t\tIntro<br \/>\nC2\t\tSchool<br \/>\nC3\t\tFloyd The Barber<br \/>\nC4\t\tDive<br \/>\nC5\t\tLove Buzz<br \/>\nC6\t\tSpank Thru<br \/>\nC7\t\tMolly&#8217;s Lips<br \/>\nD1\t\tSappy<br \/>\nD2\t\tScoff<br \/>\nD3\t\tAbout A Girl<br \/>\nD4\t\tBeen A Son<br \/>\nD5\t\tBlew<\/p>","protected":false},"excerpt":{"rendered":"<p>Sub Pop \u2013 SP 834<br \/>\nFormat:<br \/>\n2 x Vinyl, LP, Album, Deluxe Edition, Reissue, Remastered, Gatefold<br \/>\nCountry:\tUS<br \/>\nReleased:\tNov 2, 2009<\/p>","protected":false},"featured_media":19872,"template":"","meta":[],"product_cat":[15],"product_tag":[74],"yoast_head":"<!-- This site is optimized with the Yoast SEO plugin v23.5 - https:\/\/yoast.com\/wordpress\/plugins\/seo\/ -->\n<title>Nirvana \u2013 Bleach Vinilin\u0117 Plok\u0161tel\u0117 | Vinilozona.lt<\/title>\n<meta name=\"robots\" content=\"index, follow, max-snippet:-1, max-image-preview:large, max-video-preview:-1\" \/>\n<link rel=\"canonical\" href=\"https:\/\/vinilozona.lt\/en\/parduotuve\/rock-pop\/nirvana-bleach\/\" \/>\n<meta property=\"og:locale\" content=\"en_GB\" \/>\n<meta property=\"og:type\" content=\"article\" \/>\n<meta property=\"og:title\" content=\"Nirvana \u2013 Bleach Vinilin\u0117 Plok\u0161tel\u0117 | Vinilozona.lt\" \/>\n<meta property=\"og:description\" content=\"Sub Pop \u2013 SP 834 Format:  2 x Vinyl, LP, Album, Deluxe Edition, Reissue, Remastered, Gatefold Country: US Released: Nov 2, 2009\" \/>\n<meta property=\"og:url\" content=\"https:\/\/vinilozona.lt\/en\/parduotuve\/rock-pop\/nirvana-bleach\/\" \/>\n<meta property=\"og:site_name\" content=\"Vinilo Zona\" \/>\n<meta property=\"article:modified_time\" content=\"2025-10-05T08:23:26+00:00\" \/>\n<meta property=\"og:image\" content=\"https:\/\/vinilozona.lt\/wp-content\/uploads\/2022\/07\/R-2652102-1387562355-8846.jpg\" \/>\n\t<meta property=\"og:image:width\" content=\"600\" \/>\n\t<meta property=\"og:image:height\" content=\"599\" \/>\n\t<meta property=\"og:image:type\" content=\"image\/jpeg\" \/>\n<meta name=\"twitter:card\" content=\"summary_large_image\" \/>\n<meta name=\"twitter:label1\" content=\"Estimated reading time\" \/>\n\t<meta name=\"twitter:data1\" content=\"1 minute\" \/>\n<script type=\"application\/ld+json\" class=\"yoast-schema-graph\">{\"@context\":\"https:\/\/schema.org\",\"@graph\":[{\"@type\":\"WebPage\",\"@id\":\"https:\/\/vinilozona.lt\/parduotuve\/rock-pop\/nirvana-bleach\/\",\"url\":\"https:\/\/vinilozona.lt\/parduotuve\/rock-pop\/nirvana-bleach\/\",\"name\":\"Nirvana \u2013 Bleach Vinilin\u0117 Plok\u0161tel\u0117 | Vinilozona.lt\",\"isPartOf\":{\"@id\":\"https:\/\/vinilozona.lt\/#website\"},\"primaryImageOfPage\":{\"@id\":\"https:\/\/vinilozona.lt\/parduotuve\/rock-pop\/nirvana-bleach\/#primaryimage\"},\"image\":{\"@id\":\"https:\/\/vinilozona.lt\/parduotuve\/rock-pop\/nirvana-bleach\/#primaryimage\"},\"thumbnailUrl\":\"https:\/\/vinilozona.lt\/wp-content\/uploads\/2022\/07\/R-2652102-1387562355-8846.jpg\",\"datePublished\":\"2022-07-29T13:16:35+00:00\",\"dateModified\":\"2025-10-05T08:23:26+00:00\",\"breadcrumb\":{\"@id\":\"https:\/\/vinilozona.lt\/parduotuve\/rock-pop\/nirvana-bleach\/#breadcrumb\"},\"inLanguage\":\"en-GB\",\"potentialAction\":[{\"@type\":\"ReadAction\",\"target\":[\"https:\/\/vinilozona.lt\/parduotuve\/rock-pop\/nirvana-bleach\/\"]}]},{\"@type\":\"ImageObject\",\"inLanguage\":\"en-GB\",\"@id\":\"https:\/\/vinilozona.lt\/parduotuve\/rock-pop\/nirvana-bleach\/#primaryimage\",\"url\":\"https:\/\/vinilozona.lt\/wp-content\/uploads\/2022\/07\/R-2652102-1387562355-8846.jpg\",\"contentUrl\":\"https:\/\/vinilozona.lt\/wp-content\/uploads\/2022\/07\/R-2652102-1387562355-8846.jpg\",\"width\":600,\"height\":599},{\"@type\":\"BreadcrumbList\",\"@id\":\"https:\/\/vinilozona.lt\/parduotuve\/rock-pop\/nirvana-bleach\/#breadcrumb\",\"itemListElement\":[{\"@type\":\"ListItem\",\"position\":1,\"name\":\"Home\",\"item\":\"https:\/\/vinilozona.lt\/\"},{\"@type\":\"ListItem\",\"position\":2,\"name\":\"Parduotuv\u0117\",\"item\":\"https:\/\/vinilozona.lt\/parduotuve\/\"},{\"@type\":\"ListItem\",\"position\":3,\"name\":\"Nirvana \u2013 Bleach\"}]},{\"@type\":\"WebSite\",\"@id\":\"https:\/\/vinilozona.lt\/#website\",\"url\":\"https:\/\/vinilozona.lt\/\",\"name\":\"Vinilo Zona\",\"description\":\"Nup\u016bsk dulkes ir klausyk LP\",\"potentialAction\":[{\"@type\":\"SearchAction\",\"target\":{\"@type\":\"EntryPoint\",\"urlTemplate\":\"https:\/\/vinilozona.lt\/?s={search_term_string}\"},\"query-input\":{\"@type\":\"PropertyValueSpecification\",\"valueRequired\":true,\"valueName\":\"search_term_string\"}}],\"inLanguage\":\"en-GB\"}]}<\/script>\n<!-- \/ Yoast SEO plugin. -->","yoast_head_json":{"title":"Nirvana \u2013 Bleach Vinilin\u0117 Plok\u0161tel\u0117 | Vinilozona.lt","robots":{"index":"index","follow":"follow","max-snippet":"max-snippet:-1","max-image-preview":"max-image-preview:large","max-video-preview":"max-video-preview:-1"},"canonical":"https:\/\/vinilozona.lt\/en\/parduotuve\/rock-pop\/nirvana-bleach\/","og_locale":"en_GB","og_type":"article","og_title":"Nirvana \u2013 Bleach Vinilin\u0117 Plok\u0161tel\u0117 | Vinilozona.lt","og_description":"Sub Pop \u2013 SP 834 Format:  2 x Vinyl, LP, Album, Deluxe Edition, Reissue, Remastered, Gatefold Country: US Released: Nov 2, 2009","og_url":"https:\/\/vinilozona.lt\/en\/parduotuve\/rock-pop\/nirvana-bleach\/","og_site_name":"Vinilo Zona","article_modified_time":"2025-10-05T08:23:26+00:00","og_image":[{"width":600,"height":599,"url":"https:\/\/vinilozona.lt\/wp-content\/uploads\/2022\/07\/R-2652102-1387562355-8846.jpg","type":"image\/jpeg"}],"twitter_card":"summary_large_image","twitter_misc":{"Estimated reading time":"1 minute"},"schema":{"@context":"https:\/\/schema.org","@graph":[{"@type":"WebPage","@id":"https:\/\/vinilozona.lt\/parduotuve\/rock-pop\/nirvana-bleach\/","url":"https:\/\/vinilozona.lt\/parduotuve\/rock-pop\/nirvana-bleach\/","name":"Nirvana \u2013 Bleach Vinilin\u0117 Plok\u0161tel\u0117 | Vinilozona.lt","isPartOf":{"@id":"https:\/\/vinilozona.lt\/#website"},"primaryImageOfPage":{"@id":"https:\/\/vinilozona.lt\/parduotuve\/rock-pop\/nirvana-bleach\/#primaryimage"},"image":{"@id":"https:\/\/vinilozona.lt\/parduotuve\/rock-pop\/nirvana-bleach\/#primaryimage"},"thumbnailUrl":"https:\/\/vinilozona.lt\/wp-content\/uploads\/2022\/07\/R-2652102-1387562355-8846.jpg","datePublished":"2022-07-29T13:16:35+00:00","dateModified":"2025-10-05T08:23:26+00:00","breadcrumb":{"@id":"https:\/\/vinilozona.lt\/parduotuve\/rock-pop\/nirvana-bleach\/#breadcrumb"},"inLanguage":"en-GB","potentialAction":[{"@type":"ReadAction","target":["https:\/\/vinilozona.lt\/parduotuve\/rock-pop\/nirvana-bleach\/"]}]},{"@type":"ImageObject","inLanguage":"en-GB","@id":"https:\/\/vinilozona.lt\/parduotuve\/rock-pop\/nirvana-bleach\/#primaryimage","url":"https:\/\/vinilozona.lt\/wp-content\/uploads\/2022\/07\/R-2652102-1387562355-8846.jpg","contentUrl":"https:\/\/vinilozona.lt\/wp-content\/uploads\/2022\/07\/R-2652102-1387562355-8846.jpg","width":600,"height":599},{"@type":"BreadcrumbList","@id":"https:\/\/vinilozona.lt\/parduotuve\/rock-pop\/nirvana-bleach\/#breadcrumb","itemListElement":[{"@type":"ListItem","position":1,"name":"Home","item":"https:\/\/vinilozona.lt\/"},{"@type":"ListItem","position":2,"name":"Parduotuv\u0117","item":"https:\/\/vinilozona.lt\/parduotuve\/"},{"@type":"ListItem","position":3,"name":"Nirvana \u2013 Bleach"}]},{"@type":"WebSite","@id":"https:\/\/vinilozona.lt\/#website","url":"https:\/\/vinilozona.lt\/","name":"Vinilo Zona","description":"Nup\u016bsk dulkes ir klausyk LP","potentialAction":[{"@type":"SearchAction","target":{"@type":"EntryPoint","urlTemplate":"https:\/\/vinilozona.lt\/?s={search_term_string}"},"query-input":{"@type":"PropertyValueSpecification","valueRequired":true,"valueName":"search_term_string"}}],"inLanguage":"en-GB"}]}},"_links":{"self":[{"href":"https:\/\/vinilozona.lt\/en\/wp-json\/wp\/v2\/product\/19871"}],"collection":[{"href":"https:\/\/vinilozona.lt\/en\/wp-json\/wp\/v2\/product"}],"about":[{"href":"https:\/\/vinilozona.lt\/en\/wp-json\/wp\/v2\/types\/product"}],"wp:featuredmedia":[{"embeddable":true,"href":"https:\/\/vinilozona.lt\/en\/wp-json\/wp\/v2\/media\/19872"}],"wp:attachment":[{"href":"https:\/\/vinilozona.lt\/en\/wp-json\/wp\/v2\/media?parent=19871"}],"wp:term":[{"taxonomy":"product_cat","embeddable":true,"href":"https:\/\/vinilozona.lt\/en\/wp-json\/wp\/v2\/product_cat?post=19871"},{"taxonomy":"product_tag","embeddable":true,"href":"https:\/\/vinilozona.lt\/en\/wp-json\/wp\/v2\/product_tag?post=19871"}],"curies":[{"name":"wp","href":"https:\/\/api.w.org\/{rel}","templated":true}]}}