{"id":19865,"date":"2022-07-29T16:01:03","date_gmt":"2022-07-29T13:01:03","guid":{"rendered":"https:\/\/vinilozona.lt\/?post_type=product&#038;p=19865"},"modified":"2024-08-19T20:10:25","modified_gmt":"2024-08-19T17:10:25","slug":"bad-boys-blue-to-blue-horizons","status":"publish","type":"product","link":"https:\/\/vinilozona.lt\/en\/parduotuve\/naujos-lp\/bad-boys-blue-to-blue-horizons\/","title":{"rendered":"Bad Boys Blue \u2013 To Blue Horizons"},"content":{"rendered":"<p>A1\t\tLuv 4 U (Radio Mix)\t3:42<br \/>\nA2\t\tGo Go (Love Overload)\t3:45<br \/>\nA3\t\tTake A Chance\t3:58<br \/>\nA4\t\tIs It You?\t3:26<br \/>\nA5\t\tWhat Else? (Radio Mix)\t3:12<br \/>\nA6\t\tGrand Illusion\t3:42<br \/>\nB1\t\tProve Your Love\t3:27<br \/>\nB2\t\tOne More Kiss\t3:34<br \/>\nB3\t\tIt Was Only Love\t3:41<br \/>\nB4\t\tSay You&#8217;ll Be Mine\t3:44<br \/>\nB5\t\tLove&#8217;s Not Always Like Paradise\t3:43<br \/>\nB6\t\tGo Go (Love Overload) (Extended Mix)\t5:49<\/p>","protected":false},"excerpt":{"rendered":"<p>Eurodance Records \u2013 EDAR007<br \/>\nFormat:<br \/>\nVinyl, LP, Limited Edition<br \/>\nCountry:\tEurope<br \/>\nReleased:\tJul 1, 2022<\/p>","protected":false},"featured_media":19866,"template":"","meta":[],"product_cat":[23],"product_tag":[74],"yoast_head":"<!-- This site is optimized with the Yoast SEO plugin v23.5 - https:\/\/yoast.com\/wordpress\/plugins\/seo\/ -->\n<title>Bad Boys Blue \u2013 To Blue Horizons Vinilin\u0117 Plok\u0161tel\u0117 | Vinilozona.lt<\/title>\n<meta name=\"robots\" content=\"index, follow, max-snippet:-1, max-image-preview:large, max-video-preview:-1\" \/>\n<link rel=\"canonical\" href=\"https:\/\/vinilozona.lt\/en\/parduotuve\/naujos-lp\/bad-boys-blue-to-blue-horizons\/\" \/>\n<meta property=\"og:locale\" content=\"en_GB\" \/>\n<meta property=\"og:type\" content=\"article\" \/>\n<meta property=\"og:title\" content=\"Bad Boys Blue \u2013 To Blue Horizons Vinilin\u0117 Plok\u0161tel\u0117 | Vinilozona.lt\" \/>\n<meta property=\"og:description\" content=\"Eurodance Records \u2013 EDAR007 Format:  Vinyl, LP, Limited Edition Country: Europe Released: Jul 1, 2022\" \/>\n<meta property=\"og:url\" content=\"https:\/\/vinilozona.lt\/en\/parduotuve\/naujos-lp\/bad-boys-blue-to-blue-horizons\/\" \/>\n<meta property=\"og:site_name\" content=\"Vinilo Zona\" \/>\n<meta property=\"article:modified_time\" content=\"2024-08-19T17:10:25+00:00\" \/>\n<meta property=\"og:image\" content=\"https:\/\/vinilozona.lt\/wp-content\/uploads\/2022\/07\/R-23955245-1658417638-7165.jpg\" \/>\n\t<meta property=\"og:image:width\" content=\"594\" \/>\n\t<meta property=\"og:image:height\" content=\"599\" \/>\n\t<meta property=\"og:image:type\" content=\"image\/jpeg\" \/>\n<meta name=\"twitter:card\" content=\"summary_large_image\" \/>\n<script type=\"application\/ld+json\" class=\"yoast-schema-graph\">{\"@context\":\"https:\/\/schema.org\",\"@graph\":[{\"@type\":\"WebPage\",\"@id\":\"https:\/\/vinilozona.lt\/parduotuve\/naujos-lp\/bad-boys-blue-to-blue-horizons\/\",\"url\":\"https:\/\/vinilozona.lt\/parduotuve\/naujos-lp\/bad-boys-blue-to-blue-horizons\/\",\"name\":\"Bad Boys Blue \u2013 To Blue Horizons Vinilin\u0117 Plok\u0161tel\u0117 | Vinilozona.lt\",\"isPartOf\":{\"@id\":\"https:\/\/vinilozona.lt\/#website\"},\"primaryImageOfPage\":{\"@id\":\"https:\/\/vinilozona.lt\/parduotuve\/naujos-lp\/bad-boys-blue-to-blue-horizons\/#primaryimage\"},\"image\":{\"@id\":\"https:\/\/vinilozona.lt\/parduotuve\/naujos-lp\/bad-boys-blue-to-blue-horizons\/#primaryimage\"},\"thumbnailUrl\":\"https:\/\/vinilozona.lt\/wp-content\/uploads\/2022\/07\/R-23955245-1658417638-7165.jpg\",\"datePublished\":\"2022-07-29T13:01:03+00:00\",\"dateModified\":\"2024-08-19T17:10:25+00:00\",\"breadcrumb\":{\"@id\":\"https:\/\/vinilozona.lt\/parduotuve\/naujos-lp\/bad-boys-blue-to-blue-horizons\/#breadcrumb\"},\"inLanguage\":\"en-GB\",\"potentialAction\":[{\"@type\":\"ReadAction\",\"target\":[\"https:\/\/vinilozona.lt\/parduotuve\/naujos-lp\/bad-boys-blue-to-blue-horizons\/\"]}]},{\"@type\":\"ImageObject\",\"inLanguage\":\"en-GB\",\"@id\":\"https:\/\/vinilozona.lt\/parduotuve\/naujos-lp\/bad-boys-blue-to-blue-horizons\/#primaryimage\",\"url\":\"https:\/\/vinilozona.lt\/wp-content\/uploads\/2022\/07\/R-23955245-1658417638-7165.jpg\",\"contentUrl\":\"https:\/\/vinilozona.lt\/wp-content\/uploads\/2022\/07\/R-23955245-1658417638-7165.jpg\",\"width\":594,\"height\":599},{\"@type\":\"BreadcrumbList\",\"@id\":\"https:\/\/vinilozona.lt\/parduotuve\/naujos-lp\/bad-boys-blue-to-blue-horizons\/#breadcrumb\",\"itemListElement\":[{\"@type\":\"ListItem\",\"position\":1,\"name\":\"Home\",\"item\":\"https:\/\/vinilozona.lt\/\"},{\"@type\":\"ListItem\",\"position\":2,\"name\":\"Parduotuv\u0117\",\"item\":\"https:\/\/vinilozona.lt\/parduotuve\/\"},{\"@type\":\"ListItem\",\"position\":3,\"name\":\"Bad Boys Blue \u2013 To Blue Horizons\"}]},{\"@type\":\"WebSite\",\"@id\":\"https:\/\/vinilozona.lt\/#website\",\"url\":\"https:\/\/vinilozona.lt\/\",\"name\":\"Vinilo Zona\",\"description\":\"Nup\u016bsk dulkes ir klausyk LP\",\"potentialAction\":[{\"@type\":\"SearchAction\",\"target\":{\"@type\":\"EntryPoint\",\"urlTemplate\":\"https:\/\/vinilozona.lt\/?s={search_term_string}\"},\"query-input\":{\"@type\":\"PropertyValueSpecification\",\"valueRequired\":true,\"valueName\":\"search_term_string\"}}],\"inLanguage\":\"en-GB\"}]}<\/script>\n<!-- \/ Yoast SEO plugin. -->","yoast_head_json":{"title":"Bad Boys Blue \u2013 To Blue Horizons Vinilin\u0117 Plok\u0161tel\u0117 | Vinilozona.lt","robots":{"index":"index","follow":"follow","max-snippet":"max-snippet:-1","max-image-preview":"max-image-preview:large","max-video-preview":"max-video-preview:-1"},"canonical":"https:\/\/vinilozona.lt\/en\/parduotuve\/naujos-lp\/bad-boys-blue-to-blue-horizons\/","og_locale":"en_GB","og_type":"article","og_title":"Bad Boys Blue \u2013 To Blue Horizons Vinilin\u0117 Plok\u0161tel\u0117 | Vinilozona.lt","og_description":"Eurodance Records \u2013 EDAR007 Format:  Vinyl, LP, Limited Edition Country: Europe Released: Jul 1, 2022","og_url":"https:\/\/vinilozona.lt\/en\/parduotuve\/naujos-lp\/bad-boys-blue-to-blue-horizons\/","og_site_name":"Vinilo Zona","article_modified_time":"2024-08-19T17:10:25+00:00","og_image":[{"width":594,"height":599,"url":"https:\/\/vinilozona.lt\/wp-content\/uploads\/2022\/07\/R-23955245-1658417638-7165.jpg","type":"image\/jpeg"}],"twitter_card":"summary_large_image","schema":{"@context":"https:\/\/schema.org","@graph":[{"@type":"WebPage","@id":"https:\/\/vinilozona.lt\/parduotuve\/naujos-lp\/bad-boys-blue-to-blue-horizons\/","url":"https:\/\/vinilozona.lt\/parduotuve\/naujos-lp\/bad-boys-blue-to-blue-horizons\/","name":"Bad Boys Blue \u2013 To Blue Horizons Vinilin\u0117 Plok\u0161tel\u0117 | Vinilozona.lt","isPartOf":{"@id":"https:\/\/vinilozona.lt\/#website"},"primaryImageOfPage":{"@id":"https:\/\/vinilozona.lt\/parduotuve\/naujos-lp\/bad-boys-blue-to-blue-horizons\/#primaryimage"},"image":{"@id":"https:\/\/vinilozona.lt\/parduotuve\/naujos-lp\/bad-boys-blue-to-blue-horizons\/#primaryimage"},"thumbnailUrl":"https:\/\/vinilozona.lt\/wp-content\/uploads\/2022\/07\/R-23955245-1658417638-7165.jpg","datePublished":"2022-07-29T13:01:03+00:00","dateModified":"2024-08-19T17:10:25+00:00","breadcrumb":{"@id":"https:\/\/vinilozona.lt\/parduotuve\/naujos-lp\/bad-boys-blue-to-blue-horizons\/#breadcrumb"},"inLanguage":"en-GB","potentialAction":[{"@type":"ReadAction","target":["https:\/\/vinilozona.lt\/parduotuve\/naujos-lp\/bad-boys-blue-to-blue-horizons\/"]}]},{"@type":"ImageObject","inLanguage":"en-GB","@id":"https:\/\/vinilozona.lt\/parduotuve\/naujos-lp\/bad-boys-blue-to-blue-horizons\/#primaryimage","url":"https:\/\/vinilozona.lt\/wp-content\/uploads\/2022\/07\/R-23955245-1658417638-7165.jpg","contentUrl":"https:\/\/vinilozona.lt\/wp-content\/uploads\/2022\/07\/R-23955245-1658417638-7165.jpg","width":594,"height":599},{"@type":"BreadcrumbList","@id":"https:\/\/vinilozona.lt\/parduotuve\/naujos-lp\/bad-boys-blue-to-blue-horizons\/#breadcrumb","itemListElement":[{"@type":"ListItem","position":1,"name":"Home","item":"https:\/\/vinilozona.lt\/"},{"@type":"ListItem","position":2,"name":"Parduotuv\u0117","item":"https:\/\/vinilozona.lt\/parduotuve\/"},{"@type":"ListItem","position":3,"name":"Bad Boys Blue \u2013 To Blue Horizons"}]},{"@type":"WebSite","@id":"https:\/\/vinilozona.lt\/#website","url":"https:\/\/vinilozona.lt\/","name":"Vinilo Zona","description":"Nup\u016bsk dulkes ir klausyk LP","potentialAction":[{"@type":"SearchAction","target":{"@type":"EntryPoint","urlTemplate":"https:\/\/vinilozona.lt\/?s={search_term_string}"},"query-input":{"@type":"PropertyValueSpecification","valueRequired":true,"valueName":"search_term_string"}}],"inLanguage":"en-GB"}]}},"_links":{"self":[{"href":"https:\/\/vinilozona.lt\/en\/wp-json\/wp\/v2\/product\/19865"}],"collection":[{"href":"https:\/\/vinilozona.lt\/en\/wp-json\/wp\/v2\/product"}],"about":[{"href":"https:\/\/vinilozona.lt\/en\/wp-json\/wp\/v2\/types\/product"}],"wp:featuredmedia":[{"embeddable":true,"href":"https:\/\/vinilozona.lt\/en\/wp-json\/wp\/v2\/media\/19866"}],"wp:attachment":[{"href":"https:\/\/vinilozona.lt\/en\/wp-json\/wp\/v2\/media?parent=19865"}],"wp:term":[{"taxonomy":"product_cat","embeddable":true,"href":"https:\/\/vinilozona.lt\/en\/wp-json\/wp\/v2\/product_cat?post=19865"},{"taxonomy":"product_tag","embeddable":true,"href":"https:\/\/vinilozona.lt\/en\/wp-json\/wp\/v2\/product_tag?post=19865"}],"curies":[{"name":"wp","href":"https:\/\/api.w.org\/{rel}","templated":true}]}}