{"id":19861,"date":"2025-04-09T05:00:28","date_gmt":"2025-04-09T02:00:28","guid":{"rendered":"https:\/\/vinilozona.lt\/?post_type=product&#038;p=19861"},"modified":"2025-04-09T16:27:20","modified_gmt":"2025-04-09T13:27:20","slug":"rainbow-live-in-japan","status":"publish","type":"product","link":"https:\/\/vinilozona.lt\/en\/parduotuve\/naujos-lp\/rainbow-live-in-japan\/","title":{"rendered":"Rainbow \u2013 Osaka 1978 &#8211; Final Night"},"content":{"rendered":"<p>A1\t\tOver The Rainbow Intro\t1:23<br \/>\nA2\t\tKill The King\t5:09<br \/>\nA3\t\tMistreated\t13:00<br \/>\nA4\t\t16th Century Greensleeves\t9:05<br \/>\nB1\t\tCatch The Rainbow\t18:17<br \/>\nB2\t\tLong Live Rock &#8216;N&#8217; Roll\t9:36<br \/>\nC1\t\tMan On The Silver Mountain\t7:29<br \/>\nC2\t\tGuitar Solo\t2:28<br \/>\nC3\t\tBlues\t6:32<br \/>\nC4\t\tStarstruck\t0:51<br \/>\nC5\t\tCaptain Cornflakes\t3:45<br \/>\nC6\t\tMan On The Silver Mountain\t0:56<br \/>\nC7\t\tImprovisations\t5:14<br \/>\nD1\t\tStill I&#8217;m Sad\t27:14<\/p>","protected":false},"excerpt":{"rendered":"<p>MIW \u2013 MIW009<br \/>\nFormat:<br \/>\n2 x Vinyl, LP,<br \/>\nCountry:\tEurope<br \/>\nReleased:\t2023<\/p>","protected":false},"featured_media":25546,"template":"","meta":[],"product_cat":[23],"product_tag":[44],"yoast_head":"<!-- This site is optimized with the Yoast SEO plugin v23.5 - https:\/\/yoast.com\/wordpress\/plugins\/seo\/ -->\n<title>Rainbow \u2013 Osaka 1978 - Final Night Vinilin\u0117 Plok\u0161tel\u0117 | Vinilozona.lt<\/title>\n<meta name=\"robots\" content=\"index, follow, max-snippet:-1, max-image-preview:large, max-video-preview:-1\" \/>\n<link rel=\"canonical\" href=\"https:\/\/vinilozona.lt\/en\/parduotuve\/naujos-lp\/rainbow-live-in-japan\/\" \/>\n<meta property=\"og:locale\" content=\"en_GB\" \/>\n<meta property=\"og:type\" content=\"article\" \/>\n<meta property=\"og:title\" content=\"Rainbow \u2013 Osaka 1978 - Final Night Vinilin\u0117 Plok\u0161tel\u0117 | Vinilozona.lt\" \/>\n<meta property=\"og:description\" content=\"MIW \u2013 MIW009 Format:  2 x Vinyl, LP,  Country: Europe Released: 2023\" \/>\n<meta property=\"og:url\" content=\"https:\/\/vinilozona.lt\/en\/parduotuve\/naujos-lp\/rainbow-live-in-japan\/\" \/>\n<meta property=\"og:site_name\" content=\"Vinilo Zona\" \/>\n<meta property=\"article:modified_time\" content=\"2025-04-09T13:27:20+00:00\" \/>\n<meta property=\"og:image\" content=\"https:\/\/vinilozona.lt\/wp-content\/uploads\/2023\/06\/R-26940035-1682933948-4971.jpg\" \/>\n\t<meta property=\"og:image:width\" content=\"500\" \/>\n\t<meta property=\"og:image:height\" content=\"500\" \/>\n\t<meta property=\"og:image:type\" content=\"image\/jpeg\" \/>\n<meta name=\"twitter:card\" content=\"summary_large_image\" \/>\n<meta name=\"twitter:label1\" content=\"Estimated reading time\" \/>\n\t<meta name=\"twitter:data1\" content=\"1 minute\" \/>\n<script type=\"application\/ld+json\" class=\"yoast-schema-graph\">{\"@context\":\"https:\/\/schema.org\",\"@graph\":[{\"@type\":\"WebPage\",\"@id\":\"https:\/\/vinilozona.lt\/parduotuve\/naujos-lp\/rainbow-live-in-japan\/\",\"url\":\"https:\/\/vinilozona.lt\/parduotuve\/naujos-lp\/rainbow-live-in-japan\/\",\"name\":\"Rainbow \u2013 Osaka 1978 - Final Night Vinilin\u0117 Plok\u0161tel\u0117 | Vinilozona.lt\",\"isPartOf\":{\"@id\":\"https:\/\/vinilozona.lt\/#website\"},\"primaryImageOfPage\":{\"@id\":\"https:\/\/vinilozona.lt\/parduotuve\/naujos-lp\/rainbow-live-in-japan\/#primaryimage\"},\"image\":{\"@id\":\"https:\/\/vinilozona.lt\/parduotuve\/naujos-lp\/rainbow-live-in-japan\/#primaryimage\"},\"thumbnailUrl\":\"https:\/\/vinilozona.lt\/wp-content\/uploads\/2023\/06\/R-26940035-1682933948-4971.jpg\",\"datePublished\":\"2025-04-09T02:00:28+00:00\",\"dateModified\":\"2025-04-09T13:27:20+00:00\",\"breadcrumb\":{\"@id\":\"https:\/\/vinilozona.lt\/parduotuve\/naujos-lp\/rainbow-live-in-japan\/#breadcrumb\"},\"inLanguage\":\"en-GB\",\"potentialAction\":[{\"@type\":\"ReadAction\",\"target\":[\"https:\/\/vinilozona.lt\/parduotuve\/naujos-lp\/rainbow-live-in-japan\/\"]}]},{\"@type\":\"ImageObject\",\"inLanguage\":\"en-GB\",\"@id\":\"https:\/\/vinilozona.lt\/parduotuve\/naujos-lp\/rainbow-live-in-japan\/#primaryimage\",\"url\":\"https:\/\/vinilozona.lt\/wp-content\/uploads\/2023\/06\/R-26940035-1682933948-4971.jpg\",\"contentUrl\":\"https:\/\/vinilozona.lt\/wp-content\/uploads\/2023\/06\/R-26940035-1682933948-4971.jpg\",\"width\":500,\"height\":500},{\"@type\":\"BreadcrumbList\",\"@id\":\"https:\/\/vinilozona.lt\/parduotuve\/naujos-lp\/rainbow-live-in-japan\/#breadcrumb\",\"itemListElement\":[{\"@type\":\"ListItem\",\"position\":1,\"name\":\"Home\",\"item\":\"https:\/\/vinilozona.lt\/\"},{\"@type\":\"ListItem\",\"position\":2,\"name\":\"Parduotuv\u0117\",\"item\":\"https:\/\/vinilozona.lt\/parduotuve\/\"},{\"@type\":\"ListItem\",\"position\":3,\"name\":\"Rainbow \u2013 Osaka 1978 &#8211; Final Night\"}]},{\"@type\":\"WebSite\",\"@id\":\"https:\/\/vinilozona.lt\/#website\",\"url\":\"https:\/\/vinilozona.lt\/\",\"name\":\"Vinilo Zona\",\"description\":\"Nup\u016bsk dulkes ir klausyk LP\",\"potentialAction\":[{\"@type\":\"SearchAction\",\"target\":{\"@type\":\"EntryPoint\",\"urlTemplate\":\"https:\/\/vinilozona.lt\/?s={search_term_string}\"},\"query-input\":{\"@type\":\"PropertyValueSpecification\",\"valueRequired\":true,\"valueName\":\"search_term_string\"}}],\"inLanguage\":\"en-GB\"}]}<\/script>\n<!-- \/ Yoast SEO plugin. -->","yoast_head_json":{"title":"Rainbow \u2013 Osaka 1978 - Final Night Vinilin\u0117 Plok\u0161tel\u0117 | Vinilozona.lt","robots":{"index":"index","follow":"follow","max-snippet":"max-snippet:-1","max-image-preview":"max-image-preview:large","max-video-preview":"max-video-preview:-1"},"canonical":"https:\/\/vinilozona.lt\/en\/parduotuve\/naujos-lp\/rainbow-live-in-japan\/","og_locale":"en_GB","og_type":"article","og_title":"Rainbow \u2013 Osaka 1978 - Final Night Vinilin\u0117 Plok\u0161tel\u0117 | Vinilozona.lt","og_description":"MIW \u2013 MIW009 Format:  2 x Vinyl, LP,  Country: Europe Released: 2023","og_url":"https:\/\/vinilozona.lt\/en\/parduotuve\/naujos-lp\/rainbow-live-in-japan\/","og_site_name":"Vinilo Zona","article_modified_time":"2025-04-09T13:27:20+00:00","og_image":[{"width":500,"height":500,"url":"https:\/\/vinilozona.lt\/wp-content\/uploads\/2023\/06\/R-26940035-1682933948-4971.jpg","type":"image\/jpeg"}],"twitter_card":"summary_large_image","twitter_misc":{"Estimated reading time":"1 minute"},"schema":{"@context":"https:\/\/schema.org","@graph":[{"@type":"WebPage","@id":"https:\/\/vinilozona.lt\/parduotuve\/naujos-lp\/rainbow-live-in-japan\/","url":"https:\/\/vinilozona.lt\/parduotuve\/naujos-lp\/rainbow-live-in-japan\/","name":"Rainbow \u2013 Osaka 1978 - Final Night Vinilin\u0117 Plok\u0161tel\u0117 | Vinilozona.lt","isPartOf":{"@id":"https:\/\/vinilozona.lt\/#website"},"primaryImageOfPage":{"@id":"https:\/\/vinilozona.lt\/parduotuve\/naujos-lp\/rainbow-live-in-japan\/#primaryimage"},"image":{"@id":"https:\/\/vinilozona.lt\/parduotuve\/naujos-lp\/rainbow-live-in-japan\/#primaryimage"},"thumbnailUrl":"https:\/\/vinilozona.lt\/wp-content\/uploads\/2023\/06\/R-26940035-1682933948-4971.jpg","datePublished":"2025-04-09T02:00:28+00:00","dateModified":"2025-04-09T13:27:20+00:00","breadcrumb":{"@id":"https:\/\/vinilozona.lt\/parduotuve\/naujos-lp\/rainbow-live-in-japan\/#breadcrumb"},"inLanguage":"en-GB","potentialAction":[{"@type":"ReadAction","target":["https:\/\/vinilozona.lt\/parduotuve\/naujos-lp\/rainbow-live-in-japan\/"]}]},{"@type":"ImageObject","inLanguage":"en-GB","@id":"https:\/\/vinilozona.lt\/parduotuve\/naujos-lp\/rainbow-live-in-japan\/#primaryimage","url":"https:\/\/vinilozona.lt\/wp-content\/uploads\/2023\/06\/R-26940035-1682933948-4971.jpg","contentUrl":"https:\/\/vinilozona.lt\/wp-content\/uploads\/2023\/06\/R-26940035-1682933948-4971.jpg","width":500,"height":500},{"@type":"BreadcrumbList","@id":"https:\/\/vinilozona.lt\/parduotuve\/naujos-lp\/rainbow-live-in-japan\/#breadcrumb","itemListElement":[{"@type":"ListItem","position":1,"name":"Home","item":"https:\/\/vinilozona.lt\/"},{"@type":"ListItem","position":2,"name":"Parduotuv\u0117","item":"https:\/\/vinilozona.lt\/parduotuve\/"},{"@type":"ListItem","position":3,"name":"Rainbow \u2013 Osaka 1978 &#8211; Final Night"}]},{"@type":"WebSite","@id":"https:\/\/vinilozona.lt\/#website","url":"https:\/\/vinilozona.lt\/","name":"Vinilo Zona","description":"Nup\u016bsk dulkes ir klausyk LP","potentialAction":[{"@type":"SearchAction","target":{"@type":"EntryPoint","urlTemplate":"https:\/\/vinilozona.lt\/?s={search_term_string}"},"query-input":{"@type":"PropertyValueSpecification","valueRequired":true,"valueName":"search_term_string"}}],"inLanguage":"en-GB"}]}},"_links":{"self":[{"href":"https:\/\/vinilozona.lt\/en\/wp-json\/wp\/v2\/product\/19861"}],"collection":[{"href":"https:\/\/vinilozona.lt\/en\/wp-json\/wp\/v2\/product"}],"about":[{"href":"https:\/\/vinilozona.lt\/en\/wp-json\/wp\/v2\/types\/product"}],"wp:featuredmedia":[{"embeddable":true,"href":"https:\/\/vinilozona.lt\/en\/wp-json\/wp\/v2\/media\/25546"}],"wp:attachment":[{"href":"https:\/\/vinilozona.lt\/en\/wp-json\/wp\/v2\/media?parent=19861"}],"wp:term":[{"taxonomy":"product_cat","embeddable":true,"href":"https:\/\/vinilozona.lt\/en\/wp-json\/wp\/v2\/product_cat?post=19861"},{"taxonomy":"product_tag","embeddable":true,"href":"https:\/\/vinilozona.lt\/en\/wp-json\/wp\/v2\/product_tag?post=19861"}],"curies":[{"name":"wp","href":"https:\/\/api.w.org\/{rel}","templated":true}]}}