{"id":19857,"date":"2024-09-28T05:07:11","date_gmt":"2024-09-28T02:07:11","guid":{"rendered":"https:\/\/vinilozona.lt\/?post_type=product&#038;p=19857"},"modified":"2024-09-27T10:16:30","modified_gmt":"2024-09-27T07:16:30","slug":"john-mayall-friends-along-for-the-ride","status":"publish","type":"product","link":"https:\/\/vinilozona.lt\/en\/parduotuve\/naujos-lp\/john-mayall-friends-along-for-the-ride\/","title":{"rendered":"Chris de Burgh \u2013 The Legend Of Robin Hood"},"content":{"rendered":"<p>A1\t\tThe Robin Hood Overture<br \/>\nA2\t\tThe Tale Of Robin Hood<br \/>\nA3\t\tThe Wedding Feast<br \/>\nA4\t\tOnly A Child<br \/>\nA5\t\tThe Man With The Double Face<br \/>\nB1\t\tHome From The War (Part One)<br \/>\nB2\t\tLive Life, Live Well<br \/>\nB3\t\tHome From The War (Part Two)<br \/>\nB4\t\tOpen Your Eyes<br \/>\nB5\t\tThe Arrest!<br \/>\nB6\t\tBreak The Law!<br \/>\nC1\t\tIn Sherwood Forest<br \/>\nC2\t\tThe Speech To The Outlaws<br \/>\nC3\t\tLight A Fire!<br \/>\nC4\t\tThe Robbery<br \/>\nC5\t\tWe&#8217;ve Got the Money<br \/>\nC6\t\tA Love Revealed<br \/>\nC7\t\tI Am Falling In Love (All Over Again)<br \/>\nD1\t\tIn Prison<br \/>\nD2\t\tThe Duel<br \/>\nD3\t\tWhere My Last Arrow Falls<br \/>\nD4\t\tA Man For The Ages<br \/>\nD5\t\tLegacy<\/p>","protected":false},"excerpt":{"rendered":"<p>Butler Records \u2013 BUR340091, Rockware \u2013 BUR340091<br \/>\nFormat:<br \/>\n2 x Vinyl, LP, Album, Reissue, Red<br \/>\nCountry:\tEurope<br \/>\nReleased:\t2022<\/p>","protected":false},"featured_media":25858,"template":"","meta":[],"product_cat":[23],"product_tag":[74],"yoast_head":"<!-- This site is optimized with the Yoast SEO plugin v23.5 - https:\/\/yoast.com\/wordpress\/plugins\/seo\/ -->\n<title>Chris de Burgh \u2013 The Legend Of Robin Hood Vinilin\u0117 Plok\u0161tel\u0117 | Vinilozona.lt<\/title>\n<meta name=\"robots\" content=\"index, follow, max-snippet:-1, max-image-preview:large, max-video-preview:-1\" \/>\n<link rel=\"canonical\" href=\"https:\/\/vinilozona.lt\/en\/parduotuve\/naujos-lp\/john-mayall-friends-along-for-the-ride\/\" \/>\n<meta property=\"og:locale\" content=\"en_GB\" \/>\n<meta property=\"og:type\" content=\"article\" \/>\n<meta property=\"og:title\" content=\"Chris de Burgh \u2013 The Legend Of Robin Hood Vinilin\u0117 Plok\u0161tel\u0117 | Vinilozona.lt\" \/>\n<meta property=\"og:description\" content=\"Butler Records \u2013 BUR340091, Rockware \u2013 BUR340091 Format:  2 x Vinyl, LP, Album, Reissue, Red Country: Europe Released: 2022\" \/>\n<meta property=\"og:url\" content=\"https:\/\/vinilozona.lt\/en\/parduotuve\/naujos-lp\/john-mayall-friends-along-for-the-ride\/\" \/>\n<meta property=\"og:site_name\" content=\"Vinilo Zona\" \/>\n<meta property=\"article:modified_time\" content=\"2024-09-27T07:16:30+00:00\" \/>\n<meta property=\"og:image\" content=\"https:\/\/vinilozona.lt\/wp-content\/uploads\/2024\/02\/R-27136080-1700180791-2516.jpg\" \/>\n\t<meta property=\"og:image:width\" content=\"600\" \/>\n\t<meta property=\"og:image:height\" content=\"454\" \/>\n\t<meta property=\"og:image:type\" content=\"image\/jpeg\" \/>\n<meta name=\"twitter:card\" content=\"summary_large_image\" \/>\n<meta name=\"twitter:label1\" content=\"Estimated reading time\" \/>\n\t<meta name=\"twitter:data1\" content=\"1 minute\" \/>\n<script type=\"application\/ld+json\" class=\"yoast-schema-graph\">{\"@context\":\"https:\/\/schema.org\",\"@graph\":[{\"@type\":\"WebPage\",\"@id\":\"https:\/\/vinilozona.lt\/parduotuve\/naujos-lp\/john-mayall-friends-along-for-the-ride\/\",\"url\":\"https:\/\/vinilozona.lt\/parduotuve\/naujos-lp\/john-mayall-friends-along-for-the-ride\/\",\"name\":\"Chris de Burgh \u2013 The Legend Of Robin Hood Vinilin\u0117 Plok\u0161tel\u0117 | Vinilozona.lt\",\"isPartOf\":{\"@id\":\"https:\/\/vinilozona.lt\/#website\"},\"primaryImageOfPage\":{\"@id\":\"https:\/\/vinilozona.lt\/parduotuve\/naujos-lp\/john-mayall-friends-along-for-the-ride\/#primaryimage\"},\"image\":{\"@id\":\"https:\/\/vinilozona.lt\/parduotuve\/naujos-lp\/john-mayall-friends-along-for-the-ride\/#primaryimage\"},\"thumbnailUrl\":\"https:\/\/vinilozona.lt\/wp-content\/uploads\/2024\/02\/R-27136080-1700180791-2516.jpg\",\"datePublished\":\"2024-09-28T02:07:11+00:00\",\"dateModified\":\"2024-09-27T07:16:30+00:00\",\"breadcrumb\":{\"@id\":\"https:\/\/vinilozona.lt\/parduotuve\/naujos-lp\/john-mayall-friends-along-for-the-ride\/#breadcrumb\"},\"inLanguage\":\"en-GB\",\"potentialAction\":[{\"@type\":\"ReadAction\",\"target\":[\"https:\/\/vinilozona.lt\/parduotuve\/naujos-lp\/john-mayall-friends-along-for-the-ride\/\"]}]},{\"@type\":\"ImageObject\",\"inLanguage\":\"en-GB\",\"@id\":\"https:\/\/vinilozona.lt\/parduotuve\/naujos-lp\/john-mayall-friends-along-for-the-ride\/#primaryimage\",\"url\":\"https:\/\/vinilozona.lt\/wp-content\/uploads\/2024\/02\/R-27136080-1700180791-2516.jpg\",\"contentUrl\":\"https:\/\/vinilozona.lt\/wp-content\/uploads\/2024\/02\/R-27136080-1700180791-2516.jpg\",\"width\":600,\"height\":454},{\"@type\":\"BreadcrumbList\",\"@id\":\"https:\/\/vinilozona.lt\/parduotuve\/naujos-lp\/john-mayall-friends-along-for-the-ride\/#breadcrumb\",\"itemListElement\":[{\"@type\":\"ListItem\",\"position\":1,\"name\":\"Home\",\"item\":\"https:\/\/vinilozona.lt\/\"},{\"@type\":\"ListItem\",\"position\":2,\"name\":\"Parduotuv\u0117\",\"item\":\"https:\/\/vinilozona.lt\/parduotuve\/\"},{\"@type\":\"ListItem\",\"position\":3,\"name\":\"Chris de Burgh \u2013 The Legend Of Robin Hood\"}]},{\"@type\":\"WebSite\",\"@id\":\"https:\/\/vinilozona.lt\/#website\",\"url\":\"https:\/\/vinilozona.lt\/\",\"name\":\"Vinilo Zona\",\"description\":\"Nup\u016bsk dulkes ir klausyk LP\",\"potentialAction\":[{\"@type\":\"SearchAction\",\"target\":{\"@type\":\"EntryPoint\",\"urlTemplate\":\"https:\/\/vinilozona.lt\/?s={search_term_string}\"},\"query-input\":{\"@type\":\"PropertyValueSpecification\",\"valueRequired\":true,\"valueName\":\"search_term_string\"}}],\"inLanguage\":\"en-GB\"}]}<\/script>\n<!-- \/ Yoast SEO plugin. -->","yoast_head_json":{"title":"Chris de Burgh \u2013 The Legend Of Robin Hood Vinilin\u0117 Plok\u0161tel\u0117 | Vinilozona.lt","robots":{"index":"index","follow":"follow","max-snippet":"max-snippet:-1","max-image-preview":"max-image-preview:large","max-video-preview":"max-video-preview:-1"},"canonical":"https:\/\/vinilozona.lt\/en\/parduotuve\/naujos-lp\/john-mayall-friends-along-for-the-ride\/","og_locale":"en_GB","og_type":"article","og_title":"Chris de Burgh \u2013 The Legend Of Robin Hood Vinilin\u0117 Plok\u0161tel\u0117 | Vinilozona.lt","og_description":"Butler Records \u2013 BUR340091, Rockware \u2013 BUR340091 Format:  2 x Vinyl, LP, Album, Reissue, Red Country: Europe Released: 2022","og_url":"https:\/\/vinilozona.lt\/en\/parduotuve\/naujos-lp\/john-mayall-friends-along-for-the-ride\/","og_site_name":"Vinilo Zona","article_modified_time":"2024-09-27T07:16:30+00:00","og_image":[{"width":600,"height":454,"url":"https:\/\/vinilozona.lt\/wp-content\/uploads\/2024\/02\/R-27136080-1700180791-2516.jpg","type":"image\/jpeg"}],"twitter_card":"summary_large_image","twitter_misc":{"Estimated reading time":"1 minute"},"schema":{"@context":"https:\/\/schema.org","@graph":[{"@type":"WebPage","@id":"https:\/\/vinilozona.lt\/parduotuve\/naujos-lp\/john-mayall-friends-along-for-the-ride\/","url":"https:\/\/vinilozona.lt\/parduotuve\/naujos-lp\/john-mayall-friends-along-for-the-ride\/","name":"Chris de Burgh \u2013 The Legend Of Robin Hood Vinilin\u0117 Plok\u0161tel\u0117 | Vinilozona.lt","isPartOf":{"@id":"https:\/\/vinilozona.lt\/#website"},"primaryImageOfPage":{"@id":"https:\/\/vinilozona.lt\/parduotuve\/naujos-lp\/john-mayall-friends-along-for-the-ride\/#primaryimage"},"image":{"@id":"https:\/\/vinilozona.lt\/parduotuve\/naujos-lp\/john-mayall-friends-along-for-the-ride\/#primaryimage"},"thumbnailUrl":"https:\/\/vinilozona.lt\/wp-content\/uploads\/2024\/02\/R-27136080-1700180791-2516.jpg","datePublished":"2024-09-28T02:07:11+00:00","dateModified":"2024-09-27T07:16:30+00:00","breadcrumb":{"@id":"https:\/\/vinilozona.lt\/parduotuve\/naujos-lp\/john-mayall-friends-along-for-the-ride\/#breadcrumb"},"inLanguage":"en-GB","potentialAction":[{"@type":"ReadAction","target":["https:\/\/vinilozona.lt\/parduotuve\/naujos-lp\/john-mayall-friends-along-for-the-ride\/"]}]},{"@type":"ImageObject","inLanguage":"en-GB","@id":"https:\/\/vinilozona.lt\/parduotuve\/naujos-lp\/john-mayall-friends-along-for-the-ride\/#primaryimage","url":"https:\/\/vinilozona.lt\/wp-content\/uploads\/2024\/02\/R-27136080-1700180791-2516.jpg","contentUrl":"https:\/\/vinilozona.lt\/wp-content\/uploads\/2024\/02\/R-27136080-1700180791-2516.jpg","width":600,"height":454},{"@type":"BreadcrumbList","@id":"https:\/\/vinilozona.lt\/parduotuve\/naujos-lp\/john-mayall-friends-along-for-the-ride\/#breadcrumb","itemListElement":[{"@type":"ListItem","position":1,"name":"Home","item":"https:\/\/vinilozona.lt\/"},{"@type":"ListItem","position":2,"name":"Parduotuv\u0117","item":"https:\/\/vinilozona.lt\/parduotuve\/"},{"@type":"ListItem","position":3,"name":"Chris de Burgh \u2013 The Legend Of Robin Hood"}]},{"@type":"WebSite","@id":"https:\/\/vinilozona.lt\/#website","url":"https:\/\/vinilozona.lt\/","name":"Vinilo Zona","description":"Nup\u016bsk dulkes ir klausyk LP","potentialAction":[{"@type":"SearchAction","target":{"@type":"EntryPoint","urlTemplate":"https:\/\/vinilozona.lt\/?s={search_term_string}"},"query-input":{"@type":"PropertyValueSpecification","valueRequired":true,"valueName":"search_term_string"}}],"inLanguage":"en-GB"}]}},"_links":{"self":[{"href":"https:\/\/vinilozona.lt\/en\/wp-json\/wp\/v2\/product\/19857"}],"collection":[{"href":"https:\/\/vinilozona.lt\/en\/wp-json\/wp\/v2\/product"}],"about":[{"href":"https:\/\/vinilozona.lt\/en\/wp-json\/wp\/v2\/types\/product"}],"wp:featuredmedia":[{"embeddable":true,"href":"https:\/\/vinilozona.lt\/en\/wp-json\/wp\/v2\/media\/25858"}],"wp:attachment":[{"href":"https:\/\/vinilozona.lt\/en\/wp-json\/wp\/v2\/media?parent=19857"}],"wp:term":[{"taxonomy":"product_cat","embeddable":true,"href":"https:\/\/vinilozona.lt\/en\/wp-json\/wp\/v2\/product_cat?post=19857"},{"taxonomy":"product_tag","embeddable":true,"href":"https:\/\/vinilozona.lt\/en\/wp-json\/wp\/v2\/product_tag?post=19857"}],"curies":[{"name":"wp","href":"https:\/\/api.w.org\/{rel}","templated":true}]}}