{"id":19847,"date":"2022-07-28T17:39:35","date_gmt":"2022-07-28T14:39:35","guid":{"rendered":"https:\/\/vinilozona.lt\/?post_type=product&#038;p=19847"},"modified":"2022-07-28T17:39:35","modified_gmt":"2022-07-28T14:39:35","slug":"randy-weston-zulu","status":"publish","type":"product","link":"https:\/\/vinilozona.lt\/en\/parduotuve\/jazz\/randy-weston-zulu\/","title":{"rendered":"Randy Weston \u2013 Zulu"},"content":{"rendered":"<p>A1\t\tWhat Is This Thing Called Love\t2:50<br \/>\nA2\t\tIn The Still Of The Night\t4:40<br \/>\nA3\t\tLittle Girl Blue\t3:55<br \/>\nA4\t\tWe&#8217;ll Be Together Again\t4:08<br \/>\nA5\t\tSoftness\t4:24<br \/>\nA6\t\tLover\t4:02<br \/>\nB1\t\tZulu\t3:26<br \/>\nB2\t\tPam&#8217;s Waltz\t3:41<br \/>\nB3\t\tSolemn Meditation\t6:52<br \/>\nB4\t\tAgain\t5:02<br \/>\nB5\t\tIf You Could See Me Now\t3:38<br \/>\nB6\t\tSweet Sue\t3:42<br \/>\nC1\t\tThe Man I Love\t4:01<br \/>\nC2\t\tSerenade In Blue\t2:52<br \/>\nC3\t\tI Can&#8217;t Get Started With You\t8:42<br \/>\nC4\t\tThis Can&#8217;t Be Love\t3:00<br \/>\nD1\t\tThese Foolish Things\t4:34<br \/>\nD2\t\tLifetime\t4:13<br \/>\nD3\t\tDo Nothing Till You Hear From Me\t5:11<br \/>\nD4\t\tLittle Niles\t4:52<\/p>","protected":false},"excerpt":{"rendered":"<p>Milestone \u2013 M-47045<br \/>\nFormat:<br \/>\n2 x Vinyl, LP, Compilation<br \/>\nCountry:\tUS<br \/>\nReleased:\t1977<br \/>\nNUKIRSTAS VOKO  KAMPAS<\/p>","protected":false},"featured_media":19848,"template":"","meta":[],"product_cat":[20],"product_tag":[44],"yoast_head":"<!-- This site is optimized with the Yoast SEO plugin v23.5 - https:\/\/yoast.com\/wordpress\/plugins\/seo\/ -->\n<title>Randy Weston \u2013 Zulu Vinilin\u0117 Plok\u0161tel\u0117 | Vinilozona.lt<\/title>\n<meta name=\"robots\" content=\"index, follow, max-snippet:-1, max-image-preview:large, max-video-preview:-1\" \/>\n<link rel=\"canonical\" href=\"https:\/\/vinilozona.lt\/en\/parduotuve\/jazz\/randy-weston-zulu\/\" \/>\n<meta property=\"og:locale\" content=\"en_GB\" \/>\n<meta property=\"og:type\" content=\"article\" \/>\n<meta property=\"og:title\" content=\"Randy Weston \u2013 Zulu Vinilin\u0117 Plok\u0161tel\u0117 | Vinilozona.lt\" \/>\n<meta property=\"og:description\" content=\"Milestone \u2013 M-47045 Format:  2 x Vinyl, LP, Compilation Country: US Released: 1977 NUKIRSTAS VOKO KAMPAS\" \/>\n<meta property=\"og:url\" content=\"https:\/\/vinilozona.lt\/en\/parduotuve\/jazz\/randy-weston-zulu\/\" \/>\n<meta property=\"og:site_name\" content=\"Vinilo Zona\" \/>\n<meta property=\"og:image\" content=\"https:\/\/vinilozona.lt\/wp-content\/uploads\/2022\/07\/R-2105880-1305690504.jpg\" \/>\n\t<meta property=\"og:image:width\" content=\"283\" \/>\n\t<meta property=\"og:image:height\" content=\"283\" \/>\n\t<meta property=\"og:image:type\" content=\"image\/jpeg\" \/>\n<meta name=\"twitter:card\" content=\"summary_large_image\" \/>\n<script type=\"application\/ld+json\" class=\"yoast-schema-graph\">{\"@context\":\"https:\/\/schema.org\",\"@graph\":[{\"@type\":\"WebPage\",\"@id\":\"https:\/\/vinilozona.lt\/parduotuve\/jazz\/randy-weston-zulu\/\",\"url\":\"https:\/\/vinilozona.lt\/parduotuve\/jazz\/randy-weston-zulu\/\",\"name\":\"Randy Weston \u2013 Zulu Vinilin\u0117 Plok\u0161tel\u0117 | Vinilozona.lt\",\"isPartOf\":{\"@id\":\"https:\/\/vinilozona.lt\/#website\"},\"primaryImageOfPage\":{\"@id\":\"https:\/\/vinilozona.lt\/parduotuve\/jazz\/randy-weston-zulu\/#primaryimage\"},\"image\":{\"@id\":\"https:\/\/vinilozona.lt\/parduotuve\/jazz\/randy-weston-zulu\/#primaryimage\"},\"thumbnailUrl\":\"https:\/\/vinilozona.lt\/wp-content\/uploads\/2022\/07\/R-2105880-1305690504.jpg\",\"datePublished\":\"2022-07-28T14:39:35+00:00\",\"dateModified\":\"2022-07-28T14:39:35+00:00\",\"breadcrumb\":{\"@id\":\"https:\/\/vinilozona.lt\/parduotuve\/jazz\/randy-weston-zulu\/#breadcrumb\"},\"inLanguage\":\"en-GB\",\"potentialAction\":[{\"@type\":\"ReadAction\",\"target\":[\"https:\/\/vinilozona.lt\/parduotuve\/jazz\/randy-weston-zulu\/\"]}]},{\"@type\":\"ImageObject\",\"inLanguage\":\"en-GB\",\"@id\":\"https:\/\/vinilozona.lt\/parduotuve\/jazz\/randy-weston-zulu\/#primaryimage\",\"url\":\"https:\/\/vinilozona.lt\/wp-content\/uploads\/2022\/07\/R-2105880-1305690504.jpg\",\"contentUrl\":\"https:\/\/vinilozona.lt\/wp-content\/uploads\/2022\/07\/R-2105880-1305690504.jpg\",\"width\":283,\"height\":283},{\"@type\":\"BreadcrumbList\",\"@id\":\"https:\/\/vinilozona.lt\/parduotuve\/jazz\/randy-weston-zulu\/#breadcrumb\",\"itemListElement\":[{\"@type\":\"ListItem\",\"position\":1,\"name\":\"Home\",\"item\":\"https:\/\/vinilozona.lt\/\"},{\"@type\":\"ListItem\",\"position\":2,\"name\":\"Parduotuv\u0117\",\"item\":\"https:\/\/vinilozona.lt\/parduotuve\/\"},{\"@type\":\"ListItem\",\"position\":3,\"name\":\"Randy Weston \u2013 Zulu\"}]},{\"@type\":\"WebSite\",\"@id\":\"https:\/\/vinilozona.lt\/#website\",\"url\":\"https:\/\/vinilozona.lt\/\",\"name\":\"Vinilo Zona\",\"description\":\"Nup\u016bsk dulkes ir klausyk LP\",\"potentialAction\":[{\"@type\":\"SearchAction\",\"target\":{\"@type\":\"EntryPoint\",\"urlTemplate\":\"https:\/\/vinilozona.lt\/?s={search_term_string}\"},\"query-input\":{\"@type\":\"PropertyValueSpecification\",\"valueRequired\":true,\"valueName\":\"search_term_string\"}}],\"inLanguage\":\"en-GB\"}]}<\/script>\n<!-- \/ Yoast SEO plugin. -->","yoast_head_json":{"title":"Randy Weston \u2013 Zulu Vinilin\u0117 Plok\u0161tel\u0117 | Vinilozona.lt","robots":{"index":"index","follow":"follow","max-snippet":"max-snippet:-1","max-image-preview":"max-image-preview:large","max-video-preview":"max-video-preview:-1"},"canonical":"https:\/\/vinilozona.lt\/en\/parduotuve\/jazz\/randy-weston-zulu\/","og_locale":"en_GB","og_type":"article","og_title":"Randy Weston \u2013 Zulu Vinilin\u0117 Plok\u0161tel\u0117 | Vinilozona.lt","og_description":"Milestone \u2013 M-47045 Format:  2 x Vinyl, LP, Compilation Country: US Released: 1977 NUKIRSTAS VOKO KAMPAS","og_url":"https:\/\/vinilozona.lt\/en\/parduotuve\/jazz\/randy-weston-zulu\/","og_site_name":"Vinilo Zona","og_image":[{"width":283,"height":283,"url":"https:\/\/vinilozona.lt\/wp-content\/uploads\/2022\/07\/R-2105880-1305690504.jpg","type":"image\/jpeg"}],"twitter_card":"summary_large_image","schema":{"@context":"https:\/\/schema.org","@graph":[{"@type":"WebPage","@id":"https:\/\/vinilozona.lt\/parduotuve\/jazz\/randy-weston-zulu\/","url":"https:\/\/vinilozona.lt\/parduotuve\/jazz\/randy-weston-zulu\/","name":"Randy Weston \u2013 Zulu Vinilin\u0117 Plok\u0161tel\u0117 | Vinilozona.lt","isPartOf":{"@id":"https:\/\/vinilozona.lt\/#website"},"primaryImageOfPage":{"@id":"https:\/\/vinilozona.lt\/parduotuve\/jazz\/randy-weston-zulu\/#primaryimage"},"image":{"@id":"https:\/\/vinilozona.lt\/parduotuve\/jazz\/randy-weston-zulu\/#primaryimage"},"thumbnailUrl":"https:\/\/vinilozona.lt\/wp-content\/uploads\/2022\/07\/R-2105880-1305690504.jpg","datePublished":"2022-07-28T14:39:35+00:00","dateModified":"2022-07-28T14:39:35+00:00","breadcrumb":{"@id":"https:\/\/vinilozona.lt\/parduotuve\/jazz\/randy-weston-zulu\/#breadcrumb"},"inLanguage":"en-GB","potentialAction":[{"@type":"ReadAction","target":["https:\/\/vinilozona.lt\/parduotuve\/jazz\/randy-weston-zulu\/"]}]},{"@type":"ImageObject","inLanguage":"en-GB","@id":"https:\/\/vinilozona.lt\/parduotuve\/jazz\/randy-weston-zulu\/#primaryimage","url":"https:\/\/vinilozona.lt\/wp-content\/uploads\/2022\/07\/R-2105880-1305690504.jpg","contentUrl":"https:\/\/vinilozona.lt\/wp-content\/uploads\/2022\/07\/R-2105880-1305690504.jpg","width":283,"height":283},{"@type":"BreadcrumbList","@id":"https:\/\/vinilozona.lt\/parduotuve\/jazz\/randy-weston-zulu\/#breadcrumb","itemListElement":[{"@type":"ListItem","position":1,"name":"Home","item":"https:\/\/vinilozona.lt\/"},{"@type":"ListItem","position":2,"name":"Parduotuv\u0117","item":"https:\/\/vinilozona.lt\/parduotuve\/"},{"@type":"ListItem","position":3,"name":"Randy Weston \u2013 Zulu"}]},{"@type":"WebSite","@id":"https:\/\/vinilozona.lt\/#website","url":"https:\/\/vinilozona.lt\/","name":"Vinilo Zona","description":"Nup\u016bsk dulkes ir klausyk LP","potentialAction":[{"@type":"SearchAction","target":{"@type":"EntryPoint","urlTemplate":"https:\/\/vinilozona.lt\/?s={search_term_string}"},"query-input":{"@type":"PropertyValueSpecification","valueRequired":true,"valueName":"search_term_string"}}],"inLanguage":"en-GB"}]}},"_links":{"self":[{"href":"https:\/\/vinilozona.lt\/en\/wp-json\/wp\/v2\/product\/19847"}],"collection":[{"href":"https:\/\/vinilozona.lt\/en\/wp-json\/wp\/v2\/product"}],"about":[{"href":"https:\/\/vinilozona.lt\/en\/wp-json\/wp\/v2\/types\/product"}],"wp:featuredmedia":[{"embeddable":true,"href":"https:\/\/vinilozona.lt\/en\/wp-json\/wp\/v2\/media\/19848"}],"wp:attachment":[{"href":"https:\/\/vinilozona.lt\/en\/wp-json\/wp\/v2\/media?parent=19847"}],"wp:term":[{"taxonomy":"product_cat","embeddable":true,"href":"https:\/\/vinilozona.lt\/en\/wp-json\/wp\/v2\/product_cat?post=19847"},{"taxonomy":"product_tag","embeddable":true,"href":"https:\/\/vinilozona.lt\/en\/wp-json\/wp\/v2\/product_tag?post=19847"}],"curies":[{"name":"wp","href":"https:\/\/api.w.org\/{rel}","templated":true}]}}