{"id":1984,"date":"2022-12-09T05:35:21","date_gmt":"2022-12-09T03:35:21","guid":{"rendered":"https:\/\/vinylhome.lt\/?post_type=product&#038;p=1984"},"modified":"2022-12-09T17:09:16","modified_gmt":"2022-12-09T15:09:16","slug":"demis-roussos-%e2%80%8e-forever-and-ever","status":"publish","type":"product","link":"https:\/\/vinilozona.lt\/en\/parduotuve\/rock-pop\/demis-roussos-%e2%80%8e-forever-and-ever\/","title":{"rendered":"D\u00e9mis Roussos \u2013 Souvenirs"},"content":{"rendered":"<p>Sing An Ode To Love<br \/>\nMidnight Is The Time I Need You<br \/>\nI&#8217;ll Be Your Friend (Sch\u00f6n Wie Mona Lisa)<br \/>\nAction Lady<br \/>\nWinter Rains<br \/>\nFrom Souvenirs To Souvenirs<br \/>\nTrying To Catch The Wind<br \/>\nWhite Wings (Asa Branca)<br \/>\nTell Me Now<br \/>\nNames<br \/>\nPerdoname<\/p>","protected":false},"excerpt":{"rendered":"<p>Philips \u2013 6325 201<br \/>\nFormat:<br \/>\nVinyl, LP, Album,<br \/>\nCountry:\tFrance<br \/>\nReleased:\t1975<\/p>","protected":false},"featured_media":20932,"template":"","meta":[],"product_cat":[15],"product_tag":[44],"yoast_head":"<!-- This site is optimized with the Yoast SEO plugin v23.5 - https:\/\/yoast.com\/wordpress\/plugins\/seo\/ -->\n<title>D\u00e9mis Roussos \u2013 Souvenirs Vinilin\u0117 Plok\u0161tel\u0117 | Vinilozona.lt<\/title>\n<meta name=\"robots\" content=\"index, follow, max-snippet:-1, max-image-preview:large, max-video-preview:-1\" \/>\n<link rel=\"canonical\" href=\"https:\/\/vinilozona.lt\/en\/parduotuve\/rock-pop\/demis-roussos-\u200e-forever-and-ever\/\" \/>\n<meta property=\"og:locale\" content=\"en_GB\" \/>\n<meta property=\"og:type\" content=\"article\" \/>\n<meta property=\"og:title\" content=\"D\u00e9mis Roussos \u2013 Souvenirs Vinilin\u0117 Plok\u0161tel\u0117 | Vinilozona.lt\" \/>\n<meta property=\"og:description\" content=\"Philips \u2013 6325 201 Format:  Vinyl, LP, Album,  Country: France Released: 1975\" \/>\n<meta property=\"og:url\" content=\"https:\/\/vinilozona.lt\/en\/parduotuve\/rock-pop\/demis-roussos-\u200e-forever-and-ever\/\" \/>\n<meta property=\"og:site_name\" content=\"Vinilo Zona\" \/>\n<meta property=\"article:modified_time\" content=\"2022-12-09T15:09:16+00:00\" \/>\n<meta property=\"og:image\" content=\"https:\/\/vinilozona.lt\/wp-content\/uploads\/2021\/09\/R-1943209-1275501676.jpg\" \/>\n\t<meta property=\"og:image:width\" content=\"593\" \/>\n\t<meta property=\"og:image:height\" content=\"587\" \/>\n\t<meta property=\"og:image:type\" content=\"image\/jpeg\" \/>\n<meta name=\"twitter:card\" content=\"summary_large_image\" \/>\n<script type=\"application\/ld+json\" class=\"yoast-schema-graph\">{\"@context\":\"https:\/\/schema.org\",\"@graph\":[{\"@type\":\"WebPage\",\"@id\":\"https:\/\/vinilozona.lt\/parduotuve\/rock-pop\/demis-roussos-%e2%80%8e-forever-and-ever\/\",\"url\":\"https:\/\/vinilozona.lt\/parduotuve\/rock-pop\/demis-roussos-%e2%80%8e-forever-and-ever\/\",\"name\":\"D\u00e9mis Roussos \u2013 Souvenirs Vinilin\u0117 Plok\u0161tel\u0117 | Vinilozona.lt\",\"isPartOf\":{\"@id\":\"https:\/\/vinilozona.lt\/#website\"},\"primaryImageOfPage\":{\"@id\":\"https:\/\/vinilozona.lt\/parduotuve\/rock-pop\/demis-roussos-%e2%80%8e-forever-and-ever\/#primaryimage\"},\"image\":{\"@id\":\"https:\/\/vinilozona.lt\/parduotuve\/rock-pop\/demis-roussos-%e2%80%8e-forever-and-ever\/#primaryimage\"},\"thumbnailUrl\":\"https:\/\/vinilozona.lt\/wp-content\/uploads\/2021\/09\/R-1943209-1275501676.jpg\",\"datePublished\":\"2022-12-09T03:35:21+00:00\",\"dateModified\":\"2022-12-09T15:09:16+00:00\",\"breadcrumb\":{\"@id\":\"https:\/\/vinilozona.lt\/parduotuve\/rock-pop\/demis-roussos-%e2%80%8e-forever-and-ever\/#breadcrumb\"},\"inLanguage\":\"en-GB\",\"potentialAction\":[{\"@type\":\"ReadAction\",\"target\":[\"https:\/\/vinilozona.lt\/parduotuve\/rock-pop\/demis-roussos-%e2%80%8e-forever-and-ever\/\"]}]},{\"@type\":\"ImageObject\",\"inLanguage\":\"en-GB\",\"@id\":\"https:\/\/vinilozona.lt\/parduotuve\/rock-pop\/demis-roussos-%e2%80%8e-forever-and-ever\/#primaryimage\",\"url\":\"https:\/\/vinilozona.lt\/wp-content\/uploads\/2021\/09\/R-1943209-1275501676.jpg\",\"contentUrl\":\"https:\/\/vinilozona.lt\/wp-content\/uploads\/2021\/09\/R-1943209-1275501676.jpg\",\"width\":593,\"height\":587},{\"@type\":\"BreadcrumbList\",\"@id\":\"https:\/\/vinilozona.lt\/parduotuve\/rock-pop\/demis-roussos-%e2%80%8e-forever-and-ever\/#breadcrumb\",\"itemListElement\":[{\"@type\":\"ListItem\",\"position\":1,\"name\":\"Home\",\"item\":\"https:\/\/vinilozona.lt\/\"},{\"@type\":\"ListItem\",\"position\":2,\"name\":\"Parduotuv\u0117\",\"item\":\"https:\/\/vinilozona.lt\/parduotuve\/\"},{\"@type\":\"ListItem\",\"position\":3,\"name\":\"D\u00e9mis Roussos \u2013 Souvenirs\"}]},{\"@type\":\"WebSite\",\"@id\":\"https:\/\/vinilozona.lt\/#website\",\"url\":\"https:\/\/vinilozona.lt\/\",\"name\":\"Vinilo Zona\",\"description\":\"Nup\u016bsk dulkes ir klausyk LP\",\"potentialAction\":[{\"@type\":\"SearchAction\",\"target\":{\"@type\":\"EntryPoint\",\"urlTemplate\":\"https:\/\/vinilozona.lt\/?s={search_term_string}\"},\"query-input\":{\"@type\":\"PropertyValueSpecification\",\"valueRequired\":true,\"valueName\":\"search_term_string\"}}],\"inLanguage\":\"en-GB\"}]}<\/script>\n<!-- \/ Yoast SEO plugin. -->","yoast_head_json":{"title":"D\u00e9mis Roussos \u2013 Souvenirs Vinilin\u0117 Plok\u0161tel\u0117 | Vinilozona.lt","robots":{"index":"index","follow":"follow","max-snippet":"max-snippet:-1","max-image-preview":"max-image-preview:large","max-video-preview":"max-video-preview:-1"},"canonical":"https:\/\/vinilozona.lt\/en\/parduotuve\/rock-pop\/demis-roussos-\u200e-forever-and-ever\/","og_locale":"en_GB","og_type":"article","og_title":"D\u00e9mis Roussos \u2013 Souvenirs Vinilin\u0117 Plok\u0161tel\u0117 | Vinilozona.lt","og_description":"Philips \u2013 6325 201 Format:  Vinyl, LP, Album,  Country: France Released: 1975","og_url":"https:\/\/vinilozona.lt\/en\/parduotuve\/rock-pop\/demis-roussos-\u200e-forever-and-ever\/","og_site_name":"Vinilo Zona","article_modified_time":"2022-12-09T15:09:16+00:00","og_image":[{"width":593,"height":587,"url":"https:\/\/vinilozona.lt\/wp-content\/uploads\/2021\/09\/R-1943209-1275501676.jpg","type":"image\/jpeg"}],"twitter_card":"summary_large_image","schema":{"@context":"https:\/\/schema.org","@graph":[{"@type":"WebPage","@id":"https:\/\/vinilozona.lt\/parduotuve\/rock-pop\/demis-roussos-%e2%80%8e-forever-and-ever\/","url":"https:\/\/vinilozona.lt\/parduotuve\/rock-pop\/demis-roussos-%e2%80%8e-forever-and-ever\/","name":"D\u00e9mis Roussos \u2013 Souvenirs Vinilin\u0117 Plok\u0161tel\u0117 | Vinilozona.lt","isPartOf":{"@id":"https:\/\/vinilozona.lt\/#website"},"primaryImageOfPage":{"@id":"https:\/\/vinilozona.lt\/parduotuve\/rock-pop\/demis-roussos-%e2%80%8e-forever-and-ever\/#primaryimage"},"image":{"@id":"https:\/\/vinilozona.lt\/parduotuve\/rock-pop\/demis-roussos-%e2%80%8e-forever-and-ever\/#primaryimage"},"thumbnailUrl":"https:\/\/vinilozona.lt\/wp-content\/uploads\/2021\/09\/R-1943209-1275501676.jpg","datePublished":"2022-12-09T03:35:21+00:00","dateModified":"2022-12-09T15:09:16+00:00","breadcrumb":{"@id":"https:\/\/vinilozona.lt\/parduotuve\/rock-pop\/demis-roussos-%e2%80%8e-forever-and-ever\/#breadcrumb"},"inLanguage":"en-GB","potentialAction":[{"@type":"ReadAction","target":["https:\/\/vinilozona.lt\/parduotuve\/rock-pop\/demis-roussos-%e2%80%8e-forever-and-ever\/"]}]},{"@type":"ImageObject","inLanguage":"en-GB","@id":"https:\/\/vinilozona.lt\/parduotuve\/rock-pop\/demis-roussos-%e2%80%8e-forever-and-ever\/#primaryimage","url":"https:\/\/vinilozona.lt\/wp-content\/uploads\/2021\/09\/R-1943209-1275501676.jpg","contentUrl":"https:\/\/vinilozona.lt\/wp-content\/uploads\/2021\/09\/R-1943209-1275501676.jpg","width":593,"height":587},{"@type":"BreadcrumbList","@id":"https:\/\/vinilozona.lt\/parduotuve\/rock-pop\/demis-roussos-%e2%80%8e-forever-and-ever\/#breadcrumb","itemListElement":[{"@type":"ListItem","position":1,"name":"Home","item":"https:\/\/vinilozona.lt\/"},{"@type":"ListItem","position":2,"name":"Parduotuv\u0117","item":"https:\/\/vinilozona.lt\/parduotuve\/"},{"@type":"ListItem","position":3,"name":"D\u00e9mis Roussos \u2013 Souvenirs"}]},{"@type":"WebSite","@id":"https:\/\/vinilozona.lt\/#website","url":"https:\/\/vinilozona.lt\/","name":"Vinilo Zona","description":"Nup\u016bsk dulkes ir klausyk LP","potentialAction":[{"@type":"SearchAction","target":{"@type":"EntryPoint","urlTemplate":"https:\/\/vinilozona.lt\/?s={search_term_string}"},"query-input":{"@type":"PropertyValueSpecification","valueRequired":true,"valueName":"search_term_string"}}],"inLanguage":"en-GB"}]}},"_links":{"self":[{"href":"https:\/\/vinilozona.lt\/en\/wp-json\/wp\/v2\/product\/1984"}],"collection":[{"href":"https:\/\/vinilozona.lt\/en\/wp-json\/wp\/v2\/product"}],"about":[{"href":"https:\/\/vinilozona.lt\/en\/wp-json\/wp\/v2\/types\/product"}],"wp:featuredmedia":[{"embeddable":true,"href":"https:\/\/vinilozona.lt\/en\/wp-json\/wp\/v2\/media\/20932"}],"wp:attachment":[{"href":"https:\/\/vinilozona.lt\/en\/wp-json\/wp\/v2\/media?parent=1984"}],"wp:term":[{"taxonomy":"product_cat","embeddable":true,"href":"https:\/\/vinilozona.lt\/en\/wp-json\/wp\/v2\/product_cat?post=1984"},{"taxonomy":"product_tag","embeddable":true,"href":"https:\/\/vinilozona.lt\/en\/wp-json\/wp\/v2\/product_tag?post=1984"}],"curies":[{"name":"wp","href":"https:\/\/api.w.org\/{rel}","templated":true}]}}