{"id":19815,"date":"2024-10-05T05:00:49","date_gmt":"2024-10-05T02:00:49","guid":{"rendered":"https:\/\/vinilozona.lt\/?post_type=product&#038;p=19815"},"modified":"2026-01-30T13:36:01","modified_gmt":"2026-01-30T11:36:01","slug":"boney-m-the-magic-of-boney-m-the-danish-collection","status":"publish","type":"product","link":"https:\/\/vinilozona.lt\/en\/parduotuve\/cd\/naudoti-cd\/boney-m-the-magic-of-boney-m-the-danish-collection\/","title":{"rendered":"Santana \u2013 Shaman  CD"},"content":{"rendered":"<p>1\tSantana \u2013 Adouma  4:15<br \/>\n2\tSantana Featuring Musiq* \u2013 Nothing At All  4:29<br \/>\n3\tSantana Featuring Michelle Branch \u2013 The Game Of Love 4:14<br \/>\n4\tSantana Featuring Seal \u2013 You Are My Kind  4:20<br \/>\n5\tSantana Featuring Macy Gray \u2013\tAmor\u00e9 (Sexo) 3:52<br \/>\n6\tSantana \u2013 Foo Foo 6:29<br \/>\n7\tSantana \u2013 Victory Is Won 5:20<br \/>\n8\tSantana Featuring P.O.D. \u2013 America 4:35<br \/>\n9\tSantana Featuring Citizen Cope  \u2013 Sideways 4:42<br \/>\n10\tSantana Featuring Chad Kroeger \u2013 Why Don&#8217;t You &#038; I  4:34<br \/>\n11\tSantana Featuring Dido \u2013 Feels Like Fire  4:40<br \/>\n12\tSantana \u2013 Let Me Love You Tonight  4:32<br \/>\n13\tSantana  \u2013 Aye Aye Aye 4:46<br \/>\n14\tSantana Featuring Alejandro Lerner \u2013 Hoy Es Adios 4:37<br \/>\n15\tSantana Featuring Ozomatli \u2013 One Of These Days  5:52<br \/>\n16\tSantana Featuring Placido Domingo \u2013 Novus  4:10<\/p>","protected":false},"excerpt":{"rendered":"<p>Arista \u2013 74321959382, BMG \u2013 74321959382, Arista \u2013 74321-95938-2<br \/>\nFormat:<br \/>\nCD, Album, Enhanced<br \/>\nCountry:\tEurope<br \/>\nReleased:\t2002<\/p>","protected":false},"featured_media":25901,"template":"","meta":[],"product_cat":[24,946],"product_tag":[44],"yoast_head":"<!-- This site is optimized with the Yoast SEO plugin v23.5 - https:\/\/yoast.com\/wordpress\/plugins\/seo\/ -->\n<title>Santana \u2013 Shaman CD Vinilin\u0117 Plok\u0161tel\u0117 | Vinilozona.lt<\/title>\n<meta name=\"robots\" content=\"index, follow, max-snippet:-1, max-image-preview:large, max-video-preview:-1\" \/>\n<link rel=\"canonical\" href=\"https:\/\/vinilozona.lt\/en\/parduotuve\/cd\/naudoti-cd\/boney-m-the-magic-of-boney-m-the-danish-collection\/\" \/>\n<meta property=\"og:locale\" content=\"en_GB\" \/>\n<meta property=\"og:type\" content=\"article\" \/>\n<meta property=\"og:title\" content=\"Santana \u2013 Shaman CD Vinilin\u0117 Plok\u0161tel\u0117 | Vinilozona.lt\" \/>\n<meta property=\"og:description\" content=\"Arista \u2013 74321959382, BMG \u2013 74321959382, Arista \u2013 74321-95938-2 Format:  CD, Album, Enhanced Country: Europe Released: 2002\" \/>\n<meta property=\"og:url\" content=\"https:\/\/vinilozona.lt\/en\/parduotuve\/cd\/naudoti-cd\/boney-m-the-magic-of-boney-m-the-danish-collection\/\" \/>\n<meta property=\"og:site_name\" content=\"Vinilo Zona\" \/>\n<meta property=\"article:modified_time\" content=\"2026-01-30T11:36:01+00:00\" \/>\n<meta property=\"og:image\" content=\"https:\/\/vinilozona.lt\/wp-content\/uploads\/2023\/05\/R-478620-1398454578-9704.jpg\" \/>\n\t<meta property=\"og:image:width\" content=\"600\" \/>\n\t<meta property=\"og:image:height\" content=\"594\" \/>\n\t<meta property=\"og:image:type\" content=\"image\/jpeg\" \/>\n<meta name=\"twitter:card\" content=\"summary_large_image\" \/>\n<script type=\"application\/ld+json\" class=\"yoast-schema-graph\">{\"@context\":\"https:\/\/schema.org\",\"@graph\":[{\"@type\":\"WebPage\",\"@id\":\"https:\/\/vinilozona.lt\/parduotuve\/cd\/naudoti-cd\/boney-m-the-magic-of-boney-m-the-danish-collection\/\",\"url\":\"https:\/\/vinilozona.lt\/parduotuve\/cd\/naudoti-cd\/boney-m-the-magic-of-boney-m-the-danish-collection\/\",\"name\":\"Santana \u2013 Shaman CD Vinilin\u0117 Plok\u0161tel\u0117 | Vinilozona.lt\",\"isPartOf\":{\"@id\":\"https:\/\/vinilozona.lt\/#website\"},\"primaryImageOfPage\":{\"@id\":\"https:\/\/vinilozona.lt\/parduotuve\/cd\/naudoti-cd\/boney-m-the-magic-of-boney-m-the-danish-collection\/#primaryimage\"},\"image\":{\"@id\":\"https:\/\/vinilozona.lt\/parduotuve\/cd\/naudoti-cd\/boney-m-the-magic-of-boney-m-the-danish-collection\/#primaryimage\"},\"thumbnailUrl\":\"https:\/\/vinilozona.lt\/wp-content\/uploads\/2023\/05\/R-478620-1398454578-9704.jpg\",\"datePublished\":\"2024-10-05T02:00:49+00:00\",\"dateModified\":\"2026-01-30T11:36:01+00:00\",\"breadcrumb\":{\"@id\":\"https:\/\/vinilozona.lt\/parduotuve\/cd\/naudoti-cd\/boney-m-the-magic-of-boney-m-the-danish-collection\/#breadcrumb\"},\"inLanguage\":\"en-GB\",\"potentialAction\":[{\"@type\":\"ReadAction\",\"target\":[\"https:\/\/vinilozona.lt\/parduotuve\/cd\/naudoti-cd\/boney-m-the-magic-of-boney-m-the-danish-collection\/\"]}]},{\"@type\":\"ImageObject\",\"inLanguage\":\"en-GB\",\"@id\":\"https:\/\/vinilozona.lt\/parduotuve\/cd\/naudoti-cd\/boney-m-the-magic-of-boney-m-the-danish-collection\/#primaryimage\",\"url\":\"https:\/\/vinilozona.lt\/wp-content\/uploads\/2023\/05\/R-478620-1398454578-9704.jpg\",\"contentUrl\":\"https:\/\/vinilozona.lt\/wp-content\/uploads\/2023\/05\/R-478620-1398454578-9704.jpg\",\"width\":600,\"height\":594},{\"@type\":\"BreadcrumbList\",\"@id\":\"https:\/\/vinilozona.lt\/parduotuve\/cd\/naudoti-cd\/boney-m-the-magic-of-boney-m-the-danish-collection\/#breadcrumb\",\"itemListElement\":[{\"@type\":\"ListItem\",\"position\":1,\"name\":\"Home\",\"item\":\"https:\/\/vinilozona.lt\/\"},{\"@type\":\"ListItem\",\"position\":2,\"name\":\"Parduotuv\u0117\",\"item\":\"https:\/\/vinilozona.lt\/parduotuve\/\"},{\"@type\":\"ListItem\",\"position\":3,\"name\":\"Santana \u2013 Shaman CD\"}]},{\"@type\":\"WebSite\",\"@id\":\"https:\/\/vinilozona.lt\/#website\",\"url\":\"https:\/\/vinilozona.lt\/\",\"name\":\"Vinilo Zona\",\"description\":\"Nup\u016bsk dulkes ir klausyk LP\",\"potentialAction\":[{\"@type\":\"SearchAction\",\"target\":{\"@type\":\"EntryPoint\",\"urlTemplate\":\"https:\/\/vinilozona.lt\/?s={search_term_string}\"},\"query-input\":{\"@type\":\"PropertyValueSpecification\",\"valueRequired\":true,\"valueName\":\"search_term_string\"}}],\"inLanguage\":\"en-GB\"}]}<\/script>\n<!-- \/ Yoast SEO plugin. -->","yoast_head_json":{"title":"Santana \u2013 Shaman CD Vinilin\u0117 Plok\u0161tel\u0117 | Vinilozona.lt","robots":{"index":"index","follow":"follow","max-snippet":"max-snippet:-1","max-image-preview":"max-image-preview:large","max-video-preview":"max-video-preview:-1"},"canonical":"https:\/\/vinilozona.lt\/en\/parduotuve\/cd\/naudoti-cd\/boney-m-the-magic-of-boney-m-the-danish-collection\/","og_locale":"en_GB","og_type":"article","og_title":"Santana \u2013 Shaman CD Vinilin\u0117 Plok\u0161tel\u0117 | Vinilozona.lt","og_description":"Arista \u2013 74321959382, BMG \u2013 74321959382, Arista \u2013 74321-95938-2 Format:  CD, Album, Enhanced Country: Europe Released: 2002","og_url":"https:\/\/vinilozona.lt\/en\/parduotuve\/cd\/naudoti-cd\/boney-m-the-magic-of-boney-m-the-danish-collection\/","og_site_name":"Vinilo Zona","article_modified_time":"2026-01-30T11:36:01+00:00","og_image":[{"width":600,"height":594,"url":"https:\/\/vinilozona.lt\/wp-content\/uploads\/2023\/05\/R-478620-1398454578-9704.jpg","type":"image\/jpeg"}],"twitter_card":"summary_large_image","schema":{"@context":"https:\/\/schema.org","@graph":[{"@type":"WebPage","@id":"https:\/\/vinilozona.lt\/parduotuve\/cd\/naudoti-cd\/boney-m-the-magic-of-boney-m-the-danish-collection\/","url":"https:\/\/vinilozona.lt\/parduotuve\/cd\/naudoti-cd\/boney-m-the-magic-of-boney-m-the-danish-collection\/","name":"Santana \u2013 Shaman CD Vinilin\u0117 Plok\u0161tel\u0117 | Vinilozona.lt","isPartOf":{"@id":"https:\/\/vinilozona.lt\/#website"},"primaryImageOfPage":{"@id":"https:\/\/vinilozona.lt\/parduotuve\/cd\/naudoti-cd\/boney-m-the-magic-of-boney-m-the-danish-collection\/#primaryimage"},"image":{"@id":"https:\/\/vinilozona.lt\/parduotuve\/cd\/naudoti-cd\/boney-m-the-magic-of-boney-m-the-danish-collection\/#primaryimage"},"thumbnailUrl":"https:\/\/vinilozona.lt\/wp-content\/uploads\/2023\/05\/R-478620-1398454578-9704.jpg","datePublished":"2024-10-05T02:00:49+00:00","dateModified":"2026-01-30T11:36:01+00:00","breadcrumb":{"@id":"https:\/\/vinilozona.lt\/parduotuve\/cd\/naudoti-cd\/boney-m-the-magic-of-boney-m-the-danish-collection\/#breadcrumb"},"inLanguage":"en-GB","potentialAction":[{"@type":"ReadAction","target":["https:\/\/vinilozona.lt\/parduotuve\/cd\/naudoti-cd\/boney-m-the-magic-of-boney-m-the-danish-collection\/"]}]},{"@type":"ImageObject","inLanguage":"en-GB","@id":"https:\/\/vinilozona.lt\/parduotuve\/cd\/naudoti-cd\/boney-m-the-magic-of-boney-m-the-danish-collection\/#primaryimage","url":"https:\/\/vinilozona.lt\/wp-content\/uploads\/2023\/05\/R-478620-1398454578-9704.jpg","contentUrl":"https:\/\/vinilozona.lt\/wp-content\/uploads\/2023\/05\/R-478620-1398454578-9704.jpg","width":600,"height":594},{"@type":"BreadcrumbList","@id":"https:\/\/vinilozona.lt\/parduotuve\/cd\/naudoti-cd\/boney-m-the-magic-of-boney-m-the-danish-collection\/#breadcrumb","itemListElement":[{"@type":"ListItem","position":1,"name":"Home","item":"https:\/\/vinilozona.lt\/"},{"@type":"ListItem","position":2,"name":"Parduotuv\u0117","item":"https:\/\/vinilozona.lt\/parduotuve\/"},{"@type":"ListItem","position":3,"name":"Santana \u2013 Shaman CD"}]},{"@type":"WebSite","@id":"https:\/\/vinilozona.lt\/#website","url":"https:\/\/vinilozona.lt\/","name":"Vinilo Zona","description":"Nup\u016bsk dulkes ir klausyk LP","potentialAction":[{"@type":"SearchAction","target":{"@type":"EntryPoint","urlTemplate":"https:\/\/vinilozona.lt\/?s={search_term_string}"},"query-input":{"@type":"PropertyValueSpecification","valueRequired":true,"valueName":"search_term_string"}}],"inLanguage":"en-GB"}]}},"_links":{"self":[{"href":"https:\/\/vinilozona.lt\/en\/wp-json\/wp\/v2\/product\/19815"}],"collection":[{"href":"https:\/\/vinilozona.lt\/en\/wp-json\/wp\/v2\/product"}],"about":[{"href":"https:\/\/vinilozona.lt\/en\/wp-json\/wp\/v2\/types\/product"}],"wp:featuredmedia":[{"embeddable":true,"href":"https:\/\/vinilozona.lt\/en\/wp-json\/wp\/v2\/media\/25901"}],"wp:attachment":[{"href":"https:\/\/vinilozona.lt\/en\/wp-json\/wp\/v2\/media?parent=19815"}],"wp:term":[{"taxonomy":"product_cat","embeddable":true,"href":"https:\/\/vinilozona.lt\/en\/wp-json\/wp\/v2\/product_cat?post=19815"},{"taxonomy":"product_tag","embeddable":true,"href":"https:\/\/vinilozona.lt\/en\/wp-json\/wp\/v2\/product_tag?post=19815"}],"curies":[{"name":"wp","href":"https:\/\/api.w.org\/{rel}","templated":true}]}}