{"id":19807,"date":"2026-03-03T05:19:53","date_gmt":"2026-03-03T03:19:53","guid":{"rendered":"https:\/\/vinilozona.lt\/?post_type=product&#038;p=19807"},"modified":"2026-03-03T10:24:26","modified_gmt":"2026-03-03T08:24:26","slug":"the-london-symphony-orchestra-with-the-royal-choral-society-the-power-of-classic-rock","status":"publish","type":"product","link":"https:\/\/vinilozona.lt\/en\/parduotuve\/classic\/the-london-symphony-orchestra-with-the-royal-choral-society-the-power-of-classic-rock\/","title":{"rendered":"\u0418. \u0421. \u0411\u0430\u0445 \/ \u041b\u0435\u043d\u0438\u043d\u0433\u0440\u0430\u0434\u0441\u043a\u0438\u0439 \u043a\u0430\u043c\u0435\u0440\u043d\u044b\u0439 \u043e\u0440\u043a\u0435\u0441\u0442\u0440 \u2013 \u0411\u0440\u0430\u043d\u0434\u0435\u043d\u0431\u0443\u0440\u0433\u0441\u043a\u0438\u0435 \u041a\u043e\u043d\u0446\u0435\u0440\u0442\u044b BOX 3LP"},"content":{"rendered":"<p>\u041a\u043e\u043d\u0446\u0435\u0440\u0442 \u2116 1 \u0424\u0430 \u041c\u0430\u0436\u043e\u0440, \u0412. 1046<br \/>\nA1\t\t1. (Allegro)<br \/>\nA2\t\t2. Adagio<br \/>\nA3\t\t3. Allegro<br \/>\nA4\t\t4. Menuetto. Polacca<br \/>\n\u041a\u043e\u043d\u0446\u0435\u0440\u0442 \u2116 2 \u0424\u0430 \u041c\u0430\u0436\u043e\u0440, \u0412. 1047<br \/>\nB1\t\t1. (Allegro)<br \/>\nB2\t\t2. Andante<br \/>\nB3\t\t3. Allegro Assai<br \/>\n\u041a\u043e\u043d\u0446\u0435\u0440\u0442 \u2116 3 \u0421\u043e\u043b\u044c \u041c\u0430\u0436\u043e\u0440, \u0412. 1048<br \/>\nC\t\t1. (Allegro): 2. Allegro<br \/>\n\u041a\u043e\u043d\u0446\u0435\u0440\u0442 \u2116 4 \u0421\u043e\u043b\u044c \u041c\u0430\u0436\u043e\u0440, \u0412. 1049<br \/>\nD1\t\t1. Allegro<br \/>\nD2\t\t2. Andante; 3. Presto<br \/>\n\u041a\u043e\u043d\u0446\u0435\u0440\u0442 \u2116 5 \u0420\u0435 \u041c\u0430\u0436\u043e\u0440, \u0412. 1050<br \/>\nE1\t\t1. Allegro<br \/>\nE2\t\t2. Affettuoso<br \/>\nE3\t\t3. Allegro<br \/>\n\u041a\u043e\u043d\u0446\u0435\u0440\u0442 \u2116 6 \u0421\u0438 \u0411\u0435\u043c\u043e\u043b\u044c \u041c\u0430\u0436\u043e\u0440, \u0412. 1051<br \/>\nF1\t\t1. (Allegro)<br \/>\nF2\t\t2. Adagio, Ma Non Tanto<br \/>\nF3\t\t3. Allegro<\/p>","protected":false},"excerpt":{"rendered":"<p>\u041c\u0435\u043b\u043e\u0434\u0438\u044f \u2013 CM 02839\/44<br \/>\nFormat:<br \/>\n3 x Vinyl, LP, Repress, Stereo<br \/>\nBox Set<br \/>\nCountry:<br \/>\nUSSR<br \/>\nReleased:<br \/>\n1983<\/p>","protected":false},"featured_media":30582,"template":"","meta":[],"product_cat":[54,22],"product_tag":[44],"yoast_head":"<!-- This site is optimized with the Yoast SEO plugin v23.5 - https:\/\/yoast.com\/wordpress\/plugins\/seo\/ -->\n<title>\u0418. \u0421. \u0411\u0430\u0445 \/ \u041b\u0435\u043d\u0438\u043d\u0433\u0440\u0430\u0434\u0441\u043a\u0438\u0439 \u043a\u0430\u043c\u0435\u0440\u043d\u044b\u0439 \u043e\u0440\u043a\u0435\u0441\u0442\u0440 \u2013 \u0411\u0440\u0430\u043d\u0434\u0435\u043d\u0431\u0443\u0440\u0433\u0441\u043a\u0438\u0435 \u041a\u043e\u043d\u0446\u0435\u0440\u0442\u044b BOX 3LP Vinilin\u0117 Plok\u0161tel\u0117 | Vinilozona.lt<\/title>\n<meta name=\"robots\" content=\"index, follow, max-snippet:-1, max-image-preview:large, max-video-preview:-1\" \/>\n<link rel=\"canonical\" href=\"https:\/\/vinilozona.lt\/en\/parduotuve\/classic\/the-london-symphony-orchestra-with-the-royal-choral-society-the-power-of-classic-rock\/\" \/>\n<meta property=\"og:locale\" content=\"en_GB\" \/>\n<meta property=\"og:type\" content=\"article\" \/>\n<meta property=\"og:title\" content=\"\u0418. \u0421. \u0411\u0430\u0445 \/ \u041b\u0435\u043d\u0438\u043d\u0433\u0440\u0430\u0434\u0441\u043a\u0438\u0439 \u043a\u0430\u043c\u0435\u0440\u043d\u044b\u0439 \u043e\u0440\u043a\u0435\u0441\u0442\u0440 \u2013 \u0411\u0440\u0430\u043d\u0434\u0435\u043d\u0431\u0443\u0440\u0433\u0441\u043a\u0438\u0435 \u041a\u043e\u043d\u0446\u0435\u0440\u0442\u044b BOX 3LP Vinilin\u0117 Plok\u0161tel\u0117 | Vinilozona.lt\" \/>\n<meta property=\"og:description\" content=\"\u041c\u0435\u043b\u043e\u0434\u0438\u044f \u2013 CM 02839\/44 Format: 3 x Vinyl, LP, Repress, Stereo Box Set Country: USSR Released: 1983\" \/>\n<meta property=\"og:url\" content=\"https:\/\/vinilozona.lt\/en\/parduotuve\/classic\/the-london-symphony-orchestra-with-the-royal-choral-society-the-power-of-classic-rock\/\" \/>\n<meta property=\"og:site_name\" content=\"Vinilo Zona\" \/>\n<meta property=\"article:modified_time\" content=\"2026-03-03T08:24:26+00:00\" \/>\n<meta property=\"og:image\" content=\"https:\/\/vinilozona.lt\/wp-content\/uploads\/2024\/02\/R-7501178-1444500898-9857.jpg\" \/>\n\t<meta property=\"og:image:width\" content=\"599\" \/>\n\t<meta property=\"og:image:height\" content=\"596\" \/>\n\t<meta property=\"og:image:type\" content=\"image\/jpeg\" \/>\n<meta name=\"twitter:card\" content=\"summary_large_image\" \/>\n<meta name=\"twitter:label1\" content=\"Estimated reading time\" \/>\n\t<meta name=\"twitter:data1\" content=\"1 minute\" \/>\n<script type=\"application\/ld+json\" class=\"yoast-schema-graph\">{\"@context\":\"https:\/\/schema.org\",\"@graph\":[{\"@type\":\"WebPage\",\"@id\":\"https:\/\/vinilozona.lt\/parduotuve\/classic\/the-london-symphony-orchestra-with-the-royal-choral-society-the-power-of-classic-rock\/\",\"url\":\"https:\/\/vinilozona.lt\/parduotuve\/classic\/the-london-symphony-orchestra-with-the-royal-choral-society-the-power-of-classic-rock\/\",\"name\":\"\u0418. \u0421. \u0411\u0430\u0445 \/ \u041b\u0435\u043d\u0438\u043d\u0433\u0440\u0430\u0434\u0441\u043a\u0438\u0439 \u043a\u0430\u043c\u0435\u0440\u043d\u044b\u0439 \u043e\u0440\u043a\u0435\u0441\u0442\u0440 \u2013 \u0411\u0440\u0430\u043d\u0434\u0435\u043d\u0431\u0443\u0440\u0433\u0441\u043a\u0438\u0435 \u041a\u043e\u043d\u0446\u0435\u0440\u0442\u044b BOX 3LP Vinilin\u0117 Plok\u0161tel\u0117 | Vinilozona.lt\",\"isPartOf\":{\"@id\":\"https:\/\/vinilozona.lt\/#website\"},\"primaryImageOfPage\":{\"@id\":\"https:\/\/vinilozona.lt\/parduotuve\/classic\/the-london-symphony-orchestra-with-the-royal-choral-society-the-power-of-classic-rock\/#primaryimage\"},\"image\":{\"@id\":\"https:\/\/vinilozona.lt\/parduotuve\/classic\/the-london-symphony-orchestra-with-the-royal-choral-society-the-power-of-classic-rock\/#primaryimage\"},\"thumbnailUrl\":\"https:\/\/vinilozona.lt\/wp-content\/uploads\/2024\/02\/R-7501178-1444500898-9857.jpg\",\"datePublished\":\"2026-03-03T03:19:53+00:00\",\"dateModified\":\"2026-03-03T08:24:26+00:00\",\"breadcrumb\":{\"@id\":\"https:\/\/vinilozona.lt\/parduotuve\/classic\/the-london-symphony-orchestra-with-the-royal-choral-society-the-power-of-classic-rock\/#breadcrumb\"},\"inLanguage\":\"en-GB\",\"potentialAction\":[{\"@type\":\"ReadAction\",\"target\":[\"https:\/\/vinilozona.lt\/parduotuve\/classic\/the-london-symphony-orchestra-with-the-royal-choral-society-the-power-of-classic-rock\/\"]}]},{\"@type\":\"ImageObject\",\"inLanguage\":\"en-GB\",\"@id\":\"https:\/\/vinilozona.lt\/parduotuve\/classic\/the-london-symphony-orchestra-with-the-royal-choral-society-the-power-of-classic-rock\/#primaryimage\",\"url\":\"https:\/\/vinilozona.lt\/wp-content\/uploads\/2024\/02\/R-7501178-1444500898-9857.jpg\",\"contentUrl\":\"https:\/\/vinilozona.lt\/wp-content\/uploads\/2024\/02\/R-7501178-1444500898-9857.jpg\",\"width\":599,\"height\":596},{\"@type\":\"BreadcrumbList\",\"@id\":\"https:\/\/vinilozona.lt\/parduotuve\/classic\/the-london-symphony-orchestra-with-the-royal-choral-society-the-power-of-classic-rock\/#breadcrumb\",\"itemListElement\":[{\"@type\":\"ListItem\",\"position\":1,\"name\":\"Home\",\"item\":\"https:\/\/vinilozona.lt\/\"},{\"@type\":\"ListItem\",\"position\":2,\"name\":\"Parduotuv\u0117\",\"item\":\"https:\/\/vinilozona.lt\/parduotuve\/\"},{\"@type\":\"ListItem\",\"position\":3,\"name\":\"\u0418. \u0421. \u0411\u0430\u0445 \/ \u041b\u0435\u043d\u0438\u043d\u0433\u0440\u0430\u0434\u0441\u043a\u0438\u0439 \u043a\u0430\u043c\u0435\u0440\u043d\u044b\u0439 \u043e\u0440\u043a\u0435\u0441\u0442\u0440 \u2013 \u0411\u0440\u0430\u043d\u0434\u0435\u043d\u0431\u0443\u0440\u0433\u0441\u043a\u0438\u0435 \u041a\u043e\u043d\u0446\u0435\u0440\u0442\u044b BOX 3LP\"}]},{\"@type\":\"WebSite\",\"@id\":\"https:\/\/vinilozona.lt\/#website\",\"url\":\"https:\/\/vinilozona.lt\/\",\"name\":\"Vinilo Zona\",\"description\":\"Nup\u016bsk dulkes ir klausyk LP\",\"potentialAction\":[{\"@type\":\"SearchAction\",\"target\":{\"@type\":\"EntryPoint\",\"urlTemplate\":\"https:\/\/vinilozona.lt\/?s={search_term_string}\"},\"query-input\":{\"@type\":\"PropertyValueSpecification\",\"valueRequired\":true,\"valueName\":\"search_term_string\"}}],\"inLanguage\":\"en-GB\"}]}<\/script>\n<!-- \/ Yoast SEO plugin. -->","yoast_head_json":{"title":"\u0418. \u0421. \u0411\u0430\u0445 \/ \u041b\u0435\u043d\u0438\u043d\u0433\u0440\u0430\u0434\u0441\u043a\u0438\u0439 \u043a\u0430\u043c\u0435\u0440\u043d\u044b\u0439 \u043e\u0440\u043a\u0435\u0441\u0442\u0440 \u2013 \u0411\u0440\u0430\u043d\u0434\u0435\u043d\u0431\u0443\u0440\u0433\u0441\u043a\u0438\u0435 \u041a\u043e\u043d\u0446\u0435\u0440\u0442\u044b BOX 3LP Vinilin\u0117 Plok\u0161tel\u0117 | Vinilozona.lt","robots":{"index":"index","follow":"follow","max-snippet":"max-snippet:-1","max-image-preview":"max-image-preview:large","max-video-preview":"max-video-preview:-1"},"canonical":"https:\/\/vinilozona.lt\/en\/parduotuve\/classic\/the-london-symphony-orchestra-with-the-royal-choral-society-the-power-of-classic-rock\/","og_locale":"en_GB","og_type":"article","og_title":"\u0418. \u0421. \u0411\u0430\u0445 \/ \u041b\u0435\u043d\u0438\u043d\u0433\u0440\u0430\u0434\u0441\u043a\u0438\u0439 \u043a\u0430\u043c\u0435\u0440\u043d\u044b\u0439 \u043e\u0440\u043a\u0435\u0441\u0442\u0440 \u2013 \u0411\u0440\u0430\u043d\u0434\u0435\u043d\u0431\u0443\u0440\u0433\u0441\u043a\u0438\u0435 \u041a\u043e\u043d\u0446\u0435\u0440\u0442\u044b BOX 3LP Vinilin\u0117 Plok\u0161tel\u0117 | Vinilozona.lt","og_description":"\u041c\u0435\u043b\u043e\u0434\u0438\u044f \u2013 CM 02839\/44 Format: 3 x Vinyl, LP, Repress, Stereo Box Set Country: USSR Released: 1983","og_url":"https:\/\/vinilozona.lt\/en\/parduotuve\/classic\/the-london-symphony-orchestra-with-the-royal-choral-society-the-power-of-classic-rock\/","og_site_name":"Vinilo Zona","article_modified_time":"2026-03-03T08:24:26+00:00","og_image":[{"width":599,"height":596,"url":"https:\/\/vinilozona.lt\/wp-content\/uploads\/2024\/02\/R-7501178-1444500898-9857.jpg","type":"image\/jpeg"}],"twitter_card":"summary_large_image","twitter_misc":{"Estimated reading time":"1 minute"},"schema":{"@context":"https:\/\/schema.org","@graph":[{"@type":"WebPage","@id":"https:\/\/vinilozona.lt\/parduotuve\/classic\/the-london-symphony-orchestra-with-the-royal-choral-society-the-power-of-classic-rock\/","url":"https:\/\/vinilozona.lt\/parduotuve\/classic\/the-london-symphony-orchestra-with-the-royal-choral-society-the-power-of-classic-rock\/","name":"\u0418. \u0421. \u0411\u0430\u0445 \/ \u041b\u0435\u043d\u0438\u043d\u0433\u0440\u0430\u0434\u0441\u043a\u0438\u0439 \u043a\u0430\u043c\u0435\u0440\u043d\u044b\u0439 \u043e\u0440\u043a\u0435\u0441\u0442\u0440 \u2013 \u0411\u0440\u0430\u043d\u0434\u0435\u043d\u0431\u0443\u0440\u0433\u0441\u043a\u0438\u0435 \u041a\u043e\u043d\u0446\u0435\u0440\u0442\u044b BOX 3LP Vinilin\u0117 Plok\u0161tel\u0117 | Vinilozona.lt","isPartOf":{"@id":"https:\/\/vinilozona.lt\/#website"},"primaryImageOfPage":{"@id":"https:\/\/vinilozona.lt\/parduotuve\/classic\/the-london-symphony-orchestra-with-the-royal-choral-society-the-power-of-classic-rock\/#primaryimage"},"image":{"@id":"https:\/\/vinilozona.lt\/parduotuve\/classic\/the-london-symphony-orchestra-with-the-royal-choral-society-the-power-of-classic-rock\/#primaryimage"},"thumbnailUrl":"https:\/\/vinilozona.lt\/wp-content\/uploads\/2024\/02\/R-7501178-1444500898-9857.jpg","datePublished":"2026-03-03T03:19:53+00:00","dateModified":"2026-03-03T08:24:26+00:00","breadcrumb":{"@id":"https:\/\/vinilozona.lt\/parduotuve\/classic\/the-london-symphony-orchestra-with-the-royal-choral-society-the-power-of-classic-rock\/#breadcrumb"},"inLanguage":"en-GB","potentialAction":[{"@type":"ReadAction","target":["https:\/\/vinilozona.lt\/parduotuve\/classic\/the-london-symphony-orchestra-with-the-royal-choral-society-the-power-of-classic-rock\/"]}]},{"@type":"ImageObject","inLanguage":"en-GB","@id":"https:\/\/vinilozona.lt\/parduotuve\/classic\/the-london-symphony-orchestra-with-the-royal-choral-society-the-power-of-classic-rock\/#primaryimage","url":"https:\/\/vinilozona.lt\/wp-content\/uploads\/2024\/02\/R-7501178-1444500898-9857.jpg","contentUrl":"https:\/\/vinilozona.lt\/wp-content\/uploads\/2024\/02\/R-7501178-1444500898-9857.jpg","width":599,"height":596},{"@type":"BreadcrumbList","@id":"https:\/\/vinilozona.lt\/parduotuve\/classic\/the-london-symphony-orchestra-with-the-royal-choral-society-the-power-of-classic-rock\/#breadcrumb","itemListElement":[{"@type":"ListItem","position":1,"name":"Home","item":"https:\/\/vinilozona.lt\/"},{"@type":"ListItem","position":2,"name":"Parduotuv\u0117","item":"https:\/\/vinilozona.lt\/parduotuve\/"},{"@type":"ListItem","position":3,"name":"\u0418. \u0421. \u0411\u0430\u0445 \/ \u041b\u0435\u043d\u0438\u043d\u0433\u0440\u0430\u0434\u0441\u043a\u0438\u0439 \u043a\u0430\u043c\u0435\u0440\u043d\u044b\u0439 \u043e\u0440\u043a\u0435\u0441\u0442\u0440 \u2013 \u0411\u0440\u0430\u043d\u0434\u0435\u043d\u0431\u0443\u0440\u0433\u0441\u043a\u0438\u0435 \u041a\u043e\u043d\u0446\u0435\u0440\u0442\u044b BOX 3LP"}]},{"@type":"WebSite","@id":"https:\/\/vinilozona.lt\/#website","url":"https:\/\/vinilozona.lt\/","name":"Vinilo Zona","description":"Nup\u016bsk dulkes ir klausyk LP","potentialAction":[{"@type":"SearchAction","target":{"@type":"EntryPoint","urlTemplate":"https:\/\/vinilozona.lt\/?s={search_term_string}"},"query-input":{"@type":"PropertyValueSpecification","valueRequired":true,"valueName":"search_term_string"}}],"inLanguage":"en-GB"}]}},"_links":{"self":[{"href":"https:\/\/vinilozona.lt\/en\/wp-json\/wp\/v2\/product\/19807"}],"collection":[{"href":"https:\/\/vinilozona.lt\/en\/wp-json\/wp\/v2\/product"}],"about":[{"href":"https:\/\/vinilozona.lt\/en\/wp-json\/wp\/v2\/types\/product"}],"wp:featuredmedia":[{"embeddable":true,"href":"https:\/\/vinilozona.lt\/en\/wp-json\/wp\/v2\/media\/30582"}],"wp:attachment":[{"href":"https:\/\/vinilozona.lt\/en\/wp-json\/wp\/v2\/media?parent=19807"}],"wp:term":[{"taxonomy":"product_cat","embeddable":true,"href":"https:\/\/vinilozona.lt\/en\/wp-json\/wp\/v2\/product_cat?post=19807"},{"taxonomy":"product_tag","embeddable":true,"href":"https:\/\/vinilozona.lt\/en\/wp-json\/wp\/v2\/product_tag?post=19807"}],"curies":[{"name":"wp","href":"https:\/\/api.w.org\/{rel}","templated":true}]}}