{"id":19758,"date":"2022-07-24T18:44:28","date_gmt":"2022-07-24T15:44:28","guid":{"rendered":"https:\/\/vinilozona.lt\/?post_type=product&#038;p=19758"},"modified":"2022-07-29T21:23:42","modified_gmt":"2022-07-29T18:23:42","slug":"pink-floyd-a-momentary-lapse-of-reason-remixed-updated-2lp","status":"publish","type":"product","link":"https:\/\/vinilozona.lt\/en\/parduotuve\/naujos-lp\/pink-floyd-a-momentary-lapse-of-reason-remixed-updated-2lp\/","title":{"rendered":"Pink Floyd \u2013 A Momentary Lapse Of Reason (Remixed &#038; Updated) 2LP"},"content":{"rendered":"<p>A1\t\tSigns Of Life 4:24<br \/>\nA2\t\tLearning To Fly 4:52<br \/>\nA3\t\tThe Dogs Of War 6:10<br \/>\nB1\t\tOne Slip 5:05<br \/>\nB2\t\tOn The Turning Away 5:42<br \/>\nC1\t\tYet Another Movie 6:14<br \/>\nC2\t\tRound And Around 1:13<br \/>\nC3\t\tA New Machine (Part 1) 1:46<br \/>\nC4\t\tTerminal Frost 6:17<br \/>\nC5\t\tA New Machine (Part 2) 0:38<br \/>\nD1\t\tSorrow 8:47<\/p>","protected":false},"excerpt":{"rendered":"<p>Label:\tPink Floyd Records \u2013 PFRLP37, Pink Floyd Records \u2013 0190295079208<br \/>\nFormat:\t2 x Vinyl, LP, 45 RPM, Album, Reissue, Remastered<br \/>\nCountry:\tEurope<br \/>\nReleased:\tOct 29, 2021<\/p>","protected":false},"featured_media":19759,"template":"","meta":[],"product_cat":[23],"product_tag":[55],"yoast_head":"<!-- This site is optimized with the Yoast SEO plugin v23.5 - https:\/\/yoast.com\/wordpress\/plugins\/seo\/ -->\n<title>Pink Floyd \u2013 A Momentary Lapse Of Reason (Remixed &amp; Updated) 2LP Vinilin\u0117 Plok\u0161tel\u0117 | Vinilozona.lt<\/title>\n<meta name=\"robots\" content=\"index, follow, max-snippet:-1, max-image-preview:large, max-video-preview:-1\" \/>\n<link rel=\"canonical\" href=\"https:\/\/vinilozona.lt\/en\/parduotuve\/naujos-lp\/pink-floyd-a-momentary-lapse-of-reason-remixed-updated-2lp\/\" \/>\n<meta property=\"og:locale\" content=\"en_GB\" \/>\n<meta property=\"og:type\" content=\"article\" \/>\n<meta property=\"og:title\" content=\"Pink Floyd \u2013 A Momentary Lapse Of Reason (Remixed &amp; Updated) 2LP Vinilin\u0117 Plok\u0161tel\u0117 | Vinilozona.lt\" \/>\n<meta property=\"og:description\" content=\"Label: Pink Floyd Records \u2013 PFRLP37, Pink Floyd Records \u2013 0190295079208 Format: 2 x Vinyl, LP, 45 RPM, Album, Reissue, Remastered Country: Europe Released: Oct 29, 2021\" \/>\n<meta property=\"og:url\" content=\"https:\/\/vinilozona.lt\/en\/parduotuve\/naujos-lp\/pink-floyd-a-momentary-lapse-of-reason-remixed-updated-2lp\/\" \/>\n<meta property=\"og:site_name\" content=\"Vinilo Zona\" \/>\n<meta property=\"article:modified_time\" content=\"2022-07-29T18:23:42+00:00\" \/>\n<meta property=\"og:image\" content=\"https:\/\/vinilozona.lt\/wp-content\/uploads\/2022\/07\/R-20760595-1635429381-4013.jpg\" \/>\n\t<meta property=\"og:image:width\" content=\"599\" \/>\n\t<meta property=\"og:image:height\" content=\"594\" \/>\n\t<meta property=\"og:image:type\" content=\"image\/jpeg\" \/>\n<meta name=\"twitter:card\" content=\"summary_large_image\" \/>\n<script type=\"application\/ld+json\" class=\"yoast-schema-graph\">{\"@context\":\"https:\/\/schema.org\",\"@graph\":[{\"@type\":\"WebPage\",\"@id\":\"https:\/\/vinilozona.lt\/parduotuve\/naujos-lp\/pink-floyd-a-momentary-lapse-of-reason-remixed-updated-2lp\/\",\"url\":\"https:\/\/vinilozona.lt\/parduotuve\/naujos-lp\/pink-floyd-a-momentary-lapse-of-reason-remixed-updated-2lp\/\",\"name\":\"Pink Floyd \u2013 A Momentary Lapse Of Reason (Remixed & Updated) 2LP Vinilin\u0117 Plok\u0161tel\u0117 | Vinilozona.lt\",\"isPartOf\":{\"@id\":\"https:\/\/vinilozona.lt\/#website\"},\"primaryImageOfPage\":{\"@id\":\"https:\/\/vinilozona.lt\/parduotuve\/naujos-lp\/pink-floyd-a-momentary-lapse-of-reason-remixed-updated-2lp\/#primaryimage\"},\"image\":{\"@id\":\"https:\/\/vinilozona.lt\/parduotuve\/naujos-lp\/pink-floyd-a-momentary-lapse-of-reason-remixed-updated-2lp\/#primaryimage\"},\"thumbnailUrl\":\"https:\/\/vinilozona.lt\/wp-content\/uploads\/2022\/07\/R-20760595-1635429381-4013.jpg\",\"datePublished\":\"2022-07-24T15:44:28+00:00\",\"dateModified\":\"2022-07-29T18:23:42+00:00\",\"breadcrumb\":{\"@id\":\"https:\/\/vinilozona.lt\/parduotuve\/naujos-lp\/pink-floyd-a-momentary-lapse-of-reason-remixed-updated-2lp\/#breadcrumb\"},\"inLanguage\":\"en-GB\",\"potentialAction\":[{\"@type\":\"ReadAction\",\"target\":[\"https:\/\/vinilozona.lt\/parduotuve\/naujos-lp\/pink-floyd-a-momentary-lapse-of-reason-remixed-updated-2lp\/\"]}]},{\"@type\":\"ImageObject\",\"inLanguage\":\"en-GB\",\"@id\":\"https:\/\/vinilozona.lt\/parduotuve\/naujos-lp\/pink-floyd-a-momentary-lapse-of-reason-remixed-updated-2lp\/#primaryimage\",\"url\":\"https:\/\/vinilozona.lt\/wp-content\/uploads\/2022\/07\/R-20760595-1635429381-4013.jpg\",\"contentUrl\":\"https:\/\/vinilozona.lt\/wp-content\/uploads\/2022\/07\/R-20760595-1635429381-4013.jpg\",\"width\":599,\"height\":594},{\"@type\":\"BreadcrumbList\",\"@id\":\"https:\/\/vinilozona.lt\/parduotuve\/naujos-lp\/pink-floyd-a-momentary-lapse-of-reason-remixed-updated-2lp\/#breadcrumb\",\"itemListElement\":[{\"@type\":\"ListItem\",\"position\":1,\"name\":\"Home\",\"item\":\"https:\/\/vinilozona.lt\/\"},{\"@type\":\"ListItem\",\"position\":2,\"name\":\"Parduotuv\u0117\",\"item\":\"https:\/\/vinilozona.lt\/parduotuve\/\"},{\"@type\":\"ListItem\",\"position\":3,\"name\":\"Pink Floyd \u2013 A Momentary Lapse Of Reason (Remixed &#038; Updated) 2LP\"}]},{\"@type\":\"WebSite\",\"@id\":\"https:\/\/vinilozona.lt\/#website\",\"url\":\"https:\/\/vinilozona.lt\/\",\"name\":\"Vinilo Zona\",\"description\":\"Nup\u016bsk dulkes ir klausyk LP\",\"potentialAction\":[{\"@type\":\"SearchAction\",\"target\":{\"@type\":\"EntryPoint\",\"urlTemplate\":\"https:\/\/vinilozona.lt\/?s={search_term_string}\"},\"query-input\":{\"@type\":\"PropertyValueSpecification\",\"valueRequired\":true,\"valueName\":\"search_term_string\"}}],\"inLanguage\":\"en-GB\"}]}<\/script>\n<!-- \/ Yoast SEO plugin. -->","yoast_head_json":{"title":"Pink Floyd \u2013 A Momentary Lapse Of Reason (Remixed & Updated) 2LP Vinilin\u0117 Plok\u0161tel\u0117 | Vinilozona.lt","robots":{"index":"index","follow":"follow","max-snippet":"max-snippet:-1","max-image-preview":"max-image-preview:large","max-video-preview":"max-video-preview:-1"},"canonical":"https:\/\/vinilozona.lt\/en\/parduotuve\/naujos-lp\/pink-floyd-a-momentary-lapse-of-reason-remixed-updated-2lp\/","og_locale":"en_GB","og_type":"article","og_title":"Pink Floyd \u2013 A Momentary Lapse Of Reason (Remixed & Updated) 2LP Vinilin\u0117 Plok\u0161tel\u0117 | Vinilozona.lt","og_description":"Label: Pink Floyd Records \u2013 PFRLP37, Pink Floyd Records \u2013 0190295079208 Format: 2 x Vinyl, LP, 45 RPM, Album, Reissue, Remastered Country: Europe Released: Oct 29, 2021","og_url":"https:\/\/vinilozona.lt\/en\/parduotuve\/naujos-lp\/pink-floyd-a-momentary-lapse-of-reason-remixed-updated-2lp\/","og_site_name":"Vinilo Zona","article_modified_time":"2022-07-29T18:23:42+00:00","og_image":[{"width":599,"height":594,"url":"https:\/\/vinilozona.lt\/wp-content\/uploads\/2022\/07\/R-20760595-1635429381-4013.jpg","type":"image\/jpeg"}],"twitter_card":"summary_large_image","schema":{"@context":"https:\/\/schema.org","@graph":[{"@type":"WebPage","@id":"https:\/\/vinilozona.lt\/parduotuve\/naujos-lp\/pink-floyd-a-momentary-lapse-of-reason-remixed-updated-2lp\/","url":"https:\/\/vinilozona.lt\/parduotuve\/naujos-lp\/pink-floyd-a-momentary-lapse-of-reason-remixed-updated-2lp\/","name":"Pink Floyd \u2013 A Momentary Lapse Of Reason (Remixed & Updated) 2LP Vinilin\u0117 Plok\u0161tel\u0117 | Vinilozona.lt","isPartOf":{"@id":"https:\/\/vinilozona.lt\/#website"},"primaryImageOfPage":{"@id":"https:\/\/vinilozona.lt\/parduotuve\/naujos-lp\/pink-floyd-a-momentary-lapse-of-reason-remixed-updated-2lp\/#primaryimage"},"image":{"@id":"https:\/\/vinilozona.lt\/parduotuve\/naujos-lp\/pink-floyd-a-momentary-lapse-of-reason-remixed-updated-2lp\/#primaryimage"},"thumbnailUrl":"https:\/\/vinilozona.lt\/wp-content\/uploads\/2022\/07\/R-20760595-1635429381-4013.jpg","datePublished":"2022-07-24T15:44:28+00:00","dateModified":"2022-07-29T18:23:42+00:00","breadcrumb":{"@id":"https:\/\/vinilozona.lt\/parduotuve\/naujos-lp\/pink-floyd-a-momentary-lapse-of-reason-remixed-updated-2lp\/#breadcrumb"},"inLanguage":"en-GB","potentialAction":[{"@type":"ReadAction","target":["https:\/\/vinilozona.lt\/parduotuve\/naujos-lp\/pink-floyd-a-momentary-lapse-of-reason-remixed-updated-2lp\/"]}]},{"@type":"ImageObject","inLanguage":"en-GB","@id":"https:\/\/vinilozona.lt\/parduotuve\/naujos-lp\/pink-floyd-a-momentary-lapse-of-reason-remixed-updated-2lp\/#primaryimage","url":"https:\/\/vinilozona.lt\/wp-content\/uploads\/2022\/07\/R-20760595-1635429381-4013.jpg","contentUrl":"https:\/\/vinilozona.lt\/wp-content\/uploads\/2022\/07\/R-20760595-1635429381-4013.jpg","width":599,"height":594},{"@type":"BreadcrumbList","@id":"https:\/\/vinilozona.lt\/parduotuve\/naujos-lp\/pink-floyd-a-momentary-lapse-of-reason-remixed-updated-2lp\/#breadcrumb","itemListElement":[{"@type":"ListItem","position":1,"name":"Home","item":"https:\/\/vinilozona.lt\/"},{"@type":"ListItem","position":2,"name":"Parduotuv\u0117","item":"https:\/\/vinilozona.lt\/parduotuve\/"},{"@type":"ListItem","position":3,"name":"Pink Floyd \u2013 A Momentary Lapse Of Reason (Remixed &#038; Updated) 2LP"}]},{"@type":"WebSite","@id":"https:\/\/vinilozona.lt\/#website","url":"https:\/\/vinilozona.lt\/","name":"Vinilo Zona","description":"Nup\u016bsk dulkes ir klausyk LP","potentialAction":[{"@type":"SearchAction","target":{"@type":"EntryPoint","urlTemplate":"https:\/\/vinilozona.lt\/?s={search_term_string}"},"query-input":{"@type":"PropertyValueSpecification","valueRequired":true,"valueName":"search_term_string"}}],"inLanguage":"en-GB"}]}},"_links":{"self":[{"href":"https:\/\/vinilozona.lt\/en\/wp-json\/wp\/v2\/product\/19758"}],"collection":[{"href":"https:\/\/vinilozona.lt\/en\/wp-json\/wp\/v2\/product"}],"about":[{"href":"https:\/\/vinilozona.lt\/en\/wp-json\/wp\/v2\/types\/product"}],"wp:featuredmedia":[{"embeddable":true,"href":"https:\/\/vinilozona.lt\/en\/wp-json\/wp\/v2\/media\/19759"}],"wp:attachment":[{"href":"https:\/\/vinilozona.lt\/en\/wp-json\/wp\/v2\/media?parent=19758"}],"wp:term":[{"taxonomy":"product_cat","embeddable":true,"href":"https:\/\/vinilozona.lt\/en\/wp-json\/wp\/v2\/product_cat?post=19758"},{"taxonomy":"product_tag","embeddable":true,"href":"https:\/\/vinilozona.lt\/en\/wp-json\/wp\/v2\/product_tag?post=19758"}],"curies":[{"name":"wp","href":"https:\/\/api.w.org\/{rel}","templated":true}]}}