{"id":19752,"date":"2022-07-24T18:19:15","date_gmt":"2022-07-24T15:19:15","guid":{"rendered":"https:\/\/vinilozona.lt\/?post_type=product&#038;p=19752"},"modified":"2022-12-05T06:56:05","modified_gmt":"2022-12-05T04:56:05","slug":"giedre-dykumos-ir-gatves","status":"publish","type":"product","link":"https:\/\/vinilozona.lt\/en\/parduotuve\/lietuviska\/giedre-dykumos-ir-gatves\/","title":{"rendered":"Giedr\u0117 \u200e\u2013 Dykumos Ir Gatv\u0117s"},"content":{"rendered":"<p>A1\t\tDykuma<br \/>\nA2\t\tGandai Gandai<br \/>\nA3\t\tKartoji Man<br \/>\nA4\t\tNenubundant<br \/>\nA5\t\t\u0160iaur\u0117s V\u0117jas<br \/>\nB1\t\tTiesa Ar Dr\u0105sa<br \/>\nB2\t\tGatv\u0117s<br \/>\nB3\t\tMuzika, Kuriai Nereikia \u017dod\u017ei\u0173<br \/>\nB4\t\tSugr\u012f\u017ek<br \/>\nB5\t\tMano Meil\u0117<\/p>","protected":false},"excerpt":{"rendered":"<p>Label:\tNot On Label (Giedr\u0117 Self-released) \u2013 none<br \/>\nFormat:\tVinyl, LP, Album, Numbered<br \/>\nCountry:\tLithuania<br \/>\nReleased:\tFeb 2022<\/p>","protected":false},"featured_media":19753,"template":"","meta":[],"product_cat":[19,23],"product_tag":[55],"yoast_head":"<!-- This site is optimized with the Yoast SEO plugin v23.5 - https:\/\/yoast.com\/wordpress\/plugins\/seo\/ -->\n<title>Giedr\u0117 \u200e\u2013 Dykumos Ir Gatv\u0117s Vinilin\u0117 Plok\u0161tel\u0117 | Vinilozona.lt<\/title>\n<meta name=\"robots\" content=\"index, follow, max-snippet:-1, max-image-preview:large, max-video-preview:-1\" \/>\n<link rel=\"canonical\" href=\"https:\/\/vinilozona.lt\/en\/parduotuve\/lietuviska\/giedre-dykumos-ir-gatves\/\" \/>\n<meta property=\"og:locale\" content=\"en_GB\" \/>\n<meta property=\"og:type\" content=\"article\" \/>\n<meta property=\"og:title\" content=\"Giedr\u0117 \u200e\u2013 Dykumos Ir Gatv\u0117s Vinilin\u0117 Plok\u0161tel\u0117 | Vinilozona.lt\" \/>\n<meta property=\"og:description\" content=\"Label: Not On Label (Giedr\u0117 Self-released) \u2013 none Format: Vinyl, LP, Album, Numbered Country: Lithuania Released: Feb 2022\" \/>\n<meta property=\"og:url\" content=\"https:\/\/vinilozona.lt\/en\/parduotuve\/lietuviska\/giedre-dykumos-ir-gatves\/\" \/>\n<meta property=\"og:site_name\" content=\"Vinilo Zona\" \/>\n<meta property=\"article:modified_time\" content=\"2022-12-05T04:56:05+00:00\" \/>\n<meta property=\"og:image\" content=\"https:\/\/vinilozona.lt\/wp-content\/uploads\/2022\/07\/R-22247956-1645452491-7333.jpg\" \/>\n\t<meta property=\"og:image:width\" content=\"600\" \/>\n\t<meta property=\"og:image:height\" content=\"594\" \/>\n\t<meta property=\"og:image:type\" content=\"image\/jpeg\" \/>\n<meta name=\"twitter:card\" content=\"summary_large_image\" \/>\n<script type=\"application\/ld+json\" class=\"yoast-schema-graph\">{\"@context\":\"https:\/\/schema.org\",\"@graph\":[{\"@type\":\"WebPage\",\"@id\":\"https:\/\/vinilozona.lt\/parduotuve\/lietuviska\/giedre-dykumos-ir-gatves\/\",\"url\":\"https:\/\/vinilozona.lt\/parduotuve\/lietuviska\/giedre-dykumos-ir-gatves\/\",\"name\":\"Giedr\u0117 \u200e\u2013 Dykumos Ir Gatv\u0117s Vinilin\u0117 Plok\u0161tel\u0117 | Vinilozona.lt\",\"isPartOf\":{\"@id\":\"https:\/\/vinilozona.lt\/#website\"},\"primaryImageOfPage\":{\"@id\":\"https:\/\/vinilozona.lt\/parduotuve\/lietuviska\/giedre-dykumos-ir-gatves\/#primaryimage\"},\"image\":{\"@id\":\"https:\/\/vinilozona.lt\/parduotuve\/lietuviska\/giedre-dykumos-ir-gatves\/#primaryimage\"},\"thumbnailUrl\":\"https:\/\/vinilozona.lt\/wp-content\/uploads\/2022\/07\/R-22247956-1645452491-7333.jpg\",\"datePublished\":\"2022-07-24T15:19:15+00:00\",\"dateModified\":\"2022-12-05T04:56:05+00:00\",\"breadcrumb\":{\"@id\":\"https:\/\/vinilozona.lt\/parduotuve\/lietuviska\/giedre-dykumos-ir-gatves\/#breadcrumb\"},\"inLanguage\":\"en-GB\",\"potentialAction\":[{\"@type\":\"ReadAction\",\"target\":[\"https:\/\/vinilozona.lt\/parduotuve\/lietuviska\/giedre-dykumos-ir-gatves\/\"]}]},{\"@type\":\"ImageObject\",\"inLanguage\":\"en-GB\",\"@id\":\"https:\/\/vinilozona.lt\/parduotuve\/lietuviska\/giedre-dykumos-ir-gatves\/#primaryimage\",\"url\":\"https:\/\/vinilozona.lt\/wp-content\/uploads\/2022\/07\/R-22247956-1645452491-7333.jpg\",\"contentUrl\":\"https:\/\/vinilozona.lt\/wp-content\/uploads\/2022\/07\/R-22247956-1645452491-7333.jpg\",\"width\":600,\"height\":594},{\"@type\":\"BreadcrumbList\",\"@id\":\"https:\/\/vinilozona.lt\/parduotuve\/lietuviska\/giedre-dykumos-ir-gatves\/#breadcrumb\",\"itemListElement\":[{\"@type\":\"ListItem\",\"position\":1,\"name\":\"Home\",\"item\":\"https:\/\/vinilozona.lt\/\"},{\"@type\":\"ListItem\",\"position\":2,\"name\":\"Parduotuv\u0117\",\"item\":\"https:\/\/vinilozona.lt\/parduotuve\/\"},{\"@type\":\"ListItem\",\"position\":3,\"name\":\"Giedr\u0117 \u200e\u2013 Dykumos Ir Gatv\u0117s\"}]},{\"@type\":\"WebSite\",\"@id\":\"https:\/\/vinilozona.lt\/#website\",\"url\":\"https:\/\/vinilozona.lt\/\",\"name\":\"Vinilo Zona\",\"description\":\"Nup\u016bsk dulkes ir klausyk LP\",\"potentialAction\":[{\"@type\":\"SearchAction\",\"target\":{\"@type\":\"EntryPoint\",\"urlTemplate\":\"https:\/\/vinilozona.lt\/?s={search_term_string}\"},\"query-input\":{\"@type\":\"PropertyValueSpecification\",\"valueRequired\":true,\"valueName\":\"search_term_string\"}}],\"inLanguage\":\"en-GB\"}]}<\/script>\n<!-- \/ Yoast SEO plugin. -->","yoast_head_json":{"title":"Giedr\u0117 \u200e\u2013 Dykumos Ir Gatv\u0117s Vinilin\u0117 Plok\u0161tel\u0117 | Vinilozona.lt","robots":{"index":"index","follow":"follow","max-snippet":"max-snippet:-1","max-image-preview":"max-image-preview:large","max-video-preview":"max-video-preview:-1"},"canonical":"https:\/\/vinilozona.lt\/en\/parduotuve\/lietuviska\/giedre-dykumos-ir-gatves\/","og_locale":"en_GB","og_type":"article","og_title":"Giedr\u0117 \u200e\u2013 Dykumos Ir Gatv\u0117s Vinilin\u0117 Plok\u0161tel\u0117 | Vinilozona.lt","og_description":"Label: Not On Label (Giedr\u0117 Self-released) \u2013 none Format: Vinyl, LP, Album, Numbered Country: Lithuania Released: Feb 2022","og_url":"https:\/\/vinilozona.lt\/en\/parduotuve\/lietuviska\/giedre-dykumos-ir-gatves\/","og_site_name":"Vinilo Zona","article_modified_time":"2022-12-05T04:56:05+00:00","og_image":[{"width":600,"height":594,"url":"https:\/\/vinilozona.lt\/wp-content\/uploads\/2022\/07\/R-22247956-1645452491-7333.jpg","type":"image\/jpeg"}],"twitter_card":"summary_large_image","schema":{"@context":"https:\/\/schema.org","@graph":[{"@type":"WebPage","@id":"https:\/\/vinilozona.lt\/parduotuve\/lietuviska\/giedre-dykumos-ir-gatves\/","url":"https:\/\/vinilozona.lt\/parduotuve\/lietuviska\/giedre-dykumos-ir-gatves\/","name":"Giedr\u0117 \u200e\u2013 Dykumos Ir Gatv\u0117s Vinilin\u0117 Plok\u0161tel\u0117 | Vinilozona.lt","isPartOf":{"@id":"https:\/\/vinilozona.lt\/#website"},"primaryImageOfPage":{"@id":"https:\/\/vinilozona.lt\/parduotuve\/lietuviska\/giedre-dykumos-ir-gatves\/#primaryimage"},"image":{"@id":"https:\/\/vinilozona.lt\/parduotuve\/lietuviska\/giedre-dykumos-ir-gatves\/#primaryimage"},"thumbnailUrl":"https:\/\/vinilozona.lt\/wp-content\/uploads\/2022\/07\/R-22247956-1645452491-7333.jpg","datePublished":"2022-07-24T15:19:15+00:00","dateModified":"2022-12-05T04:56:05+00:00","breadcrumb":{"@id":"https:\/\/vinilozona.lt\/parduotuve\/lietuviska\/giedre-dykumos-ir-gatves\/#breadcrumb"},"inLanguage":"en-GB","potentialAction":[{"@type":"ReadAction","target":["https:\/\/vinilozona.lt\/parduotuve\/lietuviska\/giedre-dykumos-ir-gatves\/"]}]},{"@type":"ImageObject","inLanguage":"en-GB","@id":"https:\/\/vinilozona.lt\/parduotuve\/lietuviska\/giedre-dykumos-ir-gatves\/#primaryimage","url":"https:\/\/vinilozona.lt\/wp-content\/uploads\/2022\/07\/R-22247956-1645452491-7333.jpg","contentUrl":"https:\/\/vinilozona.lt\/wp-content\/uploads\/2022\/07\/R-22247956-1645452491-7333.jpg","width":600,"height":594},{"@type":"BreadcrumbList","@id":"https:\/\/vinilozona.lt\/parduotuve\/lietuviska\/giedre-dykumos-ir-gatves\/#breadcrumb","itemListElement":[{"@type":"ListItem","position":1,"name":"Home","item":"https:\/\/vinilozona.lt\/"},{"@type":"ListItem","position":2,"name":"Parduotuv\u0117","item":"https:\/\/vinilozona.lt\/parduotuve\/"},{"@type":"ListItem","position":3,"name":"Giedr\u0117 \u200e\u2013 Dykumos Ir Gatv\u0117s"}]},{"@type":"WebSite","@id":"https:\/\/vinilozona.lt\/#website","url":"https:\/\/vinilozona.lt\/","name":"Vinilo Zona","description":"Nup\u016bsk dulkes ir klausyk LP","potentialAction":[{"@type":"SearchAction","target":{"@type":"EntryPoint","urlTemplate":"https:\/\/vinilozona.lt\/?s={search_term_string}"},"query-input":{"@type":"PropertyValueSpecification","valueRequired":true,"valueName":"search_term_string"}}],"inLanguage":"en-GB"}]}},"_links":{"self":[{"href":"https:\/\/vinilozona.lt\/en\/wp-json\/wp\/v2\/product\/19752"}],"collection":[{"href":"https:\/\/vinilozona.lt\/en\/wp-json\/wp\/v2\/product"}],"about":[{"href":"https:\/\/vinilozona.lt\/en\/wp-json\/wp\/v2\/types\/product"}],"wp:featuredmedia":[{"embeddable":true,"href":"https:\/\/vinilozona.lt\/en\/wp-json\/wp\/v2\/media\/19753"}],"wp:attachment":[{"href":"https:\/\/vinilozona.lt\/en\/wp-json\/wp\/v2\/media?parent=19752"}],"wp:term":[{"taxonomy":"product_cat","embeddable":true,"href":"https:\/\/vinilozona.lt\/en\/wp-json\/wp\/v2\/product_cat?post=19752"},{"taxonomy":"product_tag","embeddable":true,"href":"https:\/\/vinilozona.lt\/en\/wp-json\/wp\/v2\/product_tag?post=19752"}],"curies":[{"name":"wp","href":"https:\/\/api.w.org\/{rel}","templated":true}]}}