{"id":19747,"date":"2023-04-05T13:00:08","date_gmt":"2023-04-05T10:00:08","guid":{"rendered":"https:\/\/vinilozona.lt\/?post_type=product&#038;p=19747"},"modified":"2023-08-31T15:06:58","modified_gmt":"2023-08-31T12:06:58","slug":"tele-bim-bam-vaikystes-dainos","status":"publish","type":"product","link":"https:\/\/vinilozona.lt\/en\/parduotuve\/lietuviska\/tele-bim-bam-vaikystes-dainos\/","title":{"rendered":"Tele Bim-Bam \u2013 Vaikyst\u0117s Dainos"},"content":{"rendered":"<p>A1\t\tM\u0117lyna Spalva\t3:16<br \/>\nA2\t\tMamos Suknel\u0117\t3:18<br \/>\nA3\t\tTilili Tilili\t2:28<br \/>\nA4\t\tVoras\t2:58<br \/>\nA5\t\tBaltoji Varnel\u0117\t3:04<br \/>\nA6\t\tTelevizorius\t3:05<br \/>\nA7\t\tKal\u0117dos!\t3:18<br \/>\nB1\t\tPupa, Pupa\t2:58<br \/>\nB2\t\tKi\u0161ki Pi\u0161ki\t3:26<br \/>\nB3\t\tMane Bar\u0117\t4:23<br \/>\nB4\t\t\u0160irdel\u0119 Spaud\u017eia\t3:54<br \/>\nB5\t\tMus\u0117\t3:09<br \/>\nB6\t\tRytoj Skrisim\t3:28<\/p>","protected":false},"excerpt":{"rendered":"<p>Label:\tvinylOmania records \u2013 VMR-003<br \/>\nFormat:\tVinyl, LP, Compilation<br \/>\nCountry:\tLithuania<br \/>\nReleased:\t2021<\/p>","protected":false},"featured_media":19748,"template":"","meta":[],"product_cat":[19,23],"product_tag":[55],"yoast_head":"<!-- This site is optimized with the Yoast SEO plugin v23.5 - https:\/\/yoast.com\/wordpress\/plugins\/seo\/ -->\n<title>Tele Bim-Bam \u2013 Vaikyst\u0117s Dainos Vinilin\u0117 Plok\u0161tel\u0117 | Vinilozona.lt<\/title>\n<meta name=\"robots\" content=\"index, follow, max-snippet:-1, max-image-preview:large, max-video-preview:-1\" \/>\n<link rel=\"canonical\" href=\"https:\/\/vinilozona.lt\/en\/parduotuve\/lietuviska\/tele-bim-bam-vaikystes-dainos\/\" \/>\n<meta property=\"og:locale\" content=\"en_GB\" \/>\n<meta property=\"og:type\" content=\"article\" \/>\n<meta property=\"og:title\" content=\"Tele Bim-Bam \u2013 Vaikyst\u0117s Dainos Vinilin\u0117 Plok\u0161tel\u0117 | Vinilozona.lt\" \/>\n<meta property=\"og:description\" content=\"Label: vinylOmania records \u2013 VMR-003 Format: Vinyl, LP, Compilation Country: Lithuania Released: 2021\" \/>\n<meta property=\"og:url\" content=\"https:\/\/vinilozona.lt\/en\/parduotuve\/lietuviska\/tele-bim-bam-vaikystes-dainos\/\" \/>\n<meta property=\"og:site_name\" content=\"Vinilo Zona\" \/>\n<meta property=\"article:modified_time\" content=\"2023-08-31T12:06:58+00:00\" \/>\n<meta property=\"og:image\" content=\"https:\/\/vinilozona.lt\/wp-content\/uploads\/2022\/07\/R-22732049-1648881881-8251.jpg\" \/>\n\t<meta property=\"og:image:width\" content=\"494\" \/>\n\t<meta property=\"og:image:height\" content=\"600\" \/>\n\t<meta property=\"og:image:type\" content=\"image\/jpeg\" \/>\n<meta name=\"twitter:card\" content=\"summary_large_image\" \/>\n<script type=\"application\/ld+json\" class=\"yoast-schema-graph\">{\"@context\":\"https:\/\/schema.org\",\"@graph\":[{\"@type\":\"WebPage\",\"@id\":\"https:\/\/vinilozona.lt\/parduotuve\/lietuviska\/tele-bim-bam-vaikystes-dainos\/\",\"url\":\"https:\/\/vinilozona.lt\/parduotuve\/lietuviska\/tele-bim-bam-vaikystes-dainos\/\",\"name\":\"Tele Bim-Bam \u2013 Vaikyst\u0117s Dainos Vinilin\u0117 Plok\u0161tel\u0117 | Vinilozona.lt\",\"isPartOf\":{\"@id\":\"https:\/\/vinilozona.lt\/#website\"},\"primaryImageOfPage\":{\"@id\":\"https:\/\/vinilozona.lt\/parduotuve\/lietuviska\/tele-bim-bam-vaikystes-dainos\/#primaryimage\"},\"image\":{\"@id\":\"https:\/\/vinilozona.lt\/parduotuve\/lietuviska\/tele-bim-bam-vaikystes-dainos\/#primaryimage\"},\"thumbnailUrl\":\"https:\/\/vinilozona.lt\/wp-content\/uploads\/2022\/07\/R-22732049-1648881881-8251.jpg\",\"datePublished\":\"2023-04-05T10:00:08+00:00\",\"dateModified\":\"2023-08-31T12:06:58+00:00\",\"breadcrumb\":{\"@id\":\"https:\/\/vinilozona.lt\/parduotuve\/lietuviska\/tele-bim-bam-vaikystes-dainos\/#breadcrumb\"},\"inLanguage\":\"en-GB\",\"potentialAction\":[{\"@type\":\"ReadAction\",\"target\":[\"https:\/\/vinilozona.lt\/parduotuve\/lietuviska\/tele-bim-bam-vaikystes-dainos\/\"]}]},{\"@type\":\"ImageObject\",\"inLanguage\":\"en-GB\",\"@id\":\"https:\/\/vinilozona.lt\/parduotuve\/lietuviska\/tele-bim-bam-vaikystes-dainos\/#primaryimage\",\"url\":\"https:\/\/vinilozona.lt\/wp-content\/uploads\/2022\/07\/R-22732049-1648881881-8251.jpg\",\"contentUrl\":\"https:\/\/vinilozona.lt\/wp-content\/uploads\/2022\/07\/R-22732049-1648881881-8251.jpg\",\"width\":494,\"height\":600},{\"@type\":\"BreadcrumbList\",\"@id\":\"https:\/\/vinilozona.lt\/parduotuve\/lietuviska\/tele-bim-bam-vaikystes-dainos\/#breadcrumb\",\"itemListElement\":[{\"@type\":\"ListItem\",\"position\":1,\"name\":\"Home\",\"item\":\"https:\/\/vinilozona.lt\/\"},{\"@type\":\"ListItem\",\"position\":2,\"name\":\"Parduotuv\u0117\",\"item\":\"https:\/\/vinilozona.lt\/parduotuve\/\"},{\"@type\":\"ListItem\",\"position\":3,\"name\":\"Tele Bim-Bam \u2013 Vaikyst\u0117s Dainos\"}]},{\"@type\":\"WebSite\",\"@id\":\"https:\/\/vinilozona.lt\/#website\",\"url\":\"https:\/\/vinilozona.lt\/\",\"name\":\"Vinilo Zona\",\"description\":\"Nup\u016bsk dulkes ir klausyk LP\",\"potentialAction\":[{\"@type\":\"SearchAction\",\"target\":{\"@type\":\"EntryPoint\",\"urlTemplate\":\"https:\/\/vinilozona.lt\/?s={search_term_string}\"},\"query-input\":{\"@type\":\"PropertyValueSpecification\",\"valueRequired\":true,\"valueName\":\"search_term_string\"}}],\"inLanguage\":\"en-GB\"}]}<\/script>\n<!-- \/ Yoast SEO plugin. -->","yoast_head_json":{"title":"Tele Bim-Bam \u2013 Vaikyst\u0117s Dainos Vinilin\u0117 Plok\u0161tel\u0117 | Vinilozona.lt","robots":{"index":"index","follow":"follow","max-snippet":"max-snippet:-1","max-image-preview":"max-image-preview:large","max-video-preview":"max-video-preview:-1"},"canonical":"https:\/\/vinilozona.lt\/en\/parduotuve\/lietuviska\/tele-bim-bam-vaikystes-dainos\/","og_locale":"en_GB","og_type":"article","og_title":"Tele Bim-Bam \u2013 Vaikyst\u0117s Dainos Vinilin\u0117 Plok\u0161tel\u0117 | Vinilozona.lt","og_description":"Label: vinylOmania records \u2013 VMR-003 Format: Vinyl, LP, Compilation Country: Lithuania Released: 2021","og_url":"https:\/\/vinilozona.lt\/en\/parduotuve\/lietuviska\/tele-bim-bam-vaikystes-dainos\/","og_site_name":"Vinilo Zona","article_modified_time":"2023-08-31T12:06:58+00:00","og_image":[{"width":494,"height":600,"url":"https:\/\/vinilozona.lt\/wp-content\/uploads\/2022\/07\/R-22732049-1648881881-8251.jpg","type":"image\/jpeg"}],"twitter_card":"summary_large_image","schema":{"@context":"https:\/\/schema.org","@graph":[{"@type":"WebPage","@id":"https:\/\/vinilozona.lt\/parduotuve\/lietuviska\/tele-bim-bam-vaikystes-dainos\/","url":"https:\/\/vinilozona.lt\/parduotuve\/lietuviska\/tele-bim-bam-vaikystes-dainos\/","name":"Tele Bim-Bam \u2013 Vaikyst\u0117s Dainos Vinilin\u0117 Plok\u0161tel\u0117 | Vinilozona.lt","isPartOf":{"@id":"https:\/\/vinilozona.lt\/#website"},"primaryImageOfPage":{"@id":"https:\/\/vinilozona.lt\/parduotuve\/lietuviska\/tele-bim-bam-vaikystes-dainos\/#primaryimage"},"image":{"@id":"https:\/\/vinilozona.lt\/parduotuve\/lietuviska\/tele-bim-bam-vaikystes-dainos\/#primaryimage"},"thumbnailUrl":"https:\/\/vinilozona.lt\/wp-content\/uploads\/2022\/07\/R-22732049-1648881881-8251.jpg","datePublished":"2023-04-05T10:00:08+00:00","dateModified":"2023-08-31T12:06:58+00:00","breadcrumb":{"@id":"https:\/\/vinilozona.lt\/parduotuve\/lietuviska\/tele-bim-bam-vaikystes-dainos\/#breadcrumb"},"inLanguage":"en-GB","potentialAction":[{"@type":"ReadAction","target":["https:\/\/vinilozona.lt\/parduotuve\/lietuviska\/tele-bim-bam-vaikystes-dainos\/"]}]},{"@type":"ImageObject","inLanguage":"en-GB","@id":"https:\/\/vinilozona.lt\/parduotuve\/lietuviska\/tele-bim-bam-vaikystes-dainos\/#primaryimage","url":"https:\/\/vinilozona.lt\/wp-content\/uploads\/2022\/07\/R-22732049-1648881881-8251.jpg","contentUrl":"https:\/\/vinilozona.lt\/wp-content\/uploads\/2022\/07\/R-22732049-1648881881-8251.jpg","width":494,"height":600},{"@type":"BreadcrumbList","@id":"https:\/\/vinilozona.lt\/parduotuve\/lietuviska\/tele-bim-bam-vaikystes-dainos\/#breadcrumb","itemListElement":[{"@type":"ListItem","position":1,"name":"Home","item":"https:\/\/vinilozona.lt\/"},{"@type":"ListItem","position":2,"name":"Parduotuv\u0117","item":"https:\/\/vinilozona.lt\/parduotuve\/"},{"@type":"ListItem","position":3,"name":"Tele Bim-Bam \u2013 Vaikyst\u0117s Dainos"}]},{"@type":"WebSite","@id":"https:\/\/vinilozona.lt\/#website","url":"https:\/\/vinilozona.lt\/","name":"Vinilo Zona","description":"Nup\u016bsk dulkes ir klausyk LP","potentialAction":[{"@type":"SearchAction","target":{"@type":"EntryPoint","urlTemplate":"https:\/\/vinilozona.lt\/?s={search_term_string}"},"query-input":{"@type":"PropertyValueSpecification","valueRequired":true,"valueName":"search_term_string"}}],"inLanguage":"en-GB"}]}},"_links":{"self":[{"href":"https:\/\/vinilozona.lt\/en\/wp-json\/wp\/v2\/product\/19747"}],"collection":[{"href":"https:\/\/vinilozona.lt\/en\/wp-json\/wp\/v2\/product"}],"about":[{"href":"https:\/\/vinilozona.lt\/en\/wp-json\/wp\/v2\/types\/product"}],"wp:featuredmedia":[{"embeddable":true,"href":"https:\/\/vinilozona.lt\/en\/wp-json\/wp\/v2\/media\/19748"}],"wp:attachment":[{"href":"https:\/\/vinilozona.lt\/en\/wp-json\/wp\/v2\/media?parent=19747"}],"wp:term":[{"taxonomy":"product_cat","embeddable":true,"href":"https:\/\/vinilozona.lt\/en\/wp-json\/wp\/v2\/product_cat?post=19747"},{"taxonomy":"product_tag","embeddable":true,"href":"https:\/\/vinilozona.lt\/en\/wp-json\/wp\/v2\/product_tag?post=19747"}],"curies":[{"name":"wp","href":"https:\/\/api.w.org\/{rel}","templated":true}]}}