{"id":19745,"date":"2022-07-24T18:06:04","date_gmt":"2022-07-24T15:06:04","guid":{"rendered":"https:\/\/vinilozona.lt\/?post_type=product&#038;p=19745"},"modified":"2022-08-11T22:19:41","modified_gmt":"2022-08-11T19:19:41","slug":"andrius-mamontovas-lietuvos-kamerinis-orkestras-dirigentas-modestas-pitrenas-siaures-naktis-puse-penkiu-2lp","status":"publish","type":"product","link":"https:\/\/vinilozona.lt\/en\/parduotuve\/lietuviska\/andrius-mamontovas-lietuvos-kamerinis-orkestras-dirigentas-modestas-pitrenas-siaures-naktis-puse-penkiu-2lp\/","title":{"rendered":"Andrius Mamontovas, Lietuvos Kamerinis Orkestras*, Dirigentas Modestas Pitr\u0117nas \u2013 \u0160iaur\u0117s Naktis. Pus\u0117 Penki\u0173. 2LP"},"content":{"rendered":"<p>A1\t\tGele\u017ein\u0117 \u0160irdis<br \/>\nA2\t\tTen<br \/>\nA3\t\tPus\u0117 Penki\u0173. \u0160iaur\u0117s Naktis.<br \/>\nB1\t\t\u012e Tavo Rankas<br \/>\nB2\t\tUgnis Ligi Dangaus<br \/>\nB3\t\tKiek Liko Laiko Mums?<br \/>\nC1\t\tTrys<br \/>\nC2\t\tVakar Nakt\u012f<br \/>\nD1\t\tTa Pati Diena \/ Ciuricho Varpai<\/p>","protected":false},"excerpt":{"rendered":"<p>1st press, black vinyl,<br \/>\nLabel:\tFors Events \u2013 none<br \/>\nFormat:2 x Vinyl, LP, Album, Limited Edition, First Press<br \/>\nCountry:\tLithuania<br \/>\nReleased:\tMar 7, 2019<\/p>","protected":false},"featured_media":19746,"template":"","meta":[],"product_cat":[19,23],"product_tag":[55],"yoast_head":"<!-- This site is optimized with the Yoast SEO plugin v23.5 - https:\/\/yoast.com\/wordpress\/plugins\/seo\/ -->\n<title>Andrius Mamontovas, Lietuvos Kamerinis Orkestras*, Dirigentas Modestas Pitr\u0117nas \u2013 \u0160iaur\u0117s Naktis. Pus\u0117 Penki\u0173. 2LP Vinilin\u0117 Plok\u0161tel\u0117 | Vinilozona.lt<\/title>\n<meta name=\"robots\" content=\"index, follow, max-snippet:-1, max-image-preview:large, max-video-preview:-1\" \/>\n<link rel=\"canonical\" href=\"https:\/\/vinilozona.lt\/en\/parduotuve\/lietuviska\/andrius-mamontovas-lietuvos-kamerinis-orkestras-dirigentas-modestas-pitrenas-siaures-naktis-puse-penkiu-2lp\/\" \/>\n<meta property=\"og:locale\" content=\"en_GB\" \/>\n<meta property=\"og:type\" content=\"article\" \/>\n<meta property=\"og:title\" content=\"Andrius Mamontovas, Lietuvos Kamerinis Orkestras*, Dirigentas Modestas Pitr\u0117nas \u2013 \u0160iaur\u0117s Naktis. Pus\u0117 Penki\u0173. 2LP Vinilin\u0117 Plok\u0161tel\u0117 | Vinilozona.lt\" \/>\n<meta property=\"og:description\" content=\"1st press, black vinyl, Label: Fors Events \u2013 none Format:2 x Vinyl, LP, Album, Limited Edition, First Press Country: Lithuania Released: Mar 7, 2019\" \/>\n<meta property=\"og:url\" content=\"https:\/\/vinilozona.lt\/en\/parduotuve\/lietuviska\/andrius-mamontovas-lietuvos-kamerinis-orkestras-dirigentas-modestas-pitrenas-siaures-naktis-puse-penkiu-2lp\/\" \/>\n<meta property=\"og:site_name\" content=\"Vinilo Zona\" \/>\n<meta property=\"article:modified_time\" content=\"2022-08-11T19:19:41+00:00\" \/>\n<meta property=\"og:image\" content=\"https:\/\/vinilozona.lt\/wp-content\/uploads\/2022\/07\/R-13327579-1552220175-3420.jpg\" \/>\n\t<meta property=\"og:image:width\" content=\"599\" \/>\n\t<meta property=\"og:image:height\" content=\"588\" \/>\n\t<meta property=\"og:image:type\" content=\"image\/jpeg\" \/>\n<meta name=\"twitter:card\" content=\"summary_large_image\" \/>\n<script type=\"application\/ld+json\" class=\"yoast-schema-graph\">{\"@context\":\"https:\/\/schema.org\",\"@graph\":[{\"@type\":\"WebPage\",\"@id\":\"https:\/\/vinilozona.lt\/parduotuve\/lietuviska\/andrius-mamontovas-lietuvos-kamerinis-orkestras-dirigentas-modestas-pitrenas-siaures-naktis-puse-penkiu-2lp\/\",\"url\":\"https:\/\/vinilozona.lt\/parduotuve\/lietuviska\/andrius-mamontovas-lietuvos-kamerinis-orkestras-dirigentas-modestas-pitrenas-siaures-naktis-puse-penkiu-2lp\/\",\"name\":\"Andrius Mamontovas, Lietuvos Kamerinis Orkestras*, Dirigentas Modestas Pitr\u0117nas \u2013 \u0160iaur\u0117s Naktis. Pus\u0117 Penki\u0173. 2LP Vinilin\u0117 Plok\u0161tel\u0117 | Vinilozona.lt\",\"isPartOf\":{\"@id\":\"https:\/\/vinilozona.lt\/#website\"},\"primaryImageOfPage\":{\"@id\":\"https:\/\/vinilozona.lt\/parduotuve\/lietuviska\/andrius-mamontovas-lietuvos-kamerinis-orkestras-dirigentas-modestas-pitrenas-siaures-naktis-puse-penkiu-2lp\/#primaryimage\"},\"image\":{\"@id\":\"https:\/\/vinilozona.lt\/parduotuve\/lietuviska\/andrius-mamontovas-lietuvos-kamerinis-orkestras-dirigentas-modestas-pitrenas-siaures-naktis-puse-penkiu-2lp\/#primaryimage\"},\"thumbnailUrl\":\"https:\/\/vinilozona.lt\/wp-content\/uploads\/2022\/07\/R-13327579-1552220175-3420.jpg\",\"datePublished\":\"2022-07-24T15:06:04+00:00\",\"dateModified\":\"2022-08-11T19:19:41+00:00\",\"breadcrumb\":{\"@id\":\"https:\/\/vinilozona.lt\/parduotuve\/lietuviska\/andrius-mamontovas-lietuvos-kamerinis-orkestras-dirigentas-modestas-pitrenas-siaures-naktis-puse-penkiu-2lp\/#breadcrumb\"},\"inLanguage\":\"en-GB\",\"potentialAction\":[{\"@type\":\"ReadAction\",\"target\":[\"https:\/\/vinilozona.lt\/parduotuve\/lietuviska\/andrius-mamontovas-lietuvos-kamerinis-orkestras-dirigentas-modestas-pitrenas-siaures-naktis-puse-penkiu-2lp\/\"]}]},{\"@type\":\"ImageObject\",\"inLanguage\":\"en-GB\",\"@id\":\"https:\/\/vinilozona.lt\/parduotuve\/lietuviska\/andrius-mamontovas-lietuvos-kamerinis-orkestras-dirigentas-modestas-pitrenas-siaures-naktis-puse-penkiu-2lp\/#primaryimage\",\"url\":\"https:\/\/vinilozona.lt\/wp-content\/uploads\/2022\/07\/R-13327579-1552220175-3420.jpg\",\"contentUrl\":\"https:\/\/vinilozona.lt\/wp-content\/uploads\/2022\/07\/R-13327579-1552220175-3420.jpg\",\"width\":599,\"height\":588},{\"@type\":\"BreadcrumbList\",\"@id\":\"https:\/\/vinilozona.lt\/parduotuve\/lietuviska\/andrius-mamontovas-lietuvos-kamerinis-orkestras-dirigentas-modestas-pitrenas-siaures-naktis-puse-penkiu-2lp\/#breadcrumb\",\"itemListElement\":[{\"@type\":\"ListItem\",\"position\":1,\"name\":\"Home\",\"item\":\"https:\/\/vinilozona.lt\/\"},{\"@type\":\"ListItem\",\"position\":2,\"name\":\"Parduotuv\u0117\",\"item\":\"https:\/\/vinilozona.lt\/parduotuve\/\"},{\"@type\":\"ListItem\",\"position\":3,\"name\":\"Andrius Mamontovas, Lietuvos Kamerinis Orkestras*, Dirigentas Modestas Pitr\u0117nas \u2013 \u0160iaur\u0117s Naktis. Pus\u0117 Penki\u0173. 2LP\"}]},{\"@type\":\"WebSite\",\"@id\":\"https:\/\/vinilozona.lt\/#website\",\"url\":\"https:\/\/vinilozona.lt\/\",\"name\":\"Vinilo Zona\",\"description\":\"Nup\u016bsk dulkes ir klausyk LP\",\"potentialAction\":[{\"@type\":\"SearchAction\",\"target\":{\"@type\":\"EntryPoint\",\"urlTemplate\":\"https:\/\/vinilozona.lt\/?s={search_term_string}\"},\"query-input\":{\"@type\":\"PropertyValueSpecification\",\"valueRequired\":true,\"valueName\":\"search_term_string\"}}],\"inLanguage\":\"en-GB\"}]}<\/script>\n<!-- \/ Yoast SEO plugin. -->","yoast_head_json":{"title":"Andrius Mamontovas, Lietuvos Kamerinis Orkestras*, Dirigentas Modestas Pitr\u0117nas \u2013 \u0160iaur\u0117s Naktis. Pus\u0117 Penki\u0173. 2LP Vinilin\u0117 Plok\u0161tel\u0117 | Vinilozona.lt","robots":{"index":"index","follow":"follow","max-snippet":"max-snippet:-1","max-image-preview":"max-image-preview:large","max-video-preview":"max-video-preview:-1"},"canonical":"https:\/\/vinilozona.lt\/en\/parduotuve\/lietuviska\/andrius-mamontovas-lietuvos-kamerinis-orkestras-dirigentas-modestas-pitrenas-siaures-naktis-puse-penkiu-2lp\/","og_locale":"en_GB","og_type":"article","og_title":"Andrius Mamontovas, Lietuvos Kamerinis Orkestras*, Dirigentas Modestas Pitr\u0117nas \u2013 \u0160iaur\u0117s Naktis. Pus\u0117 Penki\u0173. 2LP Vinilin\u0117 Plok\u0161tel\u0117 | Vinilozona.lt","og_description":"1st press, black vinyl, Label: Fors Events \u2013 none Format:2 x Vinyl, LP, Album, Limited Edition, First Press Country: Lithuania Released: Mar 7, 2019","og_url":"https:\/\/vinilozona.lt\/en\/parduotuve\/lietuviska\/andrius-mamontovas-lietuvos-kamerinis-orkestras-dirigentas-modestas-pitrenas-siaures-naktis-puse-penkiu-2lp\/","og_site_name":"Vinilo Zona","article_modified_time":"2022-08-11T19:19:41+00:00","og_image":[{"width":599,"height":588,"url":"https:\/\/vinilozona.lt\/wp-content\/uploads\/2022\/07\/R-13327579-1552220175-3420.jpg","type":"image\/jpeg"}],"twitter_card":"summary_large_image","schema":{"@context":"https:\/\/schema.org","@graph":[{"@type":"WebPage","@id":"https:\/\/vinilozona.lt\/parduotuve\/lietuviska\/andrius-mamontovas-lietuvos-kamerinis-orkestras-dirigentas-modestas-pitrenas-siaures-naktis-puse-penkiu-2lp\/","url":"https:\/\/vinilozona.lt\/parduotuve\/lietuviska\/andrius-mamontovas-lietuvos-kamerinis-orkestras-dirigentas-modestas-pitrenas-siaures-naktis-puse-penkiu-2lp\/","name":"Andrius Mamontovas, Lietuvos Kamerinis Orkestras*, Dirigentas Modestas Pitr\u0117nas \u2013 \u0160iaur\u0117s Naktis. Pus\u0117 Penki\u0173. 2LP Vinilin\u0117 Plok\u0161tel\u0117 | Vinilozona.lt","isPartOf":{"@id":"https:\/\/vinilozona.lt\/#website"},"primaryImageOfPage":{"@id":"https:\/\/vinilozona.lt\/parduotuve\/lietuviska\/andrius-mamontovas-lietuvos-kamerinis-orkestras-dirigentas-modestas-pitrenas-siaures-naktis-puse-penkiu-2lp\/#primaryimage"},"image":{"@id":"https:\/\/vinilozona.lt\/parduotuve\/lietuviska\/andrius-mamontovas-lietuvos-kamerinis-orkestras-dirigentas-modestas-pitrenas-siaures-naktis-puse-penkiu-2lp\/#primaryimage"},"thumbnailUrl":"https:\/\/vinilozona.lt\/wp-content\/uploads\/2022\/07\/R-13327579-1552220175-3420.jpg","datePublished":"2022-07-24T15:06:04+00:00","dateModified":"2022-08-11T19:19:41+00:00","breadcrumb":{"@id":"https:\/\/vinilozona.lt\/parduotuve\/lietuviska\/andrius-mamontovas-lietuvos-kamerinis-orkestras-dirigentas-modestas-pitrenas-siaures-naktis-puse-penkiu-2lp\/#breadcrumb"},"inLanguage":"en-GB","potentialAction":[{"@type":"ReadAction","target":["https:\/\/vinilozona.lt\/parduotuve\/lietuviska\/andrius-mamontovas-lietuvos-kamerinis-orkestras-dirigentas-modestas-pitrenas-siaures-naktis-puse-penkiu-2lp\/"]}]},{"@type":"ImageObject","inLanguage":"en-GB","@id":"https:\/\/vinilozona.lt\/parduotuve\/lietuviska\/andrius-mamontovas-lietuvos-kamerinis-orkestras-dirigentas-modestas-pitrenas-siaures-naktis-puse-penkiu-2lp\/#primaryimage","url":"https:\/\/vinilozona.lt\/wp-content\/uploads\/2022\/07\/R-13327579-1552220175-3420.jpg","contentUrl":"https:\/\/vinilozona.lt\/wp-content\/uploads\/2022\/07\/R-13327579-1552220175-3420.jpg","width":599,"height":588},{"@type":"BreadcrumbList","@id":"https:\/\/vinilozona.lt\/parduotuve\/lietuviska\/andrius-mamontovas-lietuvos-kamerinis-orkestras-dirigentas-modestas-pitrenas-siaures-naktis-puse-penkiu-2lp\/#breadcrumb","itemListElement":[{"@type":"ListItem","position":1,"name":"Home","item":"https:\/\/vinilozona.lt\/"},{"@type":"ListItem","position":2,"name":"Parduotuv\u0117","item":"https:\/\/vinilozona.lt\/parduotuve\/"},{"@type":"ListItem","position":3,"name":"Andrius Mamontovas, Lietuvos Kamerinis Orkestras*, Dirigentas Modestas Pitr\u0117nas \u2013 \u0160iaur\u0117s Naktis. Pus\u0117 Penki\u0173. 2LP"}]},{"@type":"WebSite","@id":"https:\/\/vinilozona.lt\/#website","url":"https:\/\/vinilozona.lt\/","name":"Vinilo Zona","description":"Nup\u016bsk dulkes ir klausyk LP","potentialAction":[{"@type":"SearchAction","target":{"@type":"EntryPoint","urlTemplate":"https:\/\/vinilozona.lt\/?s={search_term_string}"},"query-input":{"@type":"PropertyValueSpecification","valueRequired":true,"valueName":"search_term_string"}}],"inLanguage":"en-GB"}]}},"_links":{"self":[{"href":"https:\/\/vinilozona.lt\/en\/wp-json\/wp\/v2\/product\/19745"}],"collection":[{"href":"https:\/\/vinilozona.lt\/en\/wp-json\/wp\/v2\/product"}],"about":[{"href":"https:\/\/vinilozona.lt\/en\/wp-json\/wp\/v2\/types\/product"}],"wp:featuredmedia":[{"embeddable":true,"href":"https:\/\/vinilozona.lt\/en\/wp-json\/wp\/v2\/media\/19746"}],"wp:attachment":[{"href":"https:\/\/vinilozona.lt\/en\/wp-json\/wp\/v2\/media?parent=19745"}],"wp:term":[{"taxonomy":"product_cat","embeddable":true,"href":"https:\/\/vinilozona.lt\/en\/wp-json\/wp\/v2\/product_cat?post=19745"},{"taxonomy":"product_tag","embeddable":true,"href":"https:\/\/vinilozona.lt\/en\/wp-json\/wp\/v2\/product_tag?post=19745"}],"curies":[{"name":"wp","href":"https:\/\/api.w.org\/{rel}","templated":true}]}}