{"id":19737,"date":"2025-11-11T17:55:01","date_gmt":"2025-11-11T15:55:01","guid":{"rendered":"https:\/\/vinilozona.lt\/?post_type=product&#038;p=19737"},"modified":"2026-02-27T11:35:35","modified_gmt":"2026-02-27T09:35:35","slug":"jauti-apreiskimas","status":"publish","type":"product","link":"https:\/\/vinilozona.lt\/en\/parduotuve\/lietuviska\/jauti-apreiskimas\/","title":{"rendered":"jaut\u00ec \u2013 Aprei\u0161kimas"},"content":{"rendered":"<p>A1\t\tClich\u00e9<br \/>\nA2\t\tMamai<br \/>\nA3\t\tSeklios P\u0117dos<br \/>\nA4\t\tParodyk Tikr\u0105 Veid\u0105<br \/>\nA5\t\tTr\u016bksta Ramyb\u0117s<br \/>\nA6\t\tPavir\u0161iai<br \/>\nB1\t\tPirmoji Meil\u0117<br \/>\nB2\t\tTro\u0161kulys<br \/>\nB3\t\tBand\u017eiau Sustot<br \/>\nB4\t\tAprei\u0161kimas<\/p>","protected":false},"excerpt":{"rendered":"<p>Not On Label (jaut\u00ec Self-released)<br \/>\n\u0160iek tiek \u012flenktas apatinis kairysis voko kampas<\/p>","protected":false},"featured_media":19738,"template":"","meta":[],"product_cat":[19,23],"product_tag":[55],"yoast_head":"<!-- This site is optimized with the Yoast SEO plugin v23.5 - https:\/\/yoast.com\/wordpress\/plugins\/seo\/ -->\n<title>jaut\u00ec \u2013 Aprei\u0161kimas Vinilin\u0117 Plok\u0161tel\u0117 | Vinilozona.lt<\/title>\n<meta name=\"robots\" content=\"index, follow, max-snippet:-1, max-image-preview:large, max-video-preview:-1\" \/>\n<link rel=\"canonical\" href=\"https:\/\/vinilozona.lt\/en\/parduotuve\/lietuviska\/jauti-apreiskimas\/\" \/>\n<meta property=\"og:locale\" content=\"en_GB\" \/>\n<meta property=\"og:type\" content=\"article\" \/>\n<meta property=\"og:title\" content=\"jaut\u00ec \u2013 Aprei\u0161kimas Vinilin\u0117 Plok\u0161tel\u0117 | Vinilozona.lt\" \/>\n<meta property=\"og:description\" content=\"Not On Label (jaut\u00ec Self-released)  \u0160iek tiek \u012flenktas apatinis kairysis voko kampas\" \/>\n<meta property=\"og:url\" content=\"https:\/\/vinilozona.lt\/en\/parduotuve\/lietuviska\/jauti-apreiskimas\/\" \/>\n<meta property=\"og:site_name\" content=\"Vinilo Zona\" \/>\n<meta property=\"article:modified_time\" content=\"2026-02-27T09:35:35+00:00\" \/>\n<meta property=\"og:image\" content=\"https:\/\/vinilozona.lt\/wp-content\/uploads\/2022\/07\/R-19689310-1627731446-3708.jpg\" \/>\n\t<meta property=\"og:image:width\" content=\"600\" \/>\n\t<meta property=\"og:image:height\" content=\"600\" \/>\n\t<meta property=\"og:image:type\" content=\"image\/jpeg\" \/>\n<meta name=\"twitter:card\" content=\"summary_large_image\" \/>\n<script type=\"application\/ld+json\" class=\"yoast-schema-graph\">{\"@context\":\"https:\/\/schema.org\",\"@graph\":[{\"@type\":\"WebPage\",\"@id\":\"https:\/\/vinilozona.lt\/parduotuve\/lietuviska\/jauti-apreiskimas\/\",\"url\":\"https:\/\/vinilozona.lt\/parduotuve\/lietuviska\/jauti-apreiskimas\/\",\"name\":\"jaut\u00ec \u2013 Aprei\u0161kimas Vinilin\u0117 Plok\u0161tel\u0117 | Vinilozona.lt\",\"isPartOf\":{\"@id\":\"https:\/\/vinilozona.lt\/#website\"},\"primaryImageOfPage\":{\"@id\":\"https:\/\/vinilozona.lt\/parduotuve\/lietuviska\/jauti-apreiskimas\/#primaryimage\"},\"image\":{\"@id\":\"https:\/\/vinilozona.lt\/parduotuve\/lietuviska\/jauti-apreiskimas\/#primaryimage\"},\"thumbnailUrl\":\"https:\/\/vinilozona.lt\/wp-content\/uploads\/2022\/07\/R-19689310-1627731446-3708.jpg\",\"datePublished\":\"2025-11-11T15:55:01+00:00\",\"dateModified\":\"2026-02-27T09:35:35+00:00\",\"breadcrumb\":{\"@id\":\"https:\/\/vinilozona.lt\/parduotuve\/lietuviska\/jauti-apreiskimas\/#breadcrumb\"},\"inLanguage\":\"en-GB\",\"potentialAction\":[{\"@type\":\"ReadAction\",\"target\":[\"https:\/\/vinilozona.lt\/parduotuve\/lietuviska\/jauti-apreiskimas\/\"]}]},{\"@type\":\"ImageObject\",\"inLanguage\":\"en-GB\",\"@id\":\"https:\/\/vinilozona.lt\/parduotuve\/lietuviska\/jauti-apreiskimas\/#primaryimage\",\"url\":\"https:\/\/vinilozona.lt\/wp-content\/uploads\/2022\/07\/R-19689310-1627731446-3708.jpg\",\"contentUrl\":\"https:\/\/vinilozona.lt\/wp-content\/uploads\/2022\/07\/R-19689310-1627731446-3708.jpg\",\"width\":600,\"height\":600},{\"@type\":\"BreadcrumbList\",\"@id\":\"https:\/\/vinilozona.lt\/parduotuve\/lietuviska\/jauti-apreiskimas\/#breadcrumb\",\"itemListElement\":[{\"@type\":\"ListItem\",\"position\":1,\"name\":\"Home\",\"item\":\"https:\/\/vinilozona.lt\/\"},{\"@type\":\"ListItem\",\"position\":2,\"name\":\"Parduotuv\u0117\",\"item\":\"https:\/\/vinilozona.lt\/parduotuve\/\"},{\"@type\":\"ListItem\",\"position\":3,\"name\":\"jaut\u00ec \u2013 Aprei\u0161kimas\"}]},{\"@type\":\"WebSite\",\"@id\":\"https:\/\/vinilozona.lt\/#website\",\"url\":\"https:\/\/vinilozona.lt\/\",\"name\":\"Vinilo Zona\",\"description\":\"Nup\u016bsk dulkes ir klausyk LP\",\"potentialAction\":[{\"@type\":\"SearchAction\",\"target\":{\"@type\":\"EntryPoint\",\"urlTemplate\":\"https:\/\/vinilozona.lt\/?s={search_term_string}\"},\"query-input\":{\"@type\":\"PropertyValueSpecification\",\"valueRequired\":true,\"valueName\":\"search_term_string\"}}],\"inLanguage\":\"en-GB\"}]}<\/script>\n<!-- \/ Yoast SEO plugin. -->","yoast_head_json":{"title":"jaut\u00ec \u2013 Aprei\u0161kimas Vinilin\u0117 Plok\u0161tel\u0117 | Vinilozona.lt","robots":{"index":"index","follow":"follow","max-snippet":"max-snippet:-1","max-image-preview":"max-image-preview:large","max-video-preview":"max-video-preview:-1"},"canonical":"https:\/\/vinilozona.lt\/en\/parduotuve\/lietuviska\/jauti-apreiskimas\/","og_locale":"en_GB","og_type":"article","og_title":"jaut\u00ec \u2013 Aprei\u0161kimas Vinilin\u0117 Plok\u0161tel\u0117 | Vinilozona.lt","og_description":"Not On Label (jaut\u00ec Self-released)  \u0160iek tiek \u012flenktas apatinis kairysis voko kampas","og_url":"https:\/\/vinilozona.lt\/en\/parduotuve\/lietuviska\/jauti-apreiskimas\/","og_site_name":"Vinilo Zona","article_modified_time":"2026-02-27T09:35:35+00:00","og_image":[{"width":600,"height":600,"url":"https:\/\/vinilozona.lt\/wp-content\/uploads\/2022\/07\/R-19689310-1627731446-3708.jpg","type":"image\/jpeg"}],"twitter_card":"summary_large_image","schema":{"@context":"https:\/\/schema.org","@graph":[{"@type":"WebPage","@id":"https:\/\/vinilozona.lt\/parduotuve\/lietuviska\/jauti-apreiskimas\/","url":"https:\/\/vinilozona.lt\/parduotuve\/lietuviska\/jauti-apreiskimas\/","name":"jaut\u00ec \u2013 Aprei\u0161kimas Vinilin\u0117 Plok\u0161tel\u0117 | Vinilozona.lt","isPartOf":{"@id":"https:\/\/vinilozona.lt\/#website"},"primaryImageOfPage":{"@id":"https:\/\/vinilozona.lt\/parduotuve\/lietuviska\/jauti-apreiskimas\/#primaryimage"},"image":{"@id":"https:\/\/vinilozona.lt\/parduotuve\/lietuviska\/jauti-apreiskimas\/#primaryimage"},"thumbnailUrl":"https:\/\/vinilozona.lt\/wp-content\/uploads\/2022\/07\/R-19689310-1627731446-3708.jpg","datePublished":"2025-11-11T15:55:01+00:00","dateModified":"2026-02-27T09:35:35+00:00","breadcrumb":{"@id":"https:\/\/vinilozona.lt\/parduotuve\/lietuviska\/jauti-apreiskimas\/#breadcrumb"},"inLanguage":"en-GB","potentialAction":[{"@type":"ReadAction","target":["https:\/\/vinilozona.lt\/parduotuve\/lietuviska\/jauti-apreiskimas\/"]}]},{"@type":"ImageObject","inLanguage":"en-GB","@id":"https:\/\/vinilozona.lt\/parduotuve\/lietuviska\/jauti-apreiskimas\/#primaryimage","url":"https:\/\/vinilozona.lt\/wp-content\/uploads\/2022\/07\/R-19689310-1627731446-3708.jpg","contentUrl":"https:\/\/vinilozona.lt\/wp-content\/uploads\/2022\/07\/R-19689310-1627731446-3708.jpg","width":600,"height":600},{"@type":"BreadcrumbList","@id":"https:\/\/vinilozona.lt\/parduotuve\/lietuviska\/jauti-apreiskimas\/#breadcrumb","itemListElement":[{"@type":"ListItem","position":1,"name":"Home","item":"https:\/\/vinilozona.lt\/"},{"@type":"ListItem","position":2,"name":"Parduotuv\u0117","item":"https:\/\/vinilozona.lt\/parduotuve\/"},{"@type":"ListItem","position":3,"name":"jaut\u00ec \u2013 Aprei\u0161kimas"}]},{"@type":"WebSite","@id":"https:\/\/vinilozona.lt\/#website","url":"https:\/\/vinilozona.lt\/","name":"Vinilo Zona","description":"Nup\u016bsk dulkes ir klausyk LP","potentialAction":[{"@type":"SearchAction","target":{"@type":"EntryPoint","urlTemplate":"https:\/\/vinilozona.lt\/?s={search_term_string}"},"query-input":{"@type":"PropertyValueSpecification","valueRequired":true,"valueName":"search_term_string"}}],"inLanguage":"en-GB"}]}},"_links":{"self":[{"href":"https:\/\/vinilozona.lt\/en\/wp-json\/wp\/v2\/product\/19737"}],"collection":[{"href":"https:\/\/vinilozona.lt\/en\/wp-json\/wp\/v2\/product"}],"about":[{"href":"https:\/\/vinilozona.lt\/en\/wp-json\/wp\/v2\/types\/product"}],"wp:featuredmedia":[{"embeddable":true,"href":"https:\/\/vinilozona.lt\/en\/wp-json\/wp\/v2\/media\/19738"}],"wp:attachment":[{"href":"https:\/\/vinilozona.lt\/en\/wp-json\/wp\/v2\/media?parent=19737"}],"wp:term":[{"taxonomy":"product_cat","embeddable":true,"href":"https:\/\/vinilozona.lt\/en\/wp-json\/wp\/v2\/product_cat?post=19737"},{"taxonomy":"product_tag","embeddable":true,"href":"https:\/\/vinilozona.lt\/en\/wp-json\/wp\/v2\/product_tag?post=19737"}],"curies":[{"name":"wp","href":"https:\/\/api.w.org\/{rel}","templated":true}]}}