{"id":19726,"date":"2022-07-22T10:59:19","date_gmt":"2022-07-22T07:59:19","guid":{"rendered":"https:\/\/vinilozona.lt\/?post_type=product&#038;p=19726"},"modified":"2026-03-22T12:47:23","modified_gmt":"2026-03-22T10:47:23","slug":"frank-sinatra-the-concerts-20-live-greats","status":"publish","type":"product","link":"https:\/\/vinilozona.lt\/en\/parduotuve\/rock-pop\/frank-sinatra-the-concerts-20-live-greats\/","title":{"rendered":"Frank Sinatra \u2013 The Concerts &#8211; 20 Live Greats"},"content":{"rendered":"<p>At Long Last Love\t2:08<br \/>\nI Could Have Danced All Night\t1:58<br \/>\nImagination\t2:06<br \/>\nThe Moon Was Yellow\t2:54<br \/>\nEmbraceable You\t3:09<br \/>\nDancing In The Dark\t2:28<br \/>\nRoad To Mandalay\t2:44<br \/>\nJust One Of Those Things\t2:19<br \/>\nWillow Weep For Me\t3:44<br \/>\nAngel Eyes\t2:54<br \/>\nMy Funny Valentine\t2:36<br \/>\nMy Blue Heaven\t2:02<br \/>\nCome Fly With Me\t2:39<br \/>\nI Get A Kick Out Of You\t2:50<br \/>\nI&#8217;ve Got You Under My Skin\t1:58<br \/>\nApril In Paris\t2:25<br \/>\nAll The Way\t2:00<br \/>\nBewitched\t2:36<br \/>\nThe Lady Is A Tramp\t3:07<br \/>\nNight And Day\t4:00<\/p>","protected":false},"excerpt":{"rendered":"<p>Deja Vu \u2013 DVLP 2061<br \/>\nSeries:\tThe Collection (12)<br \/>\nFormat:<br \/>\nVinyl, LP, Compilation<br \/>\nCountry:\tItaly<br \/>\nReleased:\t1987<\/p>","protected":false},"featured_media":19727,"template":"","meta":[],"product_cat":[15],"product_tag":[44],"yoast_head":"<!-- This site is optimized with the Yoast SEO plugin v23.5 - https:\/\/yoast.com\/wordpress\/plugins\/seo\/ -->\n<title>Frank Sinatra \u2013 The Concerts - 20 Live Greats Vinilin\u0117 Plok\u0161tel\u0117 | Vinilozona.lt<\/title>\n<meta name=\"robots\" content=\"index, follow, max-snippet:-1, max-image-preview:large, max-video-preview:-1\" \/>\n<link rel=\"canonical\" href=\"https:\/\/vinilozona.lt\/en\/parduotuve\/rock-pop\/frank-sinatra-the-concerts-20-live-greats\/\" \/>\n<meta property=\"og:locale\" content=\"en_GB\" \/>\n<meta property=\"og:type\" content=\"article\" \/>\n<meta property=\"og:title\" content=\"Frank Sinatra \u2013 The Concerts - 20 Live Greats Vinilin\u0117 Plok\u0161tel\u0117 | Vinilozona.lt\" \/>\n<meta property=\"og:description\" content=\"Deja Vu \u2013 DVLP 2061 Series: The Collection (12) Format:  Vinyl, LP, Compilation Country: Italy Released: 1987\" \/>\n<meta property=\"og:url\" content=\"https:\/\/vinilozona.lt\/en\/parduotuve\/rock-pop\/frank-sinatra-the-concerts-20-live-greats\/\" \/>\n<meta property=\"og:site_name\" content=\"Vinilo Zona\" \/>\n<meta property=\"article:modified_time\" content=\"2026-03-22T10:47:23+00:00\" \/>\n<meta property=\"og:image\" content=\"https:\/\/vinilozona.lt\/wp-content\/uploads\/2022\/07\/R-3939638-1349898247-3253.jpg\" \/>\n\t<meta property=\"og:image:width\" content=\"600\" \/>\n\t<meta property=\"og:image:height\" content=\"462\" \/>\n\t<meta property=\"og:image:type\" content=\"image\/jpeg\" \/>\n<meta name=\"twitter:card\" content=\"summary_large_image\" \/>\n<script type=\"application\/ld+json\" class=\"yoast-schema-graph\">{\"@context\":\"https:\/\/schema.org\",\"@graph\":[{\"@type\":\"WebPage\",\"@id\":\"https:\/\/vinilozona.lt\/parduotuve\/rock-pop\/frank-sinatra-the-concerts-20-live-greats\/\",\"url\":\"https:\/\/vinilozona.lt\/parduotuve\/rock-pop\/frank-sinatra-the-concerts-20-live-greats\/\",\"name\":\"Frank Sinatra \u2013 The Concerts - 20 Live Greats Vinilin\u0117 Plok\u0161tel\u0117 | Vinilozona.lt\",\"isPartOf\":{\"@id\":\"https:\/\/vinilozona.lt\/#website\"},\"primaryImageOfPage\":{\"@id\":\"https:\/\/vinilozona.lt\/parduotuve\/rock-pop\/frank-sinatra-the-concerts-20-live-greats\/#primaryimage\"},\"image\":{\"@id\":\"https:\/\/vinilozona.lt\/parduotuve\/rock-pop\/frank-sinatra-the-concerts-20-live-greats\/#primaryimage\"},\"thumbnailUrl\":\"https:\/\/vinilozona.lt\/wp-content\/uploads\/2022\/07\/R-3939638-1349898247-3253.jpg\",\"datePublished\":\"2022-07-22T07:59:19+00:00\",\"dateModified\":\"2026-03-22T10:47:23+00:00\",\"breadcrumb\":{\"@id\":\"https:\/\/vinilozona.lt\/parduotuve\/rock-pop\/frank-sinatra-the-concerts-20-live-greats\/#breadcrumb\"},\"inLanguage\":\"en-GB\",\"potentialAction\":[{\"@type\":\"ReadAction\",\"target\":[\"https:\/\/vinilozona.lt\/parduotuve\/rock-pop\/frank-sinatra-the-concerts-20-live-greats\/\"]}]},{\"@type\":\"ImageObject\",\"inLanguage\":\"en-GB\",\"@id\":\"https:\/\/vinilozona.lt\/parduotuve\/rock-pop\/frank-sinatra-the-concerts-20-live-greats\/#primaryimage\",\"url\":\"https:\/\/vinilozona.lt\/wp-content\/uploads\/2022\/07\/R-3939638-1349898247-3253.jpg\",\"contentUrl\":\"https:\/\/vinilozona.lt\/wp-content\/uploads\/2022\/07\/R-3939638-1349898247-3253.jpg\",\"width\":600,\"height\":462},{\"@type\":\"BreadcrumbList\",\"@id\":\"https:\/\/vinilozona.lt\/parduotuve\/rock-pop\/frank-sinatra-the-concerts-20-live-greats\/#breadcrumb\",\"itemListElement\":[{\"@type\":\"ListItem\",\"position\":1,\"name\":\"Home\",\"item\":\"https:\/\/vinilozona.lt\/\"},{\"@type\":\"ListItem\",\"position\":2,\"name\":\"Parduotuv\u0117\",\"item\":\"https:\/\/vinilozona.lt\/parduotuve\/\"},{\"@type\":\"ListItem\",\"position\":3,\"name\":\"Frank Sinatra \u2013 The Concerts &#8211; 20 Live Greats\"}]},{\"@type\":\"WebSite\",\"@id\":\"https:\/\/vinilozona.lt\/#website\",\"url\":\"https:\/\/vinilozona.lt\/\",\"name\":\"Vinilo Zona\",\"description\":\"Nup\u016bsk dulkes ir klausyk LP\",\"potentialAction\":[{\"@type\":\"SearchAction\",\"target\":{\"@type\":\"EntryPoint\",\"urlTemplate\":\"https:\/\/vinilozona.lt\/?s={search_term_string}\"},\"query-input\":{\"@type\":\"PropertyValueSpecification\",\"valueRequired\":true,\"valueName\":\"search_term_string\"}}],\"inLanguage\":\"en-GB\"}]}<\/script>\n<!-- \/ Yoast SEO plugin. -->","yoast_head_json":{"title":"Frank Sinatra \u2013 The Concerts - 20 Live Greats Vinilin\u0117 Plok\u0161tel\u0117 | Vinilozona.lt","robots":{"index":"index","follow":"follow","max-snippet":"max-snippet:-1","max-image-preview":"max-image-preview:large","max-video-preview":"max-video-preview:-1"},"canonical":"https:\/\/vinilozona.lt\/en\/parduotuve\/rock-pop\/frank-sinatra-the-concerts-20-live-greats\/","og_locale":"en_GB","og_type":"article","og_title":"Frank Sinatra \u2013 The Concerts - 20 Live Greats Vinilin\u0117 Plok\u0161tel\u0117 | Vinilozona.lt","og_description":"Deja Vu \u2013 DVLP 2061 Series: The Collection (12) Format:  Vinyl, LP, Compilation Country: Italy Released: 1987","og_url":"https:\/\/vinilozona.lt\/en\/parduotuve\/rock-pop\/frank-sinatra-the-concerts-20-live-greats\/","og_site_name":"Vinilo Zona","article_modified_time":"2026-03-22T10:47:23+00:00","og_image":[{"width":600,"height":462,"url":"https:\/\/vinilozona.lt\/wp-content\/uploads\/2022\/07\/R-3939638-1349898247-3253.jpg","type":"image\/jpeg"}],"twitter_card":"summary_large_image","schema":{"@context":"https:\/\/schema.org","@graph":[{"@type":"WebPage","@id":"https:\/\/vinilozona.lt\/parduotuve\/rock-pop\/frank-sinatra-the-concerts-20-live-greats\/","url":"https:\/\/vinilozona.lt\/parduotuve\/rock-pop\/frank-sinatra-the-concerts-20-live-greats\/","name":"Frank Sinatra \u2013 The Concerts - 20 Live Greats Vinilin\u0117 Plok\u0161tel\u0117 | Vinilozona.lt","isPartOf":{"@id":"https:\/\/vinilozona.lt\/#website"},"primaryImageOfPage":{"@id":"https:\/\/vinilozona.lt\/parduotuve\/rock-pop\/frank-sinatra-the-concerts-20-live-greats\/#primaryimage"},"image":{"@id":"https:\/\/vinilozona.lt\/parduotuve\/rock-pop\/frank-sinatra-the-concerts-20-live-greats\/#primaryimage"},"thumbnailUrl":"https:\/\/vinilozona.lt\/wp-content\/uploads\/2022\/07\/R-3939638-1349898247-3253.jpg","datePublished":"2022-07-22T07:59:19+00:00","dateModified":"2026-03-22T10:47:23+00:00","breadcrumb":{"@id":"https:\/\/vinilozona.lt\/parduotuve\/rock-pop\/frank-sinatra-the-concerts-20-live-greats\/#breadcrumb"},"inLanguage":"en-GB","potentialAction":[{"@type":"ReadAction","target":["https:\/\/vinilozona.lt\/parduotuve\/rock-pop\/frank-sinatra-the-concerts-20-live-greats\/"]}]},{"@type":"ImageObject","inLanguage":"en-GB","@id":"https:\/\/vinilozona.lt\/parduotuve\/rock-pop\/frank-sinatra-the-concerts-20-live-greats\/#primaryimage","url":"https:\/\/vinilozona.lt\/wp-content\/uploads\/2022\/07\/R-3939638-1349898247-3253.jpg","contentUrl":"https:\/\/vinilozona.lt\/wp-content\/uploads\/2022\/07\/R-3939638-1349898247-3253.jpg","width":600,"height":462},{"@type":"BreadcrumbList","@id":"https:\/\/vinilozona.lt\/parduotuve\/rock-pop\/frank-sinatra-the-concerts-20-live-greats\/#breadcrumb","itemListElement":[{"@type":"ListItem","position":1,"name":"Home","item":"https:\/\/vinilozona.lt\/"},{"@type":"ListItem","position":2,"name":"Parduotuv\u0117","item":"https:\/\/vinilozona.lt\/parduotuve\/"},{"@type":"ListItem","position":3,"name":"Frank Sinatra \u2013 The Concerts &#8211; 20 Live Greats"}]},{"@type":"WebSite","@id":"https:\/\/vinilozona.lt\/#website","url":"https:\/\/vinilozona.lt\/","name":"Vinilo Zona","description":"Nup\u016bsk dulkes ir klausyk LP","potentialAction":[{"@type":"SearchAction","target":{"@type":"EntryPoint","urlTemplate":"https:\/\/vinilozona.lt\/?s={search_term_string}"},"query-input":{"@type":"PropertyValueSpecification","valueRequired":true,"valueName":"search_term_string"}}],"inLanguage":"en-GB"}]}},"_links":{"self":[{"href":"https:\/\/vinilozona.lt\/en\/wp-json\/wp\/v2\/product\/19726"}],"collection":[{"href":"https:\/\/vinilozona.lt\/en\/wp-json\/wp\/v2\/product"}],"about":[{"href":"https:\/\/vinilozona.lt\/en\/wp-json\/wp\/v2\/types\/product"}],"wp:featuredmedia":[{"embeddable":true,"href":"https:\/\/vinilozona.lt\/en\/wp-json\/wp\/v2\/media\/19727"}],"wp:attachment":[{"href":"https:\/\/vinilozona.lt\/en\/wp-json\/wp\/v2\/media?parent=19726"}],"wp:term":[{"taxonomy":"product_cat","embeddable":true,"href":"https:\/\/vinilozona.lt\/en\/wp-json\/wp\/v2\/product_cat?post=19726"},{"taxonomy":"product_tag","embeddable":true,"href":"https:\/\/vinilozona.lt\/en\/wp-json\/wp\/v2\/product_tag?post=19726"}],"curies":[{"name":"wp","href":"https:\/\/api.w.org\/{rel}","templated":true}]}}