{"id":19697,"date":"2025-08-07T05:05:17","date_gmt":"2025-08-07T02:05:17","guid":{"rendered":"https:\/\/vinilozona.lt\/?post_type=product&#038;p=19697"},"modified":"2025-12-23T21:19:59","modified_gmt":"2025-12-23T19:19:59","slug":"lifetime-lifetime-tony-williams-jack-bruce-john-mclaughlin-larry-young","status":"publish","type":"product","link":"https:\/\/vinilozona.lt\/en\/parduotuve\/jazz\/lifetime-lifetime-tony-williams-jack-bruce-john-mclaughlin-larry-young\/","title":{"rendered":"Hugh Masekela \u2013 Trumpet Africaine"},"content":{"rendered":"<p>A1\t\tSatisfying Song\t2:04<br \/>\nA2\t\tMerci Bon Dieu\t2:18<br \/>\nA3\t\tHouse Of The Rising Sun\t2:52<br \/>\nA4\t\tSit Down (Lord, I Can&#8217;t Sit Down)\t3:00<br \/>\nA5\t\tHe&#8217;s Gone Away\t2:22<br \/>\nA6\t\tClick Song\t2:29<br \/>\nB1\t\tGuinean Song\t2:12<br \/>\nB2\t\tOx Drivers Song\t2:38<br \/>\nB3\t\tUmhome\t2:39<br \/>\nB4\t\tMagwalandini\t2:21<br \/>\nB5\t\tMorning Of The Carnival (Theme From &#8222;Black Orpheus&#8221;)\t2:01<br \/>\nB6\t\tWimoweh\t2:18<\/p>","protected":false},"excerpt":{"rendered":"<p>Honey Pie Records  \u2013 HONEY069<br \/>\nFormat:<br \/>\nVinyl, LP, Album,<br \/>\nCountry:\tEU<br \/>\nReleased:\t2023<\/p>","protected":false},"featured_media":25539,"template":"","meta":[],"product_cat":[20,23],"product_tag":[55],"yoast_head":"<!-- This site is optimized with the Yoast SEO plugin v23.5 - https:\/\/yoast.com\/wordpress\/plugins\/seo\/ -->\n<title>Hugh Masekela \u2013 Trumpet Africaine Vinilin\u0117 Plok\u0161tel\u0117 | Vinilozona.lt<\/title>\n<meta name=\"robots\" content=\"index, follow, max-snippet:-1, max-image-preview:large, max-video-preview:-1\" \/>\n<link rel=\"canonical\" href=\"https:\/\/vinilozona.lt\/en\/parduotuve\/jazz\/lifetime-lifetime-tony-williams-jack-bruce-john-mclaughlin-larry-young\/\" \/>\n<meta property=\"og:locale\" content=\"en_GB\" \/>\n<meta property=\"og:type\" content=\"article\" \/>\n<meta property=\"og:title\" content=\"Hugh Masekela \u2013 Trumpet Africaine Vinilin\u0117 Plok\u0161tel\u0117 | Vinilozona.lt\" \/>\n<meta property=\"og:description\" content=\"Honey Pie Records \u2013 HONEY069 Format:  Vinyl, LP, Album,  Country: EU Released: 2023\" \/>\n<meta property=\"og:url\" content=\"https:\/\/vinilozona.lt\/en\/parduotuve\/jazz\/lifetime-lifetime-tony-williams-jack-bruce-john-mclaughlin-larry-young\/\" \/>\n<meta property=\"og:site_name\" content=\"Vinilo Zona\" \/>\n<meta property=\"article:modified_time\" content=\"2025-12-23T19:19:59+00:00\" \/>\n<meta property=\"og:image\" content=\"https:\/\/vinilozona.lt\/wp-content\/uploads\/2022\/07\/R-26807996-1701596199-2742.jpg\" \/>\n\t<meta property=\"og:image:width\" content=\"600\" \/>\n\t<meta property=\"og:image:height\" content=\"600\" \/>\n\t<meta property=\"og:image:type\" content=\"image\/jpeg\" \/>\n<meta name=\"twitter:card\" content=\"summary_large_image\" \/>\n<script type=\"application\/ld+json\" class=\"yoast-schema-graph\">{\"@context\":\"https:\/\/schema.org\",\"@graph\":[{\"@type\":\"WebPage\",\"@id\":\"https:\/\/vinilozona.lt\/parduotuve\/jazz\/lifetime-lifetime-tony-williams-jack-bruce-john-mclaughlin-larry-young\/\",\"url\":\"https:\/\/vinilozona.lt\/parduotuve\/jazz\/lifetime-lifetime-tony-williams-jack-bruce-john-mclaughlin-larry-young\/\",\"name\":\"Hugh Masekela \u2013 Trumpet Africaine Vinilin\u0117 Plok\u0161tel\u0117 | Vinilozona.lt\",\"isPartOf\":{\"@id\":\"https:\/\/vinilozona.lt\/#website\"},\"primaryImageOfPage\":{\"@id\":\"https:\/\/vinilozona.lt\/parduotuve\/jazz\/lifetime-lifetime-tony-williams-jack-bruce-john-mclaughlin-larry-young\/#primaryimage\"},\"image\":{\"@id\":\"https:\/\/vinilozona.lt\/parduotuve\/jazz\/lifetime-lifetime-tony-williams-jack-bruce-john-mclaughlin-larry-young\/#primaryimage\"},\"thumbnailUrl\":\"https:\/\/vinilozona.lt\/wp-content\/uploads\/2022\/07\/R-26807996-1701596199-2742.jpg\",\"datePublished\":\"2025-08-07T02:05:17+00:00\",\"dateModified\":\"2025-12-23T19:19:59+00:00\",\"breadcrumb\":{\"@id\":\"https:\/\/vinilozona.lt\/parduotuve\/jazz\/lifetime-lifetime-tony-williams-jack-bruce-john-mclaughlin-larry-young\/#breadcrumb\"},\"inLanguage\":\"en-GB\",\"potentialAction\":[{\"@type\":\"ReadAction\",\"target\":[\"https:\/\/vinilozona.lt\/parduotuve\/jazz\/lifetime-lifetime-tony-williams-jack-bruce-john-mclaughlin-larry-young\/\"]}]},{\"@type\":\"ImageObject\",\"inLanguage\":\"en-GB\",\"@id\":\"https:\/\/vinilozona.lt\/parduotuve\/jazz\/lifetime-lifetime-tony-williams-jack-bruce-john-mclaughlin-larry-young\/#primaryimage\",\"url\":\"https:\/\/vinilozona.lt\/wp-content\/uploads\/2022\/07\/R-26807996-1701596199-2742.jpg\",\"contentUrl\":\"https:\/\/vinilozona.lt\/wp-content\/uploads\/2022\/07\/R-26807996-1701596199-2742.jpg\",\"width\":600,\"height\":600},{\"@type\":\"BreadcrumbList\",\"@id\":\"https:\/\/vinilozona.lt\/parduotuve\/jazz\/lifetime-lifetime-tony-williams-jack-bruce-john-mclaughlin-larry-young\/#breadcrumb\",\"itemListElement\":[{\"@type\":\"ListItem\",\"position\":1,\"name\":\"Home\",\"item\":\"https:\/\/vinilozona.lt\/\"},{\"@type\":\"ListItem\",\"position\":2,\"name\":\"Parduotuv\u0117\",\"item\":\"https:\/\/vinilozona.lt\/parduotuve\/\"},{\"@type\":\"ListItem\",\"position\":3,\"name\":\"Hugh Masekela \u2013 Trumpet Africaine\"}]},{\"@type\":\"WebSite\",\"@id\":\"https:\/\/vinilozona.lt\/#website\",\"url\":\"https:\/\/vinilozona.lt\/\",\"name\":\"Vinilo Zona\",\"description\":\"Nup\u016bsk dulkes ir klausyk LP\",\"potentialAction\":[{\"@type\":\"SearchAction\",\"target\":{\"@type\":\"EntryPoint\",\"urlTemplate\":\"https:\/\/vinilozona.lt\/?s={search_term_string}\"},\"query-input\":{\"@type\":\"PropertyValueSpecification\",\"valueRequired\":true,\"valueName\":\"search_term_string\"}}],\"inLanguage\":\"en-GB\"}]}<\/script>\n<!-- \/ Yoast SEO plugin. -->","yoast_head_json":{"title":"Hugh Masekela \u2013 Trumpet Africaine Vinilin\u0117 Plok\u0161tel\u0117 | Vinilozona.lt","robots":{"index":"index","follow":"follow","max-snippet":"max-snippet:-1","max-image-preview":"max-image-preview:large","max-video-preview":"max-video-preview:-1"},"canonical":"https:\/\/vinilozona.lt\/en\/parduotuve\/jazz\/lifetime-lifetime-tony-williams-jack-bruce-john-mclaughlin-larry-young\/","og_locale":"en_GB","og_type":"article","og_title":"Hugh Masekela \u2013 Trumpet Africaine Vinilin\u0117 Plok\u0161tel\u0117 | Vinilozona.lt","og_description":"Honey Pie Records \u2013 HONEY069 Format:  Vinyl, LP, Album,  Country: EU Released: 2023","og_url":"https:\/\/vinilozona.lt\/en\/parduotuve\/jazz\/lifetime-lifetime-tony-williams-jack-bruce-john-mclaughlin-larry-young\/","og_site_name":"Vinilo Zona","article_modified_time":"2025-12-23T19:19:59+00:00","og_image":[{"width":600,"height":600,"url":"https:\/\/vinilozona.lt\/wp-content\/uploads\/2022\/07\/R-26807996-1701596199-2742.jpg","type":"image\/jpeg"}],"twitter_card":"summary_large_image","schema":{"@context":"https:\/\/schema.org","@graph":[{"@type":"WebPage","@id":"https:\/\/vinilozona.lt\/parduotuve\/jazz\/lifetime-lifetime-tony-williams-jack-bruce-john-mclaughlin-larry-young\/","url":"https:\/\/vinilozona.lt\/parduotuve\/jazz\/lifetime-lifetime-tony-williams-jack-bruce-john-mclaughlin-larry-young\/","name":"Hugh Masekela \u2013 Trumpet Africaine Vinilin\u0117 Plok\u0161tel\u0117 | Vinilozona.lt","isPartOf":{"@id":"https:\/\/vinilozona.lt\/#website"},"primaryImageOfPage":{"@id":"https:\/\/vinilozona.lt\/parduotuve\/jazz\/lifetime-lifetime-tony-williams-jack-bruce-john-mclaughlin-larry-young\/#primaryimage"},"image":{"@id":"https:\/\/vinilozona.lt\/parduotuve\/jazz\/lifetime-lifetime-tony-williams-jack-bruce-john-mclaughlin-larry-young\/#primaryimage"},"thumbnailUrl":"https:\/\/vinilozona.lt\/wp-content\/uploads\/2022\/07\/R-26807996-1701596199-2742.jpg","datePublished":"2025-08-07T02:05:17+00:00","dateModified":"2025-12-23T19:19:59+00:00","breadcrumb":{"@id":"https:\/\/vinilozona.lt\/parduotuve\/jazz\/lifetime-lifetime-tony-williams-jack-bruce-john-mclaughlin-larry-young\/#breadcrumb"},"inLanguage":"en-GB","potentialAction":[{"@type":"ReadAction","target":["https:\/\/vinilozona.lt\/parduotuve\/jazz\/lifetime-lifetime-tony-williams-jack-bruce-john-mclaughlin-larry-young\/"]}]},{"@type":"ImageObject","inLanguage":"en-GB","@id":"https:\/\/vinilozona.lt\/parduotuve\/jazz\/lifetime-lifetime-tony-williams-jack-bruce-john-mclaughlin-larry-young\/#primaryimage","url":"https:\/\/vinilozona.lt\/wp-content\/uploads\/2022\/07\/R-26807996-1701596199-2742.jpg","contentUrl":"https:\/\/vinilozona.lt\/wp-content\/uploads\/2022\/07\/R-26807996-1701596199-2742.jpg","width":600,"height":600},{"@type":"BreadcrumbList","@id":"https:\/\/vinilozona.lt\/parduotuve\/jazz\/lifetime-lifetime-tony-williams-jack-bruce-john-mclaughlin-larry-young\/#breadcrumb","itemListElement":[{"@type":"ListItem","position":1,"name":"Home","item":"https:\/\/vinilozona.lt\/"},{"@type":"ListItem","position":2,"name":"Parduotuv\u0117","item":"https:\/\/vinilozona.lt\/parduotuve\/"},{"@type":"ListItem","position":3,"name":"Hugh Masekela \u2013 Trumpet Africaine"}]},{"@type":"WebSite","@id":"https:\/\/vinilozona.lt\/#website","url":"https:\/\/vinilozona.lt\/","name":"Vinilo Zona","description":"Nup\u016bsk dulkes ir klausyk LP","potentialAction":[{"@type":"SearchAction","target":{"@type":"EntryPoint","urlTemplate":"https:\/\/vinilozona.lt\/?s={search_term_string}"},"query-input":{"@type":"PropertyValueSpecification","valueRequired":true,"valueName":"search_term_string"}}],"inLanguage":"en-GB"}]}},"_links":{"self":[{"href":"https:\/\/vinilozona.lt\/en\/wp-json\/wp\/v2\/product\/19697"}],"collection":[{"href":"https:\/\/vinilozona.lt\/en\/wp-json\/wp\/v2\/product"}],"about":[{"href":"https:\/\/vinilozona.lt\/en\/wp-json\/wp\/v2\/types\/product"}],"wp:featuredmedia":[{"embeddable":true,"href":"https:\/\/vinilozona.lt\/en\/wp-json\/wp\/v2\/media\/25539"}],"wp:attachment":[{"href":"https:\/\/vinilozona.lt\/en\/wp-json\/wp\/v2\/media?parent=19697"}],"wp:term":[{"taxonomy":"product_cat","embeddable":true,"href":"https:\/\/vinilozona.lt\/en\/wp-json\/wp\/v2\/product_cat?post=19697"},{"taxonomy":"product_tag","embeddable":true,"href":"https:\/\/vinilozona.lt\/en\/wp-json\/wp\/v2\/product_tag?post=19697"}],"curies":[{"name":"wp","href":"https:\/\/api.w.org\/{rel}","templated":true}]}}