{"id":19676,"date":"2022-07-13T12:08:04","date_gmt":"2022-07-13T09:08:04","guid":{"rendered":"https:\/\/vinilozona.lt\/?post_type=product&#038;p=19676"},"modified":"2022-07-13T12:08:04","modified_gmt":"2022-07-13T09:08:04","slug":"robbie-robertson-robbie-robertson-feat-peter-gabriel-terry-bozio-tony-levin-manu-katche-bill-dillon","status":"publish","type":"product","link":"https:\/\/vinilozona.lt\/en\/parduotuve\/rock-pop\/robbie-robertson-robbie-robertson-feat-peter-gabriel-terry-bozio-tony-levin-manu-katche-bill-dillon\/","title":{"rendered":"Robbie Robertson \u2013 Robbie Robertson  feat. Peter Gabriel, Terry Bozio, Tony Levin, Manu Katche, Bill Dillon"},"content":{"rendered":"<p>Fallen Angel\t5:54<br \/>\nShowdown At Big Sky\t4:48<br \/>\nBroken Arrow\t5:23<br \/>\nSweet Fire Of Love\t5:17<br \/>\nAmerican Roulette\t4:57<br \/>\nSomewhere Down The Crazy River\t4:57<br \/>\nHell&#8217;s Half Acre\t4:21<br \/>\nSonny Got Caught In The Moonlight\t3:52<br \/>\nTestimony\t4:50<\/p>","protected":false},"excerpt":{"rendered":"<p>Geffen Records \u2013 GHS 24160<br \/>\nFormat:<br \/>\nVinyl, LP, Album, Club Edition<br \/>\nCountry:  Yugoslavia<br \/>\nReleased:\t1987<\/p>","protected":false},"featured_media":19677,"template":"","meta":[],"product_cat":[15],"product_tag":[44],"yoast_head":"<!-- This site is optimized with the Yoast SEO plugin v23.5 - https:\/\/yoast.com\/wordpress\/plugins\/seo\/ -->\n<title>Robbie Robertson \u2013 Robbie Robertson feat. Peter Gabriel, Terry Bozio, Tony Levin, Manu Katche, Bill Dillon Vinilin\u0117 Plok\u0161tel\u0117 | Vinilozona.lt<\/title>\n<meta name=\"robots\" content=\"index, follow, max-snippet:-1, max-image-preview:large, max-video-preview:-1\" \/>\n<link rel=\"canonical\" href=\"https:\/\/vinilozona.lt\/en\/parduotuve\/rock-pop\/robbie-robertson-robbie-robertson-feat-peter-gabriel-terry-bozio-tony-levin-manu-katche-bill-dillon\/\" \/>\n<meta property=\"og:locale\" content=\"en_GB\" \/>\n<meta property=\"og:type\" content=\"article\" \/>\n<meta property=\"og:title\" content=\"Robbie Robertson \u2013 Robbie Robertson feat. Peter Gabriel, Terry Bozio, Tony Levin, Manu Katche, Bill Dillon Vinilin\u0117 Plok\u0161tel\u0117 | Vinilozona.lt\" \/>\n<meta property=\"og:description\" content=\"Geffen Records \u2013 GHS 24160 Format:  Vinyl, LP, Album, Club Edition Country: Yugoslavia Released: 1987\" \/>\n<meta property=\"og:url\" content=\"https:\/\/vinilozona.lt\/en\/parduotuve\/rock-pop\/robbie-robertson-robbie-robertson-feat-peter-gabriel-terry-bozio-tony-levin-manu-katche-bill-dillon\/\" \/>\n<meta property=\"og:site_name\" content=\"Vinilo Zona\" \/>\n<meta property=\"og:image\" content=\"https:\/\/vinilozona.lt\/wp-content\/uploads\/2022\/07\/R-6135212-1412891301-9027.jpg\" \/>\n\t<meta property=\"og:image:width\" content=\"600\" \/>\n\t<meta property=\"og:image:height\" content=\"589\" \/>\n\t<meta property=\"og:image:type\" content=\"image\/jpeg\" \/>\n<meta name=\"twitter:card\" content=\"summary_large_image\" \/>\n<script type=\"application\/ld+json\" class=\"yoast-schema-graph\">{\"@context\":\"https:\/\/schema.org\",\"@graph\":[{\"@type\":\"WebPage\",\"@id\":\"https:\/\/vinilozona.lt\/en\/parduotuve\/rock-pop\/robbie-robertson-robbie-robertson-feat-peter-gabriel-terry-bozio-tony-levin-manu-katche-bill-dillon\/\",\"url\":\"https:\/\/vinilozona.lt\/en\/parduotuve\/rock-pop\/robbie-robertson-robbie-robertson-feat-peter-gabriel-terry-bozio-tony-levin-manu-katche-bill-dillon\/\",\"name\":\"Robbie Robertson \u2013 Robbie Robertson feat. Peter Gabriel, Terry Bozio, Tony Levin, Manu Katche, Bill Dillon Vinilin\u0117 Plok\u0161tel\u0117 | Vinilozona.lt\",\"isPartOf\":{\"@id\":\"https:\/\/vinilozona.lt\/#website\"},\"primaryImageOfPage\":{\"@id\":\"https:\/\/vinilozona.lt\/en\/parduotuve\/rock-pop\/robbie-robertson-robbie-robertson-feat-peter-gabriel-terry-bozio-tony-levin-manu-katche-bill-dillon\/#primaryimage\"},\"image\":{\"@id\":\"https:\/\/vinilozona.lt\/en\/parduotuve\/rock-pop\/robbie-robertson-robbie-robertson-feat-peter-gabriel-terry-bozio-tony-levin-manu-katche-bill-dillon\/#primaryimage\"},\"thumbnailUrl\":\"https:\/\/vinilozona.lt\/wp-content\/uploads\/2022\/07\/R-6135212-1412891301-9027.jpg\",\"datePublished\":\"2022-07-13T09:08:04+00:00\",\"dateModified\":\"2022-07-13T09:08:04+00:00\",\"breadcrumb\":{\"@id\":\"https:\/\/vinilozona.lt\/en\/parduotuve\/rock-pop\/robbie-robertson-robbie-robertson-feat-peter-gabriel-terry-bozio-tony-levin-manu-katche-bill-dillon\/#breadcrumb\"},\"inLanguage\":\"en-GB\",\"potentialAction\":[{\"@type\":\"ReadAction\",\"target\":[\"https:\/\/vinilozona.lt\/en\/parduotuve\/rock-pop\/robbie-robertson-robbie-robertson-feat-peter-gabriel-terry-bozio-tony-levin-manu-katche-bill-dillon\/\"]}]},{\"@type\":\"ImageObject\",\"inLanguage\":\"en-GB\",\"@id\":\"https:\/\/vinilozona.lt\/en\/parduotuve\/rock-pop\/robbie-robertson-robbie-robertson-feat-peter-gabriel-terry-bozio-tony-levin-manu-katche-bill-dillon\/#primaryimage\",\"url\":\"https:\/\/vinilozona.lt\/wp-content\/uploads\/2022\/07\/R-6135212-1412891301-9027.jpg\",\"contentUrl\":\"https:\/\/vinilozona.lt\/wp-content\/uploads\/2022\/07\/R-6135212-1412891301-9027.jpg\",\"width\":600,\"height\":589},{\"@type\":\"BreadcrumbList\",\"@id\":\"https:\/\/vinilozona.lt\/en\/parduotuve\/rock-pop\/robbie-robertson-robbie-robertson-feat-peter-gabriel-terry-bozio-tony-levin-manu-katche-bill-dillon\/#breadcrumb\",\"itemListElement\":[{\"@type\":\"ListItem\",\"position\":1,\"name\":\"Home\",\"item\":\"https:\/\/vinilozona.lt\/\"},{\"@type\":\"ListItem\",\"position\":2,\"name\":\"Parduotuv\u0117\",\"item\":\"https:\/\/vinilozona.lt\/parduotuve\/\"},{\"@type\":\"ListItem\",\"position\":3,\"name\":\"Robbie Robertson \u2013 Robbie Robertson feat. Peter Gabriel, Terry Bozio, Tony Levin, Manu Katche, Bill Dillon\"}]},{\"@type\":\"WebSite\",\"@id\":\"https:\/\/vinilozona.lt\/#website\",\"url\":\"https:\/\/vinilozona.lt\/\",\"name\":\"Vinilo Zona\",\"description\":\"Nup\u016bsk dulkes ir klausyk LP\",\"potentialAction\":[{\"@type\":\"SearchAction\",\"target\":{\"@type\":\"EntryPoint\",\"urlTemplate\":\"https:\/\/vinilozona.lt\/?s={search_term_string}\"},\"query-input\":{\"@type\":\"PropertyValueSpecification\",\"valueRequired\":true,\"valueName\":\"search_term_string\"}}],\"inLanguage\":\"en-GB\"}]}<\/script>\n<!-- \/ Yoast SEO plugin. -->","yoast_head_json":{"title":"Robbie Robertson \u2013 Robbie Robertson feat. Peter Gabriel, Terry Bozio, Tony Levin, Manu Katche, Bill Dillon Vinilin\u0117 Plok\u0161tel\u0117 | Vinilozona.lt","robots":{"index":"index","follow":"follow","max-snippet":"max-snippet:-1","max-image-preview":"max-image-preview:large","max-video-preview":"max-video-preview:-1"},"canonical":"https:\/\/vinilozona.lt\/en\/parduotuve\/rock-pop\/robbie-robertson-robbie-robertson-feat-peter-gabriel-terry-bozio-tony-levin-manu-katche-bill-dillon\/","og_locale":"en_GB","og_type":"article","og_title":"Robbie Robertson \u2013 Robbie Robertson feat. Peter Gabriel, Terry Bozio, Tony Levin, Manu Katche, Bill Dillon Vinilin\u0117 Plok\u0161tel\u0117 | Vinilozona.lt","og_description":"Geffen Records \u2013 GHS 24160 Format:  Vinyl, LP, Album, Club Edition Country: Yugoslavia Released: 1987","og_url":"https:\/\/vinilozona.lt\/en\/parduotuve\/rock-pop\/robbie-robertson-robbie-robertson-feat-peter-gabriel-terry-bozio-tony-levin-manu-katche-bill-dillon\/","og_site_name":"Vinilo Zona","og_image":[{"width":600,"height":589,"url":"https:\/\/vinilozona.lt\/wp-content\/uploads\/2022\/07\/R-6135212-1412891301-9027.jpg","type":"image\/jpeg"}],"twitter_card":"summary_large_image","schema":{"@context":"https:\/\/schema.org","@graph":[{"@type":"WebPage","@id":"https:\/\/vinilozona.lt\/en\/parduotuve\/rock-pop\/robbie-robertson-robbie-robertson-feat-peter-gabriel-terry-bozio-tony-levin-manu-katche-bill-dillon\/","url":"https:\/\/vinilozona.lt\/en\/parduotuve\/rock-pop\/robbie-robertson-robbie-robertson-feat-peter-gabriel-terry-bozio-tony-levin-manu-katche-bill-dillon\/","name":"Robbie Robertson \u2013 Robbie Robertson feat. Peter Gabriel, Terry Bozio, Tony Levin, Manu Katche, Bill Dillon Vinilin\u0117 Plok\u0161tel\u0117 | Vinilozona.lt","isPartOf":{"@id":"https:\/\/vinilozona.lt\/#website"},"primaryImageOfPage":{"@id":"https:\/\/vinilozona.lt\/en\/parduotuve\/rock-pop\/robbie-robertson-robbie-robertson-feat-peter-gabriel-terry-bozio-tony-levin-manu-katche-bill-dillon\/#primaryimage"},"image":{"@id":"https:\/\/vinilozona.lt\/en\/parduotuve\/rock-pop\/robbie-robertson-robbie-robertson-feat-peter-gabriel-terry-bozio-tony-levin-manu-katche-bill-dillon\/#primaryimage"},"thumbnailUrl":"https:\/\/vinilozona.lt\/wp-content\/uploads\/2022\/07\/R-6135212-1412891301-9027.jpg","datePublished":"2022-07-13T09:08:04+00:00","dateModified":"2022-07-13T09:08:04+00:00","breadcrumb":{"@id":"https:\/\/vinilozona.lt\/en\/parduotuve\/rock-pop\/robbie-robertson-robbie-robertson-feat-peter-gabriel-terry-bozio-tony-levin-manu-katche-bill-dillon\/#breadcrumb"},"inLanguage":"en-GB","potentialAction":[{"@type":"ReadAction","target":["https:\/\/vinilozona.lt\/en\/parduotuve\/rock-pop\/robbie-robertson-robbie-robertson-feat-peter-gabriel-terry-bozio-tony-levin-manu-katche-bill-dillon\/"]}]},{"@type":"ImageObject","inLanguage":"en-GB","@id":"https:\/\/vinilozona.lt\/en\/parduotuve\/rock-pop\/robbie-robertson-robbie-robertson-feat-peter-gabriel-terry-bozio-tony-levin-manu-katche-bill-dillon\/#primaryimage","url":"https:\/\/vinilozona.lt\/wp-content\/uploads\/2022\/07\/R-6135212-1412891301-9027.jpg","contentUrl":"https:\/\/vinilozona.lt\/wp-content\/uploads\/2022\/07\/R-6135212-1412891301-9027.jpg","width":600,"height":589},{"@type":"BreadcrumbList","@id":"https:\/\/vinilozona.lt\/en\/parduotuve\/rock-pop\/robbie-robertson-robbie-robertson-feat-peter-gabriel-terry-bozio-tony-levin-manu-katche-bill-dillon\/#breadcrumb","itemListElement":[{"@type":"ListItem","position":1,"name":"Home","item":"https:\/\/vinilozona.lt\/"},{"@type":"ListItem","position":2,"name":"Parduotuv\u0117","item":"https:\/\/vinilozona.lt\/parduotuve\/"},{"@type":"ListItem","position":3,"name":"Robbie Robertson \u2013 Robbie Robertson feat. Peter Gabriel, Terry Bozio, Tony Levin, Manu Katche, Bill Dillon"}]},{"@type":"WebSite","@id":"https:\/\/vinilozona.lt\/#website","url":"https:\/\/vinilozona.lt\/","name":"Vinilo Zona","description":"Nup\u016bsk dulkes ir klausyk LP","potentialAction":[{"@type":"SearchAction","target":{"@type":"EntryPoint","urlTemplate":"https:\/\/vinilozona.lt\/?s={search_term_string}"},"query-input":{"@type":"PropertyValueSpecification","valueRequired":true,"valueName":"search_term_string"}}],"inLanguage":"en-GB"}]}},"_links":{"self":[{"href":"https:\/\/vinilozona.lt\/en\/wp-json\/wp\/v2\/product\/19676"}],"collection":[{"href":"https:\/\/vinilozona.lt\/en\/wp-json\/wp\/v2\/product"}],"about":[{"href":"https:\/\/vinilozona.lt\/en\/wp-json\/wp\/v2\/types\/product"}],"wp:featuredmedia":[{"embeddable":true,"href":"https:\/\/vinilozona.lt\/en\/wp-json\/wp\/v2\/media\/19677"}],"wp:attachment":[{"href":"https:\/\/vinilozona.lt\/en\/wp-json\/wp\/v2\/media?parent=19676"}],"wp:term":[{"taxonomy":"product_cat","embeddable":true,"href":"https:\/\/vinilozona.lt\/en\/wp-json\/wp\/v2\/product_cat?post=19676"},{"taxonomy":"product_tag","embeddable":true,"href":"https:\/\/vinilozona.lt\/en\/wp-json\/wp\/v2\/product_tag?post=19676"}],"curies":[{"name":"wp","href":"https:\/\/api.w.org\/{rel}","templated":true}]}}