{"id":1958,"date":"2025-05-29T05:04:52","date_gmt":"2025-05-29T02:04:52","guid":{"rendered":"https:\/\/vinylhome.lt\/?post_type=product&#038;p=1958"},"modified":"2025-05-29T06:35:12","modified_gmt":"2025-05-29T03:35:12","slug":"david-lee-roth-%e2%80%8e-crazy-from-the-heat","status":"publish","type":"product","link":"https:\/\/vinilozona.lt\/en\/parduotuve\/rock-pop\/david-lee-roth-%e2%80%8e-crazy-from-the-heat\/","title":{"rendered":"David Lee Roth \u200e\u2013 Crazy From The Heat"},"content":{"rendered":"<p>Easy Street\t3:45<br \/>\nMedley\t(4:39)<br \/>\nJust A Gigolo<br \/>\nI Ain&#8217;t Got Nobody<br \/>\nCalifornia Girls\t2:50<br \/>\nCoconut Grove\t2:52<\/p>","protected":false},"excerpt":{"rendered":"<p>Warner Bros. Records \u2013 925 222-1<br \/>\nFormat:<br \/>\nVinyl, 12&#8243;, 33 \u2153 RPM, EP<br \/>\nCountry:\tEurope<br \/>\nReleased:\t1985<\/p>","protected":false},"featured_media":1959,"template":"","meta":[],"product_cat":[15],"product_tag":[44],"yoast_head":"<!-- This site is optimized with the Yoast SEO plugin v23.5 - https:\/\/yoast.com\/wordpress\/plugins\/seo\/ -->\n<title>David Lee Roth \u200e\u2013 Crazy From The Heat Vinilin\u0117 Plok\u0161tel\u0117 | Vinilozona.lt<\/title>\n<meta name=\"robots\" content=\"index, follow, max-snippet:-1, max-image-preview:large, max-video-preview:-1\" \/>\n<link rel=\"canonical\" href=\"https:\/\/vinilozona.lt\/en\/parduotuve\/rock-pop\/david-lee-roth-\u200e-crazy-from-the-heat\/\" \/>\n<meta property=\"og:locale\" content=\"en_GB\" \/>\n<meta property=\"og:type\" content=\"article\" \/>\n<meta property=\"og:title\" content=\"David Lee Roth \u200e\u2013 Crazy From The Heat Vinilin\u0117 Plok\u0161tel\u0117 | Vinilozona.lt\" \/>\n<meta property=\"og:description\" content=\"Warner Bros. Records \u2013 925 222-1 Format:  Vinyl, 12&quot;, 33 \u2153 RPM, EP Country: Europe Released: 1985\" \/>\n<meta property=\"og:url\" content=\"https:\/\/vinilozona.lt\/en\/parduotuve\/rock-pop\/david-lee-roth-\u200e-crazy-from-the-heat\/\" \/>\n<meta property=\"og:site_name\" content=\"Vinilo Zona\" \/>\n<meta property=\"article:modified_time\" content=\"2025-05-29T03:35:12+00:00\" \/>\n<meta property=\"og:image\" content=\"https:\/\/vinilozona.lt\/wp-content\/uploads\/2019\/12\/david-lee-roth-crazy-from-the-heat-1.jpg\" \/>\n\t<meta property=\"og:image:width\" content=\"467\" \/>\n\t<meta property=\"og:image:height\" content=\"350\" \/>\n\t<meta property=\"og:image:type\" content=\"image\/jpeg\" \/>\n<meta name=\"twitter:card\" content=\"summary_large_image\" \/>\n<script type=\"application\/ld+json\" class=\"yoast-schema-graph\">{\"@context\":\"https:\/\/schema.org\",\"@graph\":[{\"@type\":\"WebPage\",\"@id\":\"https:\/\/vinilozona.lt\/parduotuve\/rock-pop\/david-lee-roth-%e2%80%8e-crazy-from-the-heat\/\",\"url\":\"https:\/\/vinilozona.lt\/parduotuve\/rock-pop\/david-lee-roth-%e2%80%8e-crazy-from-the-heat\/\",\"name\":\"David Lee Roth \u200e\u2013 Crazy From The Heat Vinilin\u0117 Plok\u0161tel\u0117 | Vinilozona.lt\",\"isPartOf\":{\"@id\":\"https:\/\/vinilozona.lt\/#website\"},\"primaryImageOfPage\":{\"@id\":\"https:\/\/vinilozona.lt\/parduotuve\/rock-pop\/david-lee-roth-%e2%80%8e-crazy-from-the-heat\/#primaryimage\"},\"image\":{\"@id\":\"https:\/\/vinilozona.lt\/parduotuve\/rock-pop\/david-lee-roth-%e2%80%8e-crazy-from-the-heat\/#primaryimage\"},\"thumbnailUrl\":\"https:\/\/vinilozona.lt\/wp-content\/uploads\/2019\/12\/david-lee-roth-crazy-from-the-heat-1.jpg\",\"datePublished\":\"2025-05-29T02:04:52+00:00\",\"dateModified\":\"2025-05-29T03:35:12+00:00\",\"breadcrumb\":{\"@id\":\"https:\/\/vinilozona.lt\/parduotuve\/rock-pop\/david-lee-roth-%e2%80%8e-crazy-from-the-heat\/#breadcrumb\"},\"inLanguage\":\"en-GB\",\"potentialAction\":[{\"@type\":\"ReadAction\",\"target\":[\"https:\/\/vinilozona.lt\/parduotuve\/rock-pop\/david-lee-roth-%e2%80%8e-crazy-from-the-heat\/\"]}]},{\"@type\":\"ImageObject\",\"inLanguage\":\"en-GB\",\"@id\":\"https:\/\/vinilozona.lt\/parduotuve\/rock-pop\/david-lee-roth-%e2%80%8e-crazy-from-the-heat\/#primaryimage\",\"url\":\"https:\/\/vinilozona.lt\/wp-content\/uploads\/2019\/12\/david-lee-roth-crazy-from-the-heat-1.jpg\",\"contentUrl\":\"https:\/\/vinilozona.lt\/wp-content\/uploads\/2019\/12\/david-lee-roth-crazy-from-the-heat-1.jpg\",\"width\":467,\"height\":350},{\"@type\":\"BreadcrumbList\",\"@id\":\"https:\/\/vinilozona.lt\/parduotuve\/rock-pop\/david-lee-roth-%e2%80%8e-crazy-from-the-heat\/#breadcrumb\",\"itemListElement\":[{\"@type\":\"ListItem\",\"position\":1,\"name\":\"Home\",\"item\":\"https:\/\/vinilozona.lt\/\"},{\"@type\":\"ListItem\",\"position\":2,\"name\":\"Parduotuv\u0117\",\"item\":\"https:\/\/vinilozona.lt\/parduotuve\/\"},{\"@type\":\"ListItem\",\"position\":3,\"name\":\"David Lee Roth \u200e\u2013 Crazy From The Heat\"}]},{\"@type\":\"WebSite\",\"@id\":\"https:\/\/vinilozona.lt\/#website\",\"url\":\"https:\/\/vinilozona.lt\/\",\"name\":\"Vinilo Zona\",\"description\":\"Nup\u016bsk dulkes ir klausyk LP\",\"potentialAction\":[{\"@type\":\"SearchAction\",\"target\":{\"@type\":\"EntryPoint\",\"urlTemplate\":\"https:\/\/vinilozona.lt\/?s={search_term_string}\"},\"query-input\":{\"@type\":\"PropertyValueSpecification\",\"valueRequired\":true,\"valueName\":\"search_term_string\"}}],\"inLanguage\":\"en-GB\"}]}<\/script>\n<!-- \/ Yoast SEO plugin. -->","yoast_head_json":{"title":"David Lee Roth \u200e\u2013 Crazy From The Heat Vinilin\u0117 Plok\u0161tel\u0117 | Vinilozona.lt","robots":{"index":"index","follow":"follow","max-snippet":"max-snippet:-1","max-image-preview":"max-image-preview:large","max-video-preview":"max-video-preview:-1"},"canonical":"https:\/\/vinilozona.lt\/en\/parduotuve\/rock-pop\/david-lee-roth-\u200e-crazy-from-the-heat\/","og_locale":"en_GB","og_type":"article","og_title":"David Lee Roth \u200e\u2013 Crazy From The Heat Vinilin\u0117 Plok\u0161tel\u0117 | Vinilozona.lt","og_description":"Warner Bros. Records \u2013 925 222-1 Format:  Vinyl, 12\", 33 \u2153 RPM, EP Country: Europe Released: 1985","og_url":"https:\/\/vinilozona.lt\/en\/parduotuve\/rock-pop\/david-lee-roth-\u200e-crazy-from-the-heat\/","og_site_name":"Vinilo Zona","article_modified_time":"2025-05-29T03:35:12+00:00","og_image":[{"width":467,"height":350,"url":"https:\/\/vinilozona.lt\/wp-content\/uploads\/2019\/12\/david-lee-roth-crazy-from-the-heat-1.jpg","type":"image\/jpeg"}],"twitter_card":"summary_large_image","schema":{"@context":"https:\/\/schema.org","@graph":[{"@type":"WebPage","@id":"https:\/\/vinilozona.lt\/parduotuve\/rock-pop\/david-lee-roth-%e2%80%8e-crazy-from-the-heat\/","url":"https:\/\/vinilozona.lt\/parduotuve\/rock-pop\/david-lee-roth-%e2%80%8e-crazy-from-the-heat\/","name":"David Lee Roth \u200e\u2013 Crazy From The Heat Vinilin\u0117 Plok\u0161tel\u0117 | Vinilozona.lt","isPartOf":{"@id":"https:\/\/vinilozona.lt\/#website"},"primaryImageOfPage":{"@id":"https:\/\/vinilozona.lt\/parduotuve\/rock-pop\/david-lee-roth-%e2%80%8e-crazy-from-the-heat\/#primaryimage"},"image":{"@id":"https:\/\/vinilozona.lt\/parduotuve\/rock-pop\/david-lee-roth-%e2%80%8e-crazy-from-the-heat\/#primaryimage"},"thumbnailUrl":"https:\/\/vinilozona.lt\/wp-content\/uploads\/2019\/12\/david-lee-roth-crazy-from-the-heat-1.jpg","datePublished":"2025-05-29T02:04:52+00:00","dateModified":"2025-05-29T03:35:12+00:00","breadcrumb":{"@id":"https:\/\/vinilozona.lt\/parduotuve\/rock-pop\/david-lee-roth-%e2%80%8e-crazy-from-the-heat\/#breadcrumb"},"inLanguage":"en-GB","potentialAction":[{"@type":"ReadAction","target":["https:\/\/vinilozona.lt\/parduotuve\/rock-pop\/david-lee-roth-%e2%80%8e-crazy-from-the-heat\/"]}]},{"@type":"ImageObject","inLanguage":"en-GB","@id":"https:\/\/vinilozona.lt\/parduotuve\/rock-pop\/david-lee-roth-%e2%80%8e-crazy-from-the-heat\/#primaryimage","url":"https:\/\/vinilozona.lt\/wp-content\/uploads\/2019\/12\/david-lee-roth-crazy-from-the-heat-1.jpg","contentUrl":"https:\/\/vinilozona.lt\/wp-content\/uploads\/2019\/12\/david-lee-roth-crazy-from-the-heat-1.jpg","width":467,"height":350},{"@type":"BreadcrumbList","@id":"https:\/\/vinilozona.lt\/parduotuve\/rock-pop\/david-lee-roth-%e2%80%8e-crazy-from-the-heat\/#breadcrumb","itemListElement":[{"@type":"ListItem","position":1,"name":"Home","item":"https:\/\/vinilozona.lt\/"},{"@type":"ListItem","position":2,"name":"Parduotuv\u0117","item":"https:\/\/vinilozona.lt\/parduotuve\/"},{"@type":"ListItem","position":3,"name":"David Lee Roth \u200e\u2013 Crazy From The Heat"}]},{"@type":"WebSite","@id":"https:\/\/vinilozona.lt\/#website","url":"https:\/\/vinilozona.lt\/","name":"Vinilo Zona","description":"Nup\u016bsk dulkes ir klausyk LP","potentialAction":[{"@type":"SearchAction","target":{"@type":"EntryPoint","urlTemplate":"https:\/\/vinilozona.lt\/?s={search_term_string}"},"query-input":{"@type":"PropertyValueSpecification","valueRequired":true,"valueName":"search_term_string"}}],"inLanguage":"en-GB"}]}},"_links":{"self":[{"href":"https:\/\/vinilozona.lt\/en\/wp-json\/wp\/v2\/product\/1958"}],"collection":[{"href":"https:\/\/vinilozona.lt\/en\/wp-json\/wp\/v2\/product"}],"about":[{"href":"https:\/\/vinilozona.lt\/en\/wp-json\/wp\/v2\/types\/product"}],"wp:featuredmedia":[{"embeddable":true,"href":"https:\/\/vinilozona.lt\/en\/wp-json\/wp\/v2\/media\/1959"}],"wp:attachment":[{"href":"https:\/\/vinilozona.lt\/en\/wp-json\/wp\/v2\/media?parent=1958"}],"wp:term":[{"taxonomy":"product_cat","embeddable":true,"href":"https:\/\/vinilozona.lt\/en\/wp-json\/wp\/v2\/product_cat?post=1958"},{"taxonomy":"product_tag","embeddable":true,"href":"https:\/\/vinilozona.lt\/en\/wp-json\/wp\/v2\/product_tag?post=1958"}],"curies":[{"name":"wp","href":"https:\/\/api.w.org\/{rel}","templated":true}]}}