{"id":19529,"date":"2025-09-08T05:03:03","date_gmt":"2025-09-08T02:03:03","guid":{"rendered":"https:\/\/vinilozona.lt\/?post_type=product&#038;p=19529"},"modified":"2025-09-08T08:39:40","modified_gmt":"2025-09-08T05:39:40","slug":"chet-baker-it-could-happen-to-you-chet-baker-sings","status":"publish","type":"product","link":"https:\/\/vinilozona.lt\/en\/parduotuve\/jazz\/chet-baker-it-could-happen-to-you-chet-baker-sings\/","title":{"rendered":"Chet Baker \u2013 It Could Happen To You &#8211; Chet Baker Sings"},"content":{"rendered":"<p>Do It The Hard Way\t2:57<br \/>\nI&#8217;m Old Fashioned\t5:00<br \/>\nYou&#8217;re Driving Me Crazy\t2:52<br \/>\nIt Could Happen To You\t2:48<br \/>\nMy Heart Stood Still\t3:24<br \/>\nThe More I See You\t3:01<br \/>\nEverything Happens To Me\t5:01<br \/>\nDancing On The Ceiling\t3:05<br \/>\nHow Long Has This Been Going On?\t4:06<br \/>\nOld Devil Moon\t2:54<\/p>","protected":false},"excerpt":{"rendered":"<p>DOM-Ermitage \u2013 VNL 12226 LP<br \/>\nFormat:<br \/>\nVinyl, LP, Album, Reissue,<br \/>\nCountry:\tEurope<br \/>\nReleased:\t2012<\/p>","protected":false},"featured_media":19530,"template":"","meta":[],"product_cat":[20,23],"product_tag":[74],"yoast_head":"<!-- This site is optimized with the Yoast SEO plugin v23.5 - https:\/\/yoast.com\/wordpress\/plugins\/seo\/ -->\n<title>Chet Baker \u2013 It Could Happen To You - Chet Baker Sings Vinilin\u0117 Plok\u0161tel\u0117 | Vinilozona.lt<\/title>\n<meta name=\"robots\" content=\"index, follow, max-snippet:-1, max-image-preview:large, max-video-preview:-1\" \/>\n<link rel=\"canonical\" href=\"https:\/\/vinilozona.lt\/en\/parduotuve\/jazz\/chet-baker-it-could-happen-to-you-chet-baker-sings\/\" \/>\n<meta property=\"og:locale\" content=\"en_GB\" \/>\n<meta property=\"og:type\" content=\"article\" \/>\n<meta property=\"og:title\" content=\"Chet Baker \u2013 It Could Happen To You - Chet Baker Sings Vinilin\u0117 Plok\u0161tel\u0117 | Vinilozona.lt\" \/>\n<meta property=\"og:description\" content=\"DOM-Ermitage \u2013 VNL 12226 LP Format:  Vinyl, LP, Album, Reissue,  Country: Europe Released: 2012\" \/>\n<meta property=\"og:url\" content=\"https:\/\/vinilozona.lt\/en\/parduotuve\/jazz\/chet-baker-it-could-happen-to-you-chet-baker-sings\/\" \/>\n<meta property=\"og:site_name\" content=\"Vinilo Zona\" \/>\n<meta property=\"article:modified_time\" content=\"2025-09-08T05:39:40+00:00\" \/>\n<meta property=\"og:image\" content=\"https:\/\/vinilozona.lt\/wp-content\/uploads\/2022\/07\/R-9047303-1482034164-5935.jpg\" \/>\n\t<meta property=\"og:image:width\" content=\"595\" \/>\n\t<meta property=\"og:image:height\" content=\"595\" \/>\n\t<meta property=\"og:image:type\" content=\"image\/jpeg\" \/>\n<meta name=\"twitter:card\" content=\"summary_large_image\" \/>\n<script type=\"application\/ld+json\" class=\"yoast-schema-graph\">{\"@context\":\"https:\/\/schema.org\",\"@graph\":[{\"@type\":\"WebPage\",\"@id\":\"https:\/\/vinilozona.lt\/parduotuve\/jazz\/chet-baker-it-could-happen-to-you-chet-baker-sings\/\",\"url\":\"https:\/\/vinilozona.lt\/parduotuve\/jazz\/chet-baker-it-could-happen-to-you-chet-baker-sings\/\",\"name\":\"Chet Baker \u2013 It Could Happen To You - Chet Baker Sings Vinilin\u0117 Plok\u0161tel\u0117 | Vinilozona.lt\",\"isPartOf\":{\"@id\":\"https:\/\/vinilozona.lt\/#website\"},\"primaryImageOfPage\":{\"@id\":\"https:\/\/vinilozona.lt\/parduotuve\/jazz\/chet-baker-it-could-happen-to-you-chet-baker-sings\/#primaryimage\"},\"image\":{\"@id\":\"https:\/\/vinilozona.lt\/parduotuve\/jazz\/chet-baker-it-could-happen-to-you-chet-baker-sings\/#primaryimage\"},\"thumbnailUrl\":\"https:\/\/vinilozona.lt\/wp-content\/uploads\/2022\/07\/R-9047303-1482034164-5935.jpg\",\"datePublished\":\"2025-09-08T02:03:03+00:00\",\"dateModified\":\"2025-09-08T05:39:40+00:00\",\"breadcrumb\":{\"@id\":\"https:\/\/vinilozona.lt\/parduotuve\/jazz\/chet-baker-it-could-happen-to-you-chet-baker-sings\/#breadcrumb\"},\"inLanguage\":\"en-GB\",\"potentialAction\":[{\"@type\":\"ReadAction\",\"target\":[\"https:\/\/vinilozona.lt\/parduotuve\/jazz\/chet-baker-it-could-happen-to-you-chet-baker-sings\/\"]}]},{\"@type\":\"ImageObject\",\"inLanguage\":\"en-GB\",\"@id\":\"https:\/\/vinilozona.lt\/parduotuve\/jazz\/chet-baker-it-could-happen-to-you-chet-baker-sings\/#primaryimage\",\"url\":\"https:\/\/vinilozona.lt\/wp-content\/uploads\/2022\/07\/R-9047303-1482034164-5935.jpg\",\"contentUrl\":\"https:\/\/vinilozona.lt\/wp-content\/uploads\/2022\/07\/R-9047303-1482034164-5935.jpg\",\"width\":595,\"height\":595},{\"@type\":\"BreadcrumbList\",\"@id\":\"https:\/\/vinilozona.lt\/parduotuve\/jazz\/chet-baker-it-could-happen-to-you-chet-baker-sings\/#breadcrumb\",\"itemListElement\":[{\"@type\":\"ListItem\",\"position\":1,\"name\":\"Home\",\"item\":\"https:\/\/vinilozona.lt\/\"},{\"@type\":\"ListItem\",\"position\":2,\"name\":\"Parduotuv\u0117\",\"item\":\"https:\/\/vinilozona.lt\/parduotuve\/\"},{\"@type\":\"ListItem\",\"position\":3,\"name\":\"Chet Baker \u2013 It Could Happen To You &#8211; Chet Baker Sings\"}]},{\"@type\":\"WebSite\",\"@id\":\"https:\/\/vinilozona.lt\/#website\",\"url\":\"https:\/\/vinilozona.lt\/\",\"name\":\"Vinilo Zona\",\"description\":\"Nup\u016bsk dulkes ir klausyk LP\",\"potentialAction\":[{\"@type\":\"SearchAction\",\"target\":{\"@type\":\"EntryPoint\",\"urlTemplate\":\"https:\/\/vinilozona.lt\/?s={search_term_string}\"},\"query-input\":{\"@type\":\"PropertyValueSpecification\",\"valueRequired\":true,\"valueName\":\"search_term_string\"}}],\"inLanguage\":\"en-GB\"}]}<\/script>\n<!-- \/ Yoast SEO plugin. -->","yoast_head_json":{"title":"Chet Baker \u2013 It Could Happen To You - Chet Baker Sings Vinilin\u0117 Plok\u0161tel\u0117 | Vinilozona.lt","robots":{"index":"index","follow":"follow","max-snippet":"max-snippet:-1","max-image-preview":"max-image-preview:large","max-video-preview":"max-video-preview:-1"},"canonical":"https:\/\/vinilozona.lt\/en\/parduotuve\/jazz\/chet-baker-it-could-happen-to-you-chet-baker-sings\/","og_locale":"en_GB","og_type":"article","og_title":"Chet Baker \u2013 It Could Happen To You - Chet Baker Sings Vinilin\u0117 Plok\u0161tel\u0117 | Vinilozona.lt","og_description":"DOM-Ermitage \u2013 VNL 12226 LP Format:  Vinyl, LP, Album, Reissue,  Country: Europe Released: 2012","og_url":"https:\/\/vinilozona.lt\/en\/parduotuve\/jazz\/chet-baker-it-could-happen-to-you-chet-baker-sings\/","og_site_name":"Vinilo Zona","article_modified_time":"2025-09-08T05:39:40+00:00","og_image":[{"width":595,"height":595,"url":"https:\/\/vinilozona.lt\/wp-content\/uploads\/2022\/07\/R-9047303-1482034164-5935.jpg","type":"image\/jpeg"}],"twitter_card":"summary_large_image","schema":{"@context":"https:\/\/schema.org","@graph":[{"@type":"WebPage","@id":"https:\/\/vinilozona.lt\/parduotuve\/jazz\/chet-baker-it-could-happen-to-you-chet-baker-sings\/","url":"https:\/\/vinilozona.lt\/parduotuve\/jazz\/chet-baker-it-could-happen-to-you-chet-baker-sings\/","name":"Chet Baker \u2013 It Could Happen To You - Chet Baker Sings Vinilin\u0117 Plok\u0161tel\u0117 | Vinilozona.lt","isPartOf":{"@id":"https:\/\/vinilozona.lt\/#website"},"primaryImageOfPage":{"@id":"https:\/\/vinilozona.lt\/parduotuve\/jazz\/chet-baker-it-could-happen-to-you-chet-baker-sings\/#primaryimage"},"image":{"@id":"https:\/\/vinilozona.lt\/parduotuve\/jazz\/chet-baker-it-could-happen-to-you-chet-baker-sings\/#primaryimage"},"thumbnailUrl":"https:\/\/vinilozona.lt\/wp-content\/uploads\/2022\/07\/R-9047303-1482034164-5935.jpg","datePublished":"2025-09-08T02:03:03+00:00","dateModified":"2025-09-08T05:39:40+00:00","breadcrumb":{"@id":"https:\/\/vinilozona.lt\/parduotuve\/jazz\/chet-baker-it-could-happen-to-you-chet-baker-sings\/#breadcrumb"},"inLanguage":"en-GB","potentialAction":[{"@type":"ReadAction","target":["https:\/\/vinilozona.lt\/parduotuve\/jazz\/chet-baker-it-could-happen-to-you-chet-baker-sings\/"]}]},{"@type":"ImageObject","inLanguage":"en-GB","@id":"https:\/\/vinilozona.lt\/parduotuve\/jazz\/chet-baker-it-could-happen-to-you-chet-baker-sings\/#primaryimage","url":"https:\/\/vinilozona.lt\/wp-content\/uploads\/2022\/07\/R-9047303-1482034164-5935.jpg","contentUrl":"https:\/\/vinilozona.lt\/wp-content\/uploads\/2022\/07\/R-9047303-1482034164-5935.jpg","width":595,"height":595},{"@type":"BreadcrumbList","@id":"https:\/\/vinilozona.lt\/parduotuve\/jazz\/chet-baker-it-could-happen-to-you-chet-baker-sings\/#breadcrumb","itemListElement":[{"@type":"ListItem","position":1,"name":"Home","item":"https:\/\/vinilozona.lt\/"},{"@type":"ListItem","position":2,"name":"Parduotuv\u0117","item":"https:\/\/vinilozona.lt\/parduotuve\/"},{"@type":"ListItem","position":3,"name":"Chet Baker \u2013 It Could Happen To You &#8211; Chet Baker Sings"}]},{"@type":"WebSite","@id":"https:\/\/vinilozona.lt\/#website","url":"https:\/\/vinilozona.lt\/","name":"Vinilo Zona","description":"Nup\u016bsk dulkes ir klausyk LP","potentialAction":[{"@type":"SearchAction","target":{"@type":"EntryPoint","urlTemplate":"https:\/\/vinilozona.lt\/?s={search_term_string}"},"query-input":{"@type":"PropertyValueSpecification","valueRequired":true,"valueName":"search_term_string"}}],"inLanguage":"en-GB"}]}},"_links":{"self":[{"href":"https:\/\/vinilozona.lt\/en\/wp-json\/wp\/v2\/product\/19529"}],"collection":[{"href":"https:\/\/vinilozona.lt\/en\/wp-json\/wp\/v2\/product"}],"about":[{"href":"https:\/\/vinilozona.lt\/en\/wp-json\/wp\/v2\/types\/product"}],"wp:featuredmedia":[{"embeddable":true,"href":"https:\/\/vinilozona.lt\/en\/wp-json\/wp\/v2\/media\/19530"}],"wp:attachment":[{"href":"https:\/\/vinilozona.lt\/en\/wp-json\/wp\/v2\/media?parent=19529"}],"wp:term":[{"taxonomy":"product_cat","embeddable":true,"href":"https:\/\/vinilozona.lt\/en\/wp-json\/wp\/v2\/product_cat?post=19529"},{"taxonomy":"product_tag","embeddable":true,"href":"https:\/\/vinilozona.lt\/en\/wp-json\/wp\/v2\/product_tag?post=19529"}],"curies":[{"name":"wp","href":"https:\/\/api.w.org\/{rel}","templated":true}]}}