{"id":19481,"date":"2025-01-27T05:18:49","date_gmt":"2025-01-27T03:18:49","guid":{"rendered":"https:\/\/vinilozona.lt\/?post_type=product&#038;p=19481"},"modified":"2025-01-27T09:03:23","modified_gmt":"2025-01-27T07:03:23","slug":"agnetha-faltskog-wrap-your-arms-around-me","status":"publish","type":"product","link":"https:\/\/vinilozona.lt\/en\/parduotuve\/rock-pop\/agnetha-faltskog-wrap-your-arms-around-me\/","title":{"rendered":"Agnetha F\u00e4ltskog \u2013 Wrap Your Arms Around Me"},"content":{"rendered":"<p>The Heat Is On\t3:50<br \/>\nCan&#8217;t Shake Loose\t4:20<br \/>\nShame\t3:40<br \/>\nStay\t3:20<br \/>\nOnce Burned, Twice Shy\t3:40<br \/>\nMr. Persuasion\t2:45<br \/>\nWrap Your Arms Around Me\t5:15<br \/>\nTo Love\t3:49<br \/>\nI Wish Tonight Could Last Forever\t4:12<br \/>\nMan\t3:31<br \/>\nTake Good Care Of Your Children\t3:42<br \/>\nStand By My Side\t4:16<\/p>","protected":false},"excerpt":{"rendered":"<p>Polar \u2013 POLS 365<br \/>\nFormat:<br \/>\nVinyl, LP, Album, SIB Tryck<br \/>\nCountry:\tScandinavia<br \/>\nReleased:\t1983<\/p>","protected":false},"featured_media":19482,"template":"","meta":[],"product_cat":[15],"product_tag":[55],"yoast_head":"<!-- This site is optimized with the Yoast SEO plugin v23.5 - https:\/\/yoast.com\/wordpress\/plugins\/seo\/ -->\n<title>Agnetha F\u00e4ltskog \u2013 Wrap Your Arms Around Me Vinilin\u0117 Plok\u0161tel\u0117 | Vinilozona.lt<\/title>\n<meta name=\"robots\" content=\"index, follow, max-snippet:-1, max-image-preview:large, max-video-preview:-1\" \/>\n<link rel=\"canonical\" href=\"https:\/\/vinilozona.lt\/en\/parduotuve\/rock-pop\/agnetha-faltskog-wrap-your-arms-around-me\/\" \/>\n<meta property=\"og:locale\" content=\"en_GB\" \/>\n<meta property=\"og:type\" content=\"article\" \/>\n<meta property=\"og:title\" content=\"Agnetha F\u00e4ltskog \u2013 Wrap Your Arms Around Me Vinilin\u0117 Plok\u0161tel\u0117 | Vinilozona.lt\" \/>\n<meta property=\"og:description\" content=\"Polar \u2013 POLS 365 Format:  Vinyl, LP, Album, SIB Tryck Country: Scandinavia Released: 1983\" \/>\n<meta property=\"og:url\" content=\"https:\/\/vinilozona.lt\/en\/parduotuve\/rock-pop\/agnetha-faltskog-wrap-your-arms-around-me\/\" \/>\n<meta property=\"og:site_name\" content=\"Vinilo Zona\" \/>\n<meta property=\"article:modified_time\" content=\"2025-01-27T07:03:23+00:00\" \/>\n<meta property=\"og:image\" content=\"https:\/\/vinilozona.lt\/wp-content\/uploads\/2022\/06\/R-885656-1312440428.jpg\" \/>\n\t<meta property=\"og:image:width\" content=\"600\" \/>\n\t<meta property=\"og:image:height\" content=\"582\" \/>\n\t<meta property=\"og:image:type\" content=\"image\/jpeg\" \/>\n<meta name=\"twitter:card\" content=\"summary_large_image\" \/>\n<script type=\"application\/ld+json\" class=\"yoast-schema-graph\">{\"@context\":\"https:\/\/schema.org\",\"@graph\":[{\"@type\":\"WebPage\",\"@id\":\"https:\/\/vinilozona.lt\/parduotuve\/rock-pop\/agnetha-faltskog-wrap-your-arms-around-me\/\",\"url\":\"https:\/\/vinilozona.lt\/parduotuve\/rock-pop\/agnetha-faltskog-wrap-your-arms-around-me\/\",\"name\":\"Agnetha F\u00e4ltskog \u2013 Wrap Your Arms Around Me Vinilin\u0117 Plok\u0161tel\u0117 | Vinilozona.lt\",\"isPartOf\":{\"@id\":\"https:\/\/vinilozona.lt\/#website\"},\"primaryImageOfPage\":{\"@id\":\"https:\/\/vinilozona.lt\/parduotuve\/rock-pop\/agnetha-faltskog-wrap-your-arms-around-me\/#primaryimage\"},\"image\":{\"@id\":\"https:\/\/vinilozona.lt\/parduotuve\/rock-pop\/agnetha-faltskog-wrap-your-arms-around-me\/#primaryimage\"},\"thumbnailUrl\":\"https:\/\/vinilozona.lt\/wp-content\/uploads\/2022\/06\/R-885656-1312440428.jpg\",\"datePublished\":\"2025-01-27T03:18:49+00:00\",\"dateModified\":\"2025-01-27T07:03:23+00:00\",\"breadcrumb\":{\"@id\":\"https:\/\/vinilozona.lt\/parduotuve\/rock-pop\/agnetha-faltskog-wrap-your-arms-around-me\/#breadcrumb\"},\"inLanguage\":\"en-GB\",\"potentialAction\":[{\"@type\":\"ReadAction\",\"target\":[\"https:\/\/vinilozona.lt\/parduotuve\/rock-pop\/agnetha-faltskog-wrap-your-arms-around-me\/\"]}]},{\"@type\":\"ImageObject\",\"inLanguage\":\"en-GB\",\"@id\":\"https:\/\/vinilozona.lt\/parduotuve\/rock-pop\/agnetha-faltskog-wrap-your-arms-around-me\/#primaryimage\",\"url\":\"https:\/\/vinilozona.lt\/wp-content\/uploads\/2022\/06\/R-885656-1312440428.jpg\",\"contentUrl\":\"https:\/\/vinilozona.lt\/wp-content\/uploads\/2022\/06\/R-885656-1312440428.jpg\",\"width\":600,\"height\":582},{\"@type\":\"BreadcrumbList\",\"@id\":\"https:\/\/vinilozona.lt\/parduotuve\/rock-pop\/agnetha-faltskog-wrap-your-arms-around-me\/#breadcrumb\",\"itemListElement\":[{\"@type\":\"ListItem\",\"position\":1,\"name\":\"Home\",\"item\":\"https:\/\/vinilozona.lt\/\"},{\"@type\":\"ListItem\",\"position\":2,\"name\":\"Parduotuv\u0117\",\"item\":\"https:\/\/vinilozona.lt\/parduotuve\/\"},{\"@type\":\"ListItem\",\"position\":3,\"name\":\"Agnetha F\u00e4ltskog \u2013 Wrap Your Arms Around Me\"}]},{\"@type\":\"WebSite\",\"@id\":\"https:\/\/vinilozona.lt\/#website\",\"url\":\"https:\/\/vinilozona.lt\/\",\"name\":\"Vinilo Zona\",\"description\":\"Nup\u016bsk dulkes ir klausyk LP\",\"potentialAction\":[{\"@type\":\"SearchAction\",\"target\":{\"@type\":\"EntryPoint\",\"urlTemplate\":\"https:\/\/vinilozona.lt\/?s={search_term_string}\"},\"query-input\":{\"@type\":\"PropertyValueSpecification\",\"valueRequired\":true,\"valueName\":\"search_term_string\"}}],\"inLanguage\":\"en-GB\"}]}<\/script>\n<!-- \/ Yoast SEO plugin. -->","yoast_head_json":{"title":"Agnetha F\u00e4ltskog \u2013 Wrap Your Arms Around Me Vinilin\u0117 Plok\u0161tel\u0117 | Vinilozona.lt","robots":{"index":"index","follow":"follow","max-snippet":"max-snippet:-1","max-image-preview":"max-image-preview:large","max-video-preview":"max-video-preview:-1"},"canonical":"https:\/\/vinilozona.lt\/en\/parduotuve\/rock-pop\/agnetha-faltskog-wrap-your-arms-around-me\/","og_locale":"en_GB","og_type":"article","og_title":"Agnetha F\u00e4ltskog \u2013 Wrap Your Arms Around Me Vinilin\u0117 Plok\u0161tel\u0117 | Vinilozona.lt","og_description":"Polar \u2013 POLS 365 Format:  Vinyl, LP, Album, SIB Tryck Country: Scandinavia Released: 1983","og_url":"https:\/\/vinilozona.lt\/en\/parduotuve\/rock-pop\/agnetha-faltskog-wrap-your-arms-around-me\/","og_site_name":"Vinilo Zona","article_modified_time":"2025-01-27T07:03:23+00:00","og_image":[{"width":600,"height":582,"url":"https:\/\/vinilozona.lt\/wp-content\/uploads\/2022\/06\/R-885656-1312440428.jpg","type":"image\/jpeg"}],"twitter_card":"summary_large_image","schema":{"@context":"https:\/\/schema.org","@graph":[{"@type":"WebPage","@id":"https:\/\/vinilozona.lt\/parduotuve\/rock-pop\/agnetha-faltskog-wrap-your-arms-around-me\/","url":"https:\/\/vinilozona.lt\/parduotuve\/rock-pop\/agnetha-faltskog-wrap-your-arms-around-me\/","name":"Agnetha F\u00e4ltskog \u2013 Wrap Your Arms Around Me Vinilin\u0117 Plok\u0161tel\u0117 | Vinilozona.lt","isPartOf":{"@id":"https:\/\/vinilozona.lt\/#website"},"primaryImageOfPage":{"@id":"https:\/\/vinilozona.lt\/parduotuve\/rock-pop\/agnetha-faltskog-wrap-your-arms-around-me\/#primaryimage"},"image":{"@id":"https:\/\/vinilozona.lt\/parduotuve\/rock-pop\/agnetha-faltskog-wrap-your-arms-around-me\/#primaryimage"},"thumbnailUrl":"https:\/\/vinilozona.lt\/wp-content\/uploads\/2022\/06\/R-885656-1312440428.jpg","datePublished":"2025-01-27T03:18:49+00:00","dateModified":"2025-01-27T07:03:23+00:00","breadcrumb":{"@id":"https:\/\/vinilozona.lt\/parduotuve\/rock-pop\/agnetha-faltskog-wrap-your-arms-around-me\/#breadcrumb"},"inLanguage":"en-GB","potentialAction":[{"@type":"ReadAction","target":["https:\/\/vinilozona.lt\/parduotuve\/rock-pop\/agnetha-faltskog-wrap-your-arms-around-me\/"]}]},{"@type":"ImageObject","inLanguage":"en-GB","@id":"https:\/\/vinilozona.lt\/parduotuve\/rock-pop\/agnetha-faltskog-wrap-your-arms-around-me\/#primaryimage","url":"https:\/\/vinilozona.lt\/wp-content\/uploads\/2022\/06\/R-885656-1312440428.jpg","contentUrl":"https:\/\/vinilozona.lt\/wp-content\/uploads\/2022\/06\/R-885656-1312440428.jpg","width":600,"height":582},{"@type":"BreadcrumbList","@id":"https:\/\/vinilozona.lt\/parduotuve\/rock-pop\/agnetha-faltskog-wrap-your-arms-around-me\/#breadcrumb","itemListElement":[{"@type":"ListItem","position":1,"name":"Home","item":"https:\/\/vinilozona.lt\/"},{"@type":"ListItem","position":2,"name":"Parduotuv\u0117","item":"https:\/\/vinilozona.lt\/parduotuve\/"},{"@type":"ListItem","position":3,"name":"Agnetha F\u00e4ltskog \u2013 Wrap Your Arms Around Me"}]},{"@type":"WebSite","@id":"https:\/\/vinilozona.lt\/#website","url":"https:\/\/vinilozona.lt\/","name":"Vinilo Zona","description":"Nup\u016bsk dulkes ir klausyk LP","potentialAction":[{"@type":"SearchAction","target":{"@type":"EntryPoint","urlTemplate":"https:\/\/vinilozona.lt\/?s={search_term_string}"},"query-input":{"@type":"PropertyValueSpecification","valueRequired":true,"valueName":"search_term_string"}}],"inLanguage":"en-GB"}]}},"_links":{"self":[{"href":"https:\/\/vinilozona.lt\/en\/wp-json\/wp\/v2\/product\/19481"}],"collection":[{"href":"https:\/\/vinilozona.lt\/en\/wp-json\/wp\/v2\/product"}],"about":[{"href":"https:\/\/vinilozona.lt\/en\/wp-json\/wp\/v2\/types\/product"}],"wp:featuredmedia":[{"embeddable":true,"href":"https:\/\/vinilozona.lt\/en\/wp-json\/wp\/v2\/media\/19482"}],"wp:attachment":[{"href":"https:\/\/vinilozona.lt\/en\/wp-json\/wp\/v2\/media?parent=19481"}],"wp:term":[{"taxonomy":"product_cat","embeddable":true,"href":"https:\/\/vinilozona.lt\/en\/wp-json\/wp\/v2\/product_cat?post=19481"},{"taxonomy":"product_tag","embeddable":true,"href":"https:\/\/vinilozona.lt\/en\/wp-json\/wp\/v2\/product_tag?post=19481"}],"curies":[{"name":"wp","href":"https:\/\/api.w.org\/{rel}","templated":true}]}}