{"id":19425,"date":"2022-06-10T10:15:13","date_gmt":"2022-06-10T07:15:13","guid":{"rendered":"https:\/\/vinilozona.lt\/?post_type=product&#038;p=19425"},"modified":"2026-01-25T13:09:04","modified_gmt":"2026-01-25T11:09:04","slug":"meat-loaf-midnight-at-the-lost-and-found-2","status":"publish","type":"product","link":"https:\/\/vinilozona.lt\/en\/parduotuve\/rock-pop\/meat-loaf-midnight-at-the-lost-and-found-2\/","title":{"rendered":"Meat Loaf \u2013 Midnight At The Lost And Found"},"content":{"rendered":"<p>A1\t\tRazor&#8217;s Edge\t4:07<br \/>\nA2\t\tMidnight At The Lost And Found\t3:36<br \/>\nA3\t\tWolf At Your Door\t4:05<br \/>\nA4\t\tKeep Driving\t3:30<br \/>\nA5\t\tThe Promised Land\t2:44<br \/>\nB1\t\tYou Never Can Be Too Sure About The Girl\t4:28<br \/>\nB2\t\tPriscilla\t3:33<br \/>\nB3\t\tDon&#8217;t You Look At Me Like That\t3:27<br \/>\nB4\t\tIf You Really Want To\t3:38<br \/>\nB5\t\tFallen Angel\t3:38<\/p>","protected":false},"excerpt":{"rendered":"<p>Epic \u2013 EPC 25243, Cleveland International Records \u2013 EPC 25243<br \/>\nFormat:<br \/>\nVinyl, LP, Album<br \/>\nCountry:\tEU<br \/>\nReleased:\t1983<\/p>","protected":false},"featured_media":19426,"template":"","meta":[],"product_cat":[15],"product_tag":[44],"yoast_head":"<!-- This site is optimized with the Yoast SEO plugin v23.5 - https:\/\/yoast.com\/wordpress\/plugins\/seo\/ -->\n<title>Meat Loaf \u2013 Midnight At The Lost And Found Vinilin\u0117 Plok\u0161tel\u0117 | Vinilozona.lt<\/title>\n<meta name=\"robots\" content=\"index, follow, max-snippet:-1, max-image-preview:large, max-video-preview:-1\" \/>\n<link rel=\"canonical\" href=\"https:\/\/vinilozona.lt\/en\/parduotuve\/rock-pop\/meat-loaf-midnight-at-the-lost-and-found-2\/\" \/>\n<meta property=\"og:locale\" content=\"en_GB\" \/>\n<meta property=\"og:type\" content=\"article\" \/>\n<meta property=\"og:title\" content=\"Meat Loaf \u2013 Midnight At The Lost And Found Vinilin\u0117 Plok\u0161tel\u0117 | Vinilozona.lt\" \/>\n<meta property=\"og:description\" content=\"Epic \u2013 EPC 25243, Cleveland International Records \u2013 EPC 25243 Format:  Vinyl, LP, Album Country: EU Released: 1983\" \/>\n<meta property=\"og:url\" content=\"https:\/\/vinilozona.lt\/en\/parduotuve\/rock-pop\/meat-loaf-midnight-at-the-lost-and-found-2\/\" \/>\n<meta property=\"og:site_name\" content=\"Vinilo Zona\" \/>\n<meta property=\"article:modified_time\" content=\"2026-01-25T11:09:04+00:00\" \/>\n<meta property=\"og:image\" content=\"https:\/\/vinilozona.lt\/wp-content\/uploads\/2022\/06\/R-1511038-1225067512.jpg\" \/>\n\t<meta property=\"og:image:width\" content=\"240\" \/>\n\t<meta property=\"og:image:height\" content=\"240\" \/>\n\t<meta property=\"og:image:type\" content=\"image\/jpeg\" \/>\n<meta name=\"twitter:card\" content=\"summary_large_image\" \/>\n<script type=\"application\/ld+json\" class=\"yoast-schema-graph\">{\"@context\":\"https:\/\/schema.org\",\"@graph\":[{\"@type\":\"WebPage\",\"@id\":\"https:\/\/vinilozona.lt\/parduotuve\/rock-pop\/meat-loaf-midnight-at-the-lost-and-found-2\/\",\"url\":\"https:\/\/vinilozona.lt\/parduotuve\/rock-pop\/meat-loaf-midnight-at-the-lost-and-found-2\/\",\"name\":\"Meat Loaf \u2013 Midnight At The Lost And Found Vinilin\u0117 Plok\u0161tel\u0117 | Vinilozona.lt\",\"isPartOf\":{\"@id\":\"https:\/\/vinilozona.lt\/#website\"},\"primaryImageOfPage\":{\"@id\":\"https:\/\/vinilozona.lt\/parduotuve\/rock-pop\/meat-loaf-midnight-at-the-lost-and-found-2\/#primaryimage\"},\"image\":{\"@id\":\"https:\/\/vinilozona.lt\/parduotuve\/rock-pop\/meat-loaf-midnight-at-the-lost-and-found-2\/#primaryimage\"},\"thumbnailUrl\":\"https:\/\/vinilozona.lt\/wp-content\/uploads\/2022\/06\/R-1511038-1225067512.jpg\",\"datePublished\":\"2022-06-10T07:15:13+00:00\",\"dateModified\":\"2026-01-25T11:09:04+00:00\",\"breadcrumb\":{\"@id\":\"https:\/\/vinilozona.lt\/parduotuve\/rock-pop\/meat-loaf-midnight-at-the-lost-and-found-2\/#breadcrumb\"},\"inLanguage\":\"en-GB\",\"potentialAction\":[{\"@type\":\"ReadAction\",\"target\":[\"https:\/\/vinilozona.lt\/parduotuve\/rock-pop\/meat-loaf-midnight-at-the-lost-and-found-2\/\"]}]},{\"@type\":\"ImageObject\",\"inLanguage\":\"en-GB\",\"@id\":\"https:\/\/vinilozona.lt\/parduotuve\/rock-pop\/meat-loaf-midnight-at-the-lost-and-found-2\/#primaryimage\",\"url\":\"https:\/\/vinilozona.lt\/wp-content\/uploads\/2022\/06\/R-1511038-1225067512.jpg\",\"contentUrl\":\"https:\/\/vinilozona.lt\/wp-content\/uploads\/2022\/06\/R-1511038-1225067512.jpg\",\"width\":240,\"height\":240},{\"@type\":\"BreadcrumbList\",\"@id\":\"https:\/\/vinilozona.lt\/parduotuve\/rock-pop\/meat-loaf-midnight-at-the-lost-and-found-2\/#breadcrumb\",\"itemListElement\":[{\"@type\":\"ListItem\",\"position\":1,\"name\":\"Home\",\"item\":\"https:\/\/vinilozona.lt\/\"},{\"@type\":\"ListItem\",\"position\":2,\"name\":\"Parduotuv\u0117\",\"item\":\"https:\/\/vinilozona.lt\/parduotuve\/\"},{\"@type\":\"ListItem\",\"position\":3,\"name\":\"Meat Loaf \u2013 Midnight At The Lost And Found\"}]},{\"@type\":\"WebSite\",\"@id\":\"https:\/\/vinilozona.lt\/#website\",\"url\":\"https:\/\/vinilozona.lt\/\",\"name\":\"Vinilo Zona\",\"description\":\"Nup\u016bsk dulkes ir klausyk LP\",\"potentialAction\":[{\"@type\":\"SearchAction\",\"target\":{\"@type\":\"EntryPoint\",\"urlTemplate\":\"https:\/\/vinilozona.lt\/?s={search_term_string}\"},\"query-input\":{\"@type\":\"PropertyValueSpecification\",\"valueRequired\":true,\"valueName\":\"search_term_string\"}}],\"inLanguage\":\"en-GB\"}]}<\/script>\n<!-- \/ Yoast SEO plugin. -->","yoast_head_json":{"title":"Meat Loaf \u2013 Midnight At The Lost And Found Vinilin\u0117 Plok\u0161tel\u0117 | Vinilozona.lt","robots":{"index":"index","follow":"follow","max-snippet":"max-snippet:-1","max-image-preview":"max-image-preview:large","max-video-preview":"max-video-preview:-1"},"canonical":"https:\/\/vinilozona.lt\/en\/parduotuve\/rock-pop\/meat-loaf-midnight-at-the-lost-and-found-2\/","og_locale":"en_GB","og_type":"article","og_title":"Meat Loaf \u2013 Midnight At The Lost And Found Vinilin\u0117 Plok\u0161tel\u0117 | Vinilozona.lt","og_description":"Epic \u2013 EPC 25243, Cleveland International Records \u2013 EPC 25243 Format:  Vinyl, LP, Album Country: EU Released: 1983","og_url":"https:\/\/vinilozona.lt\/en\/parduotuve\/rock-pop\/meat-loaf-midnight-at-the-lost-and-found-2\/","og_site_name":"Vinilo Zona","article_modified_time":"2026-01-25T11:09:04+00:00","og_image":[{"width":240,"height":240,"url":"https:\/\/vinilozona.lt\/wp-content\/uploads\/2022\/06\/R-1511038-1225067512.jpg","type":"image\/jpeg"}],"twitter_card":"summary_large_image","schema":{"@context":"https:\/\/schema.org","@graph":[{"@type":"WebPage","@id":"https:\/\/vinilozona.lt\/parduotuve\/rock-pop\/meat-loaf-midnight-at-the-lost-and-found-2\/","url":"https:\/\/vinilozona.lt\/parduotuve\/rock-pop\/meat-loaf-midnight-at-the-lost-and-found-2\/","name":"Meat Loaf \u2013 Midnight At The Lost And Found Vinilin\u0117 Plok\u0161tel\u0117 | Vinilozona.lt","isPartOf":{"@id":"https:\/\/vinilozona.lt\/#website"},"primaryImageOfPage":{"@id":"https:\/\/vinilozona.lt\/parduotuve\/rock-pop\/meat-loaf-midnight-at-the-lost-and-found-2\/#primaryimage"},"image":{"@id":"https:\/\/vinilozona.lt\/parduotuve\/rock-pop\/meat-loaf-midnight-at-the-lost-and-found-2\/#primaryimage"},"thumbnailUrl":"https:\/\/vinilozona.lt\/wp-content\/uploads\/2022\/06\/R-1511038-1225067512.jpg","datePublished":"2022-06-10T07:15:13+00:00","dateModified":"2026-01-25T11:09:04+00:00","breadcrumb":{"@id":"https:\/\/vinilozona.lt\/parduotuve\/rock-pop\/meat-loaf-midnight-at-the-lost-and-found-2\/#breadcrumb"},"inLanguage":"en-GB","potentialAction":[{"@type":"ReadAction","target":["https:\/\/vinilozona.lt\/parduotuve\/rock-pop\/meat-loaf-midnight-at-the-lost-and-found-2\/"]}]},{"@type":"ImageObject","inLanguage":"en-GB","@id":"https:\/\/vinilozona.lt\/parduotuve\/rock-pop\/meat-loaf-midnight-at-the-lost-and-found-2\/#primaryimage","url":"https:\/\/vinilozona.lt\/wp-content\/uploads\/2022\/06\/R-1511038-1225067512.jpg","contentUrl":"https:\/\/vinilozona.lt\/wp-content\/uploads\/2022\/06\/R-1511038-1225067512.jpg","width":240,"height":240},{"@type":"BreadcrumbList","@id":"https:\/\/vinilozona.lt\/parduotuve\/rock-pop\/meat-loaf-midnight-at-the-lost-and-found-2\/#breadcrumb","itemListElement":[{"@type":"ListItem","position":1,"name":"Home","item":"https:\/\/vinilozona.lt\/"},{"@type":"ListItem","position":2,"name":"Parduotuv\u0117","item":"https:\/\/vinilozona.lt\/parduotuve\/"},{"@type":"ListItem","position":3,"name":"Meat Loaf \u2013 Midnight At The Lost And Found"}]},{"@type":"WebSite","@id":"https:\/\/vinilozona.lt\/#website","url":"https:\/\/vinilozona.lt\/","name":"Vinilo Zona","description":"Nup\u016bsk dulkes ir klausyk LP","potentialAction":[{"@type":"SearchAction","target":{"@type":"EntryPoint","urlTemplate":"https:\/\/vinilozona.lt\/?s={search_term_string}"},"query-input":{"@type":"PropertyValueSpecification","valueRequired":true,"valueName":"search_term_string"}}],"inLanguage":"en-GB"}]}},"_links":{"self":[{"href":"https:\/\/vinilozona.lt\/en\/wp-json\/wp\/v2\/product\/19425"}],"collection":[{"href":"https:\/\/vinilozona.lt\/en\/wp-json\/wp\/v2\/product"}],"about":[{"href":"https:\/\/vinilozona.lt\/en\/wp-json\/wp\/v2\/types\/product"}],"wp:featuredmedia":[{"embeddable":true,"href":"https:\/\/vinilozona.lt\/en\/wp-json\/wp\/v2\/media\/19426"}],"wp:attachment":[{"href":"https:\/\/vinilozona.lt\/en\/wp-json\/wp\/v2\/media?parent=19425"}],"wp:term":[{"taxonomy":"product_cat","embeddable":true,"href":"https:\/\/vinilozona.lt\/en\/wp-json\/wp\/v2\/product_cat?post=19425"},{"taxonomy":"product_tag","embeddable":true,"href":"https:\/\/vinilozona.lt\/en\/wp-json\/wp\/v2\/product_tag?post=19425"}],"curies":[{"name":"wp","href":"https:\/\/api.w.org\/{rel}","templated":true}]}}