{"id":19374,"date":"2022-06-05T18:42:08","date_gmt":"2022-06-05T15:42:08","guid":{"rendered":"https:\/\/vinilozona.lt\/?post_type=product&#038;p=19374"},"modified":"2023-01-03T17:24:44","modified_gmt":"2023-01-03T15:24:44","slug":"peanuts-hucko-with-his-pied-piper-quintet-featuring-petepleyard-peanuts-hucko-with-his-pied-piper-quintet","status":"publish","type":"product","link":"https:\/\/vinilozona.lt\/en\/parduotuve\/jazz\/peanuts-hucko-with-his-pied-piper-quintet-featuring-petepleyard-peanuts-hucko-with-his-pied-piper-quintet\/","title":{"rendered":"Peanuts Hucko With His Pied Piper Quintet Featuring Petepleyard &#8211; Peanuts Hucko With His Pied Piper Quintet"},"content":{"rendered":"<p>A1\t\tRiverboat Shuffle 3:30<br \/>\nA2\t\tSweet One 4:05<br \/>\nA3\t\tLonesome 3:57<br \/>\nA4\t\tSweet Spirit 3:07<br \/>\nA5\t\tAvalon 3:16<br \/>\nB1\t\tRaggedy Ann 3:12<br \/>\nB2\t\tMemories Of You 4:49<br \/>\nB3\t\tEast Of The Sun 3:02<br \/>\nB4\t\tPeter&#8217;s Blues 2:31<br \/>\nB5\t\tWhen You&#8217;re Smiling 3:10<\/p>","protected":false},"excerpt":{"rendered":"<p>Label: World Jazz Records \u200e\u2013 WJLP-S-15<br \/>\nFormat: Vinyl, LP, Album<br \/>\nCountry: US<\/p>","protected":false},"featured_media":19375,"template":"","meta":[],"product_cat":[20],"product_tag":[55],"yoast_head":"<!-- This site is optimized with the Yoast SEO plugin v23.5 - https:\/\/yoast.com\/wordpress\/plugins\/seo\/ -->\n<title>Peanuts Hucko With His Pied Piper Quintet Featuring Petepleyard - Peanuts Hucko With His Pied Piper Quintet Vinilin\u0117 Plok\u0161tel\u0117 | Vinilozona.lt<\/title>\n<meta name=\"robots\" content=\"index, follow, max-snippet:-1, max-image-preview:large, max-video-preview:-1\" \/>\n<link rel=\"canonical\" href=\"https:\/\/vinilozona.lt\/en\/parduotuve\/jazz\/peanuts-hucko-with-his-pied-piper-quintet-featuring-petepleyard-peanuts-hucko-with-his-pied-piper-quintet\/\" \/>\n<meta property=\"og:locale\" content=\"en_GB\" \/>\n<meta property=\"og:type\" content=\"article\" \/>\n<meta property=\"og:title\" content=\"Peanuts Hucko With His Pied Piper Quintet Featuring Petepleyard - Peanuts Hucko With His Pied Piper Quintet Vinilin\u0117 Plok\u0161tel\u0117 | Vinilozona.lt\" \/>\n<meta property=\"og:description\" content=\"Label: World Jazz Records \u200e\u2013 WJLP-S-15 Format: Vinyl, LP, Album Country: US\" \/>\n<meta property=\"og:url\" content=\"https:\/\/vinilozona.lt\/en\/parduotuve\/jazz\/peanuts-hucko-with-his-pied-piper-quintet-featuring-petepleyard-peanuts-hucko-with-his-pied-piper-quintet\/\" \/>\n<meta property=\"og:site_name\" content=\"Vinilo Zona\" \/>\n<meta property=\"article:modified_time\" content=\"2023-01-03T15:24:44+00:00\" \/>\n<meta property=\"og:image\" content=\"https:\/\/vinilozona.lt\/wp-content\/uploads\/2022\/06\/R-1686015-1258721552.jpg\" \/>\n\t<meta property=\"og:image:width\" content=\"600\" \/>\n\t<meta property=\"og:image:height\" content=\"600\" \/>\n\t<meta property=\"og:image:type\" content=\"image\/jpeg\" \/>\n<meta name=\"twitter:card\" content=\"summary_large_image\" \/>\n<script type=\"application\/ld+json\" class=\"yoast-schema-graph\">{\"@context\":\"https:\/\/schema.org\",\"@graph\":[{\"@type\":\"WebPage\",\"@id\":\"https:\/\/vinilozona.lt\/parduotuve\/jazz\/peanuts-hucko-with-his-pied-piper-quintet-featuring-petepleyard-peanuts-hucko-with-his-pied-piper-quintet\/\",\"url\":\"https:\/\/vinilozona.lt\/parduotuve\/jazz\/peanuts-hucko-with-his-pied-piper-quintet-featuring-petepleyard-peanuts-hucko-with-his-pied-piper-quintet\/\",\"name\":\"Peanuts Hucko With His Pied Piper Quintet Featuring Petepleyard - Peanuts Hucko With His Pied Piper Quintet Vinilin\u0117 Plok\u0161tel\u0117 | Vinilozona.lt\",\"isPartOf\":{\"@id\":\"https:\/\/vinilozona.lt\/#website\"},\"primaryImageOfPage\":{\"@id\":\"https:\/\/vinilozona.lt\/parduotuve\/jazz\/peanuts-hucko-with-his-pied-piper-quintet-featuring-petepleyard-peanuts-hucko-with-his-pied-piper-quintet\/#primaryimage\"},\"image\":{\"@id\":\"https:\/\/vinilozona.lt\/parduotuve\/jazz\/peanuts-hucko-with-his-pied-piper-quintet-featuring-petepleyard-peanuts-hucko-with-his-pied-piper-quintet\/#primaryimage\"},\"thumbnailUrl\":\"https:\/\/vinilozona.lt\/wp-content\/uploads\/2022\/06\/R-1686015-1258721552.jpg\",\"datePublished\":\"2022-06-05T15:42:08+00:00\",\"dateModified\":\"2023-01-03T15:24:44+00:00\",\"breadcrumb\":{\"@id\":\"https:\/\/vinilozona.lt\/parduotuve\/jazz\/peanuts-hucko-with-his-pied-piper-quintet-featuring-petepleyard-peanuts-hucko-with-his-pied-piper-quintet\/#breadcrumb\"},\"inLanguage\":\"en-GB\",\"potentialAction\":[{\"@type\":\"ReadAction\",\"target\":[\"https:\/\/vinilozona.lt\/parduotuve\/jazz\/peanuts-hucko-with-his-pied-piper-quintet-featuring-petepleyard-peanuts-hucko-with-his-pied-piper-quintet\/\"]}]},{\"@type\":\"ImageObject\",\"inLanguage\":\"en-GB\",\"@id\":\"https:\/\/vinilozona.lt\/parduotuve\/jazz\/peanuts-hucko-with-his-pied-piper-quintet-featuring-petepleyard-peanuts-hucko-with-his-pied-piper-quintet\/#primaryimage\",\"url\":\"https:\/\/vinilozona.lt\/wp-content\/uploads\/2022\/06\/R-1686015-1258721552.jpg\",\"contentUrl\":\"https:\/\/vinilozona.lt\/wp-content\/uploads\/2022\/06\/R-1686015-1258721552.jpg\",\"width\":600,\"height\":600},{\"@type\":\"BreadcrumbList\",\"@id\":\"https:\/\/vinilozona.lt\/parduotuve\/jazz\/peanuts-hucko-with-his-pied-piper-quintet-featuring-petepleyard-peanuts-hucko-with-his-pied-piper-quintet\/#breadcrumb\",\"itemListElement\":[{\"@type\":\"ListItem\",\"position\":1,\"name\":\"Home\",\"item\":\"https:\/\/vinilozona.lt\/\"},{\"@type\":\"ListItem\",\"position\":2,\"name\":\"Parduotuv\u0117\",\"item\":\"https:\/\/vinilozona.lt\/parduotuve\/\"},{\"@type\":\"ListItem\",\"position\":3,\"name\":\"Peanuts Hucko With His Pied Piper Quintet Featuring Petepleyard &#8211; Peanuts Hucko With His Pied Piper Quintet\"}]},{\"@type\":\"WebSite\",\"@id\":\"https:\/\/vinilozona.lt\/#website\",\"url\":\"https:\/\/vinilozona.lt\/\",\"name\":\"Vinilo Zona\",\"description\":\"Nup\u016bsk dulkes ir klausyk LP\",\"potentialAction\":[{\"@type\":\"SearchAction\",\"target\":{\"@type\":\"EntryPoint\",\"urlTemplate\":\"https:\/\/vinilozona.lt\/?s={search_term_string}\"},\"query-input\":{\"@type\":\"PropertyValueSpecification\",\"valueRequired\":true,\"valueName\":\"search_term_string\"}}],\"inLanguage\":\"en-GB\"}]}<\/script>\n<!-- \/ Yoast SEO plugin. -->","yoast_head_json":{"title":"Peanuts Hucko With His Pied Piper Quintet Featuring Petepleyard - Peanuts Hucko With His Pied Piper Quintet Vinilin\u0117 Plok\u0161tel\u0117 | Vinilozona.lt","robots":{"index":"index","follow":"follow","max-snippet":"max-snippet:-1","max-image-preview":"max-image-preview:large","max-video-preview":"max-video-preview:-1"},"canonical":"https:\/\/vinilozona.lt\/en\/parduotuve\/jazz\/peanuts-hucko-with-his-pied-piper-quintet-featuring-petepleyard-peanuts-hucko-with-his-pied-piper-quintet\/","og_locale":"en_GB","og_type":"article","og_title":"Peanuts Hucko With His Pied Piper Quintet Featuring Petepleyard - Peanuts Hucko With His Pied Piper Quintet Vinilin\u0117 Plok\u0161tel\u0117 | Vinilozona.lt","og_description":"Label: World Jazz Records \u200e\u2013 WJLP-S-15 Format: Vinyl, LP, Album Country: US","og_url":"https:\/\/vinilozona.lt\/en\/parduotuve\/jazz\/peanuts-hucko-with-his-pied-piper-quintet-featuring-petepleyard-peanuts-hucko-with-his-pied-piper-quintet\/","og_site_name":"Vinilo Zona","article_modified_time":"2023-01-03T15:24:44+00:00","og_image":[{"width":600,"height":600,"url":"https:\/\/vinilozona.lt\/wp-content\/uploads\/2022\/06\/R-1686015-1258721552.jpg","type":"image\/jpeg"}],"twitter_card":"summary_large_image","schema":{"@context":"https:\/\/schema.org","@graph":[{"@type":"WebPage","@id":"https:\/\/vinilozona.lt\/parduotuve\/jazz\/peanuts-hucko-with-his-pied-piper-quintet-featuring-petepleyard-peanuts-hucko-with-his-pied-piper-quintet\/","url":"https:\/\/vinilozona.lt\/parduotuve\/jazz\/peanuts-hucko-with-his-pied-piper-quintet-featuring-petepleyard-peanuts-hucko-with-his-pied-piper-quintet\/","name":"Peanuts Hucko With His Pied Piper Quintet Featuring Petepleyard - Peanuts Hucko With His Pied Piper Quintet Vinilin\u0117 Plok\u0161tel\u0117 | Vinilozona.lt","isPartOf":{"@id":"https:\/\/vinilozona.lt\/#website"},"primaryImageOfPage":{"@id":"https:\/\/vinilozona.lt\/parduotuve\/jazz\/peanuts-hucko-with-his-pied-piper-quintet-featuring-petepleyard-peanuts-hucko-with-his-pied-piper-quintet\/#primaryimage"},"image":{"@id":"https:\/\/vinilozona.lt\/parduotuve\/jazz\/peanuts-hucko-with-his-pied-piper-quintet-featuring-petepleyard-peanuts-hucko-with-his-pied-piper-quintet\/#primaryimage"},"thumbnailUrl":"https:\/\/vinilozona.lt\/wp-content\/uploads\/2022\/06\/R-1686015-1258721552.jpg","datePublished":"2022-06-05T15:42:08+00:00","dateModified":"2023-01-03T15:24:44+00:00","breadcrumb":{"@id":"https:\/\/vinilozona.lt\/parduotuve\/jazz\/peanuts-hucko-with-his-pied-piper-quintet-featuring-petepleyard-peanuts-hucko-with-his-pied-piper-quintet\/#breadcrumb"},"inLanguage":"en-GB","potentialAction":[{"@type":"ReadAction","target":["https:\/\/vinilozona.lt\/parduotuve\/jazz\/peanuts-hucko-with-his-pied-piper-quintet-featuring-petepleyard-peanuts-hucko-with-his-pied-piper-quintet\/"]}]},{"@type":"ImageObject","inLanguage":"en-GB","@id":"https:\/\/vinilozona.lt\/parduotuve\/jazz\/peanuts-hucko-with-his-pied-piper-quintet-featuring-petepleyard-peanuts-hucko-with-his-pied-piper-quintet\/#primaryimage","url":"https:\/\/vinilozona.lt\/wp-content\/uploads\/2022\/06\/R-1686015-1258721552.jpg","contentUrl":"https:\/\/vinilozona.lt\/wp-content\/uploads\/2022\/06\/R-1686015-1258721552.jpg","width":600,"height":600},{"@type":"BreadcrumbList","@id":"https:\/\/vinilozona.lt\/parduotuve\/jazz\/peanuts-hucko-with-his-pied-piper-quintet-featuring-petepleyard-peanuts-hucko-with-his-pied-piper-quintet\/#breadcrumb","itemListElement":[{"@type":"ListItem","position":1,"name":"Home","item":"https:\/\/vinilozona.lt\/"},{"@type":"ListItem","position":2,"name":"Parduotuv\u0117","item":"https:\/\/vinilozona.lt\/parduotuve\/"},{"@type":"ListItem","position":3,"name":"Peanuts Hucko With His Pied Piper Quintet Featuring Petepleyard &#8211; Peanuts Hucko With His Pied Piper Quintet"}]},{"@type":"WebSite","@id":"https:\/\/vinilozona.lt\/#website","url":"https:\/\/vinilozona.lt\/","name":"Vinilo Zona","description":"Nup\u016bsk dulkes ir klausyk LP","potentialAction":[{"@type":"SearchAction","target":{"@type":"EntryPoint","urlTemplate":"https:\/\/vinilozona.lt\/?s={search_term_string}"},"query-input":{"@type":"PropertyValueSpecification","valueRequired":true,"valueName":"search_term_string"}}],"inLanguage":"en-GB"}]}},"_links":{"self":[{"href":"https:\/\/vinilozona.lt\/en\/wp-json\/wp\/v2\/product\/19374"}],"collection":[{"href":"https:\/\/vinilozona.lt\/en\/wp-json\/wp\/v2\/product"}],"about":[{"href":"https:\/\/vinilozona.lt\/en\/wp-json\/wp\/v2\/types\/product"}],"wp:featuredmedia":[{"embeddable":true,"href":"https:\/\/vinilozona.lt\/en\/wp-json\/wp\/v2\/media\/19375"}],"wp:attachment":[{"href":"https:\/\/vinilozona.lt\/en\/wp-json\/wp\/v2\/media?parent=19374"}],"wp:term":[{"taxonomy":"product_cat","embeddable":true,"href":"https:\/\/vinilozona.lt\/en\/wp-json\/wp\/v2\/product_cat?post=19374"},{"taxonomy":"product_tag","embeddable":true,"href":"https:\/\/vinilozona.lt\/en\/wp-json\/wp\/v2\/product_tag?post=19374"}],"curies":[{"name":"wp","href":"https:\/\/api.w.org\/{rel}","templated":true}]}}