{"id":19347,"date":"2025-05-14T05:00:58","date_gmt":"2025-05-14T02:00:58","guid":{"rendered":"https:\/\/vinilozona.lt\/?post_type=product&#038;p=19347"},"modified":"2025-05-14T07:11:00","modified_gmt":"2025-05-14T04:11:00","slug":"nice-keith-emerson-autumn-67-spring-68","status":"publish","type":"product","link":"https:\/\/vinilozona.lt\/en\/parduotuve\/rock-pop\/nice-keith-emerson-autumn-67-spring-68\/","title":{"rendered":"Nice (Keith Emerson) \u200e\u2013 Autumn &#8217;67 &#8211; Spring &#8217;68"},"content":{"rendered":"<p>The Thoughts Of Emerlist Davjack\t4:12<br \/>\nFlower King Of Flies\t3:35<br \/>\nBonnie K.\t3:20<br \/>\nAmerica\t6:03<br \/>\nDiamond Hard Blue Apples Of The Moon\t3:00<br \/>\nDawn\t5:15<br \/>\nTantalizin&#8217; Maggie\t4:19<br \/>\nCry Of Eugene\t4:30<br \/>\nDaddy, Where Did I Come From\t2:45<\/p>","protected":false},"excerpt":{"rendered":"<p>Label:\tCharisma \u2013 CS 1<br \/>\nSeries:\tCharisma Perspective<br \/>\nFormat:\tVinyl, LP, Compilation, Pink Scroll Labels<br \/>\nCountry:\tUK<br \/>\nReleased:\tJul 1972<\/p>","protected":false},"featured_media":19348,"template":"","meta":[],"product_cat":[15],"product_tag":[55],"yoast_head":"<!-- This site is optimized with the Yoast SEO plugin v23.5 - https:\/\/yoast.com\/wordpress\/plugins\/seo\/ -->\n<title>Nice (Keith Emerson) \u200e\u2013 Autumn &#039;67 - Spring &#039;68 Vinilin\u0117 Plok\u0161tel\u0117 | Vinilozona.lt<\/title>\n<meta name=\"robots\" content=\"index, follow, max-snippet:-1, max-image-preview:large, max-video-preview:-1\" \/>\n<link rel=\"canonical\" href=\"https:\/\/vinilozona.lt\/en\/parduotuve\/rock-pop\/nice-keith-emerson-autumn-67-spring-68\/\" \/>\n<meta property=\"og:locale\" content=\"en_GB\" \/>\n<meta property=\"og:type\" content=\"article\" \/>\n<meta property=\"og:title\" content=\"Nice (Keith Emerson) \u200e\u2013 Autumn &#039;67 - Spring &#039;68 Vinilin\u0117 Plok\u0161tel\u0117 | Vinilozona.lt\" \/>\n<meta property=\"og:description\" content=\"Label: Charisma \u2013 CS 1 Series: Charisma Perspective Format: Vinyl, LP, Compilation, Pink Scroll Labels Country: UK Released: Jul 1972\" \/>\n<meta property=\"og:url\" content=\"https:\/\/vinilozona.lt\/en\/parduotuve\/rock-pop\/nice-keith-emerson-autumn-67-spring-68\/\" \/>\n<meta property=\"og:site_name\" content=\"Vinilo Zona\" \/>\n<meta property=\"article:modified_time\" content=\"2025-05-14T04:11:00+00:00\" \/>\n<meta property=\"og:image\" content=\"https:\/\/vinilozona.lt\/wp-content\/uploads\/2022\/06\/R-1678778-1381777426-9356.jpg\" \/>\n\t<meta property=\"og:image:width\" content=\"600\" \/>\n\t<meta property=\"og:image:height\" content=\"600\" \/>\n\t<meta property=\"og:image:type\" content=\"image\/jpeg\" \/>\n<meta name=\"twitter:card\" content=\"summary_large_image\" \/>\n<meta name=\"twitter:label1\" content=\"Estimated reading time\" \/>\n\t<meta name=\"twitter:data1\" content=\"1 minute\" \/>\n<script type=\"application\/ld+json\" class=\"yoast-schema-graph\">{\"@context\":\"https:\/\/schema.org\",\"@graph\":[{\"@type\":\"WebPage\",\"@id\":\"https:\/\/vinilozona.lt\/parduotuve\/rock-pop\/nice-keith-emerson-autumn-67-spring-68\/\",\"url\":\"https:\/\/vinilozona.lt\/parduotuve\/rock-pop\/nice-keith-emerson-autumn-67-spring-68\/\",\"name\":\"Nice (Keith Emerson) \u200e\u2013 Autumn '67 - Spring '68 Vinilin\u0117 Plok\u0161tel\u0117 | Vinilozona.lt\",\"isPartOf\":{\"@id\":\"https:\/\/vinilozona.lt\/#website\"},\"primaryImageOfPage\":{\"@id\":\"https:\/\/vinilozona.lt\/parduotuve\/rock-pop\/nice-keith-emerson-autumn-67-spring-68\/#primaryimage\"},\"image\":{\"@id\":\"https:\/\/vinilozona.lt\/parduotuve\/rock-pop\/nice-keith-emerson-autumn-67-spring-68\/#primaryimage\"},\"thumbnailUrl\":\"https:\/\/vinilozona.lt\/wp-content\/uploads\/2022\/06\/R-1678778-1381777426-9356.jpg\",\"datePublished\":\"2025-05-14T02:00:58+00:00\",\"dateModified\":\"2025-05-14T04:11:00+00:00\",\"breadcrumb\":{\"@id\":\"https:\/\/vinilozona.lt\/parduotuve\/rock-pop\/nice-keith-emerson-autumn-67-spring-68\/#breadcrumb\"},\"inLanguage\":\"en-GB\",\"potentialAction\":[{\"@type\":\"ReadAction\",\"target\":[\"https:\/\/vinilozona.lt\/parduotuve\/rock-pop\/nice-keith-emerson-autumn-67-spring-68\/\"]}]},{\"@type\":\"ImageObject\",\"inLanguage\":\"en-GB\",\"@id\":\"https:\/\/vinilozona.lt\/parduotuve\/rock-pop\/nice-keith-emerson-autumn-67-spring-68\/#primaryimage\",\"url\":\"https:\/\/vinilozona.lt\/wp-content\/uploads\/2022\/06\/R-1678778-1381777426-9356.jpg\",\"contentUrl\":\"https:\/\/vinilozona.lt\/wp-content\/uploads\/2022\/06\/R-1678778-1381777426-9356.jpg\",\"width\":600,\"height\":600},{\"@type\":\"BreadcrumbList\",\"@id\":\"https:\/\/vinilozona.lt\/parduotuve\/rock-pop\/nice-keith-emerson-autumn-67-spring-68\/#breadcrumb\",\"itemListElement\":[{\"@type\":\"ListItem\",\"position\":1,\"name\":\"Home\",\"item\":\"https:\/\/vinilozona.lt\/\"},{\"@type\":\"ListItem\",\"position\":2,\"name\":\"Parduotuv\u0117\",\"item\":\"https:\/\/vinilozona.lt\/parduotuve\/\"},{\"@type\":\"ListItem\",\"position\":3,\"name\":\"Nice (Keith Emerson) \u200e\u2013 Autumn &#8217;67 &#8211; Spring &#8217;68\"}]},{\"@type\":\"WebSite\",\"@id\":\"https:\/\/vinilozona.lt\/#website\",\"url\":\"https:\/\/vinilozona.lt\/\",\"name\":\"Vinilo Zona\",\"description\":\"Nup\u016bsk dulkes ir klausyk LP\",\"potentialAction\":[{\"@type\":\"SearchAction\",\"target\":{\"@type\":\"EntryPoint\",\"urlTemplate\":\"https:\/\/vinilozona.lt\/?s={search_term_string}\"},\"query-input\":{\"@type\":\"PropertyValueSpecification\",\"valueRequired\":true,\"valueName\":\"search_term_string\"}}],\"inLanguage\":\"en-GB\"}]}<\/script>\n<!-- \/ Yoast SEO plugin. -->","yoast_head_json":{"title":"Nice (Keith Emerson) \u200e\u2013 Autumn '67 - Spring '68 Vinilin\u0117 Plok\u0161tel\u0117 | Vinilozona.lt","robots":{"index":"index","follow":"follow","max-snippet":"max-snippet:-1","max-image-preview":"max-image-preview:large","max-video-preview":"max-video-preview:-1"},"canonical":"https:\/\/vinilozona.lt\/en\/parduotuve\/rock-pop\/nice-keith-emerson-autumn-67-spring-68\/","og_locale":"en_GB","og_type":"article","og_title":"Nice (Keith Emerson) \u200e\u2013 Autumn '67 - Spring '68 Vinilin\u0117 Plok\u0161tel\u0117 | Vinilozona.lt","og_description":"Label: Charisma \u2013 CS 1 Series: Charisma Perspective Format: Vinyl, LP, Compilation, Pink Scroll Labels Country: UK Released: Jul 1972","og_url":"https:\/\/vinilozona.lt\/en\/parduotuve\/rock-pop\/nice-keith-emerson-autumn-67-spring-68\/","og_site_name":"Vinilo Zona","article_modified_time":"2025-05-14T04:11:00+00:00","og_image":[{"width":600,"height":600,"url":"https:\/\/vinilozona.lt\/wp-content\/uploads\/2022\/06\/R-1678778-1381777426-9356.jpg","type":"image\/jpeg"}],"twitter_card":"summary_large_image","twitter_misc":{"Estimated reading time":"1 minute"},"schema":{"@context":"https:\/\/schema.org","@graph":[{"@type":"WebPage","@id":"https:\/\/vinilozona.lt\/parduotuve\/rock-pop\/nice-keith-emerson-autumn-67-spring-68\/","url":"https:\/\/vinilozona.lt\/parduotuve\/rock-pop\/nice-keith-emerson-autumn-67-spring-68\/","name":"Nice (Keith Emerson) \u200e\u2013 Autumn '67 - Spring '68 Vinilin\u0117 Plok\u0161tel\u0117 | Vinilozona.lt","isPartOf":{"@id":"https:\/\/vinilozona.lt\/#website"},"primaryImageOfPage":{"@id":"https:\/\/vinilozona.lt\/parduotuve\/rock-pop\/nice-keith-emerson-autumn-67-spring-68\/#primaryimage"},"image":{"@id":"https:\/\/vinilozona.lt\/parduotuve\/rock-pop\/nice-keith-emerson-autumn-67-spring-68\/#primaryimage"},"thumbnailUrl":"https:\/\/vinilozona.lt\/wp-content\/uploads\/2022\/06\/R-1678778-1381777426-9356.jpg","datePublished":"2025-05-14T02:00:58+00:00","dateModified":"2025-05-14T04:11:00+00:00","breadcrumb":{"@id":"https:\/\/vinilozona.lt\/parduotuve\/rock-pop\/nice-keith-emerson-autumn-67-spring-68\/#breadcrumb"},"inLanguage":"en-GB","potentialAction":[{"@type":"ReadAction","target":["https:\/\/vinilozona.lt\/parduotuve\/rock-pop\/nice-keith-emerson-autumn-67-spring-68\/"]}]},{"@type":"ImageObject","inLanguage":"en-GB","@id":"https:\/\/vinilozona.lt\/parduotuve\/rock-pop\/nice-keith-emerson-autumn-67-spring-68\/#primaryimage","url":"https:\/\/vinilozona.lt\/wp-content\/uploads\/2022\/06\/R-1678778-1381777426-9356.jpg","contentUrl":"https:\/\/vinilozona.lt\/wp-content\/uploads\/2022\/06\/R-1678778-1381777426-9356.jpg","width":600,"height":600},{"@type":"BreadcrumbList","@id":"https:\/\/vinilozona.lt\/parduotuve\/rock-pop\/nice-keith-emerson-autumn-67-spring-68\/#breadcrumb","itemListElement":[{"@type":"ListItem","position":1,"name":"Home","item":"https:\/\/vinilozona.lt\/"},{"@type":"ListItem","position":2,"name":"Parduotuv\u0117","item":"https:\/\/vinilozona.lt\/parduotuve\/"},{"@type":"ListItem","position":3,"name":"Nice (Keith Emerson) \u200e\u2013 Autumn &#8217;67 &#8211; Spring &#8217;68"}]},{"@type":"WebSite","@id":"https:\/\/vinilozona.lt\/#website","url":"https:\/\/vinilozona.lt\/","name":"Vinilo Zona","description":"Nup\u016bsk dulkes ir klausyk LP","potentialAction":[{"@type":"SearchAction","target":{"@type":"EntryPoint","urlTemplate":"https:\/\/vinilozona.lt\/?s={search_term_string}"},"query-input":{"@type":"PropertyValueSpecification","valueRequired":true,"valueName":"search_term_string"}}],"inLanguage":"en-GB"}]}},"_links":{"self":[{"href":"https:\/\/vinilozona.lt\/en\/wp-json\/wp\/v2\/product\/19347"}],"collection":[{"href":"https:\/\/vinilozona.lt\/en\/wp-json\/wp\/v2\/product"}],"about":[{"href":"https:\/\/vinilozona.lt\/en\/wp-json\/wp\/v2\/types\/product"}],"wp:featuredmedia":[{"embeddable":true,"href":"https:\/\/vinilozona.lt\/en\/wp-json\/wp\/v2\/media\/19348"}],"wp:attachment":[{"href":"https:\/\/vinilozona.lt\/en\/wp-json\/wp\/v2\/media?parent=19347"}],"wp:term":[{"taxonomy":"product_cat","embeddable":true,"href":"https:\/\/vinilozona.lt\/en\/wp-json\/wp\/v2\/product_cat?post=19347"},{"taxonomy":"product_tag","embeddable":true,"href":"https:\/\/vinilozona.lt\/en\/wp-json\/wp\/v2\/product_tag?post=19347"}],"curies":[{"name":"wp","href":"https:\/\/api.w.org\/{rel}","templated":true}]}}