{"id":19343,"date":"2025-05-14T05:01:28","date_gmt":"2025-05-14T02:01:28","guid":{"rendered":"https:\/\/vinilozona.lt\/?post_type=product&#038;p=19343"},"modified":"2025-05-14T07:13:11","modified_gmt":"2025-05-14T04:13:11","slug":"nice-keith-emerson-the-thoughts-of-emerlist-davjack","status":"publish","type":"product","link":"https:\/\/vinilozona.lt\/en\/parduotuve\/rock-pop\/nice-keith-emerson-the-thoughts-of-emerlist-davjack\/","title":{"rendered":"Nice (Keith Emerson) \u200e\u2013 The Thoughts Of Emerlist Davjack"},"content":{"rendered":"<p>A1\t\tThe Thoughts Of Emerlist Davjack 2:45<br \/>\nA2\t\tFlower King Of Flies\t3:16<br \/>\nA3\t\tBonnie K\t3:10<br \/>\nA4\t\tRondo\t8:16<br \/>\nB1\t\tThe Cry Of Eugene 4:29<br \/>\nB2\t\tWar And Peace\t5:10<br \/>\nB3\t\tTantalising Maggie\t4:19<br \/>\nB4\t\tDawn\t5:11<\/p>\n<p>Reissue of 1ST album of The Nice<\/p>","protected":false},"excerpt":{"rendered":"<p>Label:\toxford \u2013 OX\/3171<br \/>\nFormat:<br \/>\nVinyl, LP, Reissue<br \/>\nCountry:\tItaly<br \/>\nReleased:\t1976<\/p>","protected":false},"featured_media":19344,"template":"","meta":[],"product_cat":[15],"product_tag":[55],"yoast_head":"<!-- This site is optimized with the Yoast SEO plugin v23.5 - https:\/\/yoast.com\/wordpress\/plugins\/seo\/ -->\n<title>Nice (Keith Emerson) \u200e\u2013 The Thoughts Of Emerlist Davjack Vinilin\u0117 Plok\u0161tel\u0117 | Vinilozona.lt<\/title>\n<meta name=\"robots\" content=\"index, follow, max-snippet:-1, max-image-preview:large, max-video-preview:-1\" \/>\n<link rel=\"canonical\" href=\"https:\/\/vinilozona.lt\/en\/parduotuve\/rock-pop\/nice-keith-emerson-the-thoughts-of-emerlist-davjack\/\" \/>\n<meta property=\"og:locale\" content=\"en_GB\" \/>\n<meta property=\"og:type\" content=\"article\" \/>\n<meta property=\"og:title\" content=\"Nice (Keith Emerson) \u200e\u2013 The Thoughts Of Emerlist Davjack Vinilin\u0117 Plok\u0161tel\u0117 | Vinilozona.lt\" \/>\n<meta property=\"og:description\" content=\"Label: oxford \u2013 OX\/3171 Format:  Vinyl, LP, Reissue Country: Italy Released: 1976\" \/>\n<meta property=\"og:url\" content=\"https:\/\/vinilozona.lt\/en\/parduotuve\/rock-pop\/nice-keith-emerson-the-thoughts-of-emerlist-davjack\/\" \/>\n<meta property=\"og:site_name\" content=\"Vinilo Zona\" \/>\n<meta property=\"article:modified_time\" content=\"2025-05-14T04:13:11+00:00\" \/>\n<meta property=\"og:image\" content=\"https:\/\/vinilozona.lt\/wp-content\/uploads\/2022\/06\/R-3985767-1408832252-1842.jpg\" \/>\n\t<meta property=\"og:image:width\" content=\"600\" \/>\n\t<meta property=\"og:image:height\" content=\"600\" \/>\n\t<meta property=\"og:image:type\" content=\"image\/jpeg\" \/>\n<meta name=\"twitter:card\" content=\"summary_large_image\" \/>\n<meta name=\"twitter:label1\" content=\"Estimated reading time\" \/>\n\t<meta name=\"twitter:data1\" content=\"1 minute\" \/>\n<script type=\"application\/ld+json\" class=\"yoast-schema-graph\">{\"@context\":\"https:\/\/schema.org\",\"@graph\":[{\"@type\":\"WebPage\",\"@id\":\"https:\/\/vinilozona.lt\/parduotuve\/rock-pop\/nice-keith-emerson-the-thoughts-of-emerlist-davjack\/\",\"url\":\"https:\/\/vinilozona.lt\/parduotuve\/rock-pop\/nice-keith-emerson-the-thoughts-of-emerlist-davjack\/\",\"name\":\"Nice (Keith Emerson) \u200e\u2013 The Thoughts Of Emerlist Davjack Vinilin\u0117 Plok\u0161tel\u0117 | Vinilozona.lt\",\"isPartOf\":{\"@id\":\"https:\/\/vinilozona.lt\/#website\"},\"primaryImageOfPage\":{\"@id\":\"https:\/\/vinilozona.lt\/parduotuve\/rock-pop\/nice-keith-emerson-the-thoughts-of-emerlist-davjack\/#primaryimage\"},\"image\":{\"@id\":\"https:\/\/vinilozona.lt\/parduotuve\/rock-pop\/nice-keith-emerson-the-thoughts-of-emerlist-davjack\/#primaryimage\"},\"thumbnailUrl\":\"https:\/\/vinilozona.lt\/wp-content\/uploads\/2022\/06\/R-3985767-1408832252-1842.jpg\",\"datePublished\":\"2025-05-14T02:01:28+00:00\",\"dateModified\":\"2025-05-14T04:13:11+00:00\",\"breadcrumb\":{\"@id\":\"https:\/\/vinilozona.lt\/parduotuve\/rock-pop\/nice-keith-emerson-the-thoughts-of-emerlist-davjack\/#breadcrumb\"},\"inLanguage\":\"en-GB\",\"potentialAction\":[{\"@type\":\"ReadAction\",\"target\":[\"https:\/\/vinilozona.lt\/parduotuve\/rock-pop\/nice-keith-emerson-the-thoughts-of-emerlist-davjack\/\"]}]},{\"@type\":\"ImageObject\",\"inLanguage\":\"en-GB\",\"@id\":\"https:\/\/vinilozona.lt\/parduotuve\/rock-pop\/nice-keith-emerson-the-thoughts-of-emerlist-davjack\/#primaryimage\",\"url\":\"https:\/\/vinilozona.lt\/wp-content\/uploads\/2022\/06\/R-3985767-1408832252-1842.jpg\",\"contentUrl\":\"https:\/\/vinilozona.lt\/wp-content\/uploads\/2022\/06\/R-3985767-1408832252-1842.jpg\",\"width\":600,\"height\":600},{\"@type\":\"BreadcrumbList\",\"@id\":\"https:\/\/vinilozona.lt\/parduotuve\/rock-pop\/nice-keith-emerson-the-thoughts-of-emerlist-davjack\/#breadcrumb\",\"itemListElement\":[{\"@type\":\"ListItem\",\"position\":1,\"name\":\"Home\",\"item\":\"https:\/\/vinilozona.lt\/\"},{\"@type\":\"ListItem\",\"position\":2,\"name\":\"Parduotuv\u0117\",\"item\":\"https:\/\/vinilozona.lt\/parduotuve\/\"},{\"@type\":\"ListItem\",\"position\":3,\"name\":\"Nice (Keith Emerson) \u200e\u2013 The Thoughts Of Emerlist Davjack\"}]},{\"@type\":\"WebSite\",\"@id\":\"https:\/\/vinilozona.lt\/#website\",\"url\":\"https:\/\/vinilozona.lt\/\",\"name\":\"Vinilo Zona\",\"description\":\"Nup\u016bsk dulkes ir klausyk LP\",\"potentialAction\":[{\"@type\":\"SearchAction\",\"target\":{\"@type\":\"EntryPoint\",\"urlTemplate\":\"https:\/\/vinilozona.lt\/?s={search_term_string}\"},\"query-input\":{\"@type\":\"PropertyValueSpecification\",\"valueRequired\":true,\"valueName\":\"search_term_string\"}}],\"inLanguage\":\"en-GB\"}]}<\/script>\n<!-- \/ Yoast SEO plugin. -->","yoast_head_json":{"title":"Nice (Keith Emerson) \u200e\u2013 The Thoughts Of Emerlist Davjack Vinilin\u0117 Plok\u0161tel\u0117 | Vinilozona.lt","robots":{"index":"index","follow":"follow","max-snippet":"max-snippet:-1","max-image-preview":"max-image-preview:large","max-video-preview":"max-video-preview:-1"},"canonical":"https:\/\/vinilozona.lt\/en\/parduotuve\/rock-pop\/nice-keith-emerson-the-thoughts-of-emerlist-davjack\/","og_locale":"en_GB","og_type":"article","og_title":"Nice (Keith Emerson) \u200e\u2013 The Thoughts Of Emerlist Davjack Vinilin\u0117 Plok\u0161tel\u0117 | Vinilozona.lt","og_description":"Label: oxford \u2013 OX\/3171 Format:  Vinyl, LP, Reissue Country: Italy Released: 1976","og_url":"https:\/\/vinilozona.lt\/en\/parduotuve\/rock-pop\/nice-keith-emerson-the-thoughts-of-emerlist-davjack\/","og_site_name":"Vinilo Zona","article_modified_time":"2025-05-14T04:13:11+00:00","og_image":[{"width":600,"height":600,"url":"https:\/\/vinilozona.lt\/wp-content\/uploads\/2022\/06\/R-3985767-1408832252-1842.jpg","type":"image\/jpeg"}],"twitter_card":"summary_large_image","twitter_misc":{"Estimated reading time":"1 minute"},"schema":{"@context":"https:\/\/schema.org","@graph":[{"@type":"WebPage","@id":"https:\/\/vinilozona.lt\/parduotuve\/rock-pop\/nice-keith-emerson-the-thoughts-of-emerlist-davjack\/","url":"https:\/\/vinilozona.lt\/parduotuve\/rock-pop\/nice-keith-emerson-the-thoughts-of-emerlist-davjack\/","name":"Nice (Keith Emerson) \u200e\u2013 The Thoughts Of Emerlist Davjack Vinilin\u0117 Plok\u0161tel\u0117 | Vinilozona.lt","isPartOf":{"@id":"https:\/\/vinilozona.lt\/#website"},"primaryImageOfPage":{"@id":"https:\/\/vinilozona.lt\/parduotuve\/rock-pop\/nice-keith-emerson-the-thoughts-of-emerlist-davjack\/#primaryimage"},"image":{"@id":"https:\/\/vinilozona.lt\/parduotuve\/rock-pop\/nice-keith-emerson-the-thoughts-of-emerlist-davjack\/#primaryimage"},"thumbnailUrl":"https:\/\/vinilozona.lt\/wp-content\/uploads\/2022\/06\/R-3985767-1408832252-1842.jpg","datePublished":"2025-05-14T02:01:28+00:00","dateModified":"2025-05-14T04:13:11+00:00","breadcrumb":{"@id":"https:\/\/vinilozona.lt\/parduotuve\/rock-pop\/nice-keith-emerson-the-thoughts-of-emerlist-davjack\/#breadcrumb"},"inLanguage":"en-GB","potentialAction":[{"@type":"ReadAction","target":["https:\/\/vinilozona.lt\/parduotuve\/rock-pop\/nice-keith-emerson-the-thoughts-of-emerlist-davjack\/"]}]},{"@type":"ImageObject","inLanguage":"en-GB","@id":"https:\/\/vinilozona.lt\/parduotuve\/rock-pop\/nice-keith-emerson-the-thoughts-of-emerlist-davjack\/#primaryimage","url":"https:\/\/vinilozona.lt\/wp-content\/uploads\/2022\/06\/R-3985767-1408832252-1842.jpg","contentUrl":"https:\/\/vinilozona.lt\/wp-content\/uploads\/2022\/06\/R-3985767-1408832252-1842.jpg","width":600,"height":600},{"@type":"BreadcrumbList","@id":"https:\/\/vinilozona.lt\/parduotuve\/rock-pop\/nice-keith-emerson-the-thoughts-of-emerlist-davjack\/#breadcrumb","itemListElement":[{"@type":"ListItem","position":1,"name":"Home","item":"https:\/\/vinilozona.lt\/"},{"@type":"ListItem","position":2,"name":"Parduotuv\u0117","item":"https:\/\/vinilozona.lt\/parduotuve\/"},{"@type":"ListItem","position":3,"name":"Nice (Keith Emerson) \u200e\u2013 The Thoughts Of Emerlist Davjack"}]},{"@type":"WebSite","@id":"https:\/\/vinilozona.lt\/#website","url":"https:\/\/vinilozona.lt\/","name":"Vinilo Zona","description":"Nup\u016bsk dulkes ir klausyk LP","potentialAction":[{"@type":"SearchAction","target":{"@type":"EntryPoint","urlTemplate":"https:\/\/vinilozona.lt\/?s={search_term_string}"},"query-input":{"@type":"PropertyValueSpecification","valueRequired":true,"valueName":"search_term_string"}}],"inLanguage":"en-GB"}]}},"_links":{"self":[{"href":"https:\/\/vinilozona.lt\/en\/wp-json\/wp\/v2\/product\/19343"}],"collection":[{"href":"https:\/\/vinilozona.lt\/en\/wp-json\/wp\/v2\/product"}],"about":[{"href":"https:\/\/vinilozona.lt\/en\/wp-json\/wp\/v2\/types\/product"}],"wp:featuredmedia":[{"embeddable":true,"href":"https:\/\/vinilozona.lt\/en\/wp-json\/wp\/v2\/media\/19344"}],"wp:attachment":[{"href":"https:\/\/vinilozona.lt\/en\/wp-json\/wp\/v2\/media?parent=19343"}],"wp:term":[{"taxonomy":"product_cat","embeddable":true,"href":"https:\/\/vinilozona.lt\/en\/wp-json\/wp\/v2\/product_cat?post=19343"},{"taxonomy":"product_tag","embeddable":true,"href":"https:\/\/vinilozona.lt\/en\/wp-json\/wp\/v2\/product_tag?post=19343"}],"curies":[{"name":"wp","href":"https:\/\/api.w.org\/{rel}","templated":true}]}}