{"id":19338,"date":"2022-06-02T13:36:54","date_gmt":"2022-06-02T10:36:54","guid":{"rendered":"https:\/\/vinilozona.lt\/?post_type=product&#038;p=19338"},"modified":"2024-05-25T11:50:39","modified_gmt":"2024-05-25T08:50:39","slug":"%d1%8e%d1%80%d0%b8%d0%b9-%d0%b0%d0%bd%d1%82%d0%be%d0%bd%d0%be%d0%b2-%d0%bf%d0%be%d0%b2%d0%b5%d1%80%d1%8c-%d0%b2-%d0%bc%d0%b5%d1%87%d1%82%d1%83-believe-in-the-dream","status":"publish","type":"product","link":"https:\/\/vinilozona.lt\/en\/parduotuve\/kita\/%d1%8e%d1%80%d0%b8%d0%b9-%d0%b0%d0%bd%d1%82%d0%be%d0%bd%d0%be%d0%b2-%d0%bf%d0%be%d0%b2%d0%b5%d1%80%d1%8c-%d0%b2-%d0%bc%d0%b5%d1%87%d1%82%d1%83-believe-in-the-dream\/","title":{"rendered":"\u042e\u0440\u0438\u0439 \u0410\u043d\u0442\u043e\u043d\u043e\u0432 \u2013 \u041f\u043e\u0432\u0435\u0440\u044c \u0412 \u041c\u0435\u0447\u0442\u0443 = Believe In The Dream"},"content":{"rendered":"<p>\u041f\u043e\u0432\u0435\u0440\u044c \u0412 \u041c\u0435\u0447\u0442\u0443 \u2022 Believe In The Dream\t4:31<br \/>\n\u0423\u0445\u043e\u0434\u0438\u0442 \u041c\u043e\u043b\u043e\u0434\u043e\u0441\u0442\u044c \u041c\u043e\u044f \u2022 My Youth Is Passing Away\t5:42<br \/>\n\u042f \u041d\u0435 \u0416\u0430\u043b\u0435\u044e \u041d\u0438 \u041e \u0427\u0435\u043c \u2022 I&#8217;m Sorry For Nothing\t3:58<br \/>\n\u041c\u043e\u0439 \u041f\u0443\u0442\u044c \u041f\u0440\u043e\u0441\u0442 \u2022 My Sinple Way\t3:56<br \/>\n\u041d\u0430 \u0423\u043b\u0438\u0446\u0435 \u041a\u0430\u0448\u0442\u0430\u043d\u043e\u0432\u043e\u0439 \u2022 In Kashtanovaya Street\t3:53<br \/>\n\u041d\u0435 \u0414\u043e \u0421\u043c\u0435\u0445\u0430 \u2022 We Are Past Laughter\t3:14<br \/>\n\u0415\u0441\u043b\u0438 \u041f\u043e\u0439\u0434\u0435\u043c \u0412\u0434\u0432\u043e\u0435\u043c \u2022 If We Go Together\t3:08<br \/>\n\u0421\u043d\u0435\u0433\u0438\u0440\u0438 \u2022 Bullfinches\t2:35<br \/>\n\u0414\u0430\u0439 \u041c\u043d\u0435 \u0420\u0443\u043a\u0443 \u2022 Give Me Your Hand\t4:50<\/p>","protected":false},"excerpt":{"rendered":"<p>\u041c\u0435\u043b\u043e\u0434\u0438\u044f \u2013 C60 22285 006<br \/>\nFormat:<br \/>\nVinyl, LP, Album, Multicolour Labels<br \/>\nCountry:\tUSSR<br \/>\nReleased:\t1985<\/p>","protected":false},"featured_media":19339,"template":"","meta":[],"product_cat":[21],"product_tag":[44],"yoast_head":"<!-- This site is optimized with the Yoast SEO plugin v23.5 - https:\/\/yoast.com\/wordpress\/plugins\/seo\/ -->\n<title>\u042e\u0440\u0438\u0439 \u0410\u043d\u0442\u043e\u043d\u043e\u0432 \u2013 \u041f\u043e\u0432\u0435\u0440\u044c \u0412 \u041c\u0435\u0447\u0442\u0443 = Believe In The Dream Vinilin\u0117 Plok\u0161tel\u0117 | Vinilozona.lt<\/title>\n<meta name=\"robots\" content=\"index, follow, max-snippet:-1, max-image-preview:large, max-video-preview:-1\" \/>\n<link rel=\"canonical\" href=\"https:\/\/vinilozona.lt\/en\/parduotuve\/kita\/\u044e\u0440\u0438\u0439-\u0430\u043d\u0442\u043e\u043d\u043e\u0432-\u043f\u043e\u0432\u0435\u0440\u044c-\u0432-\u043c\u0435\u0447\u0442\u0443-believe-in-the-dream\/\" \/>\n<meta property=\"og:locale\" content=\"en_GB\" \/>\n<meta property=\"og:type\" content=\"article\" \/>\n<meta property=\"og:title\" content=\"\u042e\u0440\u0438\u0439 \u0410\u043d\u0442\u043e\u043d\u043e\u0432 \u2013 \u041f\u043e\u0432\u0435\u0440\u044c \u0412 \u041c\u0435\u0447\u0442\u0443 = Believe In The Dream Vinilin\u0117 Plok\u0161tel\u0117 | Vinilozona.lt\" \/>\n<meta property=\"og:description\" content=\"\u041c\u0435\u043b\u043e\u0434\u0438\u044f \u2013 C60 22285 006 Format:  Vinyl, LP, Album, Multicolour Labels Country: USSR Released: 1985\" \/>\n<meta property=\"og:url\" content=\"https:\/\/vinilozona.lt\/en\/parduotuve\/kita\/\u044e\u0440\u0438\u0439-\u0430\u043d\u0442\u043e\u043d\u043e\u0432-\u043f\u043e\u0432\u0435\u0440\u044c-\u0432-\u043c\u0435\u0447\u0442\u0443-believe-in-the-dream\/\" \/>\n<meta property=\"og:site_name\" content=\"Vinilo Zona\" \/>\n<meta property=\"article:modified_time\" content=\"2024-05-25T08:50:39+00:00\" \/>\n<meta property=\"og:image\" content=\"https:\/\/vinilozona.lt\/wp-content\/uploads\/2022\/06\/R-4945935-1380220513-4773.jpg\" \/>\n\t<meta property=\"og:image:width\" content=\"600\" \/>\n\t<meta property=\"og:image:height\" content=\"600\" \/>\n\t<meta property=\"og:image:type\" content=\"image\/jpeg\" \/>\n<meta name=\"twitter:card\" content=\"summary_large_image\" \/>\n<script type=\"application\/ld+json\" class=\"yoast-schema-graph\">{\"@context\":\"https:\/\/schema.org\",\"@graph\":[{\"@type\":\"WebPage\",\"@id\":\"https:\/\/vinilozona.lt\/parduotuve\/kita\/%d1%8e%d1%80%d0%b8%d0%b9-%d0%b0%d0%bd%d1%82%d0%be%d0%bd%d0%be%d0%b2-%d0%bf%d0%be%d0%b2%d0%b5%d1%80%d1%8c-%d0%b2-%d0%bc%d0%b5%d1%87%d1%82%d1%83-believe-in-the-dream\/\",\"url\":\"https:\/\/vinilozona.lt\/parduotuve\/kita\/%d1%8e%d1%80%d0%b8%d0%b9-%d0%b0%d0%bd%d1%82%d0%be%d0%bd%d0%be%d0%b2-%d0%bf%d0%be%d0%b2%d0%b5%d1%80%d1%8c-%d0%b2-%d0%bc%d0%b5%d1%87%d1%82%d1%83-believe-in-the-dream\/\",\"name\":\"\u042e\u0440\u0438\u0439 \u0410\u043d\u0442\u043e\u043d\u043e\u0432 \u2013 \u041f\u043e\u0432\u0435\u0440\u044c \u0412 \u041c\u0435\u0447\u0442\u0443 = Believe In The Dream Vinilin\u0117 Plok\u0161tel\u0117 | Vinilozona.lt\",\"isPartOf\":{\"@id\":\"https:\/\/vinilozona.lt\/#website\"},\"primaryImageOfPage\":{\"@id\":\"https:\/\/vinilozona.lt\/parduotuve\/kita\/%d1%8e%d1%80%d0%b8%d0%b9-%d0%b0%d0%bd%d1%82%d0%be%d0%bd%d0%be%d0%b2-%d0%bf%d0%be%d0%b2%d0%b5%d1%80%d1%8c-%d0%b2-%d0%bc%d0%b5%d1%87%d1%82%d1%83-believe-in-the-dream\/#primaryimage\"},\"image\":{\"@id\":\"https:\/\/vinilozona.lt\/parduotuve\/kita\/%d1%8e%d1%80%d0%b8%d0%b9-%d0%b0%d0%bd%d1%82%d0%be%d0%bd%d0%be%d0%b2-%d0%bf%d0%be%d0%b2%d0%b5%d1%80%d1%8c-%d0%b2-%d0%bc%d0%b5%d1%87%d1%82%d1%83-believe-in-the-dream\/#primaryimage\"},\"thumbnailUrl\":\"https:\/\/vinilozona.lt\/wp-content\/uploads\/2022\/06\/R-4945935-1380220513-4773.jpg\",\"datePublished\":\"2022-06-02T10:36:54+00:00\",\"dateModified\":\"2024-05-25T08:50:39+00:00\",\"breadcrumb\":{\"@id\":\"https:\/\/vinilozona.lt\/parduotuve\/kita\/%d1%8e%d1%80%d0%b8%d0%b9-%d0%b0%d0%bd%d1%82%d0%be%d0%bd%d0%be%d0%b2-%d0%bf%d0%be%d0%b2%d0%b5%d1%80%d1%8c-%d0%b2-%d0%bc%d0%b5%d1%87%d1%82%d1%83-believe-in-the-dream\/#breadcrumb\"},\"inLanguage\":\"en-GB\",\"potentialAction\":[{\"@type\":\"ReadAction\",\"target\":[\"https:\/\/vinilozona.lt\/parduotuve\/kita\/%d1%8e%d1%80%d0%b8%d0%b9-%d0%b0%d0%bd%d1%82%d0%be%d0%bd%d0%be%d0%b2-%d0%bf%d0%be%d0%b2%d0%b5%d1%80%d1%8c-%d0%b2-%d0%bc%d0%b5%d1%87%d1%82%d1%83-believe-in-the-dream\/\"]}]},{\"@type\":\"ImageObject\",\"inLanguage\":\"en-GB\",\"@id\":\"https:\/\/vinilozona.lt\/parduotuve\/kita\/%d1%8e%d1%80%d0%b8%d0%b9-%d0%b0%d0%bd%d1%82%d0%be%d0%bd%d0%be%d0%b2-%d0%bf%d0%be%d0%b2%d0%b5%d1%80%d1%8c-%d0%b2-%d0%bc%d0%b5%d1%87%d1%82%d1%83-believe-in-the-dream\/#primaryimage\",\"url\":\"https:\/\/vinilozona.lt\/wp-content\/uploads\/2022\/06\/R-4945935-1380220513-4773.jpg\",\"contentUrl\":\"https:\/\/vinilozona.lt\/wp-content\/uploads\/2022\/06\/R-4945935-1380220513-4773.jpg\",\"width\":600,\"height\":600},{\"@type\":\"BreadcrumbList\",\"@id\":\"https:\/\/vinilozona.lt\/parduotuve\/kita\/%d1%8e%d1%80%d0%b8%d0%b9-%d0%b0%d0%bd%d1%82%d0%be%d0%bd%d0%be%d0%b2-%d0%bf%d0%be%d0%b2%d0%b5%d1%80%d1%8c-%d0%b2-%d0%bc%d0%b5%d1%87%d1%82%d1%83-believe-in-the-dream\/#breadcrumb\",\"itemListElement\":[{\"@type\":\"ListItem\",\"position\":1,\"name\":\"Home\",\"item\":\"https:\/\/vinilozona.lt\/\"},{\"@type\":\"ListItem\",\"position\":2,\"name\":\"Parduotuv\u0117\",\"item\":\"https:\/\/vinilozona.lt\/parduotuve\/\"},{\"@type\":\"ListItem\",\"position\":3,\"name\":\"\u042e\u0440\u0438\u0439 \u0410\u043d\u0442\u043e\u043d\u043e\u0432 \u2013 \u041f\u043e\u0432\u0435\u0440\u044c \u0412 \u041c\u0435\u0447\u0442\u0443 = Believe In The Dream\"}]},{\"@type\":\"WebSite\",\"@id\":\"https:\/\/vinilozona.lt\/#website\",\"url\":\"https:\/\/vinilozona.lt\/\",\"name\":\"Vinilo Zona\",\"description\":\"Nup\u016bsk dulkes ir klausyk LP\",\"potentialAction\":[{\"@type\":\"SearchAction\",\"target\":{\"@type\":\"EntryPoint\",\"urlTemplate\":\"https:\/\/vinilozona.lt\/?s={search_term_string}\"},\"query-input\":{\"@type\":\"PropertyValueSpecification\",\"valueRequired\":true,\"valueName\":\"search_term_string\"}}],\"inLanguage\":\"en-GB\"}]}<\/script>\n<!-- \/ Yoast SEO plugin. -->","yoast_head_json":{"title":"\u042e\u0440\u0438\u0439 \u0410\u043d\u0442\u043e\u043d\u043e\u0432 \u2013 \u041f\u043e\u0432\u0435\u0440\u044c \u0412 \u041c\u0435\u0447\u0442\u0443 = Believe In The Dream Vinilin\u0117 Plok\u0161tel\u0117 | Vinilozona.lt","robots":{"index":"index","follow":"follow","max-snippet":"max-snippet:-1","max-image-preview":"max-image-preview:large","max-video-preview":"max-video-preview:-1"},"canonical":"https:\/\/vinilozona.lt\/en\/parduotuve\/kita\/\u044e\u0440\u0438\u0439-\u0430\u043d\u0442\u043e\u043d\u043e\u0432-\u043f\u043e\u0432\u0435\u0440\u044c-\u0432-\u043c\u0435\u0447\u0442\u0443-believe-in-the-dream\/","og_locale":"en_GB","og_type":"article","og_title":"\u042e\u0440\u0438\u0439 \u0410\u043d\u0442\u043e\u043d\u043e\u0432 \u2013 \u041f\u043e\u0432\u0435\u0440\u044c \u0412 \u041c\u0435\u0447\u0442\u0443 = Believe In The Dream Vinilin\u0117 Plok\u0161tel\u0117 | Vinilozona.lt","og_description":"\u041c\u0435\u043b\u043e\u0434\u0438\u044f \u2013 C60 22285 006 Format:  Vinyl, LP, Album, Multicolour Labels Country: USSR Released: 1985","og_url":"https:\/\/vinilozona.lt\/en\/parduotuve\/kita\/\u044e\u0440\u0438\u0439-\u0430\u043d\u0442\u043e\u043d\u043e\u0432-\u043f\u043e\u0432\u0435\u0440\u044c-\u0432-\u043c\u0435\u0447\u0442\u0443-believe-in-the-dream\/","og_site_name":"Vinilo Zona","article_modified_time":"2024-05-25T08:50:39+00:00","og_image":[{"width":600,"height":600,"url":"https:\/\/vinilozona.lt\/wp-content\/uploads\/2022\/06\/R-4945935-1380220513-4773.jpg","type":"image\/jpeg"}],"twitter_card":"summary_large_image","schema":{"@context":"https:\/\/schema.org","@graph":[{"@type":"WebPage","@id":"https:\/\/vinilozona.lt\/parduotuve\/kita\/%d1%8e%d1%80%d0%b8%d0%b9-%d0%b0%d0%bd%d1%82%d0%be%d0%bd%d0%be%d0%b2-%d0%bf%d0%be%d0%b2%d0%b5%d1%80%d1%8c-%d0%b2-%d0%bc%d0%b5%d1%87%d1%82%d1%83-believe-in-the-dream\/","url":"https:\/\/vinilozona.lt\/parduotuve\/kita\/%d1%8e%d1%80%d0%b8%d0%b9-%d0%b0%d0%bd%d1%82%d0%be%d0%bd%d0%be%d0%b2-%d0%bf%d0%be%d0%b2%d0%b5%d1%80%d1%8c-%d0%b2-%d0%bc%d0%b5%d1%87%d1%82%d1%83-believe-in-the-dream\/","name":"\u042e\u0440\u0438\u0439 \u0410\u043d\u0442\u043e\u043d\u043e\u0432 \u2013 \u041f\u043e\u0432\u0435\u0440\u044c \u0412 \u041c\u0435\u0447\u0442\u0443 = Believe In The Dream Vinilin\u0117 Plok\u0161tel\u0117 | Vinilozona.lt","isPartOf":{"@id":"https:\/\/vinilozona.lt\/#website"},"primaryImageOfPage":{"@id":"https:\/\/vinilozona.lt\/parduotuve\/kita\/%d1%8e%d1%80%d0%b8%d0%b9-%d0%b0%d0%bd%d1%82%d0%be%d0%bd%d0%be%d0%b2-%d0%bf%d0%be%d0%b2%d0%b5%d1%80%d1%8c-%d0%b2-%d0%bc%d0%b5%d1%87%d1%82%d1%83-believe-in-the-dream\/#primaryimage"},"image":{"@id":"https:\/\/vinilozona.lt\/parduotuve\/kita\/%d1%8e%d1%80%d0%b8%d0%b9-%d0%b0%d0%bd%d1%82%d0%be%d0%bd%d0%be%d0%b2-%d0%bf%d0%be%d0%b2%d0%b5%d1%80%d1%8c-%d0%b2-%d0%bc%d0%b5%d1%87%d1%82%d1%83-believe-in-the-dream\/#primaryimage"},"thumbnailUrl":"https:\/\/vinilozona.lt\/wp-content\/uploads\/2022\/06\/R-4945935-1380220513-4773.jpg","datePublished":"2022-06-02T10:36:54+00:00","dateModified":"2024-05-25T08:50:39+00:00","breadcrumb":{"@id":"https:\/\/vinilozona.lt\/parduotuve\/kita\/%d1%8e%d1%80%d0%b8%d0%b9-%d0%b0%d0%bd%d1%82%d0%be%d0%bd%d0%be%d0%b2-%d0%bf%d0%be%d0%b2%d0%b5%d1%80%d1%8c-%d0%b2-%d0%bc%d0%b5%d1%87%d1%82%d1%83-believe-in-the-dream\/#breadcrumb"},"inLanguage":"en-GB","potentialAction":[{"@type":"ReadAction","target":["https:\/\/vinilozona.lt\/parduotuve\/kita\/%d1%8e%d1%80%d0%b8%d0%b9-%d0%b0%d0%bd%d1%82%d0%be%d0%bd%d0%be%d0%b2-%d0%bf%d0%be%d0%b2%d0%b5%d1%80%d1%8c-%d0%b2-%d0%bc%d0%b5%d1%87%d1%82%d1%83-believe-in-the-dream\/"]}]},{"@type":"ImageObject","inLanguage":"en-GB","@id":"https:\/\/vinilozona.lt\/parduotuve\/kita\/%d1%8e%d1%80%d0%b8%d0%b9-%d0%b0%d0%bd%d1%82%d0%be%d0%bd%d0%be%d0%b2-%d0%bf%d0%be%d0%b2%d0%b5%d1%80%d1%8c-%d0%b2-%d0%bc%d0%b5%d1%87%d1%82%d1%83-believe-in-the-dream\/#primaryimage","url":"https:\/\/vinilozona.lt\/wp-content\/uploads\/2022\/06\/R-4945935-1380220513-4773.jpg","contentUrl":"https:\/\/vinilozona.lt\/wp-content\/uploads\/2022\/06\/R-4945935-1380220513-4773.jpg","width":600,"height":600},{"@type":"BreadcrumbList","@id":"https:\/\/vinilozona.lt\/parduotuve\/kita\/%d1%8e%d1%80%d0%b8%d0%b9-%d0%b0%d0%bd%d1%82%d0%be%d0%bd%d0%be%d0%b2-%d0%bf%d0%be%d0%b2%d0%b5%d1%80%d1%8c-%d0%b2-%d0%bc%d0%b5%d1%87%d1%82%d1%83-believe-in-the-dream\/#breadcrumb","itemListElement":[{"@type":"ListItem","position":1,"name":"Home","item":"https:\/\/vinilozona.lt\/"},{"@type":"ListItem","position":2,"name":"Parduotuv\u0117","item":"https:\/\/vinilozona.lt\/parduotuve\/"},{"@type":"ListItem","position":3,"name":"\u042e\u0440\u0438\u0439 \u0410\u043d\u0442\u043e\u043d\u043e\u0432 \u2013 \u041f\u043e\u0432\u0435\u0440\u044c \u0412 \u041c\u0435\u0447\u0442\u0443 = Believe In The Dream"}]},{"@type":"WebSite","@id":"https:\/\/vinilozona.lt\/#website","url":"https:\/\/vinilozona.lt\/","name":"Vinilo Zona","description":"Nup\u016bsk dulkes ir klausyk LP","potentialAction":[{"@type":"SearchAction","target":{"@type":"EntryPoint","urlTemplate":"https:\/\/vinilozona.lt\/?s={search_term_string}"},"query-input":{"@type":"PropertyValueSpecification","valueRequired":true,"valueName":"search_term_string"}}],"inLanguage":"en-GB"}]}},"_links":{"self":[{"href":"https:\/\/vinilozona.lt\/en\/wp-json\/wp\/v2\/product\/19338"}],"collection":[{"href":"https:\/\/vinilozona.lt\/en\/wp-json\/wp\/v2\/product"}],"about":[{"href":"https:\/\/vinilozona.lt\/en\/wp-json\/wp\/v2\/types\/product"}],"wp:featuredmedia":[{"embeddable":true,"href":"https:\/\/vinilozona.lt\/en\/wp-json\/wp\/v2\/media\/19339"}],"wp:attachment":[{"href":"https:\/\/vinilozona.lt\/en\/wp-json\/wp\/v2\/media?parent=19338"}],"wp:term":[{"taxonomy":"product_cat","embeddable":true,"href":"https:\/\/vinilozona.lt\/en\/wp-json\/wp\/v2\/product_cat?post=19338"},{"taxonomy":"product_tag","embeddable":true,"href":"https:\/\/vinilozona.lt\/en\/wp-json\/wp\/v2\/product_tag?post=19338"}],"curies":[{"name":"wp","href":"https:\/\/api.w.org\/{rel}","templated":true}]}}