{"id":19310,"date":"2022-06-02T09:40:32","date_gmt":"2022-06-02T06:40:32","guid":{"rendered":"https:\/\/vinilozona.lt\/?post_type=product&#038;p=19310"},"modified":"2023-04-06T21:43:03","modified_gmt":"2023-04-06T18:43:03","slug":"elton-john-elton-john-live-17-11-70","status":"publish","type":"product","link":"https:\/\/vinilozona.lt\/en\/parduotuve\/rock-pop\/elton-john-elton-john-live-17-11-70\/","title":{"rendered":"Elton John \u2013 Elton John Live 17-11-70"},"content":{"rendered":"<p>Take Me To The Pilot<br \/>\nHonky Tonk Women<br \/>\nSixty Years On<br \/>\nCan I Put You On<br \/>\nBad Side Of The Moon<br \/>\nMedley<br \/>\nBurn Down The Mission<br \/>\nMy Baby Left Me<br \/>\nGet Back\t<\/p>","protected":false},"excerpt":{"rendered":"<p>Pickwick Records \u2013 SHM 942<br \/>\nFormat:<br \/>\nVinyl, LP, Album, Reissue, Stereo, EMI Pressing<br \/>\nCountry:\tUK<br \/>\nReleased:\t1977<\/p>","protected":false},"featured_media":19311,"template":"","meta":[],"product_cat":[15],"product_tag":[44],"yoast_head":"<!-- This site is optimized with the Yoast SEO plugin v23.5 - https:\/\/yoast.com\/wordpress\/plugins\/seo\/ -->\n<title>Elton John \u2013 Elton John Live 17-11-70 Vinilin\u0117 Plok\u0161tel\u0117 | Vinilozona.lt<\/title>\n<meta name=\"robots\" content=\"index, follow, max-snippet:-1, max-image-preview:large, max-video-preview:-1\" \/>\n<link rel=\"canonical\" href=\"https:\/\/vinilozona.lt\/en\/parduotuve\/rock-pop\/elton-john-elton-john-live-17-11-70\/\" \/>\n<meta property=\"og:locale\" content=\"en_GB\" \/>\n<meta property=\"og:type\" content=\"article\" \/>\n<meta property=\"og:title\" content=\"Elton John \u2013 Elton John Live 17-11-70 Vinilin\u0117 Plok\u0161tel\u0117 | Vinilozona.lt\" \/>\n<meta property=\"og:description\" content=\"Pickwick Records \u2013 SHM 942 Format:  Vinyl, LP, Album, Reissue, Stereo, EMI Pressing Country: UK Released: 1977\" \/>\n<meta property=\"og:url\" content=\"https:\/\/vinilozona.lt\/en\/parduotuve\/rock-pop\/elton-john-elton-john-live-17-11-70\/\" \/>\n<meta property=\"og:site_name\" content=\"Vinilo Zona\" \/>\n<meta property=\"article:modified_time\" content=\"2023-04-06T18:43:03+00:00\" \/>\n<meta property=\"og:image\" content=\"https:\/\/vinilozona.lt\/wp-content\/uploads\/2022\/06\/R-1418563-1289918596.jpg\" \/>\n\t<meta property=\"og:image:width\" content=\"500\" \/>\n\t<meta property=\"og:image:height\" content=\"463\" \/>\n\t<meta property=\"og:image:type\" content=\"image\/jpeg\" \/>\n<meta name=\"twitter:card\" content=\"summary_large_image\" \/>\n<script type=\"application\/ld+json\" class=\"yoast-schema-graph\">{\"@context\":\"https:\/\/schema.org\",\"@graph\":[{\"@type\":\"WebPage\",\"@id\":\"https:\/\/vinilozona.lt\/parduotuve\/rock-pop\/elton-john-elton-john-live-17-11-70\/\",\"url\":\"https:\/\/vinilozona.lt\/parduotuve\/rock-pop\/elton-john-elton-john-live-17-11-70\/\",\"name\":\"Elton John \u2013 Elton John Live 17-11-70 Vinilin\u0117 Plok\u0161tel\u0117 | Vinilozona.lt\",\"isPartOf\":{\"@id\":\"https:\/\/vinilozona.lt\/#website\"},\"primaryImageOfPage\":{\"@id\":\"https:\/\/vinilozona.lt\/parduotuve\/rock-pop\/elton-john-elton-john-live-17-11-70\/#primaryimage\"},\"image\":{\"@id\":\"https:\/\/vinilozona.lt\/parduotuve\/rock-pop\/elton-john-elton-john-live-17-11-70\/#primaryimage\"},\"thumbnailUrl\":\"https:\/\/vinilozona.lt\/wp-content\/uploads\/2022\/06\/R-1418563-1289918596.jpg\",\"datePublished\":\"2022-06-02T06:40:32+00:00\",\"dateModified\":\"2023-04-06T18:43:03+00:00\",\"breadcrumb\":{\"@id\":\"https:\/\/vinilozona.lt\/parduotuve\/rock-pop\/elton-john-elton-john-live-17-11-70\/#breadcrumb\"},\"inLanguage\":\"en-GB\",\"potentialAction\":[{\"@type\":\"ReadAction\",\"target\":[\"https:\/\/vinilozona.lt\/parduotuve\/rock-pop\/elton-john-elton-john-live-17-11-70\/\"]}]},{\"@type\":\"ImageObject\",\"inLanguage\":\"en-GB\",\"@id\":\"https:\/\/vinilozona.lt\/parduotuve\/rock-pop\/elton-john-elton-john-live-17-11-70\/#primaryimage\",\"url\":\"https:\/\/vinilozona.lt\/wp-content\/uploads\/2022\/06\/R-1418563-1289918596.jpg\",\"contentUrl\":\"https:\/\/vinilozona.lt\/wp-content\/uploads\/2022\/06\/R-1418563-1289918596.jpg\",\"width\":500,\"height\":463},{\"@type\":\"BreadcrumbList\",\"@id\":\"https:\/\/vinilozona.lt\/parduotuve\/rock-pop\/elton-john-elton-john-live-17-11-70\/#breadcrumb\",\"itemListElement\":[{\"@type\":\"ListItem\",\"position\":1,\"name\":\"Home\",\"item\":\"https:\/\/vinilozona.lt\/\"},{\"@type\":\"ListItem\",\"position\":2,\"name\":\"Parduotuv\u0117\",\"item\":\"https:\/\/vinilozona.lt\/parduotuve\/\"},{\"@type\":\"ListItem\",\"position\":3,\"name\":\"Elton John \u2013 Elton John Live 17-11-70\"}]},{\"@type\":\"WebSite\",\"@id\":\"https:\/\/vinilozona.lt\/#website\",\"url\":\"https:\/\/vinilozona.lt\/\",\"name\":\"Vinilo Zona\",\"description\":\"Nup\u016bsk dulkes ir klausyk LP\",\"potentialAction\":[{\"@type\":\"SearchAction\",\"target\":{\"@type\":\"EntryPoint\",\"urlTemplate\":\"https:\/\/vinilozona.lt\/?s={search_term_string}\"},\"query-input\":{\"@type\":\"PropertyValueSpecification\",\"valueRequired\":true,\"valueName\":\"search_term_string\"}}],\"inLanguage\":\"en-GB\"}]}<\/script>\n<!-- \/ Yoast SEO plugin. -->","yoast_head_json":{"title":"Elton John \u2013 Elton John Live 17-11-70 Vinilin\u0117 Plok\u0161tel\u0117 | Vinilozona.lt","robots":{"index":"index","follow":"follow","max-snippet":"max-snippet:-1","max-image-preview":"max-image-preview:large","max-video-preview":"max-video-preview:-1"},"canonical":"https:\/\/vinilozona.lt\/en\/parduotuve\/rock-pop\/elton-john-elton-john-live-17-11-70\/","og_locale":"en_GB","og_type":"article","og_title":"Elton John \u2013 Elton John Live 17-11-70 Vinilin\u0117 Plok\u0161tel\u0117 | Vinilozona.lt","og_description":"Pickwick Records \u2013 SHM 942 Format:  Vinyl, LP, Album, Reissue, Stereo, EMI Pressing Country: UK Released: 1977","og_url":"https:\/\/vinilozona.lt\/en\/parduotuve\/rock-pop\/elton-john-elton-john-live-17-11-70\/","og_site_name":"Vinilo Zona","article_modified_time":"2023-04-06T18:43:03+00:00","og_image":[{"width":500,"height":463,"url":"https:\/\/vinilozona.lt\/wp-content\/uploads\/2022\/06\/R-1418563-1289918596.jpg","type":"image\/jpeg"}],"twitter_card":"summary_large_image","schema":{"@context":"https:\/\/schema.org","@graph":[{"@type":"WebPage","@id":"https:\/\/vinilozona.lt\/parduotuve\/rock-pop\/elton-john-elton-john-live-17-11-70\/","url":"https:\/\/vinilozona.lt\/parduotuve\/rock-pop\/elton-john-elton-john-live-17-11-70\/","name":"Elton John \u2013 Elton John Live 17-11-70 Vinilin\u0117 Plok\u0161tel\u0117 | Vinilozona.lt","isPartOf":{"@id":"https:\/\/vinilozona.lt\/#website"},"primaryImageOfPage":{"@id":"https:\/\/vinilozona.lt\/parduotuve\/rock-pop\/elton-john-elton-john-live-17-11-70\/#primaryimage"},"image":{"@id":"https:\/\/vinilozona.lt\/parduotuve\/rock-pop\/elton-john-elton-john-live-17-11-70\/#primaryimage"},"thumbnailUrl":"https:\/\/vinilozona.lt\/wp-content\/uploads\/2022\/06\/R-1418563-1289918596.jpg","datePublished":"2022-06-02T06:40:32+00:00","dateModified":"2023-04-06T18:43:03+00:00","breadcrumb":{"@id":"https:\/\/vinilozona.lt\/parduotuve\/rock-pop\/elton-john-elton-john-live-17-11-70\/#breadcrumb"},"inLanguage":"en-GB","potentialAction":[{"@type":"ReadAction","target":["https:\/\/vinilozona.lt\/parduotuve\/rock-pop\/elton-john-elton-john-live-17-11-70\/"]}]},{"@type":"ImageObject","inLanguage":"en-GB","@id":"https:\/\/vinilozona.lt\/parduotuve\/rock-pop\/elton-john-elton-john-live-17-11-70\/#primaryimage","url":"https:\/\/vinilozona.lt\/wp-content\/uploads\/2022\/06\/R-1418563-1289918596.jpg","contentUrl":"https:\/\/vinilozona.lt\/wp-content\/uploads\/2022\/06\/R-1418563-1289918596.jpg","width":500,"height":463},{"@type":"BreadcrumbList","@id":"https:\/\/vinilozona.lt\/parduotuve\/rock-pop\/elton-john-elton-john-live-17-11-70\/#breadcrumb","itemListElement":[{"@type":"ListItem","position":1,"name":"Home","item":"https:\/\/vinilozona.lt\/"},{"@type":"ListItem","position":2,"name":"Parduotuv\u0117","item":"https:\/\/vinilozona.lt\/parduotuve\/"},{"@type":"ListItem","position":3,"name":"Elton John \u2013 Elton John Live 17-11-70"}]},{"@type":"WebSite","@id":"https:\/\/vinilozona.lt\/#website","url":"https:\/\/vinilozona.lt\/","name":"Vinilo Zona","description":"Nup\u016bsk dulkes ir klausyk LP","potentialAction":[{"@type":"SearchAction","target":{"@type":"EntryPoint","urlTemplate":"https:\/\/vinilozona.lt\/?s={search_term_string}"},"query-input":{"@type":"PropertyValueSpecification","valueRequired":true,"valueName":"search_term_string"}}],"inLanguage":"en-GB"}]}},"_links":{"self":[{"href":"https:\/\/vinilozona.lt\/en\/wp-json\/wp\/v2\/product\/19310"}],"collection":[{"href":"https:\/\/vinilozona.lt\/en\/wp-json\/wp\/v2\/product"}],"about":[{"href":"https:\/\/vinilozona.lt\/en\/wp-json\/wp\/v2\/types\/product"}],"wp:featuredmedia":[{"embeddable":true,"href":"https:\/\/vinilozona.lt\/en\/wp-json\/wp\/v2\/media\/19311"}],"wp:attachment":[{"href":"https:\/\/vinilozona.lt\/en\/wp-json\/wp\/v2\/media?parent=19310"}],"wp:term":[{"taxonomy":"product_cat","embeddable":true,"href":"https:\/\/vinilozona.lt\/en\/wp-json\/wp\/v2\/product_cat?post=19310"},{"taxonomy":"product_tag","embeddable":true,"href":"https:\/\/vinilozona.lt\/en\/wp-json\/wp\/v2\/product_tag?post=19310"}],"curies":[{"name":"wp","href":"https:\/\/api.w.org\/{rel}","templated":true}]}}