{"id":19303,"date":"2024-07-12T05:21:10","date_gmt":"2024-07-12T02:21:10","guid":{"rendered":"https:\/\/vinilozona.lt\/?post_type=product&#038;p=19303"},"modified":"2024-07-11T19:01:01","modified_gmt":"2024-07-11T16:01:01","slug":"oscar-peterson-a-royal-wedding-suite","status":"publish","type":"product","link":"https:\/\/vinilozona.lt\/en\/parduotuve\/jazz\/oscar-peterson-a-royal-wedding-suite\/","title":{"rendered":"Oscar Peterson \u2013 Piano Giant 2;p"},"content":{"rendered":"<p>A1\t\tExactly Like You  4:48<br \/>\nA2\t\tSoft Winds  6:39<br \/>\nA3\t\tThis Guy&#8217;s In Love With You\t3:44<br \/>\nA4\t\tI Love You  5:10<br \/>\nB1\t\tWave\t6:00<br \/>\nB2\t\tYounger Than Springtime  5:21<br \/>\nB3\t\tSesame Street  2:53<br \/>\nB4\t\tYou Stepped Out Of A Dream  3:31<br \/>\nC1\t\tSeven Comes Eleven  5:10<br \/>\nC2\t\tWheatland   7:12<br \/>\nC3\t\tCatherine  3:02<br \/>\nC4\t\tIf I Should Loose You  5:18<br \/>\nD1\t\tSomeday My Prince Will Come  6:11<br \/>\nD2\t\tSmile  3:55<br \/>\nD3\t\tJa Da  4:10<br \/>\nD4\t\tWatch, What Happens  6:10<\/p>","protected":false},"excerpt":{"rendered":"<p>MPS Records \u2013 29 22499-6<br \/>\nFormat:<br \/>\n2 x Vinyl, LP, Compilation<br \/>\nCountry:\tGermany<br \/>\nReleased:\t1975<\/p>","protected":false},"featured_media":24877,"template":"","meta":[],"product_cat":[20],"product_tag":[44],"yoast_head":"<!-- This site is optimized with the Yoast SEO plugin v23.5 - https:\/\/yoast.com\/wordpress\/plugins\/seo\/ -->\n<title>Oscar Peterson \u2013 Piano Giant 2;p Vinilin\u0117 Plok\u0161tel\u0117 | Vinilozona.lt<\/title>\n<meta name=\"robots\" content=\"index, follow, max-snippet:-1, max-image-preview:large, max-video-preview:-1\" \/>\n<link rel=\"canonical\" href=\"https:\/\/vinilozona.lt\/en\/parduotuve\/jazz\/oscar-peterson-a-royal-wedding-suite\/\" \/>\n<meta property=\"og:locale\" content=\"en_GB\" \/>\n<meta property=\"og:type\" content=\"article\" \/>\n<meta property=\"og:title\" content=\"Oscar Peterson \u2013 Piano Giant 2;p Vinilin\u0117 Plok\u0161tel\u0117 | Vinilozona.lt\" \/>\n<meta property=\"og:description\" content=\"MPS Records \u2013 29 22499-6 Format:  2 x Vinyl, LP, Compilation Country: Germany Released: 1975\" \/>\n<meta property=\"og:url\" content=\"https:\/\/vinilozona.lt\/en\/parduotuve\/jazz\/oscar-peterson-a-royal-wedding-suite\/\" \/>\n<meta property=\"og:site_name\" content=\"Vinilo Zona\" \/>\n<meta property=\"article:modified_time\" content=\"2024-07-11T16:01:01+00:00\" \/>\n<meta property=\"og:image\" content=\"https:\/\/vinilozona.lt\/wp-content\/uploads\/2022\/06\/R-2530414-1289218738.jpg\" \/>\n\t<meta property=\"og:image:width\" content=\"407\" \/>\n\t<meta property=\"og:image:height\" content=\"400\" \/>\n\t<meta property=\"og:image:type\" content=\"image\/jpeg\" \/>\n<meta name=\"twitter:card\" content=\"summary_large_image\" \/>\n<script type=\"application\/ld+json\" class=\"yoast-schema-graph\">{\"@context\":\"https:\/\/schema.org\",\"@graph\":[{\"@type\":\"WebPage\",\"@id\":\"https:\/\/vinilozona.lt\/parduotuve\/jazz\/oscar-peterson-a-royal-wedding-suite\/\",\"url\":\"https:\/\/vinilozona.lt\/parduotuve\/jazz\/oscar-peterson-a-royal-wedding-suite\/\",\"name\":\"Oscar Peterson \u2013 Piano Giant 2;p Vinilin\u0117 Plok\u0161tel\u0117 | Vinilozona.lt\",\"isPartOf\":{\"@id\":\"https:\/\/vinilozona.lt\/#website\"},\"primaryImageOfPage\":{\"@id\":\"https:\/\/vinilozona.lt\/parduotuve\/jazz\/oscar-peterson-a-royal-wedding-suite\/#primaryimage\"},\"image\":{\"@id\":\"https:\/\/vinilozona.lt\/parduotuve\/jazz\/oscar-peterson-a-royal-wedding-suite\/#primaryimage\"},\"thumbnailUrl\":\"https:\/\/vinilozona.lt\/wp-content\/uploads\/2022\/06\/R-2530414-1289218738.jpg\",\"datePublished\":\"2024-07-12T02:21:10+00:00\",\"dateModified\":\"2024-07-11T16:01:01+00:00\",\"breadcrumb\":{\"@id\":\"https:\/\/vinilozona.lt\/parduotuve\/jazz\/oscar-peterson-a-royal-wedding-suite\/#breadcrumb\"},\"inLanguage\":\"en-GB\",\"potentialAction\":[{\"@type\":\"ReadAction\",\"target\":[\"https:\/\/vinilozona.lt\/parduotuve\/jazz\/oscar-peterson-a-royal-wedding-suite\/\"]}]},{\"@type\":\"ImageObject\",\"inLanguage\":\"en-GB\",\"@id\":\"https:\/\/vinilozona.lt\/parduotuve\/jazz\/oscar-peterson-a-royal-wedding-suite\/#primaryimage\",\"url\":\"https:\/\/vinilozona.lt\/wp-content\/uploads\/2022\/06\/R-2530414-1289218738.jpg\",\"contentUrl\":\"https:\/\/vinilozona.lt\/wp-content\/uploads\/2022\/06\/R-2530414-1289218738.jpg\",\"width\":407,\"height\":400},{\"@type\":\"BreadcrumbList\",\"@id\":\"https:\/\/vinilozona.lt\/parduotuve\/jazz\/oscar-peterson-a-royal-wedding-suite\/#breadcrumb\",\"itemListElement\":[{\"@type\":\"ListItem\",\"position\":1,\"name\":\"Home\",\"item\":\"https:\/\/vinilozona.lt\/\"},{\"@type\":\"ListItem\",\"position\":2,\"name\":\"Parduotuv\u0117\",\"item\":\"https:\/\/vinilozona.lt\/parduotuve\/\"},{\"@type\":\"ListItem\",\"position\":3,\"name\":\"Oscar Peterson \u2013 Piano Giant 2;p\"}]},{\"@type\":\"WebSite\",\"@id\":\"https:\/\/vinilozona.lt\/#website\",\"url\":\"https:\/\/vinilozona.lt\/\",\"name\":\"Vinilo Zona\",\"description\":\"Nup\u016bsk dulkes ir klausyk LP\",\"potentialAction\":[{\"@type\":\"SearchAction\",\"target\":{\"@type\":\"EntryPoint\",\"urlTemplate\":\"https:\/\/vinilozona.lt\/?s={search_term_string}\"},\"query-input\":{\"@type\":\"PropertyValueSpecification\",\"valueRequired\":true,\"valueName\":\"search_term_string\"}}],\"inLanguage\":\"en-GB\"}]}<\/script>\n<!-- \/ Yoast SEO plugin. -->","yoast_head_json":{"title":"Oscar Peterson \u2013 Piano Giant 2;p Vinilin\u0117 Plok\u0161tel\u0117 | Vinilozona.lt","robots":{"index":"index","follow":"follow","max-snippet":"max-snippet:-1","max-image-preview":"max-image-preview:large","max-video-preview":"max-video-preview:-1"},"canonical":"https:\/\/vinilozona.lt\/en\/parduotuve\/jazz\/oscar-peterson-a-royal-wedding-suite\/","og_locale":"en_GB","og_type":"article","og_title":"Oscar Peterson \u2013 Piano Giant 2;p Vinilin\u0117 Plok\u0161tel\u0117 | Vinilozona.lt","og_description":"MPS Records \u2013 29 22499-6 Format:  2 x Vinyl, LP, Compilation Country: Germany Released: 1975","og_url":"https:\/\/vinilozona.lt\/en\/parduotuve\/jazz\/oscar-peterson-a-royal-wedding-suite\/","og_site_name":"Vinilo Zona","article_modified_time":"2024-07-11T16:01:01+00:00","og_image":[{"width":407,"height":400,"url":"https:\/\/vinilozona.lt\/wp-content\/uploads\/2022\/06\/R-2530414-1289218738.jpg","type":"image\/jpeg"}],"twitter_card":"summary_large_image","schema":{"@context":"https:\/\/schema.org","@graph":[{"@type":"WebPage","@id":"https:\/\/vinilozona.lt\/parduotuve\/jazz\/oscar-peterson-a-royal-wedding-suite\/","url":"https:\/\/vinilozona.lt\/parduotuve\/jazz\/oscar-peterson-a-royal-wedding-suite\/","name":"Oscar Peterson \u2013 Piano Giant 2;p Vinilin\u0117 Plok\u0161tel\u0117 | Vinilozona.lt","isPartOf":{"@id":"https:\/\/vinilozona.lt\/#website"},"primaryImageOfPage":{"@id":"https:\/\/vinilozona.lt\/parduotuve\/jazz\/oscar-peterson-a-royal-wedding-suite\/#primaryimage"},"image":{"@id":"https:\/\/vinilozona.lt\/parduotuve\/jazz\/oscar-peterson-a-royal-wedding-suite\/#primaryimage"},"thumbnailUrl":"https:\/\/vinilozona.lt\/wp-content\/uploads\/2022\/06\/R-2530414-1289218738.jpg","datePublished":"2024-07-12T02:21:10+00:00","dateModified":"2024-07-11T16:01:01+00:00","breadcrumb":{"@id":"https:\/\/vinilozona.lt\/parduotuve\/jazz\/oscar-peterson-a-royal-wedding-suite\/#breadcrumb"},"inLanguage":"en-GB","potentialAction":[{"@type":"ReadAction","target":["https:\/\/vinilozona.lt\/parduotuve\/jazz\/oscar-peterson-a-royal-wedding-suite\/"]}]},{"@type":"ImageObject","inLanguage":"en-GB","@id":"https:\/\/vinilozona.lt\/parduotuve\/jazz\/oscar-peterson-a-royal-wedding-suite\/#primaryimage","url":"https:\/\/vinilozona.lt\/wp-content\/uploads\/2022\/06\/R-2530414-1289218738.jpg","contentUrl":"https:\/\/vinilozona.lt\/wp-content\/uploads\/2022\/06\/R-2530414-1289218738.jpg","width":407,"height":400},{"@type":"BreadcrumbList","@id":"https:\/\/vinilozona.lt\/parduotuve\/jazz\/oscar-peterson-a-royal-wedding-suite\/#breadcrumb","itemListElement":[{"@type":"ListItem","position":1,"name":"Home","item":"https:\/\/vinilozona.lt\/"},{"@type":"ListItem","position":2,"name":"Parduotuv\u0117","item":"https:\/\/vinilozona.lt\/parduotuve\/"},{"@type":"ListItem","position":3,"name":"Oscar Peterson \u2013 Piano Giant 2;p"}]},{"@type":"WebSite","@id":"https:\/\/vinilozona.lt\/#website","url":"https:\/\/vinilozona.lt\/","name":"Vinilo Zona","description":"Nup\u016bsk dulkes ir klausyk LP","potentialAction":[{"@type":"SearchAction","target":{"@type":"EntryPoint","urlTemplate":"https:\/\/vinilozona.lt\/?s={search_term_string}"},"query-input":{"@type":"PropertyValueSpecification","valueRequired":true,"valueName":"search_term_string"}}],"inLanguage":"en-GB"}]}},"_links":{"self":[{"href":"https:\/\/vinilozona.lt\/en\/wp-json\/wp\/v2\/product\/19303"}],"collection":[{"href":"https:\/\/vinilozona.lt\/en\/wp-json\/wp\/v2\/product"}],"about":[{"href":"https:\/\/vinilozona.lt\/en\/wp-json\/wp\/v2\/types\/product"}],"wp:featuredmedia":[{"embeddable":true,"href":"https:\/\/vinilozona.lt\/en\/wp-json\/wp\/v2\/media\/24877"}],"wp:attachment":[{"href":"https:\/\/vinilozona.lt\/en\/wp-json\/wp\/v2\/media?parent=19303"}],"wp:term":[{"taxonomy":"product_cat","embeddable":true,"href":"https:\/\/vinilozona.lt\/en\/wp-json\/wp\/v2\/product_cat?post=19303"},{"taxonomy":"product_tag","embeddable":true,"href":"https:\/\/vinilozona.lt\/en\/wp-json\/wp\/v2\/product_tag?post=19303"}],"curies":[{"name":"wp","href":"https:\/\/api.w.org\/{rel}","templated":true}]}}