{"id":19292,"date":"2023-11-30T05:08:02","date_gmt":"2023-11-30T03:08:02","guid":{"rendered":"https:\/\/vinilozona.lt\/?post_type=product&#038;p=19292"},"modified":"2025-03-09T09:57:39","modified_gmt":"2025-03-09T07:57:39","slug":"kaipa-urskog","status":"publish","type":"product","link":"https:\/\/vinilozona.lt\/en\/parduotuve\/naujos-lp\/kaipa-urskog\/","title":{"rendered":"Rolling Stones \u2013 Exile On Main St"},"content":{"rendered":"<p>A1\t\tRocks Off\t4:33<br \/>\nA2\t\tRip This Joint  2:24<br \/>\nA3\t\tShake Your Hips  2:58<br \/>\nA4\t\tCasino Boogie  3:30<br \/>\nA5\t\tTumbling Dice  3:30<br \/>\nB1\t\tSweet Virginia  4:25<br \/>\nB2\t\tTorn And Frayed  3:40<br \/>\nB3\t\tSweet Black Angel  3:05<br \/>\nB4\t\tLoving Cup  4:22<br \/>\nC1\t\tHappy  3:00<br \/>\nC2\t\tTurd On The Run  2:33<br \/>\nC3\t\tVentilator Blues  3:20<br \/>\nC4\t\tI Just Want To See His Face  3:15<br \/>\nC5\t\tLet It Loose  5:17<br \/>\nD1\t\tAll Down The Line  3:50<br \/>\nD2\t\tStop Breaking Down  3:40<br \/>\nD3\t\tShine A Light  4:15<br \/>\nD4\t\tSoul Survivor  3:50<\/p>","protected":false},"excerpt":{"rendered":"<p>Rolling Stones Records \u2013 B0031946-01, Rolling Stones Records \u2013 COC 69100<br \/>\nSeries:\tMastered At Abbey Road Studios &#8211; Half Speed Mastering<br \/>\nFormat:<br \/>\n2 x Vinyl, LP, Album, Reissue, Remastered, Stereo, 180 Gram<br \/>\nCountry:\tEU<br \/>\nReleased:\tJun 26, 2020<\/p>","protected":false},"featured_media":23657,"template":"","meta":[],"product_cat":[23],"product_tag":[74],"yoast_head":"<!-- This site is optimized with the Yoast SEO plugin v23.5 - https:\/\/yoast.com\/wordpress\/plugins\/seo\/ -->\n<title>Rolling Stones \u2013 Exile On Main St Vinilin\u0117 Plok\u0161tel\u0117 | Vinilozona.lt<\/title>\n<meta name=\"robots\" content=\"index, follow, max-snippet:-1, max-image-preview:large, max-video-preview:-1\" \/>\n<link rel=\"canonical\" href=\"https:\/\/vinilozona.lt\/en\/parduotuve\/naujos-lp\/kaipa-urskog\/\" \/>\n<meta property=\"og:locale\" content=\"en_GB\" \/>\n<meta property=\"og:type\" content=\"article\" \/>\n<meta property=\"og:title\" content=\"Rolling Stones \u2013 Exile On Main St Vinilin\u0117 Plok\u0161tel\u0117 | Vinilozona.lt\" \/>\n<meta property=\"og:description\" content=\"Rolling Stones Records \u2013 B0031946-01, Rolling Stones Records \u2013 COC 69100 Series: Mastered At Abbey Road Studios - Half Speed Mastering Format:  2 x Vinyl, LP, Album, Reissue, Remastered, Stereo, 180 Gram Country: EU Released: Jun 26, 2020\" \/>\n<meta property=\"og:url\" content=\"https:\/\/vinilozona.lt\/en\/parduotuve\/naujos-lp\/kaipa-urskog\/\" \/>\n<meta property=\"og:site_name\" content=\"Vinilo Zona\" \/>\n<meta property=\"article:modified_time\" content=\"2025-03-09T07:57:39+00:00\" \/>\n<meta property=\"og:image\" content=\"https:\/\/vinilozona.lt\/wp-content\/uploads\/2023\/11\/R-16035846-1602280083-7157.jpg\" \/>\n\t<meta property=\"og:image:width\" content=\"600\" \/>\n\t<meta property=\"og:image:height\" content=\"593\" \/>\n\t<meta property=\"og:image:type\" content=\"image\/jpeg\" \/>\n<meta name=\"twitter:card\" content=\"summary_large_image\" \/>\n<script type=\"application\/ld+json\" class=\"yoast-schema-graph\">{\"@context\":\"https:\/\/schema.org\",\"@graph\":[{\"@type\":\"WebPage\",\"@id\":\"https:\/\/vinilozona.lt\/parduotuve\/naujos-lp\/kaipa-urskog\/\",\"url\":\"https:\/\/vinilozona.lt\/parduotuve\/naujos-lp\/kaipa-urskog\/\",\"name\":\"Rolling Stones \u2013 Exile On Main St Vinilin\u0117 Plok\u0161tel\u0117 | Vinilozona.lt\",\"isPartOf\":{\"@id\":\"https:\/\/vinilozona.lt\/#website\"},\"primaryImageOfPage\":{\"@id\":\"https:\/\/vinilozona.lt\/parduotuve\/naujos-lp\/kaipa-urskog\/#primaryimage\"},\"image\":{\"@id\":\"https:\/\/vinilozona.lt\/parduotuve\/naujos-lp\/kaipa-urskog\/#primaryimage\"},\"thumbnailUrl\":\"https:\/\/vinilozona.lt\/wp-content\/uploads\/2023\/11\/R-16035846-1602280083-7157.jpg\",\"datePublished\":\"2023-11-30T03:08:02+00:00\",\"dateModified\":\"2025-03-09T07:57:39+00:00\",\"breadcrumb\":{\"@id\":\"https:\/\/vinilozona.lt\/parduotuve\/naujos-lp\/kaipa-urskog\/#breadcrumb\"},\"inLanguage\":\"en-GB\",\"potentialAction\":[{\"@type\":\"ReadAction\",\"target\":[\"https:\/\/vinilozona.lt\/parduotuve\/naujos-lp\/kaipa-urskog\/\"]}]},{\"@type\":\"ImageObject\",\"inLanguage\":\"en-GB\",\"@id\":\"https:\/\/vinilozona.lt\/parduotuve\/naujos-lp\/kaipa-urskog\/#primaryimage\",\"url\":\"https:\/\/vinilozona.lt\/wp-content\/uploads\/2023\/11\/R-16035846-1602280083-7157.jpg\",\"contentUrl\":\"https:\/\/vinilozona.lt\/wp-content\/uploads\/2023\/11\/R-16035846-1602280083-7157.jpg\",\"width\":600,\"height\":593},{\"@type\":\"BreadcrumbList\",\"@id\":\"https:\/\/vinilozona.lt\/parduotuve\/naujos-lp\/kaipa-urskog\/#breadcrumb\",\"itemListElement\":[{\"@type\":\"ListItem\",\"position\":1,\"name\":\"Home\",\"item\":\"https:\/\/vinilozona.lt\/\"},{\"@type\":\"ListItem\",\"position\":2,\"name\":\"Parduotuv\u0117\",\"item\":\"https:\/\/vinilozona.lt\/parduotuve\/\"},{\"@type\":\"ListItem\",\"position\":3,\"name\":\"Rolling Stones \u2013 Exile On Main St\"}]},{\"@type\":\"WebSite\",\"@id\":\"https:\/\/vinilozona.lt\/#website\",\"url\":\"https:\/\/vinilozona.lt\/\",\"name\":\"Vinilo Zona\",\"description\":\"Nup\u016bsk dulkes ir klausyk LP\",\"potentialAction\":[{\"@type\":\"SearchAction\",\"target\":{\"@type\":\"EntryPoint\",\"urlTemplate\":\"https:\/\/vinilozona.lt\/?s={search_term_string}\"},\"query-input\":{\"@type\":\"PropertyValueSpecification\",\"valueRequired\":true,\"valueName\":\"search_term_string\"}}],\"inLanguage\":\"en-GB\"}]}<\/script>\n<!-- \/ Yoast SEO plugin. -->","yoast_head_json":{"title":"Rolling Stones \u2013 Exile On Main St Vinilin\u0117 Plok\u0161tel\u0117 | Vinilozona.lt","robots":{"index":"index","follow":"follow","max-snippet":"max-snippet:-1","max-image-preview":"max-image-preview:large","max-video-preview":"max-video-preview:-1"},"canonical":"https:\/\/vinilozona.lt\/en\/parduotuve\/naujos-lp\/kaipa-urskog\/","og_locale":"en_GB","og_type":"article","og_title":"Rolling Stones \u2013 Exile On Main St Vinilin\u0117 Plok\u0161tel\u0117 | Vinilozona.lt","og_description":"Rolling Stones Records \u2013 B0031946-01, Rolling Stones Records \u2013 COC 69100 Series: Mastered At Abbey Road Studios - Half Speed Mastering Format:  2 x Vinyl, LP, Album, Reissue, Remastered, Stereo, 180 Gram Country: EU Released: Jun 26, 2020","og_url":"https:\/\/vinilozona.lt\/en\/parduotuve\/naujos-lp\/kaipa-urskog\/","og_site_name":"Vinilo Zona","article_modified_time":"2025-03-09T07:57:39+00:00","og_image":[{"width":600,"height":593,"url":"https:\/\/vinilozona.lt\/wp-content\/uploads\/2023\/11\/R-16035846-1602280083-7157.jpg","type":"image\/jpeg"}],"twitter_card":"summary_large_image","schema":{"@context":"https:\/\/schema.org","@graph":[{"@type":"WebPage","@id":"https:\/\/vinilozona.lt\/parduotuve\/naujos-lp\/kaipa-urskog\/","url":"https:\/\/vinilozona.lt\/parduotuve\/naujos-lp\/kaipa-urskog\/","name":"Rolling Stones \u2013 Exile On Main St Vinilin\u0117 Plok\u0161tel\u0117 | Vinilozona.lt","isPartOf":{"@id":"https:\/\/vinilozona.lt\/#website"},"primaryImageOfPage":{"@id":"https:\/\/vinilozona.lt\/parduotuve\/naujos-lp\/kaipa-urskog\/#primaryimage"},"image":{"@id":"https:\/\/vinilozona.lt\/parduotuve\/naujos-lp\/kaipa-urskog\/#primaryimage"},"thumbnailUrl":"https:\/\/vinilozona.lt\/wp-content\/uploads\/2023\/11\/R-16035846-1602280083-7157.jpg","datePublished":"2023-11-30T03:08:02+00:00","dateModified":"2025-03-09T07:57:39+00:00","breadcrumb":{"@id":"https:\/\/vinilozona.lt\/parduotuve\/naujos-lp\/kaipa-urskog\/#breadcrumb"},"inLanguage":"en-GB","potentialAction":[{"@type":"ReadAction","target":["https:\/\/vinilozona.lt\/parduotuve\/naujos-lp\/kaipa-urskog\/"]}]},{"@type":"ImageObject","inLanguage":"en-GB","@id":"https:\/\/vinilozona.lt\/parduotuve\/naujos-lp\/kaipa-urskog\/#primaryimage","url":"https:\/\/vinilozona.lt\/wp-content\/uploads\/2023\/11\/R-16035846-1602280083-7157.jpg","contentUrl":"https:\/\/vinilozona.lt\/wp-content\/uploads\/2023\/11\/R-16035846-1602280083-7157.jpg","width":600,"height":593},{"@type":"BreadcrumbList","@id":"https:\/\/vinilozona.lt\/parduotuve\/naujos-lp\/kaipa-urskog\/#breadcrumb","itemListElement":[{"@type":"ListItem","position":1,"name":"Home","item":"https:\/\/vinilozona.lt\/"},{"@type":"ListItem","position":2,"name":"Parduotuv\u0117","item":"https:\/\/vinilozona.lt\/parduotuve\/"},{"@type":"ListItem","position":3,"name":"Rolling Stones \u2013 Exile On Main St"}]},{"@type":"WebSite","@id":"https:\/\/vinilozona.lt\/#website","url":"https:\/\/vinilozona.lt\/","name":"Vinilo Zona","description":"Nup\u016bsk dulkes ir klausyk LP","potentialAction":[{"@type":"SearchAction","target":{"@type":"EntryPoint","urlTemplate":"https:\/\/vinilozona.lt\/?s={search_term_string}"},"query-input":{"@type":"PropertyValueSpecification","valueRequired":true,"valueName":"search_term_string"}}],"inLanguage":"en-GB"}]}},"_links":{"self":[{"href":"https:\/\/vinilozona.lt\/en\/wp-json\/wp\/v2\/product\/19292"}],"collection":[{"href":"https:\/\/vinilozona.lt\/en\/wp-json\/wp\/v2\/product"}],"about":[{"href":"https:\/\/vinilozona.lt\/en\/wp-json\/wp\/v2\/types\/product"}],"wp:featuredmedia":[{"embeddable":true,"href":"https:\/\/vinilozona.lt\/en\/wp-json\/wp\/v2\/media\/23657"}],"wp:attachment":[{"href":"https:\/\/vinilozona.lt\/en\/wp-json\/wp\/v2\/media?parent=19292"}],"wp:term":[{"taxonomy":"product_cat","embeddable":true,"href":"https:\/\/vinilozona.lt\/en\/wp-json\/wp\/v2\/product_cat?post=19292"},{"taxonomy":"product_tag","embeddable":true,"href":"https:\/\/vinilozona.lt\/en\/wp-json\/wp\/v2\/product_tag?post=19292"}],"curies":[{"name":"wp","href":"https:\/\/api.w.org\/{rel}","templated":true}]}}