{"id":19290,"date":"2026-02-27T10:05:33","date_gmt":"2026-02-27T08:05:33","guid":{"rendered":"https:\/\/vinilozona.lt\/?post_type=product&#038;p=19290"},"modified":"2026-02-20T17:25:18","modified_gmt":"2026-02-20T15:25:18","slug":"foo-fighters-skin-and-bones","status":"publish","type":"product","link":"https:\/\/vinilozona.lt\/en\/parduotuve\/rock-pop\/foo-fighters-skin-and-bones\/","title":{"rendered":"Foo Fighters \u2013 Skin And Bones 2LP"},"content":{"rendered":"<p>A1\t\tRazor<br \/>\nA2\t\tOver And Out<br \/>\nA3\t\tWalking After You<br \/>\nB1\t\tMarigold<br \/>\nB2\t\tMy Hero<br \/>\nB3\t\tNext Year<br \/>\nB4\t\tAnother Round<br \/>\nB5\t\tBig Me<br \/>\nC1\t\tCold Day In The Sun<br \/>\nC2\t\tSkin And Bones<br \/>\nC3\t\tFebruary Stars<br \/>\nC4\t\tTimes Like These<br \/>\nD1\t\tFriend Of A Friend<br \/>\nD2\t\tBest Of You<br \/>\nD3\t\tEverlong<\/p>","protected":false},"excerpt":{"rendered":"<p>Roswell Records \u2013 88697983281, RCA \u2013 88697983281, Legacy \u2013 88697983281, Roswell Records \u2013 88697983281RE1<br \/>\nFormat:<br \/>\n2 x Vinyl, LP, Album, Reissue, 180 Gram<br \/>\nCountry:\tEurope<br \/>\nReleased:\tMay 22, 2015<\/p>","protected":false},"featured_media":19291,"template":"","meta":[],"product_cat":[15],"product_tag":[55],"yoast_head":"<!-- This site is optimized with the Yoast SEO plugin v23.5 - https:\/\/yoast.com\/wordpress\/plugins\/seo\/ -->\n<title>Foo Fighters \u2013 Skin And Bones 2LP Vinilin\u0117 Plok\u0161tel\u0117 | Vinilozona.lt<\/title>\n<meta name=\"robots\" content=\"index, follow, max-snippet:-1, max-image-preview:large, max-video-preview:-1\" \/>\n<link rel=\"canonical\" href=\"https:\/\/vinilozona.lt\/en\/parduotuve\/rock-pop\/foo-fighters-skin-and-bones\/\" \/>\n<meta property=\"og:locale\" content=\"en_GB\" \/>\n<meta property=\"og:type\" content=\"article\" \/>\n<meta property=\"og:title\" content=\"Foo Fighters \u2013 Skin And Bones 2LP Vinilin\u0117 Plok\u0161tel\u0117 | Vinilozona.lt\" \/>\n<meta property=\"og:description\" content=\"Roswell Records \u2013 88697983281, RCA \u2013 88697983281, Legacy \u2013 88697983281, Roswell Records \u2013 88697983281RE1 Format:  2 x Vinyl, LP, Album, Reissue, 180 Gram Country: Europe Released: May 22, 2015\" \/>\n<meta property=\"og:url\" content=\"https:\/\/vinilozona.lt\/en\/parduotuve\/rock-pop\/foo-fighters-skin-and-bones\/\" \/>\n<meta property=\"og:site_name\" content=\"Vinilo Zona\" \/>\n<meta property=\"article:modified_time\" content=\"2026-02-20T15:25:18+00:00\" \/>\n<meta property=\"og:image\" content=\"https:\/\/vinilozona.lt\/wp-content\/uploads\/2022\/05\/R-7065752-1432912966-9851.jpg\" \/>\n\t<meta property=\"og:image:width\" content=\"600\" \/>\n\t<meta property=\"og:image:height\" content=\"600\" \/>\n\t<meta property=\"og:image:type\" content=\"image\/jpeg\" \/>\n<meta name=\"twitter:card\" content=\"summary_large_image\" \/>\n<meta name=\"twitter:label1\" content=\"Estimated reading time\" \/>\n\t<meta name=\"twitter:data1\" content=\"1 minute\" \/>\n<script type=\"application\/ld+json\" class=\"yoast-schema-graph\">{\"@context\":\"https:\/\/schema.org\",\"@graph\":[{\"@type\":\"WebPage\",\"@id\":\"https:\/\/vinilozona.lt\/parduotuve\/rock-pop\/foo-fighters-skin-and-bones\/\",\"url\":\"https:\/\/vinilozona.lt\/parduotuve\/rock-pop\/foo-fighters-skin-and-bones\/\",\"name\":\"Foo Fighters \u2013 Skin And Bones 2LP Vinilin\u0117 Plok\u0161tel\u0117 | Vinilozona.lt\",\"isPartOf\":{\"@id\":\"https:\/\/vinilozona.lt\/#website\"},\"primaryImageOfPage\":{\"@id\":\"https:\/\/vinilozona.lt\/parduotuve\/rock-pop\/foo-fighters-skin-and-bones\/#primaryimage\"},\"image\":{\"@id\":\"https:\/\/vinilozona.lt\/parduotuve\/rock-pop\/foo-fighters-skin-and-bones\/#primaryimage\"},\"thumbnailUrl\":\"https:\/\/vinilozona.lt\/wp-content\/uploads\/2022\/05\/R-7065752-1432912966-9851.jpg\",\"datePublished\":\"2026-02-27T08:05:33+00:00\",\"dateModified\":\"2026-02-20T15:25:18+00:00\",\"breadcrumb\":{\"@id\":\"https:\/\/vinilozona.lt\/parduotuve\/rock-pop\/foo-fighters-skin-and-bones\/#breadcrumb\"},\"inLanguage\":\"en-GB\",\"potentialAction\":[{\"@type\":\"ReadAction\",\"target\":[\"https:\/\/vinilozona.lt\/parduotuve\/rock-pop\/foo-fighters-skin-and-bones\/\"]}]},{\"@type\":\"ImageObject\",\"inLanguage\":\"en-GB\",\"@id\":\"https:\/\/vinilozona.lt\/parduotuve\/rock-pop\/foo-fighters-skin-and-bones\/#primaryimage\",\"url\":\"https:\/\/vinilozona.lt\/wp-content\/uploads\/2022\/05\/R-7065752-1432912966-9851.jpg\",\"contentUrl\":\"https:\/\/vinilozona.lt\/wp-content\/uploads\/2022\/05\/R-7065752-1432912966-9851.jpg\",\"width\":600,\"height\":600},{\"@type\":\"BreadcrumbList\",\"@id\":\"https:\/\/vinilozona.lt\/parduotuve\/rock-pop\/foo-fighters-skin-and-bones\/#breadcrumb\",\"itemListElement\":[{\"@type\":\"ListItem\",\"position\":1,\"name\":\"Home\",\"item\":\"https:\/\/vinilozona.lt\/\"},{\"@type\":\"ListItem\",\"position\":2,\"name\":\"Parduotuv\u0117\",\"item\":\"https:\/\/vinilozona.lt\/parduotuve\/\"},{\"@type\":\"ListItem\",\"position\":3,\"name\":\"Foo Fighters \u2013 Skin And Bones 2LP\"}]},{\"@type\":\"WebSite\",\"@id\":\"https:\/\/vinilozona.lt\/#website\",\"url\":\"https:\/\/vinilozona.lt\/\",\"name\":\"Vinilo Zona\",\"description\":\"Nup\u016bsk dulkes ir klausyk LP\",\"potentialAction\":[{\"@type\":\"SearchAction\",\"target\":{\"@type\":\"EntryPoint\",\"urlTemplate\":\"https:\/\/vinilozona.lt\/?s={search_term_string}\"},\"query-input\":{\"@type\":\"PropertyValueSpecification\",\"valueRequired\":true,\"valueName\":\"search_term_string\"}}],\"inLanguage\":\"en-GB\"}]}<\/script>\n<!-- \/ Yoast SEO plugin. -->","yoast_head_json":{"title":"Foo Fighters \u2013 Skin And Bones 2LP Vinilin\u0117 Plok\u0161tel\u0117 | Vinilozona.lt","robots":{"index":"index","follow":"follow","max-snippet":"max-snippet:-1","max-image-preview":"max-image-preview:large","max-video-preview":"max-video-preview:-1"},"canonical":"https:\/\/vinilozona.lt\/en\/parduotuve\/rock-pop\/foo-fighters-skin-and-bones\/","og_locale":"en_GB","og_type":"article","og_title":"Foo Fighters \u2013 Skin And Bones 2LP Vinilin\u0117 Plok\u0161tel\u0117 | Vinilozona.lt","og_description":"Roswell Records \u2013 88697983281, RCA \u2013 88697983281, Legacy \u2013 88697983281, Roswell Records \u2013 88697983281RE1 Format:  2 x Vinyl, LP, Album, Reissue, 180 Gram Country: Europe Released: May 22, 2015","og_url":"https:\/\/vinilozona.lt\/en\/parduotuve\/rock-pop\/foo-fighters-skin-and-bones\/","og_site_name":"Vinilo Zona","article_modified_time":"2026-02-20T15:25:18+00:00","og_image":[{"width":600,"height":600,"url":"https:\/\/vinilozona.lt\/wp-content\/uploads\/2022\/05\/R-7065752-1432912966-9851.jpg","type":"image\/jpeg"}],"twitter_card":"summary_large_image","twitter_misc":{"Estimated reading time":"1 minute"},"schema":{"@context":"https:\/\/schema.org","@graph":[{"@type":"WebPage","@id":"https:\/\/vinilozona.lt\/parduotuve\/rock-pop\/foo-fighters-skin-and-bones\/","url":"https:\/\/vinilozona.lt\/parduotuve\/rock-pop\/foo-fighters-skin-and-bones\/","name":"Foo Fighters \u2013 Skin And Bones 2LP Vinilin\u0117 Plok\u0161tel\u0117 | Vinilozona.lt","isPartOf":{"@id":"https:\/\/vinilozona.lt\/#website"},"primaryImageOfPage":{"@id":"https:\/\/vinilozona.lt\/parduotuve\/rock-pop\/foo-fighters-skin-and-bones\/#primaryimage"},"image":{"@id":"https:\/\/vinilozona.lt\/parduotuve\/rock-pop\/foo-fighters-skin-and-bones\/#primaryimage"},"thumbnailUrl":"https:\/\/vinilozona.lt\/wp-content\/uploads\/2022\/05\/R-7065752-1432912966-9851.jpg","datePublished":"2026-02-27T08:05:33+00:00","dateModified":"2026-02-20T15:25:18+00:00","breadcrumb":{"@id":"https:\/\/vinilozona.lt\/parduotuve\/rock-pop\/foo-fighters-skin-and-bones\/#breadcrumb"},"inLanguage":"en-GB","potentialAction":[{"@type":"ReadAction","target":["https:\/\/vinilozona.lt\/parduotuve\/rock-pop\/foo-fighters-skin-and-bones\/"]}]},{"@type":"ImageObject","inLanguage":"en-GB","@id":"https:\/\/vinilozona.lt\/parduotuve\/rock-pop\/foo-fighters-skin-and-bones\/#primaryimage","url":"https:\/\/vinilozona.lt\/wp-content\/uploads\/2022\/05\/R-7065752-1432912966-9851.jpg","contentUrl":"https:\/\/vinilozona.lt\/wp-content\/uploads\/2022\/05\/R-7065752-1432912966-9851.jpg","width":600,"height":600},{"@type":"BreadcrumbList","@id":"https:\/\/vinilozona.lt\/parduotuve\/rock-pop\/foo-fighters-skin-and-bones\/#breadcrumb","itemListElement":[{"@type":"ListItem","position":1,"name":"Home","item":"https:\/\/vinilozona.lt\/"},{"@type":"ListItem","position":2,"name":"Parduotuv\u0117","item":"https:\/\/vinilozona.lt\/parduotuve\/"},{"@type":"ListItem","position":3,"name":"Foo Fighters \u2013 Skin And Bones 2LP"}]},{"@type":"WebSite","@id":"https:\/\/vinilozona.lt\/#website","url":"https:\/\/vinilozona.lt\/","name":"Vinilo Zona","description":"Nup\u016bsk dulkes ir klausyk LP","potentialAction":[{"@type":"SearchAction","target":{"@type":"EntryPoint","urlTemplate":"https:\/\/vinilozona.lt\/?s={search_term_string}"},"query-input":{"@type":"PropertyValueSpecification","valueRequired":true,"valueName":"search_term_string"}}],"inLanguage":"en-GB"}]}},"_links":{"self":[{"href":"https:\/\/vinilozona.lt\/en\/wp-json\/wp\/v2\/product\/19290"}],"collection":[{"href":"https:\/\/vinilozona.lt\/en\/wp-json\/wp\/v2\/product"}],"about":[{"href":"https:\/\/vinilozona.lt\/en\/wp-json\/wp\/v2\/types\/product"}],"wp:featuredmedia":[{"embeddable":true,"href":"https:\/\/vinilozona.lt\/en\/wp-json\/wp\/v2\/media\/19291"}],"wp:attachment":[{"href":"https:\/\/vinilozona.lt\/en\/wp-json\/wp\/v2\/media?parent=19290"}],"wp:term":[{"taxonomy":"product_cat","embeddable":true,"href":"https:\/\/vinilozona.lt\/en\/wp-json\/wp\/v2\/product_cat?post=19290"},{"taxonomy":"product_tag","embeddable":true,"href":"https:\/\/vinilozona.lt\/en\/wp-json\/wp\/v2\/product_tag?post=19290"}],"curies":[{"name":"wp","href":"https:\/\/api.w.org\/{rel}","templated":true}]}}