{"id":19277,"date":"2022-05-27T03:00:49","date_gmt":"2022-05-27T00:00:49","guid":{"rendered":"https:\/\/vinilozona.lt\/?post_type=product&#038;p=19277"},"modified":"2022-05-27T21:21:54","modified_gmt":"2022-05-27T18:21:54","slug":"sheena-easton-you-could-have-been-with-me","status":"publish","type":"product","link":"https:\/\/vinilozona.lt\/en\/parduotuve\/rock-pop\/sheena-easton-you-could-have-been-with-me\/","title":{"rendered":"Sheena Easton \u2013 You Could Have Been With Me"},"content":{"rendered":"<p>A1\t\tA Little Tenderness\t3:44<br \/>\nA2\t\tSavoir Faire\t3:10<br \/>\nA3\t\tJust Another Broken Heart\t3:29<br \/>\nA4\t\tI&#8217;m Not Worth The Hurt\t3:00<br \/>\nA5\t\tYou Could Have Been With Me\t3:48<br \/>\nB1\t\tA Letter From Joey\t3:44<br \/>\nB2\t\tTelephone Lines\t3:22<br \/>\nB3\t\tJohnny\t3:33<br \/>\nB4\t\tTrouble In The Shadows\t3:12<br \/>\nB5\t\tIsn&#8217;t It So\t2:50<\/p>","protected":false},"excerpt":{"rendered":"<p>EMI \u2013 1C 038-15 7640 1<br \/>\nFormat:<br \/>\nVinyl, LP, Album, 1981<br \/>\nCountry:\tEurope<\/p>","protected":false},"featured_media":19278,"template":"","meta":[],"product_cat":[15],"product_tag":[44],"yoast_head":"<!-- This site is optimized with the Yoast SEO plugin v23.5 - https:\/\/yoast.com\/wordpress\/plugins\/seo\/ -->\n<title>Sheena Easton \u2013 You Could Have Been With Me Vinilin\u0117 Plok\u0161tel\u0117 | Vinilozona.lt<\/title>\n<meta name=\"robots\" content=\"index, follow, max-snippet:-1, max-image-preview:large, max-video-preview:-1\" \/>\n<link rel=\"canonical\" href=\"https:\/\/vinilozona.lt\/en\/parduotuve\/rock-pop\/sheena-easton-you-could-have-been-with-me\/\" \/>\n<meta property=\"og:locale\" content=\"en_GB\" \/>\n<meta property=\"og:type\" content=\"article\" \/>\n<meta property=\"og:title\" content=\"Sheena Easton \u2013 You Could Have Been With Me Vinilin\u0117 Plok\u0161tel\u0117 | Vinilozona.lt\" \/>\n<meta property=\"og:description\" content=\"EMI \u2013 1C 038-15 7640 1 Format:  Vinyl, LP, Album, 1981 Country: Europe\" \/>\n<meta property=\"og:url\" content=\"https:\/\/vinilozona.lt\/en\/parduotuve\/rock-pop\/sheena-easton-you-could-have-been-with-me\/\" \/>\n<meta property=\"og:site_name\" content=\"Vinilo Zona\" \/>\n<meta property=\"article:modified_time\" content=\"2022-05-27T18:21:54+00:00\" \/>\n<meta property=\"og:image\" content=\"https:\/\/vinilozona.lt\/wp-content\/uploads\/2022\/05\/R-3463757-1479242415-6829.jpg\" \/>\n\t<meta property=\"og:image:width\" content=\"600\" \/>\n\t<meta property=\"og:image:height\" content=\"600\" \/>\n\t<meta property=\"og:image:type\" content=\"image\/jpeg\" \/>\n<meta name=\"twitter:card\" content=\"summary_large_image\" \/>\n<script type=\"application\/ld+json\" class=\"yoast-schema-graph\">{\"@context\":\"https:\/\/schema.org\",\"@graph\":[{\"@type\":\"WebPage\",\"@id\":\"https:\/\/vinilozona.lt\/parduotuve\/rock-pop\/sheena-easton-you-could-have-been-with-me\/\",\"url\":\"https:\/\/vinilozona.lt\/parduotuve\/rock-pop\/sheena-easton-you-could-have-been-with-me\/\",\"name\":\"Sheena Easton \u2013 You Could Have Been With Me Vinilin\u0117 Plok\u0161tel\u0117 | Vinilozona.lt\",\"isPartOf\":{\"@id\":\"https:\/\/vinilozona.lt\/#website\"},\"primaryImageOfPage\":{\"@id\":\"https:\/\/vinilozona.lt\/parduotuve\/rock-pop\/sheena-easton-you-could-have-been-with-me\/#primaryimage\"},\"image\":{\"@id\":\"https:\/\/vinilozona.lt\/parduotuve\/rock-pop\/sheena-easton-you-could-have-been-with-me\/#primaryimage\"},\"thumbnailUrl\":\"https:\/\/vinilozona.lt\/wp-content\/uploads\/2022\/05\/R-3463757-1479242415-6829.jpg\",\"datePublished\":\"2022-05-27T00:00:49+00:00\",\"dateModified\":\"2022-05-27T18:21:54+00:00\",\"breadcrumb\":{\"@id\":\"https:\/\/vinilozona.lt\/parduotuve\/rock-pop\/sheena-easton-you-could-have-been-with-me\/#breadcrumb\"},\"inLanguage\":\"en-GB\",\"potentialAction\":[{\"@type\":\"ReadAction\",\"target\":[\"https:\/\/vinilozona.lt\/parduotuve\/rock-pop\/sheena-easton-you-could-have-been-with-me\/\"]}]},{\"@type\":\"ImageObject\",\"inLanguage\":\"en-GB\",\"@id\":\"https:\/\/vinilozona.lt\/parduotuve\/rock-pop\/sheena-easton-you-could-have-been-with-me\/#primaryimage\",\"url\":\"https:\/\/vinilozona.lt\/wp-content\/uploads\/2022\/05\/R-3463757-1479242415-6829.jpg\",\"contentUrl\":\"https:\/\/vinilozona.lt\/wp-content\/uploads\/2022\/05\/R-3463757-1479242415-6829.jpg\",\"width\":600,\"height\":600},{\"@type\":\"BreadcrumbList\",\"@id\":\"https:\/\/vinilozona.lt\/parduotuve\/rock-pop\/sheena-easton-you-could-have-been-with-me\/#breadcrumb\",\"itemListElement\":[{\"@type\":\"ListItem\",\"position\":1,\"name\":\"Home\",\"item\":\"https:\/\/vinilozona.lt\/\"},{\"@type\":\"ListItem\",\"position\":2,\"name\":\"Parduotuv\u0117\",\"item\":\"https:\/\/vinilozona.lt\/parduotuve\/\"},{\"@type\":\"ListItem\",\"position\":3,\"name\":\"Sheena Easton \u2013 You Could Have Been With Me\"}]},{\"@type\":\"WebSite\",\"@id\":\"https:\/\/vinilozona.lt\/#website\",\"url\":\"https:\/\/vinilozona.lt\/\",\"name\":\"Vinilo Zona\",\"description\":\"Nup\u016bsk dulkes ir klausyk LP\",\"potentialAction\":[{\"@type\":\"SearchAction\",\"target\":{\"@type\":\"EntryPoint\",\"urlTemplate\":\"https:\/\/vinilozona.lt\/?s={search_term_string}\"},\"query-input\":{\"@type\":\"PropertyValueSpecification\",\"valueRequired\":true,\"valueName\":\"search_term_string\"}}],\"inLanguage\":\"en-GB\"}]}<\/script>\n<!-- \/ Yoast SEO plugin. -->","yoast_head_json":{"title":"Sheena Easton \u2013 You Could Have Been With Me Vinilin\u0117 Plok\u0161tel\u0117 | Vinilozona.lt","robots":{"index":"index","follow":"follow","max-snippet":"max-snippet:-1","max-image-preview":"max-image-preview:large","max-video-preview":"max-video-preview:-1"},"canonical":"https:\/\/vinilozona.lt\/en\/parduotuve\/rock-pop\/sheena-easton-you-could-have-been-with-me\/","og_locale":"en_GB","og_type":"article","og_title":"Sheena Easton \u2013 You Could Have Been With Me Vinilin\u0117 Plok\u0161tel\u0117 | Vinilozona.lt","og_description":"EMI \u2013 1C 038-15 7640 1 Format:  Vinyl, LP, Album, 1981 Country: Europe","og_url":"https:\/\/vinilozona.lt\/en\/parduotuve\/rock-pop\/sheena-easton-you-could-have-been-with-me\/","og_site_name":"Vinilo Zona","article_modified_time":"2022-05-27T18:21:54+00:00","og_image":[{"width":600,"height":600,"url":"https:\/\/vinilozona.lt\/wp-content\/uploads\/2022\/05\/R-3463757-1479242415-6829.jpg","type":"image\/jpeg"}],"twitter_card":"summary_large_image","schema":{"@context":"https:\/\/schema.org","@graph":[{"@type":"WebPage","@id":"https:\/\/vinilozona.lt\/parduotuve\/rock-pop\/sheena-easton-you-could-have-been-with-me\/","url":"https:\/\/vinilozona.lt\/parduotuve\/rock-pop\/sheena-easton-you-could-have-been-with-me\/","name":"Sheena Easton \u2013 You Could Have Been With Me Vinilin\u0117 Plok\u0161tel\u0117 | Vinilozona.lt","isPartOf":{"@id":"https:\/\/vinilozona.lt\/#website"},"primaryImageOfPage":{"@id":"https:\/\/vinilozona.lt\/parduotuve\/rock-pop\/sheena-easton-you-could-have-been-with-me\/#primaryimage"},"image":{"@id":"https:\/\/vinilozona.lt\/parduotuve\/rock-pop\/sheena-easton-you-could-have-been-with-me\/#primaryimage"},"thumbnailUrl":"https:\/\/vinilozona.lt\/wp-content\/uploads\/2022\/05\/R-3463757-1479242415-6829.jpg","datePublished":"2022-05-27T00:00:49+00:00","dateModified":"2022-05-27T18:21:54+00:00","breadcrumb":{"@id":"https:\/\/vinilozona.lt\/parduotuve\/rock-pop\/sheena-easton-you-could-have-been-with-me\/#breadcrumb"},"inLanguage":"en-GB","potentialAction":[{"@type":"ReadAction","target":["https:\/\/vinilozona.lt\/parduotuve\/rock-pop\/sheena-easton-you-could-have-been-with-me\/"]}]},{"@type":"ImageObject","inLanguage":"en-GB","@id":"https:\/\/vinilozona.lt\/parduotuve\/rock-pop\/sheena-easton-you-could-have-been-with-me\/#primaryimage","url":"https:\/\/vinilozona.lt\/wp-content\/uploads\/2022\/05\/R-3463757-1479242415-6829.jpg","contentUrl":"https:\/\/vinilozona.lt\/wp-content\/uploads\/2022\/05\/R-3463757-1479242415-6829.jpg","width":600,"height":600},{"@type":"BreadcrumbList","@id":"https:\/\/vinilozona.lt\/parduotuve\/rock-pop\/sheena-easton-you-could-have-been-with-me\/#breadcrumb","itemListElement":[{"@type":"ListItem","position":1,"name":"Home","item":"https:\/\/vinilozona.lt\/"},{"@type":"ListItem","position":2,"name":"Parduotuv\u0117","item":"https:\/\/vinilozona.lt\/parduotuve\/"},{"@type":"ListItem","position":3,"name":"Sheena Easton \u2013 You Could Have Been With Me"}]},{"@type":"WebSite","@id":"https:\/\/vinilozona.lt\/#website","url":"https:\/\/vinilozona.lt\/","name":"Vinilo Zona","description":"Nup\u016bsk dulkes ir klausyk LP","potentialAction":[{"@type":"SearchAction","target":{"@type":"EntryPoint","urlTemplate":"https:\/\/vinilozona.lt\/?s={search_term_string}"},"query-input":{"@type":"PropertyValueSpecification","valueRequired":true,"valueName":"search_term_string"}}],"inLanguage":"en-GB"}]}},"_links":{"self":[{"href":"https:\/\/vinilozona.lt\/en\/wp-json\/wp\/v2\/product\/19277"}],"collection":[{"href":"https:\/\/vinilozona.lt\/en\/wp-json\/wp\/v2\/product"}],"about":[{"href":"https:\/\/vinilozona.lt\/en\/wp-json\/wp\/v2\/types\/product"}],"wp:featuredmedia":[{"embeddable":true,"href":"https:\/\/vinilozona.lt\/en\/wp-json\/wp\/v2\/media\/19278"}],"wp:attachment":[{"href":"https:\/\/vinilozona.lt\/en\/wp-json\/wp\/v2\/media?parent=19277"}],"wp:term":[{"taxonomy":"product_cat","embeddable":true,"href":"https:\/\/vinilozona.lt\/en\/wp-json\/wp\/v2\/product_cat?post=19277"},{"taxonomy":"product_tag","embeddable":true,"href":"https:\/\/vinilozona.lt\/en\/wp-json\/wp\/v2\/product_tag?post=19277"}],"curies":[{"name":"wp","href":"https:\/\/api.w.org\/{rel}","templated":true}]}}