{"id":19259,"date":"2022-09-01T05:10:41","date_gmt":"2022-09-01T02:10:41","guid":{"rendered":"https:\/\/vinilozona.lt\/?post_type=product&#038;p=19259"},"modified":"2024-03-24T12:01:32","modified_gmt":"2024-03-24T10:01:32","slug":"abba-the-very-best-of-abba-abbas-greatest-hits","status":"publish","type":"product","link":"https:\/\/vinilozona.lt\/en\/parduotuve\/rock-pop\/abba-the-very-best-of-abba-abbas-greatest-hits\/","title":{"rendered":"ABBA \u2013 The Very Best Of ABBA (ABBA&#8217;s Greatest Hits)"},"content":{"rendered":"<p>Ring Ring\t3:01<br \/>\nSo Long\t3:04<br \/>\nSitting In The Palmtree\t3:39<br \/>\nSuzy-Hang-Around\t3:11<br \/>\nHasta Ma\u00f1ana\t3:05<br \/>\nS.O.S.\t3:22<br \/>\nMamma Mia\t3:32<br \/>\nTropical Loveland\t3:05<br \/>\nRock Me\t3:03<br \/>\nLove Isn&#8217;t Easy (But It Sure Is Hard Enough)\t2:50<br \/>\nPeople Need Love\t2:40<br \/>\nIntermezzo No. 1\t3:48<br \/>\nFernando\t4:15<br \/>\nMy Mama Said\t3:14<br \/>\nWhat About Livingstone\t2:54<br \/>\nHey, Hey Helen\t3:16<br \/>\nHoney, Honey\t2:55<br \/>\nBang-A-Boomerang\t2:50<br \/>\nI Do, I Do\t3:15<br \/>\nNina, Pretty Ballerina\t2:48<br \/>\nDance (While The Music Still Goes On)\t3:05<br \/>\nGonna Sing You My Lovesong\t3:35<br \/>\nI&#8217;ve Been Waiting For You\t3:39<br \/>\nWaterloo\t2:46<\/p>","protected":false},"excerpt":{"rendered":"<p>Polydor \u2013 DA 2612 032, Polydor \u2013 2612 032<br \/>\nSeries:\tMusikladen<br \/>\nFormat:<br \/>\n2 x Vinyl, LP, Compilation<br \/>\nCountry:\tGermany<br \/>\nReleased:\t1976<\/p>","protected":false},"featured_media":19260,"template":"","meta":[],"product_cat":[15],"product_tag":[44],"yoast_head":"<!-- This site is optimized with the Yoast SEO plugin v23.5 - https:\/\/yoast.com\/wordpress\/plugins\/seo\/ -->\n<title>ABBA \u2013 The Very Best Of ABBA (ABBA&#039;s Greatest Hits) Vinilin\u0117 Plok\u0161tel\u0117 | Vinilozona.lt<\/title>\n<meta name=\"robots\" content=\"index, follow, max-snippet:-1, max-image-preview:large, max-video-preview:-1\" \/>\n<link rel=\"canonical\" href=\"https:\/\/vinilozona.lt\/en\/parduotuve\/rock-pop\/abba-the-very-best-of-abba-abbas-greatest-hits\/\" \/>\n<meta property=\"og:locale\" content=\"en_GB\" \/>\n<meta property=\"og:type\" content=\"article\" \/>\n<meta property=\"og:title\" content=\"ABBA \u2013 The Very Best Of ABBA (ABBA&#039;s Greatest Hits) Vinilin\u0117 Plok\u0161tel\u0117 | Vinilozona.lt\" \/>\n<meta property=\"og:description\" content=\"Polydor \u2013 DA 2612 032, Polydor \u2013 2612 032 Series: Musikladen Format:  2 x Vinyl, LP, Compilation Country: Germany Released: 1976\" \/>\n<meta property=\"og:url\" content=\"https:\/\/vinilozona.lt\/en\/parduotuve\/rock-pop\/abba-the-very-best-of-abba-abbas-greatest-hits\/\" \/>\n<meta property=\"og:site_name\" content=\"Vinilo Zona\" \/>\n<meta property=\"article:modified_time\" content=\"2024-03-24T10:01:32+00:00\" \/>\n<meta property=\"og:image\" content=\"https:\/\/vinilozona.lt\/wp-content\/uploads\/2022\/05\/R-1822577-1291587810.jpg\" \/>\n\t<meta property=\"og:image:width\" content=\"450\" \/>\n\t<meta property=\"og:image:height\" content=\"446\" \/>\n\t<meta property=\"og:image:type\" content=\"image\/jpeg\" \/>\n<meta name=\"twitter:card\" content=\"summary_large_image\" \/>\n<script type=\"application\/ld+json\" class=\"yoast-schema-graph\">{\"@context\":\"https:\/\/schema.org\",\"@graph\":[{\"@type\":\"WebPage\",\"@id\":\"https:\/\/vinilozona.lt\/en\/parduotuve\/rock-pop\/abba-the-very-best-of-abba-abbas-greatest-hits\/\",\"url\":\"https:\/\/vinilozona.lt\/en\/parduotuve\/rock-pop\/abba-the-very-best-of-abba-abbas-greatest-hits\/\",\"name\":\"ABBA \u2013 The Very Best Of ABBA (ABBA's Greatest Hits) Vinilin\u0117 Plok\u0161tel\u0117 | Vinilozona.lt\",\"isPartOf\":{\"@id\":\"https:\/\/vinilozona.lt\/#website\"},\"primaryImageOfPage\":{\"@id\":\"https:\/\/vinilozona.lt\/en\/parduotuve\/rock-pop\/abba-the-very-best-of-abba-abbas-greatest-hits\/#primaryimage\"},\"image\":{\"@id\":\"https:\/\/vinilozona.lt\/en\/parduotuve\/rock-pop\/abba-the-very-best-of-abba-abbas-greatest-hits\/#primaryimage\"},\"thumbnailUrl\":\"https:\/\/vinilozona.lt\/wp-content\/uploads\/2022\/05\/R-1822577-1291587810.jpg\",\"datePublished\":\"2022-09-01T02:10:41+00:00\",\"dateModified\":\"2024-03-24T10:01:32+00:00\",\"breadcrumb\":{\"@id\":\"https:\/\/vinilozona.lt\/en\/parduotuve\/rock-pop\/abba-the-very-best-of-abba-abbas-greatest-hits\/#breadcrumb\"},\"inLanguage\":\"en-GB\",\"potentialAction\":[{\"@type\":\"ReadAction\",\"target\":[\"https:\/\/vinilozona.lt\/en\/parduotuve\/rock-pop\/abba-the-very-best-of-abba-abbas-greatest-hits\/\"]}]},{\"@type\":\"ImageObject\",\"inLanguage\":\"en-GB\",\"@id\":\"https:\/\/vinilozona.lt\/en\/parduotuve\/rock-pop\/abba-the-very-best-of-abba-abbas-greatest-hits\/#primaryimage\",\"url\":\"https:\/\/vinilozona.lt\/wp-content\/uploads\/2022\/05\/R-1822577-1291587810.jpg\",\"contentUrl\":\"https:\/\/vinilozona.lt\/wp-content\/uploads\/2022\/05\/R-1822577-1291587810.jpg\",\"width\":450,\"height\":446},{\"@type\":\"BreadcrumbList\",\"@id\":\"https:\/\/vinilozona.lt\/en\/parduotuve\/rock-pop\/abba-the-very-best-of-abba-abbas-greatest-hits\/#breadcrumb\",\"itemListElement\":[{\"@type\":\"ListItem\",\"position\":1,\"name\":\"Home\",\"item\":\"https:\/\/vinilozona.lt\/\"},{\"@type\":\"ListItem\",\"position\":2,\"name\":\"Parduotuv\u0117\",\"item\":\"https:\/\/vinilozona.lt\/parduotuve\/\"},{\"@type\":\"ListItem\",\"position\":3,\"name\":\"ABBA \u2013 The Very Best Of ABBA (ABBA&#8217;s Greatest Hits)\"}]},{\"@type\":\"WebSite\",\"@id\":\"https:\/\/vinilozona.lt\/#website\",\"url\":\"https:\/\/vinilozona.lt\/\",\"name\":\"Vinilo Zona\",\"description\":\"Nup\u016bsk dulkes ir klausyk LP\",\"potentialAction\":[{\"@type\":\"SearchAction\",\"target\":{\"@type\":\"EntryPoint\",\"urlTemplate\":\"https:\/\/vinilozona.lt\/?s={search_term_string}\"},\"query-input\":{\"@type\":\"PropertyValueSpecification\",\"valueRequired\":true,\"valueName\":\"search_term_string\"}}],\"inLanguage\":\"en-GB\"}]}<\/script>\n<!-- \/ Yoast SEO plugin. -->","yoast_head_json":{"title":"ABBA \u2013 The Very Best Of ABBA (ABBA's Greatest Hits) Vinilin\u0117 Plok\u0161tel\u0117 | Vinilozona.lt","robots":{"index":"index","follow":"follow","max-snippet":"max-snippet:-1","max-image-preview":"max-image-preview:large","max-video-preview":"max-video-preview:-1"},"canonical":"https:\/\/vinilozona.lt\/en\/parduotuve\/rock-pop\/abba-the-very-best-of-abba-abbas-greatest-hits\/","og_locale":"en_GB","og_type":"article","og_title":"ABBA \u2013 The Very Best Of ABBA (ABBA's Greatest Hits) Vinilin\u0117 Plok\u0161tel\u0117 | Vinilozona.lt","og_description":"Polydor \u2013 DA 2612 032, Polydor \u2013 2612 032 Series: Musikladen Format:  2 x Vinyl, LP, Compilation Country: Germany Released: 1976","og_url":"https:\/\/vinilozona.lt\/en\/parduotuve\/rock-pop\/abba-the-very-best-of-abba-abbas-greatest-hits\/","og_site_name":"Vinilo Zona","article_modified_time":"2024-03-24T10:01:32+00:00","og_image":[{"width":450,"height":446,"url":"https:\/\/vinilozona.lt\/wp-content\/uploads\/2022\/05\/R-1822577-1291587810.jpg","type":"image\/jpeg"}],"twitter_card":"summary_large_image","schema":{"@context":"https:\/\/schema.org","@graph":[{"@type":"WebPage","@id":"https:\/\/vinilozona.lt\/en\/parduotuve\/rock-pop\/abba-the-very-best-of-abba-abbas-greatest-hits\/","url":"https:\/\/vinilozona.lt\/en\/parduotuve\/rock-pop\/abba-the-very-best-of-abba-abbas-greatest-hits\/","name":"ABBA \u2013 The Very Best Of ABBA (ABBA's Greatest Hits) Vinilin\u0117 Plok\u0161tel\u0117 | Vinilozona.lt","isPartOf":{"@id":"https:\/\/vinilozona.lt\/#website"},"primaryImageOfPage":{"@id":"https:\/\/vinilozona.lt\/en\/parduotuve\/rock-pop\/abba-the-very-best-of-abba-abbas-greatest-hits\/#primaryimage"},"image":{"@id":"https:\/\/vinilozona.lt\/en\/parduotuve\/rock-pop\/abba-the-very-best-of-abba-abbas-greatest-hits\/#primaryimage"},"thumbnailUrl":"https:\/\/vinilozona.lt\/wp-content\/uploads\/2022\/05\/R-1822577-1291587810.jpg","datePublished":"2022-09-01T02:10:41+00:00","dateModified":"2024-03-24T10:01:32+00:00","breadcrumb":{"@id":"https:\/\/vinilozona.lt\/en\/parduotuve\/rock-pop\/abba-the-very-best-of-abba-abbas-greatest-hits\/#breadcrumb"},"inLanguage":"en-GB","potentialAction":[{"@type":"ReadAction","target":["https:\/\/vinilozona.lt\/en\/parduotuve\/rock-pop\/abba-the-very-best-of-abba-abbas-greatest-hits\/"]}]},{"@type":"ImageObject","inLanguage":"en-GB","@id":"https:\/\/vinilozona.lt\/en\/parduotuve\/rock-pop\/abba-the-very-best-of-abba-abbas-greatest-hits\/#primaryimage","url":"https:\/\/vinilozona.lt\/wp-content\/uploads\/2022\/05\/R-1822577-1291587810.jpg","contentUrl":"https:\/\/vinilozona.lt\/wp-content\/uploads\/2022\/05\/R-1822577-1291587810.jpg","width":450,"height":446},{"@type":"BreadcrumbList","@id":"https:\/\/vinilozona.lt\/en\/parduotuve\/rock-pop\/abba-the-very-best-of-abba-abbas-greatest-hits\/#breadcrumb","itemListElement":[{"@type":"ListItem","position":1,"name":"Home","item":"https:\/\/vinilozona.lt\/"},{"@type":"ListItem","position":2,"name":"Parduotuv\u0117","item":"https:\/\/vinilozona.lt\/parduotuve\/"},{"@type":"ListItem","position":3,"name":"ABBA \u2013 The Very Best Of ABBA (ABBA&#8217;s Greatest Hits)"}]},{"@type":"WebSite","@id":"https:\/\/vinilozona.lt\/#website","url":"https:\/\/vinilozona.lt\/","name":"Vinilo Zona","description":"Nup\u016bsk dulkes ir klausyk LP","potentialAction":[{"@type":"SearchAction","target":{"@type":"EntryPoint","urlTemplate":"https:\/\/vinilozona.lt\/?s={search_term_string}"},"query-input":{"@type":"PropertyValueSpecification","valueRequired":true,"valueName":"search_term_string"}}],"inLanguage":"en-GB"}]}},"_links":{"self":[{"href":"https:\/\/vinilozona.lt\/en\/wp-json\/wp\/v2\/product\/19259"}],"collection":[{"href":"https:\/\/vinilozona.lt\/en\/wp-json\/wp\/v2\/product"}],"about":[{"href":"https:\/\/vinilozona.lt\/en\/wp-json\/wp\/v2\/types\/product"}],"wp:featuredmedia":[{"embeddable":true,"href":"https:\/\/vinilozona.lt\/en\/wp-json\/wp\/v2\/media\/19260"}],"wp:attachment":[{"href":"https:\/\/vinilozona.lt\/en\/wp-json\/wp\/v2\/media?parent=19259"}],"wp:term":[{"taxonomy":"product_cat","embeddable":true,"href":"https:\/\/vinilozona.lt\/en\/wp-json\/wp\/v2\/product_cat?post=19259"},{"taxonomy":"product_tag","embeddable":true,"href":"https:\/\/vinilozona.lt\/en\/wp-json\/wp\/v2\/product_tag?post=19259"}],"curies":[{"name":"wp","href":"https:\/\/api.w.org\/{rel}","templated":true}]}}