{"id":19236,"date":"2025-09-28T05:01:43","date_gmt":"2025-09-28T02:01:43","guid":{"rendered":"https:\/\/vinilozona.lt\/?post_type=product&#038;p=19236"},"modified":"2025-09-28T08:58:28","modified_gmt":"2025-09-28T05:58:28","slug":"ozzy-osbourne-blizzard-of-ozz","status":"publish","type":"product","link":"https:\/\/vinilozona.lt\/en\/parduotuve\/naujos-lp\/ozzy-osbourne-blizzard-of-ozz\/","title":{"rendered":"Ozzy Osbourne \u2013 Blizzard Of Ozz"},"content":{"rendered":"<p>A1\t\tI Don&#8217;t Know<br \/>\nA2\t\tCrazy Train<br \/>\nA3\t\tGoodbye To Romance<br \/>\nA4\t\tDee<br \/>\nA5\t\tSuicide Solution<br \/>\nB1\t\tMr. Crowley<br \/>\nB2\t\tNo Bone Movies<br \/>\nB3\t\tRevelation (Mother Earth)<br \/>\nB4\t\tSteal Away (The Night)<\/p>","protected":false},"excerpt":{"rendered":"<p>Epic \u2013 88697 73819 1, Legacy \u2013 88697 73819 1, Sony Music \u2013 88697 73819 1<br \/>\nFormat:<br \/>\nVinyl, LP, Album, Reissue, Remastered, 180 gram<br \/>\nCountry:\tEurope<br \/>\nReleased:\t2011<\/p>","protected":false},"featured_media":19237,"template":"","meta":[],"product_cat":[23],"product_tag":[74],"yoast_head":"<!-- This site is optimized with the Yoast SEO plugin v23.5 - https:\/\/yoast.com\/wordpress\/plugins\/seo\/ -->\n<title>Ozzy Osbourne \u2013 Blizzard Of Ozz Vinilin\u0117 Plok\u0161tel\u0117 | Vinilozona.lt<\/title>\n<meta name=\"robots\" content=\"index, follow, max-snippet:-1, max-image-preview:large, max-video-preview:-1\" \/>\n<link rel=\"canonical\" href=\"https:\/\/vinilozona.lt\/en\/parduotuve\/naujos-lp\/ozzy-osbourne-blizzard-of-ozz\/\" \/>\n<meta property=\"og:locale\" content=\"en_GB\" \/>\n<meta property=\"og:type\" content=\"article\" \/>\n<meta property=\"og:title\" content=\"Ozzy Osbourne \u2013 Blizzard Of Ozz Vinilin\u0117 Plok\u0161tel\u0117 | Vinilozona.lt\" \/>\n<meta property=\"og:description\" content=\"Epic \u2013 88697 73819 1, Legacy \u2013 88697 73819 1, Sony Music \u2013 88697 73819 1 Format:  Vinyl, LP, Album, Reissue, Remastered, 180 gram Country: Europe Released: 2011\" \/>\n<meta property=\"og:url\" content=\"https:\/\/vinilozona.lt\/en\/parduotuve\/naujos-lp\/ozzy-osbourne-blizzard-of-ozz\/\" \/>\n<meta property=\"og:site_name\" content=\"Vinilo Zona\" \/>\n<meta property=\"article:modified_time\" content=\"2025-09-28T05:58:28+00:00\" \/>\n<meta property=\"og:image\" content=\"https:\/\/vinilozona.lt\/wp-content\/uploads\/2022\/05\/R-3661105-1339314033-5488.jpg\" \/>\n\t<meta property=\"og:image:width\" content=\"500\" \/>\n\t<meta property=\"og:image:height\" content=\"471\" \/>\n\t<meta property=\"og:image:type\" content=\"image\/jpeg\" \/>\n<meta name=\"twitter:card\" content=\"summary_large_image\" \/>\n<script type=\"application\/ld+json\" class=\"yoast-schema-graph\">{\"@context\":\"https:\/\/schema.org\",\"@graph\":[{\"@type\":\"WebPage\",\"@id\":\"https:\/\/vinilozona.lt\/parduotuve\/naujos-lp\/ozzy-osbourne-blizzard-of-ozz\/\",\"url\":\"https:\/\/vinilozona.lt\/parduotuve\/naujos-lp\/ozzy-osbourne-blizzard-of-ozz\/\",\"name\":\"Ozzy Osbourne \u2013 Blizzard Of Ozz Vinilin\u0117 Plok\u0161tel\u0117 | Vinilozona.lt\",\"isPartOf\":{\"@id\":\"https:\/\/vinilozona.lt\/#website\"},\"primaryImageOfPage\":{\"@id\":\"https:\/\/vinilozona.lt\/parduotuve\/naujos-lp\/ozzy-osbourne-blizzard-of-ozz\/#primaryimage\"},\"image\":{\"@id\":\"https:\/\/vinilozona.lt\/parduotuve\/naujos-lp\/ozzy-osbourne-blizzard-of-ozz\/#primaryimage\"},\"thumbnailUrl\":\"https:\/\/vinilozona.lt\/wp-content\/uploads\/2022\/05\/R-3661105-1339314033-5488.jpg\",\"datePublished\":\"2025-09-28T02:01:43+00:00\",\"dateModified\":\"2025-09-28T05:58:28+00:00\",\"breadcrumb\":{\"@id\":\"https:\/\/vinilozona.lt\/parduotuve\/naujos-lp\/ozzy-osbourne-blizzard-of-ozz\/#breadcrumb\"},\"inLanguage\":\"en-GB\",\"potentialAction\":[{\"@type\":\"ReadAction\",\"target\":[\"https:\/\/vinilozona.lt\/parduotuve\/naujos-lp\/ozzy-osbourne-blizzard-of-ozz\/\"]}]},{\"@type\":\"ImageObject\",\"inLanguage\":\"en-GB\",\"@id\":\"https:\/\/vinilozona.lt\/parduotuve\/naujos-lp\/ozzy-osbourne-blizzard-of-ozz\/#primaryimage\",\"url\":\"https:\/\/vinilozona.lt\/wp-content\/uploads\/2022\/05\/R-3661105-1339314033-5488.jpg\",\"contentUrl\":\"https:\/\/vinilozona.lt\/wp-content\/uploads\/2022\/05\/R-3661105-1339314033-5488.jpg\",\"width\":500,\"height\":471},{\"@type\":\"BreadcrumbList\",\"@id\":\"https:\/\/vinilozona.lt\/parduotuve\/naujos-lp\/ozzy-osbourne-blizzard-of-ozz\/#breadcrumb\",\"itemListElement\":[{\"@type\":\"ListItem\",\"position\":1,\"name\":\"Home\",\"item\":\"https:\/\/vinilozona.lt\/\"},{\"@type\":\"ListItem\",\"position\":2,\"name\":\"Parduotuv\u0117\",\"item\":\"https:\/\/vinilozona.lt\/parduotuve\/\"},{\"@type\":\"ListItem\",\"position\":3,\"name\":\"Ozzy Osbourne \u2013 Blizzard Of Ozz\"}]},{\"@type\":\"WebSite\",\"@id\":\"https:\/\/vinilozona.lt\/#website\",\"url\":\"https:\/\/vinilozona.lt\/\",\"name\":\"Vinilo Zona\",\"description\":\"Nup\u016bsk dulkes ir klausyk LP\",\"potentialAction\":[{\"@type\":\"SearchAction\",\"target\":{\"@type\":\"EntryPoint\",\"urlTemplate\":\"https:\/\/vinilozona.lt\/?s={search_term_string}\"},\"query-input\":{\"@type\":\"PropertyValueSpecification\",\"valueRequired\":true,\"valueName\":\"search_term_string\"}}],\"inLanguage\":\"en-GB\"}]}<\/script>\n<!-- \/ Yoast SEO plugin. -->","yoast_head_json":{"title":"Ozzy Osbourne \u2013 Blizzard Of Ozz Vinilin\u0117 Plok\u0161tel\u0117 | Vinilozona.lt","robots":{"index":"index","follow":"follow","max-snippet":"max-snippet:-1","max-image-preview":"max-image-preview:large","max-video-preview":"max-video-preview:-1"},"canonical":"https:\/\/vinilozona.lt\/en\/parduotuve\/naujos-lp\/ozzy-osbourne-blizzard-of-ozz\/","og_locale":"en_GB","og_type":"article","og_title":"Ozzy Osbourne \u2013 Blizzard Of Ozz Vinilin\u0117 Plok\u0161tel\u0117 | Vinilozona.lt","og_description":"Epic \u2013 88697 73819 1, Legacy \u2013 88697 73819 1, Sony Music \u2013 88697 73819 1 Format:  Vinyl, LP, Album, Reissue, Remastered, 180 gram Country: Europe Released: 2011","og_url":"https:\/\/vinilozona.lt\/en\/parduotuve\/naujos-lp\/ozzy-osbourne-blizzard-of-ozz\/","og_site_name":"Vinilo Zona","article_modified_time":"2025-09-28T05:58:28+00:00","og_image":[{"width":500,"height":471,"url":"https:\/\/vinilozona.lt\/wp-content\/uploads\/2022\/05\/R-3661105-1339314033-5488.jpg","type":"image\/jpeg"}],"twitter_card":"summary_large_image","schema":{"@context":"https:\/\/schema.org","@graph":[{"@type":"WebPage","@id":"https:\/\/vinilozona.lt\/parduotuve\/naujos-lp\/ozzy-osbourne-blizzard-of-ozz\/","url":"https:\/\/vinilozona.lt\/parduotuve\/naujos-lp\/ozzy-osbourne-blizzard-of-ozz\/","name":"Ozzy Osbourne \u2013 Blizzard Of Ozz Vinilin\u0117 Plok\u0161tel\u0117 | Vinilozona.lt","isPartOf":{"@id":"https:\/\/vinilozona.lt\/#website"},"primaryImageOfPage":{"@id":"https:\/\/vinilozona.lt\/parduotuve\/naujos-lp\/ozzy-osbourne-blizzard-of-ozz\/#primaryimage"},"image":{"@id":"https:\/\/vinilozona.lt\/parduotuve\/naujos-lp\/ozzy-osbourne-blizzard-of-ozz\/#primaryimage"},"thumbnailUrl":"https:\/\/vinilozona.lt\/wp-content\/uploads\/2022\/05\/R-3661105-1339314033-5488.jpg","datePublished":"2025-09-28T02:01:43+00:00","dateModified":"2025-09-28T05:58:28+00:00","breadcrumb":{"@id":"https:\/\/vinilozona.lt\/parduotuve\/naujos-lp\/ozzy-osbourne-blizzard-of-ozz\/#breadcrumb"},"inLanguage":"en-GB","potentialAction":[{"@type":"ReadAction","target":["https:\/\/vinilozona.lt\/parduotuve\/naujos-lp\/ozzy-osbourne-blizzard-of-ozz\/"]}]},{"@type":"ImageObject","inLanguage":"en-GB","@id":"https:\/\/vinilozona.lt\/parduotuve\/naujos-lp\/ozzy-osbourne-blizzard-of-ozz\/#primaryimage","url":"https:\/\/vinilozona.lt\/wp-content\/uploads\/2022\/05\/R-3661105-1339314033-5488.jpg","contentUrl":"https:\/\/vinilozona.lt\/wp-content\/uploads\/2022\/05\/R-3661105-1339314033-5488.jpg","width":500,"height":471},{"@type":"BreadcrumbList","@id":"https:\/\/vinilozona.lt\/parduotuve\/naujos-lp\/ozzy-osbourne-blizzard-of-ozz\/#breadcrumb","itemListElement":[{"@type":"ListItem","position":1,"name":"Home","item":"https:\/\/vinilozona.lt\/"},{"@type":"ListItem","position":2,"name":"Parduotuv\u0117","item":"https:\/\/vinilozona.lt\/parduotuve\/"},{"@type":"ListItem","position":3,"name":"Ozzy Osbourne \u2013 Blizzard Of Ozz"}]},{"@type":"WebSite","@id":"https:\/\/vinilozona.lt\/#website","url":"https:\/\/vinilozona.lt\/","name":"Vinilo Zona","description":"Nup\u016bsk dulkes ir klausyk LP","potentialAction":[{"@type":"SearchAction","target":{"@type":"EntryPoint","urlTemplate":"https:\/\/vinilozona.lt\/?s={search_term_string}"},"query-input":{"@type":"PropertyValueSpecification","valueRequired":true,"valueName":"search_term_string"}}],"inLanguage":"en-GB"}]}},"_links":{"self":[{"href":"https:\/\/vinilozona.lt\/en\/wp-json\/wp\/v2\/product\/19236"}],"collection":[{"href":"https:\/\/vinilozona.lt\/en\/wp-json\/wp\/v2\/product"}],"about":[{"href":"https:\/\/vinilozona.lt\/en\/wp-json\/wp\/v2\/types\/product"}],"wp:featuredmedia":[{"embeddable":true,"href":"https:\/\/vinilozona.lt\/en\/wp-json\/wp\/v2\/media\/19237"}],"wp:attachment":[{"href":"https:\/\/vinilozona.lt\/en\/wp-json\/wp\/v2\/media?parent=19236"}],"wp:term":[{"taxonomy":"product_cat","embeddable":true,"href":"https:\/\/vinilozona.lt\/en\/wp-json\/wp\/v2\/product_cat?post=19236"},{"taxonomy":"product_tag","embeddable":true,"href":"https:\/\/vinilozona.lt\/en\/wp-json\/wp\/v2\/product_tag?post=19236"}],"curies":[{"name":"wp","href":"https:\/\/api.w.org\/{rel}","templated":true}]}}