{"id":19153,"date":"2022-05-15T19:03:59","date_gmt":"2022-05-15T16:03:59","guid":{"rendered":"https:\/\/vinilozona.lt\/?post_type=product&#038;p=19153"},"modified":"2022-05-15T19:03:59","modified_gmt":"2022-05-15T16:03:59","slug":"rick-van-der-linden-catalin-tircolea-variations","status":"publish","type":"product","link":"https:\/\/vinilozona.lt\/en\/parduotuve\/jazz\/rick-van-der-linden-catalin-tircolea-variations\/","title":{"rendered":"Rick Van Der Linden \/ C\u0103t\u0103lin T\u00eercolea \u2013 Variations"},"content":{"rendered":"<p>Doina<br \/>\nBriul ( Tanz)<br \/>\nPan<br \/>\nAir<br \/>\nGymnopedies<br \/>\nLove Destruction<br \/>\nBlackbird<br \/>\nDiana<br \/>\nPolonaise<br \/>\nRondo<br \/>\nPan-Tasie<br \/>\nFuge G-Moll<\/p>","protected":false},"excerpt":{"rendered":"<p>Ariola \u2013 K22P-117<br \/>\nSeries:\tEuropean 5 Rock Collection 2200<br \/>\nFormat:<br \/>\nVinyl, LP, Album, Reissue<br \/>\nCountry:\tJapan<br \/>\nReleased:\t1981<\/p>","protected":false},"featured_media":19154,"template":"","meta":[],"product_cat":[20,39],"product_tag":[239],"yoast_head":"<!-- This site is optimized with the Yoast SEO plugin v23.5 - https:\/\/yoast.com\/wordpress\/plugins\/seo\/ -->\n<title>Rick Van Der Linden \/ C\u0103t\u0103lin T\u00eercolea \u2013 Variations Vinilin\u0117 Plok\u0161tel\u0117 | Vinilozona.lt<\/title>\n<meta name=\"robots\" content=\"index, follow, max-snippet:-1, max-image-preview:large, max-video-preview:-1\" \/>\n<link rel=\"canonical\" href=\"https:\/\/vinilozona.lt\/en\/parduotuve\/jazz\/rick-van-der-linden-catalin-tircolea-variations\/\" \/>\n<meta property=\"og:locale\" content=\"en_GB\" \/>\n<meta property=\"og:type\" content=\"article\" \/>\n<meta property=\"og:title\" content=\"Rick Van Der Linden \/ C\u0103t\u0103lin T\u00eercolea \u2013 Variations Vinilin\u0117 Plok\u0161tel\u0117 | Vinilozona.lt\" \/>\n<meta property=\"og:description\" content=\"Ariola \u2013 K22P-117 Series: European 5 Rock Collection 2200 Format:  Vinyl, LP, Album, Reissue Country: Japan Released: 1981\" \/>\n<meta property=\"og:url\" content=\"https:\/\/vinilozona.lt\/en\/parduotuve\/jazz\/rick-van-der-linden-catalin-tircolea-variations\/\" \/>\n<meta property=\"og:site_name\" content=\"Vinilo Zona\" \/>\n<meta property=\"og:image\" content=\"https:\/\/vinilozona.lt\/wp-content\/uploads\/2022\/05\/R-6010545-1408778355-7237.jpg\" \/>\n\t<meta property=\"og:image:width\" content=\"600\" \/>\n\t<meta property=\"og:image:height\" content=\"597\" \/>\n\t<meta property=\"og:image:type\" content=\"image\/jpeg\" \/>\n<meta name=\"twitter:card\" content=\"summary_large_image\" \/>\n<script type=\"application\/ld+json\" class=\"yoast-schema-graph\">{\"@context\":\"https:\/\/schema.org\",\"@graph\":[{\"@type\":\"WebPage\",\"@id\":\"https:\/\/vinilozona.lt\/parduotuve\/jazz\/rick-van-der-linden-catalin-tircolea-variations\/\",\"url\":\"https:\/\/vinilozona.lt\/parduotuve\/jazz\/rick-van-der-linden-catalin-tircolea-variations\/\",\"name\":\"Rick Van Der Linden \/ C\u0103t\u0103lin T\u00eercolea \u2013 Variations Vinilin\u0117 Plok\u0161tel\u0117 | Vinilozona.lt\",\"isPartOf\":{\"@id\":\"https:\/\/vinilozona.lt\/#website\"},\"primaryImageOfPage\":{\"@id\":\"https:\/\/vinilozona.lt\/parduotuve\/jazz\/rick-van-der-linden-catalin-tircolea-variations\/#primaryimage\"},\"image\":{\"@id\":\"https:\/\/vinilozona.lt\/parduotuve\/jazz\/rick-van-der-linden-catalin-tircolea-variations\/#primaryimage\"},\"thumbnailUrl\":\"https:\/\/vinilozona.lt\/wp-content\/uploads\/2022\/05\/R-6010545-1408778355-7237.jpg\",\"datePublished\":\"2022-05-15T16:03:59+00:00\",\"dateModified\":\"2022-05-15T16:03:59+00:00\",\"breadcrumb\":{\"@id\":\"https:\/\/vinilozona.lt\/parduotuve\/jazz\/rick-van-der-linden-catalin-tircolea-variations\/#breadcrumb\"},\"inLanguage\":\"en-GB\",\"potentialAction\":[{\"@type\":\"ReadAction\",\"target\":[\"https:\/\/vinilozona.lt\/parduotuve\/jazz\/rick-van-der-linden-catalin-tircolea-variations\/\"]}]},{\"@type\":\"ImageObject\",\"inLanguage\":\"en-GB\",\"@id\":\"https:\/\/vinilozona.lt\/parduotuve\/jazz\/rick-van-der-linden-catalin-tircolea-variations\/#primaryimage\",\"url\":\"https:\/\/vinilozona.lt\/wp-content\/uploads\/2022\/05\/R-6010545-1408778355-7237.jpg\",\"contentUrl\":\"https:\/\/vinilozona.lt\/wp-content\/uploads\/2022\/05\/R-6010545-1408778355-7237.jpg\",\"width\":600,\"height\":597},{\"@type\":\"BreadcrumbList\",\"@id\":\"https:\/\/vinilozona.lt\/parduotuve\/jazz\/rick-van-der-linden-catalin-tircolea-variations\/#breadcrumb\",\"itemListElement\":[{\"@type\":\"ListItem\",\"position\":1,\"name\":\"Home\",\"item\":\"https:\/\/vinilozona.lt\/\"},{\"@type\":\"ListItem\",\"position\":2,\"name\":\"Parduotuv\u0117\",\"item\":\"https:\/\/vinilozona.lt\/parduotuve\/\"},{\"@type\":\"ListItem\",\"position\":3,\"name\":\"Rick Van Der Linden \/ C\u0103t\u0103lin T\u00eercolea \u2013 Variations\"}]},{\"@type\":\"WebSite\",\"@id\":\"https:\/\/vinilozona.lt\/#website\",\"url\":\"https:\/\/vinilozona.lt\/\",\"name\":\"Vinilo Zona\",\"description\":\"Nup\u016bsk dulkes ir klausyk LP\",\"potentialAction\":[{\"@type\":\"SearchAction\",\"target\":{\"@type\":\"EntryPoint\",\"urlTemplate\":\"https:\/\/vinilozona.lt\/?s={search_term_string}\"},\"query-input\":{\"@type\":\"PropertyValueSpecification\",\"valueRequired\":true,\"valueName\":\"search_term_string\"}}],\"inLanguage\":\"en-GB\"}]}<\/script>\n<!-- \/ Yoast SEO plugin. -->","yoast_head_json":{"title":"Rick Van Der Linden \/ C\u0103t\u0103lin T\u00eercolea \u2013 Variations Vinilin\u0117 Plok\u0161tel\u0117 | Vinilozona.lt","robots":{"index":"index","follow":"follow","max-snippet":"max-snippet:-1","max-image-preview":"max-image-preview:large","max-video-preview":"max-video-preview:-1"},"canonical":"https:\/\/vinilozona.lt\/en\/parduotuve\/jazz\/rick-van-der-linden-catalin-tircolea-variations\/","og_locale":"en_GB","og_type":"article","og_title":"Rick Van Der Linden \/ C\u0103t\u0103lin T\u00eercolea \u2013 Variations Vinilin\u0117 Plok\u0161tel\u0117 | Vinilozona.lt","og_description":"Ariola \u2013 K22P-117 Series: European 5 Rock Collection 2200 Format:  Vinyl, LP, Album, Reissue Country: Japan Released: 1981","og_url":"https:\/\/vinilozona.lt\/en\/parduotuve\/jazz\/rick-van-der-linden-catalin-tircolea-variations\/","og_site_name":"Vinilo Zona","og_image":[{"width":600,"height":597,"url":"https:\/\/vinilozona.lt\/wp-content\/uploads\/2022\/05\/R-6010545-1408778355-7237.jpg","type":"image\/jpeg"}],"twitter_card":"summary_large_image","schema":{"@context":"https:\/\/schema.org","@graph":[{"@type":"WebPage","@id":"https:\/\/vinilozona.lt\/parduotuve\/jazz\/rick-van-der-linden-catalin-tircolea-variations\/","url":"https:\/\/vinilozona.lt\/parduotuve\/jazz\/rick-van-der-linden-catalin-tircolea-variations\/","name":"Rick Van Der Linden \/ C\u0103t\u0103lin T\u00eercolea \u2013 Variations Vinilin\u0117 Plok\u0161tel\u0117 | Vinilozona.lt","isPartOf":{"@id":"https:\/\/vinilozona.lt\/#website"},"primaryImageOfPage":{"@id":"https:\/\/vinilozona.lt\/parduotuve\/jazz\/rick-van-der-linden-catalin-tircolea-variations\/#primaryimage"},"image":{"@id":"https:\/\/vinilozona.lt\/parduotuve\/jazz\/rick-van-der-linden-catalin-tircolea-variations\/#primaryimage"},"thumbnailUrl":"https:\/\/vinilozona.lt\/wp-content\/uploads\/2022\/05\/R-6010545-1408778355-7237.jpg","datePublished":"2022-05-15T16:03:59+00:00","dateModified":"2022-05-15T16:03:59+00:00","breadcrumb":{"@id":"https:\/\/vinilozona.lt\/parduotuve\/jazz\/rick-van-der-linden-catalin-tircolea-variations\/#breadcrumb"},"inLanguage":"en-GB","potentialAction":[{"@type":"ReadAction","target":["https:\/\/vinilozona.lt\/parduotuve\/jazz\/rick-van-der-linden-catalin-tircolea-variations\/"]}]},{"@type":"ImageObject","inLanguage":"en-GB","@id":"https:\/\/vinilozona.lt\/parduotuve\/jazz\/rick-van-der-linden-catalin-tircolea-variations\/#primaryimage","url":"https:\/\/vinilozona.lt\/wp-content\/uploads\/2022\/05\/R-6010545-1408778355-7237.jpg","contentUrl":"https:\/\/vinilozona.lt\/wp-content\/uploads\/2022\/05\/R-6010545-1408778355-7237.jpg","width":600,"height":597},{"@type":"BreadcrumbList","@id":"https:\/\/vinilozona.lt\/parduotuve\/jazz\/rick-van-der-linden-catalin-tircolea-variations\/#breadcrumb","itemListElement":[{"@type":"ListItem","position":1,"name":"Home","item":"https:\/\/vinilozona.lt\/"},{"@type":"ListItem","position":2,"name":"Parduotuv\u0117","item":"https:\/\/vinilozona.lt\/parduotuve\/"},{"@type":"ListItem","position":3,"name":"Rick Van Der Linden \/ C\u0103t\u0103lin T\u00eercolea \u2013 Variations"}]},{"@type":"WebSite","@id":"https:\/\/vinilozona.lt\/#website","url":"https:\/\/vinilozona.lt\/","name":"Vinilo Zona","description":"Nup\u016bsk dulkes ir klausyk LP","potentialAction":[{"@type":"SearchAction","target":{"@type":"EntryPoint","urlTemplate":"https:\/\/vinilozona.lt\/?s={search_term_string}"},"query-input":{"@type":"PropertyValueSpecification","valueRequired":true,"valueName":"search_term_string"}}],"inLanguage":"en-GB"}]}},"_links":{"self":[{"href":"https:\/\/vinilozona.lt\/en\/wp-json\/wp\/v2\/product\/19153"}],"collection":[{"href":"https:\/\/vinilozona.lt\/en\/wp-json\/wp\/v2\/product"}],"about":[{"href":"https:\/\/vinilozona.lt\/en\/wp-json\/wp\/v2\/types\/product"}],"wp:featuredmedia":[{"embeddable":true,"href":"https:\/\/vinilozona.lt\/en\/wp-json\/wp\/v2\/media\/19154"}],"wp:attachment":[{"href":"https:\/\/vinilozona.lt\/en\/wp-json\/wp\/v2\/media?parent=19153"}],"wp:term":[{"taxonomy":"product_cat","embeddable":true,"href":"https:\/\/vinilozona.lt\/en\/wp-json\/wp\/v2\/product_cat?post=19153"},{"taxonomy":"product_tag","embeddable":true,"href":"https:\/\/vinilozona.lt\/en\/wp-json\/wp\/v2\/product_tag?post=19153"}],"curies":[{"name":"wp","href":"https:\/\/api.w.org\/{rel}","templated":true}]}}