{"id":19141,"date":"2022-05-15T18:37:23","date_gmt":"2022-05-15T15:37:23","guid":{"rendered":"https:\/\/vinilozona.lt\/?post_type=product&#038;p=19141"},"modified":"2022-05-15T18:37:23","modified_gmt":"2022-05-15T15:37:23","slug":"pogues-the-very-best-of","status":"publish","type":"product","link":"https:\/\/vinilozona.lt\/en\/parduotuve\/cd\/naudoti-cd\/pogues-the-very-best-of\/","title":{"rendered":"Pogues \u2013 The Very Best Of &#8230;"},"content":{"rendered":"<p>1\t\tDirty Old Town\t3:45<br \/>\n2\t\tThe Irish Rover  3:39<br \/>\n3\t\tSally MacLennane\t2:44<br \/>\n4\t\tFiesta\t4:11<br \/>\n5\t\tA Pair Of Brown Eyes\t3:41<br \/>\n6\t\tFairytale Of New York  4:34<br \/>\n7\t\tThe Body Of An American\t4:47<br \/>\n8\t\tStreams Of Whiskey  2:31<br \/>\n9\t\tThe Sick Bed Of Cuchulainn\t2:59<br \/>\n10\t\tIf I Should Fall From Grace With God\t2:20<br \/>\n11\t\tMisty Morning, Albert Bridge\t3:01<br \/>\n12\t\tRain Street\t4:01<br \/>\n13\t\tWhite City\t2:31<br \/>\n14\t\tA Rainy Night In Soho 4:44<br \/>\n15\t\tLondon Girl\t3:15<br \/>\n16\t\tBoys From The County Hell  2:55<br \/>\n17\t\tThe Sunnyside Of The Street\t2:43<br \/>\n18\t\tSummer In Siam\t4:06<br \/>\n19\t\tHell&#8217;s Ditch\t3:03<br \/>\n20\t\tThe Old Main Drag\t3:17<br \/>\n21\t\tThe Band Played Waltzing Matilda\t8:10<\/p>","protected":false},"excerpt":{"rendered":"<p>WEA \u2013 2 87459, Warner Strategic Marketing \u2013 2 87459<br \/>\nFormat:<br \/>\nCD, Compilation<br \/>\nCountry:\tCanada<br \/>\nReleased:\t2001<\/p>","protected":false},"featured_media":19142,"template":"","meta":[],"product_cat":[24,946],"product_tag":[44],"yoast_head":"<!-- This site is optimized with the Yoast SEO plugin v23.5 - https:\/\/yoast.com\/wordpress\/plugins\/seo\/ -->\n<title>Pogues \u2013 The Very Best Of ... Vinilin\u0117 Plok\u0161tel\u0117 | Vinilozona.lt<\/title>\n<meta name=\"robots\" content=\"index, follow, max-snippet:-1, max-image-preview:large, max-video-preview:-1\" \/>\n<link rel=\"canonical\" href=\"https:\/\/vinilozona.lt\/en\/parduotuve\/cd\/naudoti-cd\/pogues-the-very-best-of\/\" \/>\n<meta property=\"og:locale\" content=\"en_GB\" \/>\n<meta property=\"og:type\" content=\"article\" \/>\n<meta property=\"og:title\" content=\"Pogues \u2013 The Very Best Of ... Vinilin\u0117 Plok\u0161tel\u0117 | Vinilozona.lt\" \/>\n<meta property=\"og:description\" content=\"WEA \u2013 2 87459, Warner Strategic Marketing \u2013 2 87459 Format:  CD, Compilation Country: Canada Released: 2001\" \/>\n<meta property=\"og:url\" content=\"https:\/\/vinilozona.lt\/en\/parduotuve\/cd\/naudoti-cd\/pogues-the-very-best-of\/\" \/>\n<meta property=\"og:site_name\" content=\"Vinilo Zona\" \/>\n<meta property=\"og:image\" content=\"https:\/\/vinilozona.lt\/wp-content\/uploads\/2022\/05\/R-3679637-1341248901-5562.jpg\" \/>\n\t<meta property=\"og:image:width\" content=\"600\" \/>\n\t<meta property=\"og:image:height\" content=\"595\" \/>\n\t<meta property=\"og:image:type\" content=\"image\/jpeg\" \/>\n<meta name=\"twitter:card\" content=\"summary_large_image\" \/>\n<script type=\"application\/ld+json\" class=\"yoast-schema-graph\">{\"@context\":\"https:\/\/schema.org\",\"@graph\":[{\"@type\":\"WebPage\",\"@id\":\"https:\/\/vinilozona.lt\/parduotuve\/cd\/naudoti-cd\/pogues-the-very-best-of\/\",\"url\":\"https:\/\/vinilozona.lt\/parduotuve\/cd\/naudoti-cd\/pogues-the-very-best-of\/\",\"name\":\"Pogues \u2013 The Very Best Of ... Vinilin\u0117 Plok\u0161tel\u0117 | Vinilozona.lt\",\"isPartOf\":{\"@id\":\"https:\/\/vinilozona.lt\/#website\"},\"primaryImageOfPage\":{\"@id\":\"https:\/\/vinilozona.lt\/parduotuve\/cd\/naudoti-cd\/pogues-the-very-best-of\/#primaryimage\"},\"image\":{\"@id\":\"https:\/\/vinilozona.lt\/parduotuve\/cd\/naudoti-cd\/pogues-the-very-best-of\/#primaryimage\"},\"thumbnailUrl\":\"https:\/\/vinilozona.lt\/wp-content\/uploads\/2022\/05\/R-3679637-1341248901-5562.jpg\",\"datePublished\":\"2022-05-15T15:37:23+00:00\",\"dateModified\":\"2022-05-15T15:37:23+00:00\",\"breadcrumb\":{\"@id\":\"https:\/\/vinilozona.lt\/parduotuve\/cd\/naudoti-cd\/pogues-the-very-best-of\/#breadcrumb\"},\"inLanguage\":\"en-GB\",\"potentialAction\":[{\"@type\":\"ReadAction\",\"target\":[\"https:\/\/vinilozona.lt\/parduotuve\/cd\/naudoti-cd\/pogues-the-very-best-of\/\"]}]},{\"@type\":\"ImageObject\",\"inLanguage\":\"en-GB\",\"@id\":\"https:\/\/vinilozona.lt\/parduotuve\/cd\/naudoti-cd\/pogues-the-very-best-of\/#primaryimage\",\"url\":\"https:\/\/vinilozona.lt\/wp-content\/uploads\/2022\/05\/R-3679637-1341248901-5562.jpg\",\"contentUrl\":\"https:\/\/vinilozona.lt\/wp-content\/uploads\/2022\/05\/R-3679637-1341248901-5562.jpg\",\"width\":600,\"height\":595},{\"@type\":\"BreadcrumbList\",\"@id\":\"https:\/\/vinilozona.lt\/parduotuve\/cd\/naudoti-cd\/pogues-the-very-best-of\/#breadcrumb\",\"itemListElement\":[{\"@type\":\"ListItem\",\"position\":1,\"name\":\"Home\",\"item\":\"https:\/\/vinilozona.lt\/\"},{\"@type\":\"ListItem\",\"position\":2,\"name\":\"Parduotuv\u0117\",\"item\":\"https:\/\/vinilozona.lt\/parduotuve\/\"},{\"@type\":\"ListItem\",\"position\":3,\"name\":\"Pogues \u2013 The Very Best Of &#8230;\"}]},{\"@type\":\"WebSite\",\"@id\":\"https:\/\/vinilozona.lt\/#website\",\"url\":\"https:\/\/vinilozona.lt\/\",\"name\":\"Vinilo Zona\",\"description\":\"Nup\u016bsk dulkes ir klausyk LP\",\"potentialAction\":[{\"@type\":\"SearchAction\",\"target\":{\"@type\":\"EntryPoint\",\"urlTemplate\":\"https:\/\/vinilozona.lt\/?s={search_term_string}\"},\"query-input\":{\"@type\":\"PropertyValueSpecification\",\"valueRequired\":true,\"valueName\":\"search_term_string\"}}],\"inLanguage\":\"en-GB\"}]}<\/script>\n<!-- \/ Yoast SEO plugin. -->","yoast_head_json":{"title":"Pogues \u2013 The Very Best Of ... Vinilin\u0117 Plok\u0161tel\u0117 | Vinilozona.lt","robots":{"index":"index","follow":"follow","max-snippet":"max-snippet:-1","max-image-preview":"max-image-preview:large","max-video-preview":"max-video-preview:-1"},"canonical":"https:\/\/vinilozona.lt\/en\/parduotuve\/cd\/naudoti-cd\/pogues-the-very-best-of\/","og_locale":"en_GB","og_type":"article","og_title":"Pogues \u2013 The Very Best Of ... Vinilin\u0117 Plok\u0161tel\u0117 | Vinilozona.lt","og_description":"WEA \u2013 2 87459, Warner Strategic Marketing \u2013 2 87459 Format:  CD, Compilation Country: Canada Released: 2001","og_url":"https:\/\/vinilozona.lt\/en\/parduotuve\/cd\/naudoti-cd\/pogues-the-very-best-of\/","og_site_name":"Vinilo Zona","og_image":[{"width":600,"height":595,"url":"https:\/\/vinilozona.lt\/wp-content\/uploads\/2022\/05\/R-3679637-1341248901-5562.jpg","type":"image\/jpeg"}],"twitter_card":"summary_large_image","schema":{"@context":"https:\/\/schema.org","@graph":[{"@type":"WebPage","@id":"https:\/\/vinilozona.lt\/parduotuve\/cd\/naudoti-cd\/pogues-the-very-best-of\/","url":"https:\/\/vinilozona.lt\/parduotuve\/cd\/naudoti-cd\/pogues-the-very-best-of\/","name":"Pogues \u2013 The Very Best Of ... Vinilin\u0117 Plok\u0161tel\u0117 | Vinilozona.lt","isPartOf":{"@id":"https:\/\/vinilozona.lt\/#website"},"primaryImageOfPage":{"@id":"https:\/\/vinilozona.lt\/parduotuve\/cd\/naudoti-cd\/pogues-the-very-best-of\/#primaryimage"},"image":{"@id":"https:\/\/vinilozona.lt\/parduotuve\/cd\/naudoti-cd\/pogues-the-very-best-of\/#primaryimage"},"thumbnailUrl":"https:\/\/vinilozona.lt\/wp-content\/uploads\/2022\/05\/R-3679637-1341248901-5562.jpg","datePublished":"2022-05-15T15:37:23+00:00","dateModified":"2022-05-15T15:37:23+00:00","breadcrumb":{"@id":"https:\/\/vinilozona.lt\/parduotuve\/cd\/naudoti-cd\/pogues-the-very-best-of\/#breadcrumb"},"inLanguage":"en-GB","potentialAction":[{"@type":"ReadAction","target":["https:\/\/vinilozona.lt\/parduotuve\/cd\/naudoti-cd\/pogues-the-very-best-of\/"]}]},{"@type":"ImageObject","inLanguage":"en-GB","@id":"https:\/\/vinilozona.lt\/parduotuve\/cd\/naudoti-cd\/pogues-the-very-best-of\/#primaryimage","url":"https:\/\/vinilozona.lt\/wp-content\/uploads\/2022\/05\/R-3679637-1341248901-5562.jpg","contentUrl":"https:\/\/vinilozona.lt\/wp-content\/uploads\/2022\/05\/R-3679637-1341248901-5562.jpg","width":600,"height":595},{"@type":"BreadcrumbList","@id":"https:\/\/vinilozona.lt\/parduotuve\/cd\/naudoti-cd\/pogues-the-very-best-of\/#breadcrumb","itemListElement":[{"@type":"ListItem","position":1,"name":"Home","item":"https:\/\/vinilozona.lt\/"},{"@type":"ListItem","position":2,"name":"Parduotuv\u0117","item":"https:\/\/vinilozona.lt\/parduotuve\/"},{"@type":"ListItem","position":3,"name":"Pogues \u2013 The Very Best Of &#8230;"}]},{"@type":"WebSite","@id":"https:\/\/vinilozona.lt\/#website","url":"https:\/\/vinilozona.lt\/","name":"Vinilo Zona","description":"Nup\u016bsk dulkes ir klausyk LP","potentialAction":[{"@type":"SearchAction","target":{"@type":"EntryPoint","urlTemplate":"https:\/\/vinilozona.lt\/?s={search_term_string}"},"query-input":{"@type":"PropertyValueSpecification","valueRequired":true,"valueName":"search_term_string"}}],"inLanguage":"en-GB"}]}},"_links":{"self":[{"href":"https:\/\/vinilozona.lt\/en\/wp-json\/wp\/v2\/product\/19141"}],"collection":[{"href":"https:\/\/vinilozona.lt\/en\/wp-json\/wp\/v2\/product"}],"about":[{"href":"https:\/\/vinilozona.lt\/en\/wp-json\/wp\/v2\/types\/product"}],"wp:featuredmedia":[{"embeddable":true,"href":"https:\/\/vinilozona.lt\/en\/wp-json\/wp\/v2\/media\/19142"}],"wp:attachment":[{"href":"https:\/\/vinilozona.lt\/en\/wp-json\/wp\/v2\/media?parent=19141"}],"wp:term":[{"taxonomy":"product_cat","embeddable":true,"href":"https:\/\/vinilozona.lt\/en\/wp-json\/wp\/v2\/product_cat?post=19141"},{"taxonomy":"product_tag","embeddable":true,"href":"https:\/\/vinilozona.lt\/en\/wp-json\/wp\/v2\/product_tag?post=19141"}],"curies":[{"name":"wp","href":"https:\/\/api.w.org\/{rel}","templated":true}]}}