{"id":19135,"date":"2022-05-15T18:24:54","date_gmt":"2022-05-15T15:24:54","guid":{"rendered":"https:\/\/vinilozona.lt\/?post_type=product&#038;p=19135"},"modified":"2024-11-12T09:44:08","modified_gmt":"2024-11-12T07:44:08","slug":"john-lennon-rock-n-roll","status":"publish","type":"product","link":"https:\/\/vinilozona.lt\/en\/parduotuve\/made-in-japan\/john-lennon-rock-n-roll\/","title":{"rendered":"John Lennon \u2013 Rock &#8216;N&#8217; Roll"},"content":{"rendered":"<p>A1\t\tBe-Bop-A-Lula<br \/>\nA2\t\tStand By Me<br \/>\nMedley:<br \/>\nA3a\t\tRip It Up<br \/>\nA3b\t\tReady Teddy<br \/>\n&#8211;<br \/>\nA4\t\tYou Can&#8217;t Catch Me<br \/>\nA5\t\tAin&#8217;t That A Shame<br \/>\nA6\t\tDo You Want To Dance<br \/>\nA7\t\tSweet Little Sixteen<br \/>\nB1\t\tSlippin&#8217; And Slidin&#8217;<br \/>\nB2\t\tPeggy Sue<br \/>\nMedley:<br \/>\nB3a\t\tBring It On Home<br \/>\nB3b\t\tSend Me Some Lovin&#8217;<br \/>\n&#8211;<br \/>\nB4\t\tBony Moronie<br \/>\nB5\t\tYa Ya<br \/>\nB6\t\tJust Because<\/p>","protected":false},"excerpt":{"rendered":"<p>Apple Records \u2013 EAS-80175<br \/>\nFormat:<br \/>\nVinyl, LP, Album<br \/>\nCountry:\tJapan<br \/>\nReleased:\tApr 5, 1975<\/p>","protected":false},"featured_media":19136,"template":"","meta":[],"product_cat":[39],"product_tag":[239],"yoast_head":"<!-- This site is optimized with the Yoast SEO plugin v23.5 - https:\/\/yoast.com\/wordpress\/plugins\/seo\/ -->\n<title>John Lennon \u2013 Rock &#039;N&#039; Roll Vinilin\u0117 Plok\u0161tel\u0117 | Vinilozona.lt<\/title>\n<meta name=\"robots\" content=\"index, follow, max-snippet:-1, max-image-preview:large, max-video-preview:-1\" \/>\n<link rel=\"canonical\" href=\"https:\/\/vinilozona.lt\/en\/parduotuve\/made-in-japan\/john-lennon-rock-n-roll\/\" \/>\n<meta property=\"og:locale\" content=\"en_GB\" \/>\n<meta property=\"og:type\" content=\"article\" \/>\n<meta property=\"og:title\" content=\"John Lennon \u2013 Rock &#039;N&#039; Roll Vinilin\u0117 Plok\u0161tel\u0117 | Vinilozona.lt\" \/>\n<meta property=\"og:description\" content=\"Apple Records \u2013 EAS-80175 Format:  Vinyl, LP, Album Country: Japan Released: Apr 5, 1975\" \/>\n<meta property=\"og:url\" content=\"https:\/\/vinilozona.lt\/en\/parduotuve\/made-in-japan\/john-lennon-rock-n-roll\/\" \/>\n<meta property=\"og:site_name\" content=\"Vinilo Zona\" \/>\n<meta property=\"article:modified_time\" content=\"2024-11-12T07:44:08+00:00\" \/>\n<meta property=\"og:image\" content=\"https:\/\/vinilozona.lt\/wp-content\/uploads\/2022\/05\/R-2010014-1428221581-6392.jpg\" \/>\n\t<meta property=\"og:image:width\" content=\"586\" \/>\n\t<meta property=\"og:image:height\" content=\"589\" \/>\n\t<meta property=\"og:image:type\" content=\"image\/jpeg\" \/>\n<meta name=\"twitter:card\" content=\"summary_large_image\" \/>\n<script type=\"application\/ld+json\" class=\"yoast-schema-graph\">{\"@context\":\"https:\/\/schema.org\",\"@graph\":[{\"@type\":\"WebPage\",\"@id\":\"https:\/\/vinilozona.lt\/parduotuve\/made-in-japan\/john-lennon-rock-n-roll\/\",\"url\":\"https:\/\/vinilozona.lt\/parduotuve\/made-in-japan\/john-lennon-rock-n-roll\/\",\"name\":\"John Lennon \u2013 Rock 'N' Roll Vinilin\u0117 Plok\u0161tel\u0117 | Vinilozona.lt\",\"isPartOf\":{\"@id\":\"https:\/\/vinilozona.lt\/#website\"},\"primaryImageOfPage\":{\"@id\":\"https:\/\/vinilozona.lt\/parduotuve\/made-in-japan\/john-lennon-rock-n-roll\/#primaryimage\"},\"image\":{\"@id\":\"https:\/\/vinilozona.lt\/parduotuve\/made-in-japan\/john-lennon-rock-n-roll\/#primaryimage\"},\"thumbnailUrl\":\"https:\/\/vinilozona.lt\/wp-content\/uploads\/2022\/05\/R-2010014-1428221581-6392.jpg\",\"datePublished\":\"2022-05-15T15:24:54+00:00\",\"dateModified\":\"2024-11-12T07:44:08+00:00\",\"breadcrumb\":{\"@id\":\"https:\/\/vinilozona.lt\/parduotuve\/made-in-japan\/john-lennon-rock-n-roll\/#breadcrumb\"},\"inLanguage\":\"en-GB\",\"potentialAction\":[{\"@type\":\"ReadAction\",\"target\":[\"https:\/\/vinilozona.lt\/parduotuve\/made-in-japan\/john-lennon-rock-n-roll\/\"]}]},{\"@type\":\"ImageObject\",\"inLanguage\":\"en-GB\",\"@id\":\"https:\/\/vinilozona.lt\/parduotuve\/made-in-japan\/john-lennon-rock-n-roll\/#primaryimage\",\"url\":\"https:\/\/vinilozona.lt\/wp-content\/uploads\/2022\/05\/R-2010014-1428221581-6392.jpg\",\"contentUrl\":\"https:\/\/vinilozona.lt\/wp-content\/uploads\/2022\/05\/R-2010014-1428221581-6392.jpg\",\"width\":586,\"height\":589},{\"@type\":\"BreadcrumbList\",\"@id\":\"https:\/\/vinilozona.lt\/parduotuve\/made-in-japan\/john-lennon-rock-n-roll\/#breadcrumb\",\"itemListElement\":[{\"@type\":\"ListItem\",\"position\":1,\"name\":\"Home\",\"item\":\"https:\/\/vinilozona.lt\/\"},{\"@type\":\"ListItem\",\"position\":2,\"name\":\"Parduotuv\u0117\",\"item\":\"https:\/\/vinilozona.lt\/parduotuve\/\"},{\"@type\":\"ListItem\",\"position\":3,\"name\":\"John Lennon \u2013 Rock &#8216;N&#8217; Roll\"}]},{\"@type\":\"WebSite\",\"@id\":\"https:\/\/vinilozona.lt\/#website\",\"url\":\"https:\/\/vinilozona.lt\/\",\"name\":\"Vinilo Zona\",\"description\":\"Nup\u016bsk dulkes ir klausyk LP\",\"potentialAction\":[{\"@type\":\"SearchAction\",\"target\":{\"@type\":\"EntryPoint\",\"urlTemplate\":\"https:\/\/vinilozona.lt\/?s={search_term_string}\"},\"query-input\":{\"@type\":\"PropertyValueSpecification\",\"valueRequired\":true,\"valueName\":\"search_term_string\"}}],\"inLanguage\":\"en-GB\"}]}<\/script>\n<!-- \/ Yoast SEO plugin. -->","yoast_head_json":{"title":"John Lennon \u2013 Rock 'N' Roll Vinilin\u0117 Plok\u0161tel\u0117 | Vinilozona.lt","robots":{"index":"index","follow":"follow","max-snippet":"max-snippet:-1","max-image-preview":"max-image-preview:large","max-video-preview":"max-video-preview:-1"},"canonical":"https:\/\/vinilozona.lt\/en\/parduotuve\/made-in-japan\/john-lennon-rock-n-roll\/","og_locale":"en_GB","og_type":"article","og_title":"John Lennon \u2013 Rock 'N' Roll Vinilin\u0117 Plok\u0161tel\u0117 | Vinilozona.lt","og_description":"Apple Records \u2013 EAS-80175 Format:  Vinyl, LP, Album Country: Japan Released: Apr 5, 1975","og_url":"https:\/\/vinilozona.lt\/en\/parduotuve\/made-in-japan\/john-lennon-rock-n-roll\/","og_site_name":"Vinilo Zona","article_modified_time":"2024-11-12T07:44:08+00:00","og_image":[{"width":586,"height":589,"url":"https:\/\/vinilozona.lt\/wp-content\/uploads\/2022\/05\/R-2010014-1428221581-6392.jpg","type":"image\/jpeg"}],"twitter_card":"summary_large_image","schema":{"@context":"https:\/\/schema.org","@graph":[{"@type":"WebPage","@id":"https:\/\/vinilozona.lt\/parduotuve\/made-in-japan\/john-lennon-rock-n-roll\/","url":"https:\/\/vinilozona.lt\/parduotuve\/made-in-japan\/john-lennon-rock-n-roll\/","name":"John Lennon \u2013 Rock 'N' Roll Vinilin\u0117 Plok\u0161tel\u0117 | Vinilozona.lt","isPartOf":{"@id":"https:\/\/vinilozona.lt\/#website"},"primaryImageOfPage":{"@id":"https:\/\/vinilozona.lt\/parduotuve\/made-in-japan\/john-lennon-rock-n-roll\/#primaryimage"},"image":{"@id":"https:\/\/vinilozona.lt\/parduotuve\/made-in-japan\/john-lennon-rock-n-roll\/#primaryimage"},"thumbnailUrl":"https:\/\/vinilozona.lt\/wp-content\/uploads\/2022\/05\/R-2010014-1428221581-6392.jpg","datePublished":"2022-05-15T15:24:54+00:00","dateModified":"2024-11-12T07:44:08+00:00","breadcrumb":{"@id":"https:\/\/vinilozona.lt\/parduotuve\/made-in-japan\/john-lennon-rock-n-roll\/#breadcrumb"},"inLanguage":"en-GB","potentialAction":[{"@type":"ReadAction","target":["https:\/\/vinilozona.lt\/parduotuve\/made-in-japan\/john-lennon-rock-n-roll\/"]}]},{"@type":"ImageObject","inLanguage":"en-GB","@id":"https:\/\/vinilozona.lt\/parduotuve\/made-in-japan\/john-lennon-rock-n-roll\/#primaryimage","url":"https:\/\/vinilozona.lt\/wp-content\/uploads\/2022\/05\/R-2010014-1428221581-6392.jpg","contentUrl":"https:\/\/vinilozona.lt\/wp-content\/uploads\/2022\/05\/R-2010014-1428221581-6392.jpg","width":586,"height":589},{"@type":"BreadcrumbList","@id":"https:\/\/vinilozona.lt\/parduotuve\/made-in-japan\/john-lennon-rock-n-roll\/#breadcrumb","itemListElement":[{"@type":"ListItem","position":1,"name":"Home","item":"https:\/\/vinilozona.lt\/"},{"@type":"ListItem","position":2,"name":"Parduotuv\u0117","item":"https:\/\/vinilozona.lt\/parduotuve\/"},{"@type":"ListItem","position":3,"name":"John Lennon \u2013 Rock &#8216;N&#8217; Roll"}]},{"@type":"WebSite","@id":"https:\/\/vinilozona.lt\/#website","url":"https:\/\/vinilozona.lt\/","name":"Vinilo Zona","description":"Nup\u016bsk dulkes ir klausyk LP","potentialAction":[{"@type":"SearchAction","target":{"@type":"EntryPoint","urlTemplate":"https:\/\/vinilozona.lt\/?s={search_term_string}"},"query-input":{"@type":"PropertyValueSpecification","valueRequired":true,"valueName":"search_term_string"}}],"inLanguage":"en-GB"}]}},"_links":{"self":[{"href":"https:\/\/vinilozona.lt\/en\/wp-json\/wp\/v2\/product\/19135"}],"collection":[{"href":"https:\/\/vinilozona.lt\/en\/wp-json\/wp\/v2\/product"}],"about":[{"href":"https:\/\/vinilozona.lt\/en\/wp-json\/wp\/v2\/types\/product"}],"wp:featuredmedia":[{"embeddable":true,"href":"https:\/\/vinilozona.lt\/en\/wp-json\/wp\/v2\/media\/19136"}],"wp:attachment":[{"href":"https:\/\/vinilozona.lt\/en\/wp-json\/wp\/v2\/media?parent=19135"}],"wp:term":[{"taxonomy":"product_cat","embeddable":true,"href":"https:\/\/vinilozona.lt\/en\/wp-json\/wp\/v2\/product_cat?post=19135"},{"taxonomy":"product_tag","embeddable":true,"href":"https:\/\/vinilozona.lt\/en\/wp-json\/wp\/v2\/product_tag?post=19135"}],"curies":[{"name":"wp","href":"https:\/\/api.w.org\/{rel}","templated":true}]}}