{"id":19103,"date":"2022-05-15T16:37:28","date_gmt":"2022-05-15T13:37:28","guid":{"rendered":"https:\/\/vinilozona.lt\/?post_type=product&#038;p=19103"},"modified":"2022-05-15T16:37:28","modified_gmt":"2022-05-15T13:37:28","slug":"adamo-adamo","status":"publish","type":"product","link":"https:\/\/vinilozona.lt\/en\/parduotuve\/made-in-japan\/adamo-adamo\/","title":{"rendered":"Adamo \u2013 Adamo"},"content":{"rendered":"<p>A1\t\tMon Cin\u00e9ma<br \/>\nA2\t\tNe Te Prends Pas Pour Cendrillon<br \/>\nA3\t\tOui La Mer&#8230;A Verse Tant D&#8217;Amour Dans Le Creux De Ses Vagues Le Temps D&#8217;Un \u00c9t\u00e9<br \/>\nA4\t\tLa P\u00e9cheresse<br \/>\nA5\t\tPetit Bonheur<br \/>\nA6\t\tGagner Du Temps<br \/>\nB1\t\tLe Monde A L&#8217;Envers (Comedie En 3 Actes Et Un Renversement)<br \/>\nB2\t\tSi Le Ciel Est Amoureux De Toi<br \/>\nB3\t\tNoel Sur Les Milandes (A Josephine Baker)<br \/>\nB4\t\tA Demain Sur La Lune<br \/>\nB6\t\tEt Apr\u00e8s<\/p>","protected":false},"excerpt":{"rendered":"<p>Odeon \u2013 OP-8924, EMI \u2013 OP-8924<br \/>\nFormat:<br \/>\nVinyl, LP, Album, Gatefold<br \/>\nCountry:\tJapan<br \/>\nReleased:\t1973<\/p>","protected":false},"featured_media":19104,"template":"","meta":[],"product_cat":[39],"product_tag":[239],"yoast_head":"<!-- This site is optimized with the Yoast SEO plugin v23.5 - https:\/\/yoast.com\/wordpress\/plugins\/seo\/ -->\n<title>Adamo \u2013 Adamo Vinilin\u0117 Plok\u0161tel\u0117 | Vinilozona.lt<\/title>\n<meta name=\"robots\" content=\"index, follow, max-snippet:-1, max-image-preview:large, max-video-preview:-1\" \/>\n<link rel=\"canonical\" href=\"https:\/\/vinilozona.lt\/en\/parduotuve\/made-in-japan\/adamo-adamo\/\" \/>\n<meta property=\"og:locale\" content=\"en_GB\" \/>\n<meta property=\"og:type\" content=\"article\" \/>\n<meta property=\"og:title\" content=\"Adamo \u2013 Adamo Vinilin\u0117 Plok\u0161tel\u0117 | Vinilozona.lt\" \/>\n<meta property=\"og:description\" content=\"Odeon \u2013 OP-8924, EMI \u2013 OP-8924 Format:  Vinyl, LP, Album, Gatefold Country: Japan Released: 1973\" \/>\n<meta property=\"og:url\" content=\"https:\/\/vinilozona.lt\/en\/parduotuve\/made-in-japan\/adamo-adamo\/\" \/>\n<meta property=\"og:site_name\" content=\"Vinilo Zona\" \/>\n<meta property=\"og:image\" content=\"https:\/\/vinilozona.lt\/wp-content\/uploads\/2022\/05\/R-8446052-1461766536-2764.jpg\" \/>\n\t<meta property=\"og:image:width\" content=\"600\" \/>\n\t<meta property=\"og:image:height\" content=\"450\" \/>\n\t<meta property=\"og:image:type\" content=\"image\/jpeg\" \/>\n<meta name=\"twitter:card\" content=\"summary_large_image\" \/>\n<script type=\"application\/ld+json\" class=\"yoast-schema-graph\">{\"@context\":\"https:\/\/schema.org\",\"@graph\":[{\"@type\":\"WebPage\",\"@id\":\"https:\/\/vinilozona.lt\/parduotuve\/made-in-japan\/adamo-adamo\/\",\"url\":\"https:\/\/vinilozona.lt\/parduotuve\/made-in-japan\/adamo-adamo\/\",\"name\":\"Adamo \u2013 Adamo Vinilin\u0117 Plok\u0161tel\u0117 | Vinilozona.lt\",\"isPartOf\":{\"@id\":\"https:\/\/vinilozona.lt\/#website\"},\"primaryImageOfPage\":{\"@id\":\"https:\/\/vinilozona.lt\/parduotuve\/made-in-japan\/adamo-adamo\/#primaryimage\"},\"image\":{\"@id\":\"https:\/\/vinilozona.lt\/parduotuve\/made-in-japan\/adamo-adamo\/#primaryimage\"},\"thumbnailUrl\":\"https:\/\/vinilozona.lt\/wp-content\/uploads\/2022\/05\/R-8446052-1461766536-2764.jpg\",\"datePublished\":\"2022-05-15T13:37:28+00:00\",\"dateModified\":\"2022-05-15T13:37:28+00:00\",\"breadcrumb\":{\"@id\":\"https:\/\/vinilozona.lt\/parduotuve\/made-in-japan\/adamo-adamo\/#breadcrumb\"},\"inLanguage\":\"en-GB\",\"potentialAction\":[{\"@type\":\"ReadAction\",\"target\":[\"https:\/\/vinilozona.lt\/parduotuve\/made-in-japan\/adamo-adamo\/\"]}]},{\"@type\":\"ImageObject\",\"inLanguage\":\"en-GB\",\"@id\":\"https:\/\/vinilozona.lt\/parduotuve\/made-in-japan\/adamo-adamo\/#primaryimage\",\"url\":\"https:\/\/vinilozona.lt\/wp-content\/uploads\/2022\/05\/R-8446052-1461766536-2764.jpg\",\"contentUrl\":\"https:\/\/vinilozona.lt\/wp-content\/uploads\/2022\/05\/R-8446052-1461766536-2764.jpg\",\"width\":600,\"height\":450},{\"@type\":\"BreadcrumbList\",\"@id\":\"https:\/\/vinilozona.lt\/parduotuve\/made-in-japan\/adamo-adamo\/#breadcrumb\",\"itemListElement\":[{\"@type\":\"ListItem\",\"position\":1,\"name\":\"Home\",\"item\":\"https:\/\/vinilozona.lt\/\"},{\"@type\":\"ListItem\",\"position\":2,\"name\":\"Parduotuv\u0117\",\"item\":\"https:\/\/vinilozona.lt\/parduotuve\/\"},{\"@type\":\"ListItem\",\"position\":3,\"name\":\"Adamo \u2013 Adamo\"}]},{\"@type\":\"WebSite\",\"@id\":\"https:\/\/vinilozona.lt\/#website\",\"url\":\"https:\/\/vinilozona.lt\/\",\"name\":\"Vinilo Zona\",\"description\":\"Nup\u016bsk dulkes ir klausyk LP\",\"potentialAction\":[{\"@type\":\"SearchAction\",\"target\":{\"@type\":\"EntryPoint\",\"urlTemplate\":\"https:\/\/vinilozona.lt\/?s={search_term_string}\"},\"query-input\":{\"@type\":\"PropertyValueSpecification\",\"valueRequired\":true,\"valueName\":\"search_term_string\"}}],\"inLanguage\":\"en-GB\"}]}<\/script>\n<!-- \/ Yoast SEO plugin. -->","yoast_head_json":{"title":"Adamo \u2013 Adamo Vinilin\u0117 Plok\u0161tel\u0117 | Vinilozona.lt","robots":{"index":"index","follow":"follow","max-snippet":"max-snippet:-1","max-image-preview":"max-image-preview:large","max-video-preview":"max-video-preview:-1"},"canonical":"https:\/\/vinilozona.lt\/en\/parduotuve\/made-in-japan\/adamo-adamo\/","og_locale":"en_GB","og_type":"article","og_title":"Adamo \u2013 Adamo Vinilin\u0117 Plok\u0161tel\u0117 | Vinilozona.lt","og_description":"Odeon \u2013 OP-8924, EMI \u2013 OP-8924 Format:  Vinyl, LP, Album, Gatefold Country: Japan Released: 1973","og_url":"https:\/\/vinilozona.lt\/en\/parduotuve\/made-in-japan\/adamo-adamo\/","og_site_name":"Vinilo Zona","og_image":[{"width":600,"height":450,"url":"https:\/\/vinilozona.lt\/wp-content\/uploads\/2022\/05\/R-8446052-1461766536-2764.jpg","type":"image\/jpeg"}],"twitter_card":"summary_large_image","schema":{"@context":"https:\/\/schema.org","@graph":[{"@type":"WebPage","@id":"https:\/\/vinilozona.lt\/parduotuve\/made-in-japan\/adamo-adamo\/","url":"https:\/\/vinilozona.lt\/parduotuve\/made-in-japan\/adamo-adamo\/","name":"Adamo \u2013 Adamo Vinilin\u0117 Plok\u0161tel\u0117 | Vinilozona.lt","isPartOf":{"@id":"https:\/\/vinilozona.lt\/#website"},"primaryImageOfPage":{"@id":"https:\/\/vinilozona.lt\/parduotuve\/made-in-japan\/adamo-adamo\/#primaryimage"},"image":{"@id":"https:\/\/vinilozona.lt\/parduotuve\/made-in-japan\/adamo-adamo\/#primaryimage"},"thumbnailUrl":"https:\/\/vinilozona.lt\/wp-content\/uploads\/2022\/05\/R-8446052-1461766536-2764.jpg","datePublished":"2022-05-15T13:37:28+00:00","dateModified":"2022-05-15T13:37:28+00:00","breadcrumb":{"@id":"https:\/\/vinilozona.lt\/parduotuve\/made-in-japan\/adamo-adamo\/#breadcrumb"},"inLanguage":"en-GB","potentialAction":[{"@type":"ReadAction","target":["https:\/\/vinilozona.lt\/parduotuve\/made-in-japan\/adamo-adamo\/"]}]},{"@type":"ImageObject","inLanguage":"en-GB","@id":"https:\/\/vinilozona.lt\/parduotuve\/made-in-japan\/adamo-adamo\/#primaryimage","url":"https:\/\/vinilozona.lt\/wp-content\/uploads\/2022\/05\/R-8446052-1461766536-2764.jpg","contentUrl":"https:\/\/vinilozona.lt\/wp-content\/uploads\/2022\/05\/R-8446052-1461766536-2764.jpg","width":600,"height":450},{"@type":"BreadcrumbList","@id":"https:\/\/vinilozona.lt\/parduotuve\/made-in-japan\/adamo-adamo\/#breadcrumb","itemListElement":[{"@type":"ListItem","position":1,"name":"Home","item":"https:\/\/vinilozona.lt\/"},{"@type":"ListItem","position":2,"name":"Parduotuv\u0117","item":"https:\/\/vinilozona.lt\/parduotuve\/"},{"@type":"ListItem","position":3,"name":"Adamo \u2013 Adamo"}]},{"@type":"WebSite","@id":"https:\/\/vinilozona.lt\/#website","url":"https:\/\/vinilozona.lt\/","name":"Vinilo Zona","description":"Nup\u016bsk dulkes ir klausyk LP","potentialAction":[{"@type":"SearchAction","target":{"@type":"EntryPoint","urlTemplate":"https:\/\/vinilozona.lt\/?s={search_term_string}"},"query-input":{"@type":"PropertyValueSpecification","valueRequired":true,"valueName":"search_term_string"}}],"inLanguage":"en-GB"}]}},"_links":{"self":[{"href":"https:\/\/vinilozona.lt\/en\/wp-json\/wp\/v2\/product\/19103"}],"collection":[{"href":"https:\/\/vinilozona.lt\/en\/wp-json\/wp\/v2\/product"}],"about":[{"href":"https:\/\/vinilozona.lt\/en\/wp-json\/wp\/v2\/types\/product"}],"wp:featuredmedia":[{"embeddable":true,"href":"https:\/\/vinilozona.lt\/en\/wp-json\/wp\/v2\/media\/19104"}],"wp:attachment":[{"href":"https:\/\/vinilozona.lt\/en\/wp-json\/wp\/v2\/media?parent=19103"}],"wp:term":[{"taxonomy":"product_cat","embeddable":true,"href":"https:\/\/vinilozona.lt\/en\/wp-json\/wp\/v2\/product_cat?post=19103"},{"taxonomy":"product_tag","embeddable":true,"href":"https:\/\/vinilozona.lt\/en\/wp-json\/wp\/v2\/product_tag?post=19103"}],"curies":[{"name":"wp","href":"https:\/\/api.w.org\/{rel}","templated":true}]}}