{"id":19089,"date":"2025-12-28T05:24:23","date_gmt":"2025-12-28T03:24:23","guid":{"rendered":"https:\/\/vinilozona.lt\/?post_type=product&#038;p=19089"},"modified":"2025-12-27T22:10:57","modified_gmt":"2025-12-27T20:10:57","slug":"various-the-very-best-of-metal-hammer-dio-black-sabbath-rush-poison-accept","status":"publish","type":"product","link":"https:\/\/vinilozona.lt\/en\/parduotuve\/naujos-lp\/various-the-very-best-of-metal-hammer-dio-black-sabbath-rush-poison-accept\/","title":{"rendered":"ABBA \u2013 Gold (Greatest Hits) 2LP"},"content":{"rendered":"<p>A1\t\tDancing Queen  3:49<br \/>\nA2\t\tKnowing Me, Knowing You  4:01<br \/>\nA3\t\tTake A Chance On Me\t4:01<br \/>\nA4\t\tMamma Mia\t3:32<br \/>\nA5\t\tLay All Your Love On Me\t4:32<br \/>\nB1\t\tSuper Trouper\t4:10<br \/>\nB2\t\tI Have A Dream\t4:43<br \/>\nB3\t\tThe Winner Takes It All\t4:54<br \/>\nB4\t\tMoney, Money, Money\t3:05<br \/>\nB5\t\tS.O.S.  3:19<br \/>\nC1\t\tChiquitita\t5:26<br \/>\nC2\t\tFernando\t4:10<br \/>\nC3\t\tVoulez Vous\t5:05<br \/>\nC4\t\tGimme! Gimme! Gimme! (A Man After Midnight)\t4:46<br \/>\nD1\t\tDoes Your Mother Know\t3:14<br \/>\nD2\t\tOne Of Us\t3:53<br \/>\nD3\t\tThe Name Of The Game 3:56<br \/>\nD4\t\tThank You For The Music\t3:51<br \/>\nD5\t\tWaterloo  2:42<\/p>","protected":false},"excerpt":{"rendered":"<p>Polydor \u2013 535 110-6, Polar \u2013 0600753511060, Polar Music \u2013 0600753511060<br \/>\nFormat:<br \/>\n2 x Vinyl, LP, Compilation, Reissue, Remastered<br \/>\nCountry:\tEurope<\/p>","protected":false},"featured_media":21395,"template":"","meta":[],"product_cat":[23],"product_tag":[55],"yoast_head":"<!-- This site is optimized with the Yoast SEO plugin v23.5 - https:\/\/yoast.com\/wordpress\/plugins\/seo\/ -->\n<title>ABBA \u2013 Gold (Greatest Hits) 2LP Vinilin\u0117 Plok\u0161tel\u0117 | Vinilozona.lt<\/title>\n<meta name=\"robots\" content=\"index, follow, max-snippet:-1, max-image-preview:large, max-video-preview:-1\" \/>\n<link rel=\"canonical\" href=\"https:\/\/vinilozona.lt\/en\/parduotuve\/naujos-lp\/various-the-very-best-of-metal-hammer-dio-black-sabbath-rush-poison-accept\/\" \/>\n<meta property=\"og:locale\" content=\"en_GB\" \/>\n<meta property=\"og:type\" content=\"article\" \/>\n<meta property=\"og:title\" content=\"ABBA \u2013 Gold (Greatest Hits) 2LP Vinilin\u0117 Plok\u0161tel\u0117 | Vinilozona.lt\" \/>\n<meta property=\"og:description\" content=\"Polydor \u2013 535 110-6, Polar \u2013 0600753511060, Polar Music \u2013 0600753511060 Format:  2 x Vinyl, LP, Compilation, Reissue, Remastered Country: Europe\" \/>\n<meta property=\"og:url\" content=\"https:\/\/vinilozona.lt\/en\/parduotuve\/naujos-lp\/various-the-very-best-of-metal-hammer-dio-black-sabbath-rush-poison-accept\/\" \/>\n<meta property=\"og:site_name\" content=\"Vinilo Zona\" \/>\n<meta property=\"article:modified_time\" content=\"2025-12-27T20:10:57+00:00\" \/>\n<meta property=\"og:image\" content=\"https:\/\/vinilozona.lt\/wp-content\/uploads\/2022\/05\/R-22111126-1644563417-8833.jpg\" \/>\n\t<meta property=\"og:image:width\" content=\"600\" \/>\n\t<meta property=\"og:image:height\" content=\"594\" \/>\n\t<meta property=\"og:image:type\" content=\"image\/jpeg\" \/>\n<meta name=\"twitter:card\" content=\"summary_large_image\" \/>\n<script type=\"application\/ld+json\" class=\"yoast-schema-graph\">{\"@context\":\"https:\/\/schema.org\",\"@graph\":[{\"@type\":\"WebPage\",\"@id\":\"https:\/\/vinilozona.lt\/parduotuve\/naujos-lp\/various-the-very-best-of-metal-hammer-dio-black-sabbath-rush-poison-accept\/\",\"url\":\"https:\/\/vinilozona.lt\/parduotuve\/naujos-lp\/various-the-very-best-of-metal-hammer-dio-black-sabbath-rush-poison-accept\/\",\"name\":\"ABBA \u2013 Gold (Greatest Hits) 2LP Vinilin\u0117 Plok\u0161tel\u0117 | Vinilozona.lt\",\"isPartOf\":{\"@id\":\"https:\/\/vinilozona.lt\/#website\"},\"primaryImageOfPage\":{\"@id\":\"https:\/\/vinilozona.lt\/parduotuve\/naujos-lp\/various-the-very-best-of-metal-hammer-dio-black-sabbath-rush-poison-accept\/#primaryimage\"},\"image\":{\"@id\":\"https:\/\/vinilozona.lt\/parduotuve\/naujos-lp\/various-the-very-best-of-metal-hammer-dio-black-sabbath-rush-poison-accept\/#primaryimage\"},\"thumbnailUrl\":\"https:\/\/vinilozona.lt\/wp-content\/uploads\/2022\/05\/R-22111126-1644563417-8833.jpg\",\"datePublished\":\"2025-12-28T03:24:23+00:00\",\"dateModified\":\"2025-12-27T20:10:57+00:00\",\"breadcrumb\":{\"@id\":\"https:\/\/vinilozona.lt\/parduotuve\/naujos-lp\/various-the-very-best-of-metal-hammer-dio-black-sabbath-rush-poison-accept\/#breadcrumb\"},\"inLanguage\":\"en-GB\",\"potentialAction\":[{\"@type\":\"ReadAction\",\"target\":[\"https:\/\/vinilozona.lt\/parduotuve\/naujos-lp\/various-the-very-best-of-metal-hammer-dio-black-sabbath-rush-poison-accept\/\"]}]},{\"@type\":\"ImageObject\",\"inLanguage\":\"en-GB\",\"@id\":\"https:\/\/vinilozona.lt\/parduotuve\/naujos-lp\/various-the-very-best-of-metal-hammer-dio-black-sabbath-rush-poison-accept\/#primaryimage\",\"url\":\"https:\/\/vinilozona.lt\/wp-content\/uploads\/2022\/05\/R-22111126-1644563417-8833.jpg\",\"contentUrl\":\"https:\/\/vinilozona.lt\/wp-content\/uploads\/2022\/05\/R-22111126-1644563417-8833.jpg\",\"width\":600,\"height\":594},{\"@type\":\"BreadcrumbList\",\"@id\":\"https:\/\/vinilozona.lt\/parduotuve\/naujos-lp\/various-the-very-best-of-metal-hammer-dio-black-sabbath-rush-poison-accept\/#breadcrumb\",\"itemListElement\":[{\"@type\":\"ListItem\",\"position\":1,\"name\":\"Home\",\"item\":\"https:\/\/vinilozona.lt\/\"},{\"@type\":\"ListItem\",\"position\":2,\"name\":\"Parduotuv\u0117\",\"item\":\"https:\/\/vinilozona.lt\/parduotuve\/\"},{\"@type\":\"ListItem\",\"position\":3,\"name\":\"ABBA \u2013 Gold (Greatest Hits) 2LP\"}]},{\"@type\":\"WebSite\",\"@id\":\"https:\/\/vinilozona.lt\/#website\",\"url\":\"https:\/\/vinilozona.lt\/\",\"name\":\"Vinilo Zona\",\"description\":\"Nup\u016bsk dulkes ir klausyk LP\",\"potentialAction\":[{\"@type\":\"SearchAction\",\"target\":{\"@type\":\"EntryPoint\",\"urlTemplate\":\"https:\/\/vinilozona.lt\/?s={search_term_string}\"},\"query-input\":{\"@type\":\"PropertyValueSpecification\",\"valueRequired\":true,\"valueName\":\"search_term_string\"}}],\"inLanguage\":\"en-GB\"}]}<\/script>\n<!-- \/ Yoast SEO plugin. -->","yoast_head_json":{"title":"ABBA \u2013 Gold (Greatest Hits) 2LP Vinilin\u0117 Plok\u0161tel\u0117 | Vinilozona.lt","robots":{"index":"index","follow":"follow","max-snippet":"max-snippet:-1","max-image-preview":"max-image-preview:large","max-video-preview":"max-video-preview:-1"},"canonical":"https:\/\/vinilozona.lt\/en\/parduotuve\/naujos-lp\/various-the-very-best-of-metal-hammer-dio-black-sabbath-rush-poison-accept\/","og_locale":"en_GB","og_type":"article","og_title":"ABBA \u2013 Gold (Greatest Hits) 2LP Vinilin\u0117 Plok\u0161tel\u0117 | Vinilozona.lt","og_description":"Polydor \u2013 535 110-6, Polar \u2013 0600753511060, Polar Music \u2013 0600753511060 Format:  2 x Vinyl, LP, Compilation, Reissue, Remastered Country: Europe","og_url":"https:\/\/vinilozona.lt\/en\/parduotuve\/naujos-lp\/various-the-very-best-of-metal-hammer-dio-black-sabbath-rush-poison-accept\/","og_site_name":"Vinilo Zona","article_modified_time":"2025-12-27T20:10:57+00:00","og_image":[{"width":600,"height":594,"url":"https:\/\/vinilozona.lt\/wp-content\/uploads\/2022\/05\/R-22111126-1644563417-8833.jpg","type":"image\/jpeg"}],"twitter_card":"summary_large_image","schema":{"@context":"https:\/\/schema.org","@graph":[{"@type":"WebPage","@id":"https:\/\/vinilozona.lt\/parduotuve\/naujos-lp\/various-the-very-best-of-metal-hammer-dio-black-sabbath-rush-poison-accept\/","url":"https:\/\/vinilozona.lt\/parduotuve\/naujos-lp\/various-the-very-best-of-metal-hammer-dio-black-sabbath-rush-poison-accept\/","name":"ABBA \u2013 Gold (Greatest Hits) 2LP Vinilin\u0117 Plok\u0161tel\u0117 | Vinilozona.lt","isPartOf":{"@id":"https:\/\/vinilozona.lt\/#website"},"primaryImageOfPage":{"@id":"https:\/\/vinilozona.lt\/parduotuve\/naujos-lp\/various-the-very-best-of-metal-hammer-dio-black-sabbath-rush-poison-accept\/#primaryimage"},"image":{"@id":"https:\/\/vinilozona.lt\/parduotuve\/naujos-lp\/various-the-very-best-of-metal-hammer-dio-black-sabbath-rush-poison-accept\/#primaryimage"},"thumbnailUrl":"https:\/\/vinilozona.lt\/wp-content\/uploads\/2022\/05\/R-22111126-1644563417-8833.jpg","datePublished":"2025-12-28T03:24:23+00:00","dateModified":"2025-12-27T20:10:57+00:00","breadcrumb":{"@id":"https:\/\/vinilozona.lt\/parduotuve\/naujos-lp\/various-the-very-best-of-metal-hammer-dio-black-sabbath-rush-poison-accept\/#breadcrumb"},"inLanguage":"en-GB","potentialAction":[{"@type":"ReadAction","target":["https:\/\/vinilozona.lt\/parduotuve\/naujos-lp\/various-the-very-best-of-metal-hammer-dio-black-sabbath-rush-poison-accept\/"]}]},{"@type":"ImageObject","inLanguage":"en-GB","@id":"https:\/\/vinilozona.lt\/parduotuve\/naujos-lp\/various-the-very-best-of-metal-hammer-dio-black-sabbath-rush-poison-accept\/#primaryimage","url":"https:\/\/vinilozona.lt\/wp-content\/uploads\/2022\/05\/R-22111126-1644563417-8833.jpg","contentUrl":"https:\/\/vinilozona.lt\/wp-content\/uploads\/2022\/05\/R-22111126-1644563417-8833.jpg","width":600,"height":594},{"@type":"BreadcrumbList","@id":"https:\/\/vinilozona.lt\/parduotuve\/naujos-lp\/various-the-very-best-of-metal-hammer-dio-black-sabbath-rush-poison-accept\/#breadcrumb","itemListElement":[{"@type":"ListItem","position":1,"name":"Home","item":"https:\/\/vinilozona.lt\/"},{"@type":"ListItem","position":2,"name":"Parduotuv\u0117","item":"https:\/\/vinilozona.lt\/parduotuve\/"},{"@type":"ListItem","position":3,"name":"ABBA \u2013 Gold (Greatest Hits) 2LP"}]},{"@type":"WebSite","@id":"https:\/\/vinilozona.lt\/#website","url":"https:\/\/vinilozona.lt\/","name":"Vinilo Zona","description":"Nup\u016bsk dulkes ir klausyk LP","potentialAction":[{"@type":"SearchAction","target":{"@type":"EntryPoint","urlTemplate":"https:\/\/vinilozona.lt\/?s={search_term_string}"},"query-input":{"@type":"PropertyValueSpecification","valueRequired":true,"valueName":"search_term_string"}}],"inLanguage":"en-GB"}]}},"_links":{"self":[{"href":"https:\/\/vinilozona.lt\/en\/wp-json\/wp\/v2\/product\/19089"}],"collection":[{"href":"https:\/\/vinilozona.lt\/en\/wp-json\/wp\/v2\/product"}],"about":[{"href":"https:\/\/vinilozona.lt\/en\/wp-json\/wp\/v2\/types\/product"}],"wp:featuredmedia":[{"embeddable":true,"href":"https:\/\/vinilozona.lt\/en\/wp-json\/wp\/v2\/media\/21395"}],"wp:attachment":[{"href":"https:\/\/vinilozona.lt\/en\/wp-json\/wp\/v2\/media?parent=19089"}],"wp:term":[{"taxonomy":"product_cat","embeddable":true,"href":"https:\/\/vinilozona.lt\/en\/wp-json\/wp\/v2\/product_cat?post=19089"},{"taxonomy":"product_tag","embeddable":true,"href":"https:\/\/vinilozona.lt\/en\/wp-json\/wp\/v2\/product_tag?post=19089"}],"curies":[{"name":"wp","href":"https:\/\/api.w.org\/{rel}","templated":true}]}}