{"id":19080,"date":"2025-11-11T05:07:42","date_gmt":"2025-11-11T03:07:42","guid":{"rendered":"https:\/\/vinilozona.lt\/?post_type=product&#038;p=19080"},"modified":"2025-11-10T19:33:03","modified_gmt":"2025-11-10T17:33:03","slug":"pavlovs-dog-at-the-sound-of-the-bell","status":"publish","type":"product","link":"https:\/\/vinilozona.lt\/en\/parduotuve\/rock-pop\/pavlovs-dog-at-the-sound-of-the-bell\/","title":{"rendered":"Pavlov&#8217;s Dog \u2013 At The Sound Of The Bell"},"content":{"rendered":"<p>She Came Shining\t4:24<br \/>\nStanding Here With You (Megan&#8217;s Song)\t3:47<br \/>\nMersey\t3:03<br \/>\nValkerie\t5:22<br \/>\nTry To Hang On\t2:08<br \/>\nGold Nuggets\t3:25<br \/>\nShe Breaks Like A Morning Sky\t2:22<br \/>\nEarly Morning On\t3:21<br \/>\nDid You See Him Cry\t5:36<\/p>","protected":false},"excerpt":{"rendered":"<p>CBS \u2013 CBS 81163, CBS \u2013 32405<br \/>\nFormat:<br \/>\nVinyl, LP, Album<br \/>\nCountry:\tEurope<\/p>","protected":false},"featured_media":19081,"template":"","meta":[],"product_cat":[15],"product_tag":[44],"yoast_head":"<!-- This site is optimized with the Yoast SEO plugin v23.5 - https:\/\/yoast.com\/wordpress\/plugins\/seo\/ -->\n<title>Pavlov&#039;s Dog \u2013 At The Sound Of The Bell Vinilin\u0117 Plok\u0161tel\u0117 | Vinilozona.lt<\/title>\n<meta name=\"robots\" content=\"index, follow, max-snippet:-1, max-image-preview:large, max-video-preview:-1\" \/>\n<link rel=\"canonical\" href=\"https:\/\/vinilozona.lt\/en\/parduotuve\/rock-pop\/pavlovs-dog-at-the-sound-of-the-bell\/\" \/>\n<meta property=\"og:locale\" content=\"en_GB\" \/>\n<meta property=\"og:type\" content=\"article\" \/>\n<meta property=\"og:title\" content=\"Pavlov&#039;s Dog \u2013 At The Sound Of The Bell Vinilin\u0117 Plok\u0161tel\u0117 | Vinilozona.lt\" \/>\n<meta property=\"og:description\" content=\"CBS \u2013 CBS 81163, CBS \u2013 32405 Format:  Vinyl, LP, Album Country: Europe\" \/>\n<meta property=\"og:url\" content=\"https:\/\/vinilozona.lt\/en\/parduotuve\/rock-pop\/pavlovs-dog-at-the-sound-of-the-bell\/\" \/>\n<meta property=\"og:site_name\" content=\"Vinilo Zona\" \/>\n<meta property=\"article:modified_time\" content=\"2025-11-10T17:33:03+00:00\" \/>\n<meta property=\"og:image\" content=\"https:\/\/vinilozona.lt\/wp-content\/uploads\/2022\/05\/R-2184386-1432279162-6061.jpg\" \/>\n\t<meta property=\"og:image:width\" content=\"597\" \/>\n\t<meta property=\"og:image:height\" content=\"600\" \/>\n\t<meta property=\"og:image:type\" content=\"image\/jpeg\" \/>\n<meta name=\"twitter:card\" content=\"summary_large_image\" \/>\n<meta name=\"twitter:label1\" content=\"Estimated reading time\" \/>\n\t<meta name=\"twitter:data1\" content=\"1 minute\" \/>\n<script type=\"application\/ld+json\" class=\"yoast-schema-graph\">{\"@context\":\"https:\/\/schema.org\",\"@graph\":[{\"@type\":\"WebPage\",\"@id\":\"https:\/\/vinilozona.lt\/parduotuve\/rock-pop\/pavlovs-dog-at-the-sound-of-the-bell\/\",\"url\":\"https:\/\/vinilozona.lt\/parduotuve\/rock-pop\/pavlovs-dog-at-the-sound-of-the-bell\/\",\"name\":\"Pavlov's Dog \u2013 At The Sound Of The Bell Vinilin\u0117 Plok\u0161tel\u0117 | Vinilozona.lt\",\"isPartOf\":{\"@id\":\"https:\/\/vinilozona.lt\/#website\"},\"primaryImageOfPage\":{\"@id\":\"https:\/\/vinilozona.lt\/parduotuve\/rock-pop\/pavlovs-dog-at-the-sound-of-the-bell\/#primaryimage\"},\"image\":{\"@id\":\"https:\/\/vinilozona.lt\/parduotuve\/rock-pop\/pavlovs-dog-at-the-sound-of-the-bell\/#primaryimage\"},\"thumbnailUrl\":\"https:\/\/vinilozona.lt\/wp-content\/uploads\/2022\/05\/R-2184386-1432279162-6061.jpg\",\"datePublished\":\"2025-11-11T03:07:42+00:00\",\"dateModified\":\"2025-11-10T17:33:03+00:00\",\"breadcrumb\":{\"@id\":\"https:\/\/vinilozona.lt\/parduotuve\/rock-pop\/pavlovs-dog-at-the-sound-of-the-bell\/#breadcrumb\"},\"inLanguage\":\"en-GB\",\"potentialAction\":[{\"@type\":\"ReadAction\",\"target\":[\"https:\/\/vinilozona.lt\/parduotuve\/rock-pop\/pavlovs-dog-at-the-sound-of-the-bell\/\"]}]},{\"@type\":\"ImageObject\",\"inLanguage\":\"en-GB\",\"@id\":\"https:\/\/vinilozona.lt\/parduotuve\/rock-pop\/pavlovs-dog-at-the-sound-of-the-bell\/#primaryimage\",\"url\":\"https:\/\/vinilozona.lt\/wp-content\/uploads\/2022\/05\/R-2184386-1432279162-6061.jpg\",\"contentUrl\":\"https:\/\/vinilozona.lt\/wp-content\/uploads\/2022\/05\/R-2184386-1432279162-6061.jpg\",\"width\":597,\"height\":600},{\"@type\":\"BreadcrumbList\",\"@id\":\"https:\/\/vinilozona.lt\/parduotuve\/rock-pop\/pavlovs-dog-at-the-sound-of-the-bell\/#breadcrumb\",\"itemListElement\":[{\"@type\":\"ListItem\",\"position\":1,\"name\":\"Home\",\"item\":\"https:\/\/vinilozona.lt\/\"},{\"@type\":\"ListItem\",\"position\":2,\"name\":\"Parduotuv\u0117\",\"item\":\"https:\/\/vinilozona.lt\/parduotuve\/\"},{\"@type\":\"ListItem\",\"position\":3,\"name\":\"Pavlov&#8217;s Dog \u2013 At The Sound Of The Bell\"}]},{\"@type\":\"WebSite\",\"@id\":\"https:\/\/vinilozona.lt\/#website\",\"url\":\"https:\/\/vinilozona.lt\/\",\"name\":\"Vinilo Zona\",\"description\":\"Nup\u016bsk dulkes ir klausyk LP\",\"potentialAction\":[{\"@type\":\"SearchAction\",\"target\":{\"@type\":\"EntryPoint\",\"urlTemplate\":\"https:\/\/vinilozona.lt\/?s={search_term_string}\"},\"query-input\":{\"@type\":\"PropertyValueSpecification\",\"valueRequired\":true,\"valueName\":\"search_term_string\"}}],\"inLanguage\":\"en-GB\"}]}<\/script>\n<!-- \/ Yoast SEO plugin. -->","yoast_head_json":{"title":"Pavlov's Dog \u2013 At The Sound Of The Bell Vinilin\u0117 Plok\u0161tel\u0117 | Vinilozona.lt","robots":{"index":"index","follow":"follow","max-snippet":"max-snippet:-1","max-image-preview":"max-image-preview:large","max-video-preview":"max-video-preview:-1"},"canonical":"https:\/\/vinilozona.lt\/en\/parduotuve\/rock-pop\/pavlovs-dog-at-the-sound-of-the-bell\/","og_locale":"en_GB","og_type":"article","og_title":"Pavlov's Dog \u2013 At The Sound Of The Bell Vinilin\u0117 Plok\u0161tel\u0117 | Vinilozona.lt","og_description":"CBS \u2013 CBS 81163, CBS \u2013 32405 Format:  Vinyl, LP, Album Country: Europe","og_url":"https:\/\/vinilozona.lt\/en\/parduotuve\/rock-pop\/pavlovs-dog-at-the-sound-of-the-bell\/","og_site_name":"Vinilo Zona","article_modified_time":"2025-11-10T17:33:03+00:00","og_image":[{"width":597,"height":600,"url":"https:\/\/vinilozona.lt\/wp-content\/uploads\/2022\/05\/R-2184386-1432279162-6061.jpg","type":"image\/jpeg"}],"twitter_card":"summary_large_image","twitter_misc":{"Estimated reading time":"1 minute"},"schema":{"@context":"https:\/\/schema.org","@graph":[{"@type":"WebPage","@id":"https:\/\/vinilozona.lt\/parduotuve\/rock-pop\/pavlovs-dog-at-the-sound-of-the-bell\/","url":"https:\/\/vinilozona.lt\/parduotuve\/rock-pop\/pavlovs-dog-at-the-sound-of-the-bell\/","name":"Pavlov's Dog \u2013 At The Sound Of The Bell Vinilin\u0117 Plok\u0161tel\u0117 | Vinilozona.lt","isPartOf":{"@id":"https:\/\/vinilozona.lt\/#website"},"primaryImageOfPage":{"@id":"https:\/\/vinilozona.lt\/parduotuve\/rock-pop\/pavlovs-dog-at-the-sound-of-the-bell\/#primaryimage"},"image":{"@id":"https:\/\/vinilozona.lt\/parduotuve\/rock-pop\/pavlovs-dog-at-the-sound-of-the-bell\/#primaryimage"},"thumbnailUrl":"https:\/\/vinilozona.lt\/wp-content\/uploads\/2022\/05\/R-2184386-1432279162-6061.jpg","datePublished":"2025-11-11T03:07:42+00:00","dateModified":"2025-11-10T17:33:03+00:00","breadcrumb":{"@id":"https:\/\/vinilozona.lt\/parduotuve\/rock-pop\/pavlovs-dog-at-the-sound-of-the-bell\/#breadcrumb"},"inLanguage":"en-GB","potentialAction":[{"@type":"ReadAction","target":["https:\/\/vinilozona.lt\/parduotuve\/rock-pop\/pavlovs-dog-at-the-sound-of-the-bell\/"]}]},{"@type":"ImageObject","inLanguage":"en-GB","@id":"https:\/\/vinilozona.lt\/parduotuve\/rock-pop\/pavlovs-dog-at-the-sound-of-the-bell\/#primaryimage","url":"https:\/\/vinilozona.lt\/wp-content\/uploads\/2022\/05\/R-2184386-1432279162-6061.jpg","contentUrl":"https:\/\/vinilozona.lt\/wp-content\/uploads\/2022\/05\/R-2184386-1432279162-6061.jpg","width":597,"height":600},{"@type":"BreadcrumbList","@id":"https:\/\/vinilozona.lt\/parduotuve\/rock-pop\/pavlovs-dog-at-the-sound-of-the-bell\/#breadcrumb","itemListElement":[{"@type":"ListItem","position":1,"name":"Home","item":"https:\/\/vinilozona.lt\/"},{"@type":"ListItem","position":2,"name":"Parduotuv\u0117","item":"https:\/\/vinilozona.lt\/parduotuve\/"},{"@type":"ListItem","position":3,"name":"Pavlov&#8217;s Dog \u2013 At The Sound Of The Bell"}]},{"@type":"WebSite","@id":"https:\/\/vinilozona.lt\/#website","url":"https:\/\/vinilozona.lt\/","name":"Vinilo Zona","description":"Nup\u016bsk dulkes ir klausyk LP","potentialAction":[{"@type":"SearchAction","target":{"@type":"EntryPoint","urlTemplate":"https:\/\/vinilozona.lt\/?s={search_term_string}"},"query-input":{"@type":"PropertyValueSpecification","valueRequired":true,"valueName":"search_term_string"}}],"inLanguage":"en-GB"}]}},"_links":{"self":[{"href":"https:\/\/vinilozona.lt\/en\/wp-json\/wp\/v2\/product\/19080"}],"collection":[{"href":"https:\/\/vinilozona.lt\/en\/wp-json\/wp\/v2\/product"}],"about":[{"href":"https:\/\/vinilozona.lt\/en\/wp-json\/wp\/v2\/types\/product"}],"wp:featuredmedia":[{"embeddable":true,"href":"https:\/\/vinilozona.lt\/en\/wp-json\/wp\/v2\/media\/19081"}],"wp:attachment":[{"href":"https:\/\/vinilozona.lt\/en\/wp-json\/wp\/v2\/media?parent=19080"}],"wp:term":[{"taxonomy":"product_cat","embeddable":true,"href":"https:\/\/vinilozona.lt\/en\/wp-json\/wp\/v2\/product_cat?post=19080"},{"taxonomy":"product_tag","embeddable":true,"href":"https:\/\/vinilozona.lt\/en\/wp-json\/wp\/v2\/product_tag?post=19080"}],"curies":[{"name":"wp","href":"https:\/\/api.w.org\/{rel}","templated":true}]}}