{"id":19053,"date":"2024-02-26T08:59:26","date_gmt":"2024-02-26T06:59:26","guid":{"rendered":"https:\/\/vinilozona.lt\/?post_type=product&#038;p=19053"},"modified":"2024-03-18T09:00:21","modified_gmt":"2024-03-18T07:00:21","slug":"luciano-pavarotti-tutto-pavarotti-2-lp","status":"publish","type":"product","link":"https:\/\/vinilozona.lt\/en\/parduotuve\/classic\/luciano-pavarotti-tutto-pavarotti-2-lp\/","title":{"rendered":"\u0416. \u0424. \u0420\u0430\u043c\u043e \u2013 \u041a\u043e\u043d\u0446\u0435\u0440\u0442\u044b \u0414\u043b\u044f \u041a\u043b\u0430\u0432\u0435\u0441\u0438\u043d\u0430, \u0421\u043a\u0440\u0438\u043f\u043a\u0438 \u0418 \u0412\u0438\u043e\u043b\u043e\u043d\u0447\u0435\u043b\u0438 \/ \u0421\u044e\u0438\u0442\u0430 \u2116 2 \u0414\u043b\u044f \u041a\u043b\u0430\u0432\u0435\u0441\u0438\u043d\u0430"},"content":{"rendered":"<p>\t\u041a\u043e\u043d\u0446\u0435\u0440\u0442 \u2116 1 \u0414\u043e \u041c\u0438\u043d\u043e\u0440<br \/>\nA1\t\tLa Coulicam (Rondement)<br \/>\nA2\t\tLa Livri (Rondo Gracieux)<br \/>\nA3\t\tLe V\u00e9zinet (Caiment, Sans Vitesse)<br \/>\n\u041a\u043e\u043d\u0446\u0435\u0440\u0442 \u2116 2 \u0421\u043e\u043b\u044c \u041c\u0430\u0436\u043e\u0440<br \/>\nA4\t\tLa Laborde (Rondement)<br \/>\nA5\t\tLa Boucon (Air Gracieux)<br \/>\nA6\t\t\u041d\u0430\u0437\u043e\u0439\u043b\u0438\u0432\u0430\u044f (Rondement)<br \/>\nB1\t\t\u041c\u0435\u043d\u0443\u044d\u0442<br \/>\n\u041a\u043e\u043d\u0446\u0435\u0440\u0442 \u2116 3 \u041b\u044f \u041c\u0430\u0436\u043e\u0440<br \/>\nB2\t\tLa Pouplini\u00e9re (Rondement)<br \/>\nB3\t\t\u0417\u0430\u0441\u0442\u0435\u043d\u0447\u0438\u0432\u0430\u044f (Rondeau Gracieux)<br \/>\nB4\t\t\u0422\u0430\u043c\u0431\u0443\u0440\u0438\u043d<br \/>\n\u041a\u043e\u043d\u0446\u0435\u0440\u0442 \u2116 4 \u0421\u0438 \u0411\u0435\u043c\u043e\u043b\u044c \u041c\u0430\u0436\u043e\u0440<br \/>\nC1\t\t\u041f\u0430\u043d\u0442\u043e\u043c\u0438\u043c\u0430 (Loure Vive)<br \/>\nC2\t\t\u0411\u043e\u043b\u0442\u043b\u0438\u0432\u0430\u044f (Vivement)<br \/>\nC3\t\tLa Rameau (Rondement)<br \/>\n\u041a\u043e\u043d\u0446\u0435\u0440\u0442 \u2116 5 \u0420\u0435 \u041c\u0438\u043d\u043e\u0440<br \/>\nC4\t\tLa Forqueray (\u0424\u0443\u0433\u0430)<br \/>\nC5\t\tLa Cupis (Rondement)<br \/>\nC6\t\tLa Marais (Rondement)<br \/>\n\u0421\u044e\u0438\u0442\u0430 \u2116 2 \u041c\u0438 \u041c\u0438\u043d\u043e\u0440 \u0414\u043b\u044f \u041a\u043b\u0430\u0432\u0435\u0441\u0438\u043d\u0430<br \/>\nD1\t\t\u0410\u043b\u043b\u0435\u043c\u0430\u043d\u0434\u0430<br \/>\nD2\t\t\u041a\u0443\u0440\u0430\u043d\u0442\u0430<br \/>\nD3\t\t\u0416\u0438\u0433\u0430 \u0412 \u0424\u043e\u0440\u043c\u0435 \u0420\u043e\u043d\u0434\u043e<br \/>\nD4\t\t\u041f\u0440\u0438\u0437\u044b\u0432 \u041f\u0442\u0438\u0446<br \/>\nD5\t\t\u0420\u0438\u0433\u043e\u0434\u043e\u043d<br \/>\nD6\t\t\u041c\u044e\u0437\u0435\u0442\u0442 \u0412 \u0424\u043e\u0440\u043c\u0435 \u0420\u043e\u043d\u0434\u043e<br \/>\nD7\t\t\u0422\u0430\u043c\u0431\u0443\u0440\u0438\u043d<br \/>\nD8\t\t\u0414\u0435\u0440\u0435\u0432\u0435\u043d\u0441\u043a\u043e\u0435 \u0420\u043e\u043d\u0434\u043e<\/p>","protected":false},"excerpt":{"rendered":"<p>\u041c\u0435\u043b\u043e\u0434\u0438\u044f \u2013 \u0421 01877-80<br \/>\nFormat:<br \/>\n2 x Vinyl, LP, Stereo, Red Labels<br \/>\nCountry:\tUSSR<br \/>\nReleased:\tAug 4, 1980<\/p>","protected":false},"featured_media":24516,"template":"","meta":[],"product_cat":[22],"product_tag":[44],"yoast_head":"<!-- This site is optimized with the Yoast SEO plugin v23.5 - https:\/\/yoast.com\/wordpress\/plugins\/seo\/ -->\n<title>\u0416. \u0424. \u0420\u0430\u043c\u043e \u2013 \u041a\u043e\u043d\u0446\u0435\u0440\u0442\u044b \u0414\u043b\u044f \u041a\u043b\u0430\u0432\u0435\u0441\u0438\u043d\u0430, \u0421\u043a\u0440\u0438\u043f\u043a\u0438 \u0418 \u0412\u0438\u043e\u043b\u043e\u043d\u0447\u0435\u043b\u0438 \/ \u0421\u044e\u0438\u0442\u0430 \u2116 2 \u0414\u043b\u044f \u041a\u043b\u0430\u0432\u0435\u0441\u0438\u043d\u0430 Vinilin\u0117 Plok\u0161tel\u0117 | Vinilozona.lt<\/title>\n<meta name=\"robots\" content=\"index, follow, max-snippet:-1, max-image-preview:large, max-video-preview:-1\" \/>\n<link rel=\"canonical\" href=\"https:\/\/vinilozona.lt\/en\/parduotuve\/classic\/luciano-pavarotti-tutto-pavarotti-2-lp\/\" \/>\n<meta property=\"og:locale\" content=\"en_GB\" \/>\n<meta property=\"og:type\" content=\"article\" \/>\n<meta property=\"og:title\" content=\"\u0416. \u0424. \u0420\u0430\u043c\u043e \u2013 \u041a\u043e\u043d\u0446\u0435\u0440\u0442\u044b \u0414\u043b\u044f \u041a\u043b\u0430\u0432\u0435\u0441\u0438\u043d\u0430, \u0421\u043a\u0440\u0438\u043f\u043a\u0438 \u0418 \u0412\u0438\u043e\u043b\u043e\u043d\u0447\u0435\u043b\u0438 \/ \u0421\u044e\u0438\u0442\u0430 \u2116 2 \u0414\u043b\u044f \u041a\u043b\u0430\u0432\u0435\u0441\u0438\u043d\u0430 Vinilin\u0117 Plok\u0161tel\u0117 | Vinilozona.lt\" \/>\n<meta property=\"og:description\" content=\"\u041c\u0435\u043b\u043e\u0434\u0438\u044f \u2013 \u0421 01877-80 Format:  2 x Vinyl, LP, Stereo, Red Labels Country: USSR Released: Aug 4, 1980\" \/>\n<meta property=\"og:url\" content=\"https:\/\/vinilozona.lt\/en\/parduotuve\/classic\/luciano-pavarotti-tutto-pavarotti-2-lp\/\" \/>\n<meta property=\"og:site_name\" content=\"Vinilo Zona\" \/>\n<meta property=\"article:modified_time\" content=\"2024-03-18T07:00:21+00:00\" \/>\n<meta property=\"og:image\" content=\"https:\/\/vinilozona.lt\/wp-content\/uploads\/2022\/05\/R-15115170-1586877544-1725.jpg\" \/>\n\t<meta property=\"og:image:width\" content=\"600\" \/>\n\t<meta property=\"og:image:height\" content=\"571\" \/>\n\t<meta property=\"og:image:type\" content=\"image\/jpeg\" \/>\n<meta name=\"twitter:card\" content=\"summary_large_image\" \/>\n<script type=\"application\/ld+json\" class=\"yoast-schema-graph\">{\"@context\":\"https:\/\/schema.org\",\"@graph\":[{\"@type\":\"WebPage\",\"@id\":\"https:\/\/vinilozona.lt\/parduotuve\/classic\/luciano-pavarotti-tutto-pavarotti-2-lp\/\",\"url\":\"https:\/\/vinilozona.lt\/parduotuve\/classic\/luciano-pavarotti-tutto-pavarotti-2-lp\/\",\"name\":\"\u0416. \u0424. \u0420\u0430\u043c\u043e \u2013 \u041a\u043e\u043d\u0446\u0435\u0440\u0442\u044b \u0414\u043b\u044f \u041a\u043b\u0430\u0432\u0435\u0441\u0438\u043d\u0430, \u0421\u043a\u0440\u0438\u043f\u043a\u0438 \u0418 \u0412\u0438\u043e\u043b\u043e\u043d\u0447\u0435\u043b\u0438 \/ \u0421\u044e\u0438\u0442\u0430 \u2116 2 \u0414\u043b\u044f \u041a\u043b\u0430\u0432\u0435\u0441\u0438\u043d\u0430 Vinilin\u0117 Plok\u0161tel\u0117 | Vinilozona.lt\",\"isPartOf\":{\"@id\":\"https:\/\/vinilozona.lt\/#website\"},\"primaryImageOfPage\":{\"@id\":\"https:\/\/vinilozona.lt\/parduotuve\/classic\/luciano-pavarotti-tutto-pavarotti-2-lp\/#primaryimage\"},\"image\":{\"@id\":\"https:\/\/vinilozona.lt\/parduotuve\/classic\/luciano-pavarotti-tutto-pavarotti-2-lp\/#primaryimage\"},\"thumbnailUrl\":\"https:\/\/vinilozona.lt\/wp-content\/uploads\/2022\/05\/R-15115170-1586877544-1725.jpg\",\"datePublished\":\"2024-02-26T06:59:26+00:00\",\"dateModified\":\"2024-03-18T07:00:21+00:00\",\"breadcrumb\":{\"@id\":\"https:\/\/vinilozona.lt\/parduotuve\/classic\/luciano-pavarotti-tutto-pavarotti-2-lp\/#breadcrumb\"},\"inLanguage\":\"en-GB\",\"potentialAction\":[{\"@type\":\"ReadAction\",\"target\":[\"https:\/\/vinilozona.lt\/parduotuve\/classic\/luciano-pavarotti-tutto-pavarotti-2-lp\/\"]}]},{\"@type\":\"ImageObject\",\"inLanguage\":\"en-GB\",\"@id\":\"https:\/\/vinilozona.lt\/parduotuve\/classic\/luciano-pavarotti-tutto-pavarotti-2-lp\/#primaryimage\",\"url\":\"https:\/\/vinilozona.lt\/wp-content\/uploads\/2022\/05\/R-15115170-1586877544-1725.jpg\",\"contentUrl\":\"https:\/\/vinilozona.lt\/wp-content\/uploads\/2022\/05\/R-15115170-1586877544-1725.jpg\",\"width\":600,\"height\":571},{\"@type\":\"BreadcrumbList\",\"@id\":\"https:\/\/vinilozona.lt\/parduotuve\/classic\/luciano-pavarotti-tutto-pavarotti-2-lp\/#breadcrumb\",\"itemListElement\":[{\"@type\":\"ListItem\",\"position\":1,\"name\":\"Home\",\"item\":\"https:\/\/vinilozona.lt\/\"},{\"@type\":\"ListItem\",\"position\":2,\"name\":\"Parduotuv\u0117\",\"item\":\"https:\/\/vinilozona.lt\/parduotuve\/\"},{\"@type\":\"ListItem\",\"position\":3,\"name\":\"\u0416. \u0424. \u0420\u0430\u043c\u043e \u2013 \u041a\u043e\u043d\u0446\u0435\u0440\u0442\u044b \u0414\u043b\u044f \u041a\u043b\u0430\u0432\u0435\u0441\u0438\u043d\u0430, \u0421\u043a\u0440\u0438\u043f\u043a\u0438 \u0418 \u0412\u0438\u043e\u043b\u043e\u043d\u0447\u0435\u043b\u0438 \/ \u0421\u044e\u0438\u0442\u0430 \u2116 2 \u0414\u043b\u044f \u041a\u043b\u0430\u0432\u0435\u0441\u0438\u043d\u0430\"}]},{\"@type\":\"WebSite\",\"@id\":\"https:\/\/vinilozona.lt\/#website\",\"url\":\"https:\/\/vinilozona.lt\/\",\"name\":\"Vinilo Zona\",\"description\":\"Nup\u016bsk dulkes ir klausyk LP\",\"potentialAction\":[{\"@type\":\"SearchAction\",\"target\":{\"@type\":\"EntryPoint\",\"urlTemplate\":\"https:\/\/vinilozona.lt\/?s={search_term_string}\"},\"query-input\":{\"@type\":\"PropertyValueSpecification\",\"valueRequired\":true,\"valueName\":\"search_term_string\"}}],\"inLanguage\":\"en-GB\"}]}<\/script>\n<!-- \/ Yoast SEO plugin. -->","yoast_head_json":{"title":"\u0416. \u0424. \u0420\u0430\u043c\u043e \u2013 \u041a\u043e\u043d\u0446\u0435\u0440\u0442\u044b \u0414\u043b\u044f \u041a\u043b\u0430\u0432\u0435\u0441\u0438\u043d\u0430, \u0421\u043a\u0440\u0438\u043f\u043a\u0438 \u0418 \u0412\u0438\u043e\u043b\u043e\u043d\u0447\u0435\u043b\u0438 \/ \u0421\u044e\u0438\u0442\u0430 \u2116 2 \u0414\u043b\u044f \u041a\u043b\u0430\u0432\u0435\u0441\u0438\u043d\u0430 Vinilin\u0117 Plok\u0161tel\u0117 | Vinilozona.lt","robots":{"index":"index","follow":"follow","max-snippet":"max-snippet:-1","max-image-preview":"max-image-preview:large","max-video-preview":"max-video-preview:-1"},"canonical":"https:\/\/vinilozona.lt\/en\/parduotuve\/classic\/luciano-pavarotti-tutto-pavarotti-2-lp\/","og_locale":"en_GB","og_type":"article","og_title":"\u0416. \u0424. \u0420\u0430\u043c\u043e \u2013 \u041a\u043e\u043d\u0446\u0435\u0440\u0442\u044b \u0414\u043b\u044f \u041a\u043b\u0430\u0432\u0435\u0441\u0438\u043d\u0430, \u0421\u043a\u0440\u0438\u043f\u043a\u0438 \u0418 \u0412\u0438\u043e\u043b\u043e\u043d\u0447\u0435\u043b\u0438 \/ \u0421\u044e\u0438\u0442\u0430 \u2116 2 \u0414\u043b\u044f \u041a\u043b\u0430\u0432\u0435\u0441\u0438\u043d\u0430 Vinilin\u0117 Plok\u0161tel\u0117 | Vinilozona.lt","og_description":"\u041c\u0435\u043b\u043e\u0434\u0438\u044f \u2013 \u0421 01877-80 Format:  2 x Vinyl, LP, Stereo, Red Labels Country: USSR Released: Aug 4, 1980","og_url":"https:\/\/vinilozona.lt\/en\/parduotuve\/classic\/luciano-pavarotti-tutto-pavarotti-2-lp\/","og_site_name":"Vinilo Zona","article_modified_time":"2024-03-18T07:00:21+00:00","og_image":[{"width":600,"height":571,"url":"https:\/\/vinilozona.lt\/wp-content\/uploads\/2022\/05\/R-15115170-1586877544-1725.jpg","type":"image\/jpeg"}],"twitter_card":"summary_large_image","schema":{"@context":"https:\/\/schema.org","@graph":[{"@type":"WebPage","@id":"https:\/\/vinilozona.lt\/parduotuve\/classic\/luciano-pavarotti-tutto-pavarotti-2-lp\/","url":"https:\/\/vinilozona.lt\/parduotuve\/classic\/luciano-pavarotti-tutto-pavarotti-2-lp\/","name":"\u0416. \u0424. \u0420\u0430\u043c\u043e \u2013 \u041a\u043e\u043d\u0446\u0435\u0440\u0442\u044b \u0414\u043b\u044f \u041a\u043b\u0430\u0432\u0435\u0441\u0438\u043d\u0430, \u0421\u043a\u0440\u0438\u043f\u043a\u0438 \u0418 \u0412\u0438\u043e\u043b\u043e\u043d\u0447\u0435\u043b\u0438 \/ \u0421\u044e\u0438\u0442\u0430 \u2116 2 \u0414\u043b\u044f \u041a\u043b\u0430\u0432\u0435\u0441\u0438\u043d\u0430 Vinilin\u0117 Plok\u0161tel\u0117 | Vinilozona.lt","isPartOf":{"@id":"https:\/\/vinilozona.lt\/#website"},"primaryImageOfPage":{"@id":"https:\/\/vinilozona.lt\/parduotuve\/classic\/luciano-pavarotti-tutto-pavarotti-2-lp\/#primaryimage"},"image":{"@id":"https:\/\/vinilozona.lt\/parduotuve\/classic\/luciano-pavarotti-tutto-pavarotti-2-lp\/#primaryimage"},"thumbnailUrl":"https:\/\/vinilozona.lt\/wp-content\/uploads\/2022\/05\/R-15115170-1586877544-1725.jpg","datePublished":"2024-02-26T06:59:26+00:00","dateModified":"2024-03-18T07:00:21+00:00","breadcrumb":{"@id":"https:\/\/vinilozona.lt\/parduotuve\/classic\/luciano-pavarotti-tutto-pavarotti-2-lp\/#breadcrumb"},"inLanguage":"en-GB","potentialAction":[{"@type":"ReadAction","target":["https:\/\/vinilozona.lt\/parduotuve\/classic\/luciano-pavarotti-tutto-pavarotti-2-lp\/"]}]},{"@type":"ImageObject","inLanguage":"en-GB","@id":"https:\/\/vinilozona.lt\/parduotuve\/classic\/luciano-pavarotti-tutto-pavarotti-2-lp\/#primaryimage","url":"https:\/\/vinilozona.lt\/wp-content\/uploads\/2022\/05\/R-15115170-1586877544-1725.jpg","contentUrl":"https:\/\/vinilozona.lt\/wp-content\/uploads\/2022\/05\/R-15115170-1586877544-1725.jpg","width":600,"height":571},{"@type":"BreadcrumbList","@id":"https:\/\/vinilozona.lt\/parduotuve\/classic\/luciano-pavarotti-tutto-pavarotti-2-lp\/#breadcrumb","itemListElement":[{"@type":"ListItem","position":1,"name":"Home","item":"https:\/\/vinilozona.lt\/"},{"@type":"ListItem","position":2,"name":"Parduotuv\u0117","item":"https:\/\/vinilozona.lt\/parduotuve\/"},{"@type":"ListItem","position":3,"name":"\u0416. \u0424. \u0420\u0430\u043c\u043e \u2013 \u041a\u043e\u043d\u0446\u0435\u0440\u0442\u044b \u0414\u043b\u044f \u041a\u043b\u0430\u0432\u0435\u0441\u0438\u043d\u0430, \u0421\u043a\u0440\u0438\u043f\u043a\u0438 \u0418 \u0412\u0438\u043e\u043b\u043e\u043d\u0447\u0435\u043b\u0438 \/ \u0421\u044e\u0438\u0442\u0430 \u2116 2 \u0414\u043b\u044f \u041a\u043b\u0430\u0432\u0435\u0441\u0438\u043d\u0430"}]},{"@type":"WebSite","@id":"https:\/\/vinilozona.lt\/#website","url":"https:\/\/vinilozona.lt\/","name":"Vinilo Zona","description":"Nup\u016bsk dulkes ir klausyk LP","potentialAction":[{"@type":"SearchAction","target":{"@type":"EntryPoint","urlTemplate":"https:\/\/vinilozona.lt\/?s={search_term_string}"},"query-input":{"@type":"PropertyValueSpecification","valueRequired":true,"valueName":"search_term_string"}}],"inLanguage":"en-GB"}]}},"_links":{"self":[{"href":"https:\/\/vinilozona.lt\/en\/wp-json\/wp\/v2\/product\/19053"}],"collection":[{"href":"https:\/\/vinilozona.lt\/en\/wp-json\/wp\/v2\/product"}],"about":[{"href":"https:\/\/vinilozona.lt\/en\/wp-json\/wp\/v2\/types\/product"}],"wp:featuredmedia":[{"embeddable":true,"href":"https:\/\/vinilozona.lt\/en\/wp-json\/wp\/v2\/media\/24516"}],"wp:attachment":[{"href":"https:\/\/vinilozona.lt\/en\/wp-json\/wp\/v2\/media?parent=19053"}],"wp:term":[{"taxonomy":"product_cat","embeddable":true,"href":"https:\/\/vinilozona.lt\/en\/wp-json\/wp\/v2\/product_cat?post=19053"},{"taxonomy":"product_tag","embeddable":true,"href":"https:\/\/vinilozona.lt\/en\/wp-json\/wp\/v2\/product_tag?post=19053"}],"curies":[{"name":"wp","href":"https:\/\/api.w.org\/{rel}","templated":true}]}}