{"id":19020,"date":"2024-04-15T05:01:55","date_gmt":"2024-04-15T02:01:55","guid":{"rendered":"https:\/\/vinilozona.lt\/?post_type=product&#038;p=19020"},"modified":"2024-04-13T06:55:10","modified_gmt":"2024-04-13T03:55:10","slug":"various-ronnys-pop-show-9-queen-beastie-boys-europe-genesis-heaven-17","status":"publish","type":"product","link":"https:\/\/vinilozona.lt\/en\/parduotuve\/rock-pop\/various-ronnys-pop-show-9-queen-beastie-boys-europe-genesis-heaven-17\/","title":{"rendered":"Various \u2013 Ronny&#8217;s Pop Show 12 (32 Monster Hits)"},"content":{"rendered":"<p>A1\tYazz And The Plastic Population\u2013\tThe Only Way Is Up<br \/>\nA2\tB.V.S.M.P*\u2013\tAnytime<br \/>\nA3\tSade\u2013\tNothing Can Come Between Us<br \/>\nA4\tBobby McFerrin\u2013\tDon&#8217;t Worry, Be Happy<br \/>\nA5\tMilli Vanilli\u2013\tGirl You Know It&#8217;s True<br \/>\nA6\tHelen Schneider\u2013\tWorking Girl<br \/>\nA7\tJeremy Days*\u2013\tAre You Inventive<br \/>\nA8\tSteve Winwood\u2013\tDon&#8217;t You Know What The Night Can Do?<br \/>\nB1\tJohn Farnham\u2013\tAge Of Reason<br \/>\nB2\tEurope (2)\u2013\tSuperstitious<br \/>\nB3\tVan Halen\u2013\tWhen It&#8217;s Love<br \/>\nB4\tRoachford\u2013\tCuddly Toy<br \/>\nB5\tGlenn Frey\u2013\tTrue Love<br \/>\nB6\tHeaven 17\u2013\tThe Ballad Of Go Go Brown<br \/>\nB7\tEddie Money\u2013\tWalk On Water<br \/>\nB8\tCheap Trick\u2013\tThe Flame<br \/>\nC1\tBonnie Bianco\u2013\tWhen The Price Is Your Love<br \/>\nC2\tBlue System\u2013\tUnder My Skin<br \/>\nC3\tJermaine Stewart\u2013\tDon&#8217;t Talk Dirty To Me (German Version)<br \/>\nC4\tOfra Haza\u2013\tGalbi<br \/>\nC5\tDie \u00c4rzte\u2013\tWesterland<br \/>\nC6\tStyle (4)\u2013\tIt&#8217;s A Secret<br \/>\nC7\tThe Sugarcubes\u2013\tBirthday<br \/>\nC8\tBreathe (3)\u2013\tHands To Heaven<br \/>\nD1\tThe Pasadenas\u2013\tRiding On A Train<br \/>\nD2\tBomb The Bass featuring Lauraine\u2013\tDon&#8217;t Make Me Wait<br \/>\nD3\tThe Funky Worm*\u2013\tHustle! (To The Music)<br \/>\nD4\tAnna Mwale\u2013\tTouch Sensitive<br \/>\nD5\tEPMD\u2013\tStrictly Business (Radio Mix)<br \/>\nD6\tJohnny Kemp\u2013\tJust Got Paid<br \/>\nD7\tJellybean* featuring Richard Darbyshire\u2013\tComing Back For More<br \/>\nD8\tPat Benatar\u2013\tOne Love<\/p>","protected":false},"excerpt":{"rendered":"<p>CBS \u2013 463093 1, CBS \u2013 CBS 463093 1<br \/>\nSeries:\tRonny&#8217;s Pop Show \u2013 12<br \/>\nFormat:<br \/>\n2 x Vinyl, LP, Compilation<br \/>\nCountry:\tEurope<br \/>\nReleased:\t1988<\/p>","protected":false},"featured_media":24778,"template":"","meta":[],"product_cat":[15,906],"product_tag":[44],"yoast_head":"<!-- This site is optimized with the Yoast SEO plugin v23.5 - https:\/\/yoast.com\/wordpress\/plugins\/seo\/ -->\n<title>Various \u2013 Ronny&#039;s Pop Show 12 (32 Monster Hits) Vinilin\u0117 Plok\u0161tel\u0117 | Vinilozona.lt<\/title>\n<meta name=\"robots\" content=\"index, follow, max-snippet:-1, max-image-preview:large, max-video-preview:-1\" \/>\n<link rel=\"canonical\" href=\"https:\/\/vinilozona.lt\/en\/parduotuve\/rock-pop\/various-ronnys-pop-show-9-queen-beastie-boys-europe-genesis-heaven-17\/\" \/>\n<meta property=\"og:locale\" content=\"en_GB\" \/>\n<meta property=\"og:type\" content=\"article\" \/>\n<meta property=\"og:title\" content=\"Various \u2013 Ronny&#039;s Pop Show 12 (32 Monster Hits) Vinilin\u0117 Plok\u0161tel\u0117 | Vinilozona.lt\" \/>\n<meta property=\"og:description\" content=\"CBS \u2013 463093 1, CBS \u2013 CBS 463093 1 Series: Ronny&#039;s Pop Show \u2013 12 Format:  2 x Vinyl, LP, Compilation Country: Europe Released: 1988\" \/>\n<meta property=\"og:url\" content=\"https:\/\/vinilozona.lt\/en\/parduotuve\/rock-pop\/various-ronnys-pop-show-9-queen-beastie-boys-europe-genesis-heaven-17\/\" \/>\n<meta property=\"og:site_name\" content=\"Vinilo Zona\" \/>\n<meta property=\"article:modified_time\" content=\"2024-04-13T03:55:10+00:00\" \/>\n<meta property=\"og:image\" content=\"https:\/\/vinilozona.lt\/wp-content\/uploads\/2022\/05\/R-3531945-1350055771-8333.jpg\" \/>\n\t<meta property=\"og:image:width\" content=\"396\" \/>\n\t<meta property=\"og:image:height\" content=\"405\" \/>\n\t<meta property=\"og:image:type\" content=\"image\/jpeg\" \/>\n<meta name=\"twitter:card\" content=\"summary_large_image\" \/>\n<meta name=\"twitter:label1\" content=\"Estimated reading time\" \/>\n\t<meta name=\"twitter:data1\" content=\"1 minute\" \/>\n<script type=\"application\/ld+json\" class=\"yoast-schema-graph\">{\"@context\":\"https:\/\/schema.org\",\"@graph\":[{\"@type\":\"WebPage\",\"@id\":\"https:\/\/vinilozona.lt\/parduotuve\/rock-pop\/various-ronnys-pop-show-9-queen-beastie-boys-europe-genesis-heaven-17\/\",\"url\":\"https:\/\/vinilozona.lt\/parduotuve\/rock-pop\/various-ronnys-pop-show-9-queen-beastie-boys-europe-genesis-heaven-17\/\",\"name\":\"Various \u2013 Ronny's Pop Show 12 (32 Monster Hits) Vinilin\u0117 Plok\u0161tel\u0117 | Vinilozona.lt\",\"isPartOf\":{\"@id\":\"https:\/\/vinilozona.lt\/#website\"},\"primaryImageOfPage\":{\"@id\":\"https:\/\/vinilozona.lt\/parduotuve\/rock-pop\/various-ronnys-pop-show-9-queen-beastie-boys-europe-genesis-heaven-17\/#primaryimage\"},\"image\":{\"@id\":\"https:\/\/vinilozona.lt\/parduotuve\/rock-pop\/various-ronnys-pop-show-9-queen-beastie-boys-europe-genesis-heaven-17\/#primaryimage\"},\"thumbnailUrl\":\"https:\/\/vinilozona.lt\/wp-content\/uploads\/2022\/05\/R-3531945-1350055771-8333.jpg\",\"datePublished\":\"2024-04-15T02:01:55+00:00\",\"dateModified\":\"2024-04-13T03:55:10+00:00\",\"breadcrumb\":{\"@id\":\"https:\/\/vinilozona.lt\/parduotuve\/rock-pop\/various-ronnys-pop-show-9-queen-beastie-boys-europe-genesis-heaven-17\/#breadcrumb\"},\"inLanguage\":\"en-GB\",\"potentialAction\":[{\"@type\":\"ReadAction\",\"target\":[\"https:\/\/vinilozona.lt\/parduotuve\/rock-pop\/various-ronnys-pop-show-9-queen-beastie-boys-europe-genesis-heaven-17\/\"]}]},{\"@type\":\"ImageObject\",\"inLanguage\":\"en-GB\",\"@id\":\"https:\/\/vinilozona.lt\/parduotuve\/rock-pop\/various-ronnys-pop-show-9-queen-beastie-boys-europe-genesis-heaven-17\/#primaryimage\",\"url\":\"https:\/\/vinilozona.lt\/wp-content\/uploads\/2022\/05\/R-3531945-1350055771-8333.jpg\",\"contentUrl\":\"https:\/\/vinilozona.lt\/wp-content\/uploads\/2022\/05\/R-3531945-1350055771-8333.jpg\",\"width\":396,\"height\":405},{\"@type\":\"BreadcrumbList\",\"@id\":\"https:\/\/vinilozona.lt\/parduotuve\/rock-pop\/various-ronnys-pop-show-9-queen-beastie-boys-europe-genesis-heaven-17\/#breadcrumb\",\"itemListElement\":[{\"@type\":\"ListItem\",\"position\":1,\"name\":\"Home\",\"item\":\"https:\/\/vinilozona.lt\/\"},{\"@type\":\"ListItem\",\"position\":2,\"name\":\"Parduotuv\u0117\",\"item\":\"https:\/\/vinilozona.lt\/parduotuve\/\"},{\"@type\":\"ListItem\",\"position\":3,\"name\":\"Various \u2013 Ronny&#8217;s Pop Show 12 (32 Monster Hits)\"}]},{\"@type\":\"WebSite\",\"@id\":\"https:\/\/vinilozona.lt\/#website\",\"url\":\"https:\/\/vinilozona.lt\/\",\"name\":\"Vinilo Zona\",\"description\":\"Nup\u016bsk dulkes ir klausyk LP\",\"potentialAction\":[{\"@type\":\"SearchAction\",\"target\":{\"@type\":\"EntryPoint\",\"urlTemplate\":\"https:\/\/vinilozona.lt\/?s={search_term_string}\"},\"query-input\":{\"@type\":\"PropertyValueSpecification\",\"valueRequired\":true,\"valueName\":\"search_term_string\"}}],\"inLanguage\":\"en-GB\"}]}<\/script>\n<!-- \/ Yoast SEO plugin. -->","yoast_head_json":{"title":"Various \u2013 Ronny's Pop Show 12 (32 Monster Hits) Vinilin\u0117 Plok\u0161tel\u0117 | Vinilozona.lt","robots":{"index":"index","follow":"follow","max-snippet":"max-snippet:-1","max-image-preview":"max-image-preview:large","max-video-preview":"max-video-preview:-1"},"canonical":"https:\/\/vinilozona.lt\/en\/parduotuve\/rock-pop\/various-ronnys-pop-show-9-queen-beastie-boys-europe-genesis-heaven-17\/","og_locale":"en_GB","og_type":"article","og_title":"Various \u2013 Ronny's Pop Show 12 (32 Monster Hits) Vinilin\u0117 Plok\u0161tel\u0117 | Vinilozona.lt","og_description":"CBS \u2013 463093 1, CBS \u2013 CBS 463093 1 Series: Ronny's Pop Show \u2013 12 Format:  2 x Vinyl, LP, Compilation Country: Europe Released: 1988","og_url":"https:\/\/vinilozona.lt\/en\/parduotuve\/rock-pop\/various-ronnys-pop-show-9-queen-beastie-boys-europe-genesis-heaven-17\/","og_site_name":"Vinilo Zona","article_modified_time":"2024-04-13T03:55:10+00:00","og_image":[{"width":396,"height":405,"url":"https:\/\/vinilozona.lt\/wp-content\/uploads\/2022\/05\/R-3531945-1350055771-8333.jpg","type":"image\/jpeg"}],"twitter_card":"summary_large_image","twitter_misc":{"Estimated reading time":"1 minute"},"schema":{"@context":"https:\/\/schema.org","@graph":[{"@type":"WebPage","@id":"https:\/\/vinilozona.lt\/parduotuve\/rock-pop\/various-ronnys-pop-show-9-queen-beastie-boys-europe-genesis-heaven-17\/","url":"https:\/\/vinilozona.lt\/parduotuve\/rock-pop\/various-ronnys-pop-show-9-queen-beastie-boys-europe-genesis-heaven-17\/","name":"Various \u2013 Ronny's Pop Show 12 (32 Monster Hits) Vinilin\u0117 Plok\u0161tel\u0117 | Vinilozona.lt","isPartOf":{"@id":"https:\/\/vinilozona.lt\/#website"},"primaryImageOfPage":{"@id":"https:\/\/vinilozona.lt\/parduotuve\/rock-pop\/various-ronnys-pop-show-9-queen-beastie-boys-europe-genesis-heaven-17\/#primaryimage"},"image":{"@id":"https:\/\/vinilozona.lt\/parduotuve\/rock-pop\/various-ronnys-pop-show-9-queen-beastie-boys-europe-genesis-heaven-17\/#primaryimage"},"thumbnailUrl":"https:\/\/vinilozona.lt\/wp-content\/uploads\/2022\/05\/R-3531945-1350055771-8333.jpg","datePublished":"2024-04-15T02:01:55+00:00","dateModified":"2024-04-13T03:55:10+00:00","breadcrumb":{"@id":"https:\/\/vinilozona.lt\/parduotuve\/rock-pop\/various-ronnys-pop-show-9-queen-beastie-boys-europe-genesis-heaven-17\/#breadcrumb"},"inLanguage":"en-GB","potentialAction":[{"@type":"ReadAction","target":["https:\/\/vinilozona.lt\/parduotuve\/rock-pop\/various-ronnys-pop-show-9-queen-beastie-boys-europe-genesis-heaven-17\/"]}]},{"@type":"ImageObject","inLanguage":"en-GB","@id":"https:\/\/vinilozona.lt\/parduotuve\/rock-pop\/various-ronnys-pop-show-9-queen-beastie-boys-europe-genesis-heaven-17\/#primaryimage","url":"https:\/\/vinilozona.lt\/wp-content\/uploads\/2022\/05\/R-3531945-1350055771-8333.jpg","contentUrl":"https:\/\/vinilozona.lt\/wp-content\/uploads\/2022\/05\/R-3531945-1350055771-8333.jpg","width":396,"height":405},{"@type":"BreadcrumbList","@id":"https:\/\/vinilozona.lt\/parduotuve\/rock-pop\/various-ronnys-pop-show-9-queen-beastie-boys-europe-genesis-heaven-17\/#breadcrumb","itemListElement":[{"@type":"ListItem","position":1,"name":"Home","item":"https:\/\/vinilozona.lt\/"},{"@type":"ListItem","position":2,"name":"Parduotuv\u0117","item":"https:\/\/vinilozona.lt\/parduotuve\/"},{"@type":"ListItem","position":3,"name":"Various \u2013 Ronny&#8217;s Pop Show 12 (32 Monster Hits)"}]},{"@type":"WebSite","@id":"https:\/\/vinilozona.lt\/#website","url":"https:\/\/vinilozona.lt\/","name":"Vinilo Zona","description":"Nup\u016bsk dulkes ir klausyk LP","potentialAction":[{"@type":"SearchAction","target":{"@type":"EntryPoint","urlTemplate":"https:\/\/vinilozona.lt\/?s={search_term_string}"},"query-input":{"@type":"PropertyValueSpecification","valueRequired":true,"valueName":"search_term_string"}}],"inLanguage":"en-GB"}]}},"_links":{"self":[{"href":"https:\/\/vinilozona.lt\/en\/wp-json\/wp\/v2\/product\/19020"}],"collection":[{"href":"https:\/\/vinilozona.lt\/en\/wp-json\/wp\/v2\/product"}],"about":[{"href":"https:\/\/vinilozona.lt\/en\/wp-json\/wp\/v2\/types\/product"}],"wp:featuredmedia":[{"embeddable":true,"href":"https:\/\/vinilozona.lt\/en\/wp-json\/wp\/v2\/media\/24778"}],"wp:attachment":[{"href":"https:\/\/vinilozona.lt\/en\/wp-json\/wp\/v2\/media?parent=19020"}],"wp:term":[{"taxonomy":"product_cat","embeddable":true,"href":"https:\/\/vinilozona.lt\/en\/wp-json\/wp\/v2\/product_cat?post=19020"},{"taxonomy":"product_tag","embeddable":true,"href":"https:\/\/vinilozona.lt\/en\/wp-json\/wp\/v2\/product_tag?post=19020"}],"curies":[{"name":"wp","href":"https:\/\/api.w.org\/{rel}","templated":true}]}}