{"id":19002,"date":"2023-03-10T05:14:56","date_gmt":"2023-03-10T03:14:56","guid":{"rendered":"https:\/\/vinilozona.lt\/?post_type=product&#038;p=19002"},"modified":"2025-12-17T12:07:33","modified_gmt":"2025-12-17T10:07:33","slug":"nick-cave-the-bad-seeds-the-boatmans-call-2","status":"publish","type":"product","link":"https:\/\/vinilozona.lt\/en\/parduotuve\/naujos-lp\/nick-cave-the-bad-seeds-the-boatmans-call-2\/","title":{"rendered":"Nick Cave &#038; Warren Ellis \u2013 Carnage"},"content":{"rendered":"<p>A1\t\tHand Of God\t5:17<br \/>\nA2\t\tOld Time  5:16<br \/>\nA3\t\tCarnage\t4:47<br \/>\nA4\t\tWhite Elephant  6:08<br \/>\nB1\t\tAlbuquerque\t3:57<br \/>\nB2\t\tLavender Fields\t4:34<br \/>\nB3\t\tShattered Ground\t5:35<br \/>\nB4\t\tBalcony Man\t4:30<\/p>","protected":false},"excerpt":{"rendered":"<p>Goliath Records \u2013 BS021LP<br \/>\nFormat:<br \/>\nVinyl, LP, Album<br \/>\nCountry:\tWorldwide<br \/>\nReleased:\tJun 18, 2021<\/p>","protected":false},"featured_media":21730,"template":"","meta":[],"product_cat":[23],"product_tag":[74],"yoast_head":"<!-- This site is optimized with the Yoast SEO plugin v23.5 - https:\/\/yoast.com\/wordpress\/plugins\/seo\/ -->\n<title>Nick Cave &amp; Warren Ellis \u2013 Carnage Vinilin\u0117 Plok\u0161tel\u0117 | Vinilozona.lt<\/title>\n<meta name=\"robots\" content=\"index, follow, max-snippet:-1, max-image-preview:large, max-video-preview:-1\" \/>\n<link rel=\"canonical\" href=\"https:\/\/vinilozona.lt\/en\/parduotuve\/naujos-lp\/nick-cave-the-bad-seeds-the-boatmans-call-2\/\" \/>\n<meta property=\"og:locale\" content=\"en_GB\" \/>\n<meta property=\"og:type\" content=\"article\" \/>\n<meta property=\"og:title\" content=\"Nick Cave &amp; Warren Ellis \u2013 Carnage Vinilin\u0117 Plok\u0161tel\u0117 | Vinilozona.lt\" \/>\n<meta property=\"og:description\" content=\"Goliath Records \u2013 BS021LP Format:  Vinyl, LP, Album Country: Worldwide Released: Jun 18, 2021\" \/>\n<meta property=\"og:url\" content=\"https:\/\/vinilozona.lt\/en\/parduotuve\/naujos-lp\/nick-cave-the-bad-seeds-the-boatmans-call-2\/\" \/>\n<meta property=\"og:site_name\" content=\"Vinilo Zona\" \/>\n<meta property=\"article:modified_time\" content=\"2025-12-17T10:07:33+00:00\" \/>\n<meta property=\"og:image\" content=\"https:\/\/vinilozona.lt\/wp-content\/uploads\/2022\/04\/R-18988180-1622660651-5544.jpg\" \/>\n\t<meta property=\"og:image:width\" content=\"600\" \/>\n\t<meta property=\"og:image:height\" content=\"579\" \/>\n\t<meta property=\"og:image:type\" content=\"image\/jpeg\" \/>\n<meta name=\"twitter:card\" content=\"summary_large_image\" \/>\n<script type=\"application\/ld+json\" class=\"yoast-schema-graph\">{\"@context\":\"https:\/\/schema.org\",\"@graph\":[{\"@type\":\"WebPage\",\"@id\":\"https:\/\/vinilozona.lt\/parduotuve\/naujos-lp\/nick-cave-the-bad-seeds-the-boatmans-call-2\/\",\"url\":\"https:\/\/vinilozona.lt\/parduotuve\/naujos-lp\/nick-cave-the-bad-seeds-the-boatmans-call-2\/\",\"name\":\"Nick Cave & Warren Ellis \u2013 Carnage Vinilin\u0117 Plok\u0161tel\u0117 | Vinilozona.lt\",\"isPartOf\":{\"@id\":\"https:\/\/vinilozona.lt\/#website\"},\"primaryImageOfPage\":{\"@id\":\"https:\/\/vinilozona.lt\/parduotuve\/naujos-lp\/nick-cave-the-bad-seeds-the-boatmans-call-2\/#primaryimage\"},\"image\":{\"@id\":\"https:\/\/vinilozona.lt\/parduotuve\/naujos-lp\/nick-cave-the-bad-seeds-the-boatmans-call-2\/#primaryimage\"},\"thumbnailUrl\":\"https:\/\/vinilozona.lt\/wp-content\/uploads\/2022\/04\/R-18988180-1622660651-5544.jpg\",\"datePublished\":\"2023-03-10T03:14:56+00:00\",\"dateModified\":\"2025-12-17T10:07:33+00:00\",\"breadcrumb\":{\"@id\":\"https:\/\/vinilozona.lt\/parduotuve\/naujos-lp\/nick-cave-the-bad-seeds-the-boatmans-call-2\/#breadcrumb\"},\"inLanguage\":\"en-GB\",\"potentialAction\":[{\"@type\":\"ReadAction\",\"target\":[\"https:\/\/vinilozona.lt\/parduotuve\/naujos-lp\/nick-cave-the-bad-seeds-the-boatmans-call-2\/\"]}]},{\"@type\":\"ImageObject\",\"inLanguage\":\"en-GB\",\"@id\":\"https:\/\/vinilozona.lt\/parduotuve\/naujos-lp\/nick-cave-the-bad-seeds-the-boatmans-call-2\/#primaryimage\",\"url\":\"https:\/\/vinilozona.lt\/wp-content\/uploads\/2022\/04\/R-18988180-1622660651-5544.jpg\",\"contentUrl\":\"https:\/\/vinilozona.lt\/wp-content\/uploads\/2022\/04\/R-18988180-1622660651-5544.jpg\",\"width\":600,\"height\":579},{\"@type\":\"BreadcrumbList\",\"@id\":\"https:\/\/vinilozona.lt\/parduotuve\/naujos-lp\/nick-cave-the-bad-seeds-the-boatmans-call-2\/#breadcrumb\",\"itemListElement\":[{\"@type\":\"ListItem\",\"position\":1,\"name\":\"Home\",\"item\":\"https:\/\/vinilozona.lt\/\"},{\"@type\":\"ListItem\",\"position\":2,\"name\":\"Parduotuv\u0117\",\"item\":\"https:\/\/vinilozona.lt\/parduotuve\/\"},{\"@type\":\"ListItem\",\"position\":3,\"name\":\"Nick Cave &#038; Warren Ellis \u2013 Carnage\"}]},{\"@type\":\"WebSite\",\"@id\":\"https:\/\/vinilozona.lt\/#website\",\"url\":\"https:\/\/vinilozona.lt\/\",\"name\":\"Vinilo Zona\",\"description\":\"Nup\u016bsk dulkes ir klausyk LP\",\"potentialAction\":[{\"@type\":\"SearchAction\",\"target\":{\"@type\":\"EntryPoint\",\"urlTemplate\":\"https:\/\/vinilozona.lt\/?s={search_term_string}\"},\"query-input\":{\"@type\":\"PropertyValueSpecification\",\"valueRequired\":true,\"valueName\":\"search_term_string\"}}],\"inLanguage\":\"en-GB\"}]}<\/script>\n<!-- \/ Yoast SEO plugin. -->","yoast_head_json":{"title":"Nick Cave & Warren Ellis \u2013 Carnage Vinilin\u0117 Plok\u0161tel\u0117 | Vinilozona.lt","robots":{"index":"index","follow":"follow","max-snippet":"max-snippet:-1","max-image-preview":"max-image-preview:large","max-video-preview":"max-video-preview:-1"},"canonical":"https:\/\/vinilozona.lt\/en\/parduotuve\/naujos-lp\/nick-cave-the-bad-seeds-the-boatmans-call-2\/","og_locale":"en_GB","og_type":"article","og_title":"Nick Cave & Warren Ellis \u2013 Carnage Vinilin\u0117 Plok\u0161tel\u0117 | Vinilozona.lt","og_description":"Goliath Records \u2013 BS021LP Format:  Vinyl, LP, Album Country: Worldwide Released: Jun 18, 2021","og_url":"https:\/\/vinilozona.lt\/en\/parduotuve\/naujos-lp\/nick-cave-the-bad-seeds-the-boatmans-call-2\/","og_site_name":"Vinilo Zona","article_modified_time":"2025-12-17T10:07:33+00:00","og_image":[{"width":600,"height":579,"url":"https:\/\/vinilozona.lt\/wp-content\/uploads\/2022\/04\/R-18988180-1622660651-5544.jpg","type":"image\/jpeg"}],"twitter_card":"summary_large_image","schema":{"@context":"https:\/\/schema.org","@graph":[{"@type":"WebPage","@id":"https:\/\/vinilozona.lt\/parduotuve\/naujos-lp\/nick-cave-the-bad-seeds-the-boatmans-call-2\/","url":"https:\/\/vinilozona.lt\/parduotuve\/naujos-lp\/nick-cave-the-bad-seeds-the-boatmans-call-2\/","name":"Nick Cave & Warren Ellis \u2013 Carnage Vinilin\u0117 Plok\u0161tel\u0117 | Vinilozona.lt","isPartOf":{"@id":"https:\/\/vinilozona.lt\/#website"},"primaryImageOfPage":{"@id":"https:\/\/vinilozona.lt\/parduotuve\/naujos-lp\/nick-cave-the-bad-seeds-the-boatmans-call-2\/#primaryimage"},"image":{"@id":"https:\/\/vinilozona.lt\/parduotuve\/naujos-lp\/nick-cave-the-bad-seeds-the-boatmans-call-2\/#primaryimage"},"thumbnailUrl":"https:\/\/vinilozona.lt\/wp-content\/uploads\/2022\/04\/R-18988180-1622660651-5544.jpg","datePublished":"2023-03-10T03:14:56+00:00","dateModified":"2025-12-17T10:07:33+00:00","breadcrumb":{"@id":"https:\/\/vinilozona.lt\/parduotuve\/naujos-lp\/nick-cave-the-bad-seeds-the-boatmans-call-2\/#breadcrumb"},"inLanguage":"en-GB","potentialAction":[{"@type":"ReadAction","target":["https:\/\/vinilozona.lt\/parduotuve\/naujos-lp\/nick-cave-the-bad-seeds-the-boatmans-call-2\/"]}]},{"@type":"ImageObject","inLanguage":"en-GB","@id":"https:\/\/vinilozona.lt\/parduotuve\/naujos-lp\/nick-cave-the-bad-seeds-the-boatmans-call-2\/#primaryimage","url":"https:\/\/vinilozona.lt\/wp-content\/uploads\/2022\/04\/R-18988180-1622660651-5544.jpg","contentUrl":"https:\/\/vinilozona.lt\/wp-content\/uploads\/2022\/04\/R-18988180-1622660651-5544.jpg","width":600,"height":579},{"@type":"BreadcrumbList","@id":"https:\/\/vinilozona.lt\/parduotuve\/naujos-lp\/nick-cave-the-bad-seeds-the-boatmans-call-2\/#breadcrumb","itemListElement":[{"@type":"ListItem","position":1,"name":"Home","item":"https:\/\/vinilozona.lt\/"},{"@type":"ListItem","position":2,"name":"Parduotuv\u0117","item":"https:\/\/vinilozona.lt\/parduotuve\/"},{"@type":"ListItem","position":3,"name":"Nick Cave &#038; Warren Ellis \u2013 Carnage"}]},{"@type":"WebSite","@id":"https:\/\/vinilozona.lt\/#website","url":"https:\/\/vinilozona.lt\/","name":"Vinilo Zona","description":"Nup\u016bsk dulkes ir klausyk LP","potentialAction":[{"@type":"SearchAction","target":{"@type":"EntryPoint","urlTemplate":"https:\/\/vinilozona.lt\/?s={search_term_string}"},"query-input":{"@type":"PropertyValueSpecification","valueRequired":true,"valueName":"search_term_string"}}],"inLanguage":"en-GB"}]}},"_links":{"self":[{"href":"https:\/\/vinilozona.lt\/en\/wp-json\/wp\/v2\/product\/19002"}],"collection":[{"href":"https:\/\/vinilozona.lt\/en\/wp-json\/wp\/v2\/product"}],"about":[{"href":"https:\/\/vinilozona.lt\/en\/wp-json\/wp\/v2\/types\/product"}],"wp:featuredmedia":[{"embeddable":true,"href":"https:\/\/vinilozona.lt\/en\/wp-json\/wp\/v2\/media\/21730"}],"wp:attachment":[{"href":"https:\/\/vinilozona.lt\/en\/wp-json\/wp\/v2\/media?parent=19002"}],"wp:term":[{"taxonomy":"product_cat","embeddable":true,"href":"https:\/\/vinilozona.lt\/en\/wp-json\/wp\/v2\/product_cat?post=19002"},{"taxonomy":"product_tag","embeddable":true,"href":"https:\/\/vinilozona.lt\/en\/wp-json\/wp\/v2\/product_tag?post=19002"}],"curies":[{"name":"wp","href":"https:\/\/api.w.org\/{rel}","templated":true}]}}