{"id":18979,"date":"2022-04-29T12:28:58","date_gmt":"2022-04-29T09:28:58","guid":{"rendered":"https:\/\/vinilozona.lt\/?post_type=product&#038;p=18979"},"modified":"2022-05-21T18:06:00","modified_gmt":"2022-05-21T15:06:00","slug":"sex-pistols-never-mind-the-bollocks-heres-the-sex-pistols","status":"publish","type":"product","link":"https:\/\/vinilozona.lt\/en\/parduotuve\/rock-pop\/sex-pistols-never-mind-the-bollocks-heres-the-sex-pistols\/","title":{"rendered":"Sex Pistols \u2013 Never Mind The Bollocks, Here&#8217;s The Sex Pistols"},"content":{"rendered":"<p>A1\t\tHolidays In The Sun\t3:22<br \/>\nA2\t\tBodies\t2:41<br \/>\nA3\t\tNo Feelings\t2:53<br \/>\nA4\t\tLiar\t3:20<br \/>\nA5\t\tGod Save The Queen\t4:11<br \/>\nA6\t\tProblems\t2:02<br \/>\nB1\t\tSeventeen\t3:32<br \/>\nB2\t\tAnarchy In The U.K\t3:03<br \/>\nB3\t\tSubmission\t4:12<br \/>\nB4\t\tPretty Vacant\t3:18<br \/>\nB5\t\tNew York\t3:07<br \/>\nB6\t\tEMI\t3:10<\/p>","protected":false},"excerpt":{"rendered":"<p>Universal Music Group International \u2013 SexPisLP77, Universal Music Group International \u2013 00602537795635<br \/>\nSeries:\tBack To Black<br \/>\nFormat:<br \/>\nVinyl, LP, Album, Reissue, Remastered, Stereo, 180g<br \/>\nCountry:\tEurope<br \/>\nReleased:\tJun 2, 2014<\/p>","protected":false},"featured_media":18980,"template":"","meta":[],"product_cat":[15,23],"product_tag":[74],"yoast_head":"<!-- This site is optimized with the Yoast SEO plugin v23.5 - https:\/\/yoast.com\/wordpress\/plugins\/seo\/ -->\n<title>Sex Pistols \u2013 Never Mind The Bollocks, Here&#039;s The Sex Pistols Vinilin\u0117 Plok\u0161tel\u0117 | Vinilozona.lt<\/title>\n<meta name=\"robots\" content=\"index, follow, max-snippet:-1, max-image-preview:large, max-video-preview:-1\" \/>\n<link rel=\"canonical\" href=\"https:\/\/vinilozona.lt\/en\/parduotuve\/rock-pop\/sex-pistols-never-mind-the-bollocks-heres-the-sex-pistols\/\" \/>\n<meta property=\"og:locale\" content=\"en_GB\" \/>\n<meta property=\"og:type\" content=\"article\" \/>\n<meta property=\"og:title\" content=\"Sex Pistols \u2013 Never Mind The Bollocks, Here&#039;s The Sex Pistols Vinilin\u0117 Plok\u0161tel\u0117 | Vinilozona.lt\" \/>\n<meta property=\"og:description\" content=\"Universal Music Group International \u2013 SexPisLP77, Universal Music Group International \u2013 00602537795635 Series: Back To Black Format:  Vinyl, LP, Album, Reissue, Remastered, Stereo, 180g Country: Europe Released: Jun 2, 2014\" \/>\n<meta property=\"og:url\" content=\"https:\/\/vinilozona.lt\/en\/parduotuve\/rock-pop\/sex-pistols-never-mind-the-bollocks-heres-the-sex-pistols\/\" \/>\n<meta property=\"og:site_name\" content=\"Vinilo Zona\" \/>\n<meta property=\"article:modified_time\" content=\"2022-05-21T15:06:00+00:00\" \/>\n<meta property=\"og:image\" content=\"https:\/\/vinilozona.lt\/wp-content\/uploads\/2022\/04\/R-5759979-1556820819-2214.jpg\" \/>\n\t<meta property=\"og:image:width\" content=\"600\" \/>\n\t<meta property=\"og:image:height\" content=\"600\" \/>\n\t<meta property=\"og:image:type\" content=\"image\/jpeg\" \/>\n<meta name=\"twitter:card\" content=\"summary_large_image\" \/>\n<script type=\"application\/ld+json\" class=\"yoast-schema-graph\">{\"@context\":\"https:\/\/schema.org\",\"@graph\":[{\"@type\":\"WebPage\",\"@id\":\"https:\/\/vinilozona.lt\/parduotuve\/rock-pop\/sex-pistols-never-mind-the-bollocks-heres-the-sex-pistols\/\",\"url\":\"https:\/\/vinilozona.lt\/parduotuve\/rock-pop\/sex-pistols-never-mind-the-bollocks-heres-the-sex-pistols\/\",\"name\":\"Sex Pistols \u2013 Never Mind The Bollocks, Here's The Sex Pistols Vinilin\u0117 Plok\u0161tel\u0117 | Vinilozona.lt\",\"isPartOf\":{\"@id\":\"https:\/\/vinilozona.lt\/#website\"},\"primaryImageOfPage\":{\"@id\":\"https:\/\/vinilozona.lt\/parduotuve\/rock-pop\/sex-pistols-never-mind-the-bollocks-heres-the-sex-pistols\/#primaryimage\"},\"image\":{\"@id\":\"https:\/\/vinilozona.lt\/parduotuve\/rock-pop\/sex-pistols-never-mind-the-bollocks-heres-the-sex-pistols\/#primaryimage\"},\"thumbnailUrl\":\"https:\/\/vinilozona.lt\/wp-content\/uploads\/2022\/04\/R-5759979-1556820819-2214.jpg\",\"datePublished\":\"2022-04-29T09:28:58+00:00\",\"dateModified\":\"2022-05-21T15:06:00+00:00\",\"breadcrumb\":{\"@id\":\"https:\/\/vinilozona.lt\/parduotuve\/rock-pop\/sex-pistols-never-mind-the-bollocks-heres-the-sex-pistols\/#breadcrumb\"},\"inLanguage\":\"en-GB\",\"potentialAction\":[{\"@type\":\"ReadAction\",\"target\":[\"https:\/\/vinilozona.lt\/parduotuve\/rock-pop\/sex-pistols-never-mind-the-bollocks-heres-the-sex-pistols\/\"]}]},{\"@type\":\"ImageObject\",\"inLanguage\":\"en-GB\",\"@id\":\"https:\/\/vinilozona.lt\/parduotuve\/rock-pop\/sex-pistols-never-mind-the-bollocks-heres-the-sex-pistols\/#primaryimage\",\"url\":\"https:\/\/vinilozona.lt\/wp-content\/uploads\/2022\/04\/R-5759979-1556820819-2214.jpg\",\"contentUrl\":\"https:\/\/vinilozona.lt\/wp-content\/uploads\/2022\/04\/R-5759979-1556820819-2214.jpg\",\"width\":600,\"height\":600},{\"@type\":\"BreadcrumbList\",\"@id\":\"https:\/\/vinilozona.lt\/parduotuve\/rock-pop\/sex-pistols-never-mind-the-bollocks-heres-the-sex-pistols\/#breadcrumb\",\"itemListElement\":[{\"@type\":\"ListItem\",\"position\":1,\"name\":\"Home\",\"item\":\"https:\/\/vinilozona.lt\/\"},{\"@type\":\"ListItem\",\"position\":2,\"name\":\"Parduotuv\u0117\",\"item\":\"https:\/\/vinilozona.lt\/parduotuve\/\"},{\"@type\":\"ListItem\",\"position\":3,\"name\":\"Sex Pistols \u2013 Never Mind The Bollocks, Here&#8217;s The Sex Pistols\"}]},{\"@type\":\"WebSite\",\"@id\":\"https:\/\/vinilozona.lt\/#website\",\"url\":\"https:\/\/vinilozona.lt\/\",\"name\":\"Vinilo Zona\",\"description\":\"Nup\u016bsk dulkes ir klausyk LP\",\"potentialAction\":[{\"@type\":\"SearchAction\",\"target\":{\"@type\":\"EntryPoint\",\"urlTemplate\":\"https:\/\/vinilozona.lt\/?s={search_term_string}\"},\"query-input\":{\"@type\":\"PropertyValueSpecification\",\"valueRequired\":true,\"valueName\":\"search_term_string\"}}],\"inLanguage\":\"en-GB\"}]}<\/script>\n<!-- \/ Yoast SEO plugin. -->","yoast_head_json":{"title":"Sex Pistols \u2013 Never Mind The Bollocks, Here's The Sex Pistols Vinilin\u0117 Plok\u0161tel\u0117 | Vinilozona.lt","robots":{"index":"index","follow":"follow","max-snippet":"max-snippet:-1","max-image-preview":"max-image-preview:large","max-video-preview":"max-video-preview:-1"},"canonical":"https:\/\/vinilozona.lt\/en\/parduotuve\/rock-pop\/sex-pistols-never-mind-the-bollocks-heres-the-sex-pistols\/","og_locale":"en_GB","og_type":"article","og_title":"Sex Pistols \u2013 Never Mind The Bollocks, Here's The Sex Pistols Vinilin\u0117 Plok\u0161tel\u0117 | Vinilozona.lt","og_description":"Universal Music Group International \u2013 SexPisLP77, Universal Music Group International \u2013 00602537795635 Series: Back To Black Format:  Vinyl, LP, Album, Reissue, Remastered, Stereo, 180g Country: Europe Released: Jun 2, 2014","og_url":"https:\/\/vinilozona.lt\/en\/parduotuve\/rock-pop\/sex-pistols-never-mind-the-bollocks-heres-the-sex-pistols\/","og_site_name":"Vinilo Zona","article_modified_time":"2022-05-21T15:06:00+00:00","og_image":[{"width":600,"height":600,"url":"https:\/\/vinilozona.lt\/wp-content\/uploads\/2022\/04\/R-5759979-1556820819-2214.jpg","type":"image\/jpeg"}],"twitter_card":"summary_large_image","schema":{"@context":"https:\/\/schema.org","@graph":[{"@type":"WebPage","@id":"https:\/\/vinilozona.lt\/parduotuve\/rock-pop\/sex-pistols-never-mind-the-bollocks-heres-the-sex-pistols\/","url":"https:\/\/vinilozona.lt\/parduotuve\/rock-pop\/sex-pistols-never-mind-the-bollocks-heres-the-sex-pistols\/","name":"Sex Pistols \u2013 Never Mind The Bollocks, Here's The Sex Pistols Vinilin\u0117 Plok\u0161tel\u0117 | Vinilozona.lt","isPartOf":{"@id":"https:\/\/vinilozona.lt\/#website"},"primaryImageOfPage":{"@id":"https:\/\/vinilozona.lt\/parduotuve\/rock-pop\/sex-pistols-never-mind-the-bollocks-heres-the-sex-pistols\/#primaryimage"},"image":{"@id":"https:\/\/vinilozona.lt\/parduotuve\/rock-pop\/sex-pistols-never-mind-the-bollocks-heres-the-sex-pistols\/#primaryimage"},"thumbnailUrl":"https:\/\/vinilozona.lt\/wp-content\/uploads\/2022\/04\/R-5759979-1556820819-2214.jpg","datePublished":"2022-04-29T09:28:58+00:00","dateModified":"2022-05-21T15:06:00+00:00","breadcrumb":{"@id":"https:\/\/vinilozona.lt\/parduotuve\/rock-pop\/sex-pistols-never-mind-the-bollocks-heres-the-sex-pistols\/#breadcrumb"},"inLanguage":"en-GB","potentialAction":[{"@type":"ReadAction","target":["https:\/\/vinilozona.lt\/parduotuve\/rock-pop\/sex-pistols-never-mind-the-bollocks-heres-the-sex-pistols\/"]}]},{"@type":"ImageObject","inLanguage":"en-GB","@id":"https:\/\/vinilozona.lt\/parduotuve\/rock-pop\/sex-pistols-never-mind-the-bollocks-heres-the-sex-pistols\/#primaryimage","url":"https:\/\/vinilozona.lt\/wp-content\/uploads\/2022\/04\/R-5759979-1556820819-2214.jpg","contentUrl":"https:\/\/vinilozona.lt\/wp-content\/uploads\/2022\/04\/R-5759979-1556820819-2214.jpg","width":600,"height":600},{"@type":"BreadcrumbList","@id":"https:\/\/vinilozona.lt\/parduotuve\/rock-pop\/sex-pistols-never-mind-the-bollocks-heres-the-sex-pistols\/#breadcrumb","itemListElement":[{"@type":"ListItem","position":1,"name":"Home","item":"https:\/\/vinilozona.lt\/"},{"@type":"ListItem","position":2,"name":"Parduotuv\u0117","item":"https:\/\/vinilozona.lt\/parduotuve\/"},{"@type":"ListItem","position":3,"name":"Sex Pistols \u2013 Never Mind The Bollocks, Here&#8217;s The Sex Pistols"}]},{"@type":"WebSite","@id":"https:\/\/vinilozona.lt\/#website","url":"https:\/\/vinilozona.lt\/","name":"Vinilo Zona","description":"Nup\u016bsk dulkes ir klausyk LP","potentialAction":[{"@type":"SearchAction","target":{"@type":"EntryPoint","urlTemplate":"https:\/\/vinilozona.lt\/?s={search_term_string}"},"query-input":{"@type":"PropertyValueSpecification","valueRequired":true,"valueName":"search_term_string"}}],"inLanguage":"en-GB"}]}},"_links":{"self":[{"href":"https:\/\/vinilozona.lt\/en\/wp-json\/wp\/v2\/product\/18979"}],"collection":[{"href":"https:\/\/vinilozona.lt\/en\/wp-json\/wp\/v2\/product"}],"about":[{"href":"https:\/\/vinilozona.lt\/en\/wp-json\/wp\/v2\/types\/product"}],"wp:featuredmedia":[{"embeddable":true,"href":"https:\/\/vinilozona.lt\/en\/wp-json\/wp\/v2\/media\/18980"}],"wp:attachment":[{"href":"https:\/\/vinilozona.lt\/en\/wp-json\/wp\/v2\/media?parent=18979"}],"wp:term":[{"taxonomy":"product_cat","embeddable":true,"href":"https:\/\/vinilozona.lt\/en\/wp-json\/wp\/v2\/product_cat?post=18979"},{"taxonomy":"product_tag","embeddable":true,"href":"https:\/\/vinilozona.lt\/en\/wp-json\/wp\/v2\/product_tag?post=18979"}],"curies":[{"name":"wp","href":"https:\/\/api.w.org\/{rel}","templated":true}]}}