{"id":18936,"date":"2022-04-22T13:05:22","date_gmt":"2022-04-22T10:05:22","guid":{"rendered":"https:\/\/vinilozona.lt\/?post_type=product&#038;p=18936"},"modified":"2022-04-23T13:10:22","modified_gmt":"2022-04-23T10:10:22","slug":"three-dog-night-around-the-world-with-three-dog-night","status":"publish","type":"product","link":"https:\/\/vinilozona.lt\/en\/parduotuve\/rock-pop\/three-dog-night-around-the-world-with-three-dog-night\/","title":{"rendered":"Three Dog Night \u2013 Around The World With Three Dog Night"},"content":{"rendered":"<p>A1\t\tOne Man Band\t2:33<br \/>\nA2\t\tNever Been To Spain\t3:33<br \/>\nA3\t\tGoing In Circles\t2:44<br \/>\nA4\t\tThe Family Of Man\t2:50<br \/>\nA5\t\tMidnight Runaway\t5:51<br \/>\nB1\t\tLiar\t3:49<br \/>\nB2\t\tGood Feelin&#8217; 1957\t4:36<br \/>\nB3\t\tOrgan Solo\t4:36<br \/>\nB4\t\tEli&#8217;s Coming\t4:36<br \/>\nC1\t\tJoy To The World\t2:40<br \/>\nC2\t\tBlack And White\t2:56<br \/>\nC3\t\tPieces Of April\t4:07<br \/>\nC4\t\tOut In The Country\t3:25<br \/>\nD1\t\tMama Told Me (Not To Come)\t2:59<br \/>\nD2\t\tDrum Solo\t5:53<br \/>\nD3\t\tAn Old Fashioned Love Song\t3:51<br \/>\nD4\t\tJam\t7:04<\/p>","protected":false},"excerpt":{"rendered":"<p>ABC\/Dunhill Records \u2013 DSY-50138, ABC\/Dunhill Records \u2013 DSY 50138<br \/>\nFormat:<br \/>\n2 x Vinyl, LP, Album, Stereo, Pitman<br \/>\nCountry:\tUS<br \/>\nReleased:\t1973<\/p>","protected":false},"featured_media":18937,"template":"","meta":[],"product_cat":[15],"product_tag":[44],"yoast_head":"<!-- This site is optimized with the Yoast SEO plugin v23.5 - https:\/\/yoast.com\/wordpress\/plugins\/seo\/ -->\n<title>Three Dog Night \u2013 Around The World With Three Dog Night Vinilin\u0117 Plok\u0161tel\u0117 | Vinilozona.lt<\/title>\n<meta name=\"robots\" content=\"index, follow, max-snippet:-1, max-image-preview:large, max-video-preview:-1\" \/>\n<link rel=\"canonical\" href=\"https:\/\/vinilozona.lt\/en\/parduotuve\/rock-pop\/three-dog-night-around-the-world-with-three-dog-night\/\" \/>\n<meta property=\"og:locale\" content=\"en_GB\" \/>\n<meta property=\"og:type\" content=\"article\" \/>\n<meta property=\"og:title\" content=\"Three Dog Night \u2013 Around The World With Three Dog Night Vinilin\u0117 Plok\u0161tel\u0117 | Vinilozona.lt\" \/>\n<meta property=\"og:description\" content=\"ABC\/Dunhill Records \u2013 DSY-50138, ABC\/Dunhill Records \u2013 DSY 50138 Format:  2 x Vinyl, LP, Album, Stereo, Pitman Country: US Released: 1973\" \/>\n<meta property=\"og:url\" content=\"https:\/\/vinilozona.lt\/en\/parduotuve\/rock-pop\/three-dog-night-around-the-world-with-three-dog-night\/\" \/>\n<meta property=\"og:site_name\" content=\"Vinilo Zona\" \/>\n<meta property=\"article:modified_time\" content=\"2022-04-23T10:10:22+00:00\" \/>\n<meta property=\"og:image\" content=\"https:\/\/vinilozona.lt\/wp-content\/uploads\/2022\/04\/R-1613655-1453583786-1475.jpg\" \/>\n\t<meta property=\"og:image:width\" content=\"600\" \/>\n\t<meta property=\"og:image:height\" content=\"600\" \/>\n\t<meta property=\"og:image:type\" content=\"image\/jpeg\" \/>\n<meta name=\"twitter:card\" content=\"summary_large_image\" \/>\n<script type=\"application\/ld+json\" class=\"yoast-schema-graph\">{\"@context\":\"https:\/\/schema.org\",\"@graph\":[{\"@type\":\"WebPage\",\"@id\":\"https:\/\/vinilozona.lt\/en\/parduotuve\/rock-pop\/three-dog-night-around-the-world-with-three-dog-night\/\",\"url\":\"https:\/\/vinilozona.lt\/en\/parduotuve\/rock-pop\/three-dog-night-around-the-world-with-three-dog-night\/\",\"name\":\"Three Dog Night \u2013 Around The World With Three Dog Night Vinilin\u0117 Plok\u0161tel\u0117 | Vinilozona.lt\",\"isPartOf\":{\"@id\":\"https:\/\/vinilozona.lt\/#website\"},\"primaryImageOfPage\":{\"@id\":\"https:\/\/vinilozona.lt\/en\/parduotuve\/rock-pop\/three-dog-night-around-the-world-with-three-dog-night\/#primaryimage\"},\"image\":{\"@id\":\"https:\/\/vinilozona.lt\/en\/parduotuve\/rock-pop\/three-dog-night-around-the-world-with-three-dog-night\/#primaryimage\"},\"thumbnailUrl\":\"https:\/\/vinilozona.lt\/wp-content\/uploads\/2022\/04\/R-1613655-1453583786-1475.jpg\",\"datePublished\":\"2022-04-22T10:05:22+00:00\",\"dateModified\":\"2022-04-23T10:10:22+00:00\",\"breadcrumb\":{\"@id\":\"https:\/\/vinilozona.lt\/en\/parduotuve\/rock-pop\/three-dog-night-around-the-world-with-three-dog-night\/#breadcrumb\"},\"inLanguage\":\"en-GB\",\"potentialAction\":[{\"@type\":\"ReadAction\",\"target\":[\"https:\/\/vinilozona.lt\/en\/parduotuve\/rock-pop\/three-dog-night-around-the-world-with-three-dog-night\/\"]}]},{\"@type\":\"ImageObject\",\"inLanguage\":\"en-GB\",\"@id\":\"https:\/\/vinilozona.lt\/en\/parduotuve\/rock-pop\/three-dog-night-around-the-world-with-three-dog-night\/#primaryimage\",\"url\":\"https:\/\/vinilozona.lt\/wp-content\/uploads\/2022\/04\/R-1613655-1453583786-1475.jpg\",\"contentUrl\":\"https:\/\/vinilozona.lt\/wp-content\/uploads\/2022\/04\/R-1613655-1453583786-1475.jpg\",\"width\":600,\"height\":600},{\"@type\":\"BreadcrumbList\",\"@id\":\"https:\/\/vinilozona.lt\/en\/parduotuve\/rock-pop\/three-dog-night-around-the-world-with-three-dog-night\/#breadcrumb\",\"itemListElement\":[{\"@type\":\"ListItem\",\"position\":1,\"name\":\"Home\",\"item\":\"https:\/\/vinilozona.lt\/\"},{\"@type\":\"ListItem\",\"position\":2,\"name\":\"Parduotuv\u0117\",\"item\":\"https:\/\/vinilozona.lt\/parduotuve\/\"},{\"@type\":\"ListItem\",\"position\":3,\"name\":\"Three Dog Night \u2013 Around The World With Three Dog Night\"}]},{\"@type\":\"WebSite\",\"@id\":\"https:\/\/vinilozona.lt\/#website\",\"url\":\"https:\/\/vinilozona.lt\/\",\"name\":\"Vinilo Zona\",\"description\":\"Nup\u016bsk dulkes ir klausyk LP\",\"potentialAction\":[{\"@type\":\"SearchAction\",\"target\":{\"@type\":\"EntryPoint\",\"urlTemplate\":\"https:\/\/vinilozona.lt\/?s={search_term_string}\"},\"query-input\":{\"@type\":\"PropertyValueSpecification\",\"valueRequired\":true,\"valueName\":\"search_term_string\"}}],\"inLanguage\":\"en-GB\"}]}<\/script>\n<!-- \/ Yoast SEO plugin. -->","yoast_head_json":{"title":"Three Dog Night \u2013 Around The World With Three Dog Night Vinilin\u0117 Plok\u0161tel\u0117 | Vinilozona.lt","robots":{"index":"index","follow":"follow","max-snippet":"max-snippet:-1","max-image-preview":"max-image-preview:large","max-video-preview":"max-video-preview:-1"},"canonical":"https:\/\/vinilozona.lt\/en\/parduotuve\/rock-pop\/three-dog-night-around-the-world-with-three-dog-night\/","og_locale":"en_GB","og_type":"article","og_title":"Three Dog Night \u2013 Around The World With Three Dog Night Vinilin\u0117 Plok\u0161tel\u0117 | Vinilozona.lt","og_description":"ABC\/Dunhill Records \u2013 DSY-50138, ABC\/Dunhill Records \u2013 DSY 50138 Format:  2 x Vinyl, LP, Album, Stereo, Pitman Country: US Released: 1973","og_url":"https:\/\/vinilozona.lt\/en\/parduotuve\/rock-pop\/three-dog-night-around-the-world-with-three-dog-night\/","og_site_name":"Vinilo Zona","article_modified_time":"2022-04-23T10:10:22+00:00","og_image":[{"width":600,"height":600,"url":"https:\/\/vinilozona.lt\/wp-content\/uploads\/2022\/04\/R-1613655-1453583786-1475.jpg","type":"image\/jpeg"}],"twitter_card":"summary_large_image","schema":{"@context":"https:\/\/schema.org","@graph":[{"@type":"WebPage","@id":"https:\/\/vinilozona.lt\/en\/parduotuve\/rock-pop\/three-dog-night-around-the-world-with-three-dog-night\/","url":"https:\/\/vinilozona.lt\/en\/parduotuve\/rock-pop\/three-dog-night-around-the-world-with-three-dog-night\/","name":"Three Dog Night \u2013 Around The World With Three Dog Night Vinilin\u0117 Plok\u0161tel\u0117 | Vinilozona.lt","isPartOf":{"@id":"https:\/\/vinilozona.lt\/#website"},"primaryImageOfPage":{"@id":"https:\/\/vinilozona.lt\/en\/parduotuve\/rock-pop\/three-dog-night-around-the-world-with-three-dog-night\/#primaryimage"},"image":{"@id":"https:\/\/vinilozona.lt\/en\/parduotuve\/rock-pop\/three-dog-night-around-the-world-with-three-dog-night\/#primaryimage"},"thumbnailUrl":"https:\/\/vinilozona.lt\/wp-content\/uploads\/2022\/04\/R-1613655-1453583786-1475.jpg","datePublished":"2022-04-22T10:05:22+00:00","dateModified":"2022-04-23T10:10:22+00:00","breadcrumb":{"@id":"https:\/\/vinilozona.lt\/en\/parduotuve\/rock-pop\/three-dog-night-around-the-world-with-three-dog-night\/#breadcrumb"},"inLanguage":"en-GB","potentialAction":[{"@type":"ReadAction","target":["https:\/\/vinilozona.lt\/en\/parduotuve\/rock-pop\/three-dog-night-around-the-world-with-three-dog-night\/"]}]},{"@type":"ImageObject","inLanguage":"en-GB","@id":"https:\/\/vinilozona.lt\/en\/parduotuve\/rock-pop\/three-dog-night-around-the-world-with-three-dog-night\/#primaryimage","url":"https:\/\/vinilozona.lt\/wp-content\/uploads\/2022\/04\/R-1613655-1453583786-1475.jpg","contentUrl":"https:\/\/vinilozona.lt\/wp-content\/uploads\/2022\/04\/R-1613655-1453583786-1475.jpg","width":600,"height":600},{"@type":"BreadcrumbList","@id":"https:\/\/vinilozona.lt\/en\/parduotuve\/rock-pop\/three-dog-night-around-the-world-with-three-dog-night\/#breadcrumb","itemListElement":[{"@type":"ListItem","position":1,"name":"Home","item":"https:\/\/vinilozona.lt\/"},{"@type":"ListItem","position":2,"name":"Parduotuv\u0117","item":"https:\/\/vinilozona.lt\/parduotuve\/"},{"@type":"ListItem","position":3,"name":"Three Dog Night \u2013 Around The World With Three Dog Night"}]},{"@type":"WebSite","@id":"https:\/\/vinilozona.lt\/#website","url":"https:\/\/vinilozona.lt\/","name":"Vinilo Zona","description":"Nup\u016bsk dulkes ir klausyk LP","potentialAction":[{"@type":"SearchAction","target":{"@type":"EntryPoint","urlTemplate":"https:\/\/vinilozona.lt\/?s={search_term_string}"},"query-input":{"@type":"PropertyValueSpecification","valueRequired":true,"valueName":"search_term_string"}}],"inLanguage":"en-GB"}]}},"_links":{"self":[{"href":"https:\/\/vinilozona.lt\/en\/wp-json\/wp\/v2\/product\/18936"}],"collection":[{"href":"https:\/\/vinilozona.lt\/en\/wp-json\/wp\/v2\/product"}],"about":[{"href":"https:\/\/vinilozona.lt\/en\/wp-json\/wp\/v2\/types\/product"}],"wp:featuredmedia":[{"embeddable":true,"href":"https:\/\/vinilozona.lt\/en\/wp-json\/wp\/v2\/media\/18937"}],"wp:attachment":[{"href":"https:\/\/vinilozona.lt\/en\/wp-json\/wp\/v2\/media?parent=18936"}],"wp:term":[{"taxonomy":"product_cat","embeddable":true,"href":"https:\/\/vinilozona.lt\/en\/wp-json\/wp\/v2\/product_cat?post=18936"},{"taxonomy":"product_tag","embeddable":true,"href":"https:\/\/vinilozona.lt\/en\/wp-json\/wp\/v2\/product_tag?post=18936"}],"curies":[{"name":"wp","href":"https:\/\/api.w.org\/{rel}","templated":true}]}}