{"id":18920,"date":"2022-04-22T12:00:46","date_gmt":"2022-04-22T09:00:46","guid":{"rendered":"https:\/\/vinilozona.lt\/?post_type=product&#038;p=18920"},"modified":"2022-05-17T17:32:44","modified_gmt":"2022-05-17T14:32:44","slug":"focus-focus-ii","status":"publish","type":"product","link":"https:\/\/vinilozona.lt\/en\/parduotuve\/rock-pop\/focus-focus-ii\/","title":{"rendered":"Focus \u2013 Focus II"},"content":{"rendered":"<p>A1\t\tHocus Pocus\t6:35<br \/>\nA2\t\tLe Clochard (Bread)\t1:55<br \/>\nA3\t\tJanis       3:00<br \/>\nA4\t\tMoving Waves    2:30<br \/>\nA5\t\tFocus II\t4:00<br \/>\nEruption                       (22:35)<br \/>\nB.1a\t\tOrfeus\t1:20<br \/>\nB.1b\t\tAnswer\t1:35<br \/>\nB.1c\t\tOrfeus\t1:20<br \/>\nB.2a\t\tAnswer\t0:50<br \/>\nB.2b\t\tPupilla\t1:00<br \/>\nB.2c\t\tTommy\t1:45<br \/>\nB.2d\t\tPupilla\t0:30<br \/>\nB.3a\t\tAnswer\t0:45<br \/>\nB.3b\t\tThe Bridge\t5:15<br \/>\nB.4a\t\tEuridice\t1:40<br \/>\nB.4b\t\tDayglow\t2:05<br \/>\nB.4c\t\tEndless Road\t1:35<br \/>\nB.5a\t\tAnswer\t0:35<br \/>\nB.5b\t\tOrfeus\t0:50<br \/>\nB.5c\t\tEuridice\t1:30<\/p>","protected":false},"excerpt":{"rendered":"<p>Imperial \u2013 5C 054-24385<br \/>\nFormat:<br \/>\nVinyl, LP, Album<br \/>\nCountry:\tNetherlands<br \/>\nReleased:\t1971<\/p>","protected":false},"featured_media":18921,"template":"","meta":[],"product_cat":[15],"product_tag":[44],"yoast_head":"<!-- This site is optimized with the Yoast SEO plugin v23.5 - https:\/\/yoast.com\/wordpress\/plugins\/seo\/ -->\n<title>Focus \u2013 Focus II Vinilin\u0117 Plok\u0161tel\u0117 | Vinilozona.lt<\/title>\n<meta name=\"robots\" content=\"index, follow, max-snippet:-1, max-image-preview:large, max-video-preview:-1\" \/>\n<link rel=\"canonical\" href=\"https:\/\/vinilozona.lt\/en\/parduotuve\/rock-pop\/focus-focus-ii\/\" \/>\n<meta property=\"og:locale\" content=\"en_GB\" \/>\n<meta property=\"og:type\" content=\"article\" \/>\n<meta property=\"og:title\" content=\"Focus \u2013 Focus II Vinilin\u0117 Plok\u0161tel\u0117 | Vinilozona.lt\" \/>\n<meta property=\"og:description\" content=\"Imperial \u2013 5C 054-24385 Format:  Vinyl, LP, Album Country: Netherlands Released: 1971\" \/>\n<meta property=\"og:url\" content=\"https:\/\/vinilozona.lt\/en\/parduotuve\/rock-pop\/focus-focus-ii\/\" \/>\n<meta property=\"og:site_name\" content=\"Vinilo Zona\" \/>\n<meta property=\"article:modified_time\" content=\"2022-05-17T14:32:44+00:00\" \/>\n<meta property=\"og:image\" content=\"https:\/\/vinilozona.lt\/wp-content\/uploads\/2022\/04\/R-1214508-1436276782-1393.jpg\" \/>\n\t<meta property=\"og:image:width\" content=\"600\" \/>\n\t<meta property=\"og:image:height\" content=\"600\" \/>\n\t<meta property=\"og:image:type\" content=\"image\/jpeg\" \/>\n<meta name=\"twitter:card\" content=\"summary_large_image\" \/>\n<script type=\"application\/ld+json\" class=\"yoast-schema-graph\">{\"@context\":\"https:\/\/schema.org\",\"@graph\":[{\"@type\":\"WebPage\",\"@id\":\"https:\/\/vinilozona.lt\/parduotuve\/rock-pop\/focus-focus-ii\/\",\"url\":\"https:\/\/vinilozona.lt\/parduotuve\/rock-pop\/focus-focus-ii\/\",\"name\":\"Focus \u2013 Focus II Vinilin\u0117 Plok\u0161tel\u0117 | Vinilozona.lt\",\"isPartOf\":{\"@id\":\"https:\/\/vinilozona.lt\/#website\"},\"primaryImageOfPage\":{\"@id\":\"https:\/\/vinilozona.lt\/parduotuve\/rock-pop\/focus-focus-ii\/#primaryimage\"},\"image\":{\"@id\":\"https:\/\/vinilozona.lt\/parduotuve\/rock-pop\/focus-focus-ii\/#primaryimage\"},\"thumbnailUrl\":\"https:\/\/vinilozona.lt\/wp-content\/uploads\/2022\/04\/R-1214508-1436276782-1393.jpg\",\"datePublished\":\"2022-04-22T09:00:46+00:00\",\"dateModified\":\"2022-05-17T14:32:44+00:00\",\"breadcrumb\":{\"@id\":\"https:\/\/vinilozona.lt\/parduotuve\/rock-pop\/focus-focus-ii\/#breadcrumb\"},\"inLanguage\":\"en-GB\",\"potentialAction\":[{\"@type\":\"ReadAction\",\"target\":[\"https:\/\/vinilozona.lt\/parduotuve\/rock-pop\/focus-focus-ii\/\"]}]},{\"@type\":\"ImageObject\",\"inLanguage\":\"en-GB\",\"@id\":\"https:\/\/vinilozona.lt\/parduotuve\/rock-pop\/focus-focus-ii\/#primaryimage\",\"url\":\"https:\/\/vinilozona.lt\/wp-content\/uploads\/2022\/04\/R-1214508-1436276782-1393.jpg\",\"contentUrl\":\"https:\/\/vinilozona.lt\/wp-content\/uploads\/2022\/04\/R-1214508-1436276782-1393.jpg\",\"width\":600,\"height\":600},{\"@type\":\"BreadcrumbList\",\"@id\":\"https:\/\/vinilozona.lt\/parduotuve\/rock-pop\/focus-focus-ii\/#breadcrumb\",\"itemListElement\":[{\"@type\":\"ListItem\",\"position\":1,\"name\":\"Home\",\"item\":\"https:\/\/vinilozona.lt\/\"},{\"@type\":\"ListItem\",\"position\":2,\"name\":\"Parduotuv\u0117\",\"item\":\"https:\/\/vinilozona.lt\/parduotuve\/\"},{\"@type\":\"ListItem\",\"position\":3,\"name\":\"Focus \u2013 Focus II\"}]},{\"@type\":\"WebSite\",\"@id\":\"https:\/\/vinilozona.lt\/#website\",\"url\":\"https:\/\/vinilozona.lt\/\",\"name\":\"Vinilo Zona\",\"description\":\"Nup\u016bsk dulkes ir klausyk LP\",\"potentialAction\":[{\"@type\":\"SearchAction\",\"target\":{\"@type\":\"EntryPoint\",\"urlTemplate\":\"https:\/\/vinilozona.lt\/?s={search_term_string}\"},\"query-input\":{\"@type\":\"PropertyValueSpecification\",\"valueRequired\":true,\"valueName\":\"search_term_string\"}}],\"inLanguage\":\"en-GB\"}]}<\/script>\n<!-- \/ Yoast SEO plugin. -->","yoast_head_json":{"title":"Focus \u2013 Focus II Vinilin\u0117 Plok\u0161tel\u0117 | Vinilozona.lt","robots":{"index":"index","follow":"follow","max-snippet":"max-snippet:-1","max-image-preview":"max-image-preview:large","max-video-preview":"max-video-preview:-1"},"canonical":"https:\/\/vinilozona.lt\/en\/parduotuve\/rock-pop\/focus-focus-ii\/","og_locale":"en_GB","og_type":"article","og_title":"Focus \u2013 Focus II Vinilin\u0117 Plok\u0161tel\u0117 | Vinilozona.lt","og_description":"Imperial \u2013 5C 054-24385 Format:  Vinyl, LP, Album Country: Netherlands Released: 1971","og_url":"https:\/\/vinilozona.lt\/en\/parduotuve\/rock-pop\/focus-focus-ii\/","og_site_name":"Vinilo Zona","article_modified_time":"2022-05-17T14:32:44+00:00","og_image":[{"width":600,"height":600,"url":"https:\/\/vinilozona.lt\/wp-content\/uploads\/2022\/04\/R-1214508-1436276782-1393.jpg","type":"image\/jpeg"}],"twitter_card":"summary_large_image","schema":{"@context":"https:\/\/schema.org","@graph":[{"@type":"WebPage","@id":"https:\/\/vinilozona.lt\/parduotuve\/rock-pop\/focus-focus-ii\/","url":"https:\/\/vinilozona.lt\/parduotuve\/rock-pop\/focus-focus-ii\/","name":"Focus \u2013 Focus II Vinilin\u0117 Plok\u0161tel\u0117 | Vinilozona.lt","isPartOf":{"@id":"https:\/\/vinilozona.lt\/#website"},"primaryImageOfPage":{"@id":"https:\/\/vinilozona.lt\/parduotuve\/rock-pop\/focus-focus-ii\/#primaryimage"},"image":{"@id":"https:\/\/vinilozona.lt\/parduotuve\/rock-pop\/focus-focus-ii\/#primaryimage"},"thumbnailUrl":"https:\/\/vinilozona.lt\/wp-content\/uploads\/2022\/04\/R-1214508-1436276782-1393.jpg","datePublished":"2022-04-22T09:00:46+00:00","dateModified":"2022-05-17T14:32:44+00:00","breadcrumb":{"@id":"https:\/\/vinilozona.lt\/parduotuve\/rock-pop\/focus-focus-ii\/#breadcrumb"},"inLanguage":"en-GB","potentialAction":[{"@type":"ReadAction","target":["https:\/\/vinilozona.lt\/parduotuve\/rock-pop\/focus-focus-ii\/"]}]},{"@type":"ImageObject","inLanguage":"en-GB","@id":"https:\/\/vinilozona.lt\/parduotuve\/rock-pop\/focus-focus-ii\/#primaryimage","url":"https:\/\/vinilozona.lt\/wp-content\/uploads\/2022\/04\/R-1214508-1436276782-1393.jpg","contentUrl":"https:\/\/vinilozona.lt\/wp-content\/uploads\/2022\/04\/R-1214508-1436276782-1393.jpg","width":600,"height":600},{"@type":"BreadcrumbList","@id":"https:\/\/vinilozona.lt\/parduotuve\/rock-pop\/focus-focus-ii\/#breadcrumb","itemListElement":[{"@type":"ListItem","position":1,"name":"Home","item":"https:\/\/vinilozona.lt\/"},{"@type":"ListItem","position":2,"name":"Parduotuv\u0117","item":"https:\/\/vinilozona.lt\/parduotuve\/"},{"@type":"ListItem","position":3,"name":"Focus \u2013 Focus II"}]},{"@type":"WebSite","@id":"https:\/\/vinilozona.lt\/#website","url":"https:\/\/vinilozona.lt\/","name":"Vinilo Zona","description":"Nup\u016bsk dulkes ir klausyk LP","potentialAction":[{"@type":"SearchAction","target":{"@type":"EntryPoint","urlTemplate":"https:\/\/vinilozona.lt\/?s={search_term_string}"},"query-input":{"@type":"PropertyValueSpecification","valueRequired":true,"valueName":"search_term_string"}}],"inLanguage":"en-GB"}]}},"_links":{"self":[{"href":"https:\/\/vinilozona.lt\/en\/wp-json\/wp\/v2\/product\/18920"}],"collection":[{"href":"https:\/\/vinilozona.lt\/en\/wp-json\/wp\/v2\/product"}],"about":[{"href":"https:\/\/vinilozona.lt\/en\/wp-json\/wp\/v2\/types\/product"}],"wp:featuredmedia":[{"embeddable":true,"href":"https:\/\/vinilozona.lt\/en\/wp-json\/wp\/v2\/media\/18921"}],"wp:attachment":[{"href":"https:\/\/vinilozona.lt\/en\/wp-json\/wp\/v2\/media?parent=18920"}],"wp:term":[{"taxonomy":"product_cat","embeddable":true,"href":"https:\/\/vinilozona.lt\/en\/wp-json\/wp\/v2\/product_cat?post=18920"},{"taxonomy":"product_tag","embeddable":true,"href":"https:\/\/vinilozona.lt\/en\/wp-json\/wp\/v2\/product_tag?post=18920"}],"curies":[{"name":"wp","href":"https:\/\/api.w.org\/{rel}","templated":true}]}}