{"id":18861,"date":"2024-09-28T05:10:48","date_gmt":"2024-09-28T02:10:48","guid":{"rendered":"https:\/\/vinilozona.lt\/?post_type=product&#038;p=18861"},"modified":"2024-09-27T11:05:18","modified_gmt":"2024-09-27T08:05:18","slug":"various-metal-ballads","status":"publish","type":"product","link":"https:\/\/vinilozona.lt\/en\/parduotuve\/naujos-lp\/various-metal-ballads\/","title":{"rendered":"Scorpions \u2013 Savage Amusement  LP+CD"},"content":{"rendered":"<p>A1\t\tDon&#8217;t Stop At The Top  4:04<br \/>\nA2\t\tRhythm Of Love  3:50<br \/>\nA3\t\tPassion Rules The Game  4:00<br \/>\nA4\t\tMedia Overkill  3:34<br \/>\nA5\t\tWalking On The Edge  5:09<br \/>\nB1\t\tWe Let It Rock&#8230;You Let It Roll  3:40<br \/>\nB2\t\tEvery Minute Every Day  4:23<br \/>\nB3\t\tLove On The Run  3:38<br \/>\nB4\t\tBelieve In Love  5:23<br \/>\nCD-01\t\tDon&#8217;t Stop At The Top  4:04<br \/>\nCD-02\t\tRhythm Of Love  3:50<br \/>\nCD-03\t\tPassion Rules The Game  4:00<br \/>\nCD-04\t\tMedia Overkill  3:34<br \/>\nCD-05\t\tWalking On The Edge  5:09<br \/>\nCD-06\t\tWe Let It Rock&#8230;You Let It Roll  3:40<br \/>\nCD-07\t\tEvery Minute Every Day  4:23<br \/>\nCD-08\t\tLove On The Run  3:38<br \/>\nCD-09\t\tBelieve In Love  5:23<br \/>\nBonus Tracks<br \/>\nCD-10\t\tTaste Of Love (Demo Song)  4:35<br \/>\nCD-11\t\tEdge Of Time (Demo Version)  3:40<br \/>\nCD-12\t\tFast And Furious (Demo)  3:08<br \/>\nCD-13\t\tDancing With The Moonlight (Demo Version Of &#8222;Dancing With The Moonlight&#8221;)  3:07<br \/>\nCD-14\t\tLiving For Tomorrow (Demo Song)3:37<br \/>\nCD-15\t\tI Can&#8217;t Explain  3:20<\/p>","protected":false},"excerpt":{"rendered":"<p>BMG \u2013 538150201<br \/>\nSeries:\t50th Anniversary Deluxe Editions<br \/>\nFormat:<br \/>\nVinyl, LP, Album, Deluxe Edition, Reissue, Remastered, 180 Gram<br \/>\nCD, Album, Reissue, Remastered<br \/>\nCountry:\tEurope<br \/>\nReleased:\t2015<\/p>","protected":false},"featured_media":25864,"template":"","meta":[],"product_cat":[23],"product_tag":[74],"yoast_head":"<!-- This site is optimized with the Yoast SEO plugin v23.5 - https:\/\/yoast.com\/wordpress\/plugins\/seo\/ -->\n<title>Scorpions \u2013 Savage Amusement LP+CD Vinilin\u0117 Plok\u0161tel\u0117 | Vinilozona.lt<\/title>\n<meta name=\"robots\" content=\"index, follow, max-snippet:-1, max-image-preview:large, max-video-preview:-1\" \/>\n<link rel=\"canonical\" href=\"https:\/\/vinilozona.lt\/en\/parduotuve\/naujos-lp\/various-metal-ballads\/\" \/>\n<meta property=\"og:locale\" content=\"en_GB\" \/>\n<meta property=\"og:type\" content=\"article\" \/>\n<meta property=\"og:title\" content=\"Scorpions \u2013 Savage Amusement LP+CD Vinilin\u0117 Plok\u0161tel\u0117 | Vinilozona.lt\" \/>\n<meta property=\"og:description\" content=\"BMG \u2013 538150201 Series: 50th Anniversary Deluxe Editions Format:  Vinyl, LP, Album, Deluxe Edition, Reissue, Remastered, 180 Gram CD, Album, Reissue, Remastered Country: Europe Released: 2015\" \/>\n<meta property=\"og:url\" content=\"https:\/\/vinilozona.lt\/en\/parduotuve\/naujos-lp\/various-metal-ballads\/\" \/>\n<meta property=\"og:site_name\" content=\"Vinilo Zona\" \/>\n<meta property=\"article:modified_time\" content=\"2024-09-27T08:05:18+00:00\" \/>\n<meta property=\"og:image\" content=\"https:\/\/vinilozona.lt\/wp-content\/uploads\/2023\/06\/R-7692371-1629645294-7734.jpg\" \/>\n\t<meta property=\"og:image:width\" content=\"589\" \/>\n\t<meta property=\"og:image:height\" content=\"599\" \/>\n\t<meta property=\"og:image:type\" content=\"image\/jpeg\" \/>\n<meta name=\"twitter:card\" content=\"summary_large_image\" \/>\n<meta name=\"twitter:label1\" content=\"Estimated reading time\" \/>\n\t<meta name=\"twitter:data1\" content=\"1 minute\" \/>\n<script type=\"application\/ld+json\" class=\"yoast-schema-graph\">{\"@context\":\"https:\/\/schema.org\",\"@graph\":[{\"@type\":\"WebPage\",\"@id\":\"https:\/\/vinilozona.lt\/parduotuve\/naujos-lp\/various-metal-ballads\/\",\"url\":\"https:\/\/vinilozona.lt\/parduotuve\/naujos-lp\/various-metal-ballads\/\",\"name\":\"Scorpions \u2013 Savage Amusement LP+CD Vinilin\u0117 Plok\u0161tel\u0117 | Vinilozona.lt\",\"isPartOf\":{\"@id\":\"https:\/\/vinilozona.lt\/#website\"},\"primaryImageOfPage\":{\"@id\":\"https:\/\/vinilozona.lt\/parduotuve\/naujos-lp\/various-metal-ballads\/#primaryimage\"},\"image\":{\"@id\":\"https:\/\/vinilozona.lt\/parduotuve\/naujos-lp\/various-metal-ballads\/#primaryimage\"},\"thumbnailUrl\":\"https:\/\/vinilozona.lt\/wp-content\/uploads\/2023\/06\/R-7692371-1629645294-7734.jpg\",\"datePublished\":\"2024-09-28T02:10:48+00:00\",\"dateModified\":\"2024-09-27T08:05:18+00:00\",\"breadcrumb\":{\"@id\":\"https:\/\/vinilozona.lt\/parduotuve\/naujos-lp\/various-metal-ballads\/#breadcrumb\"},\"inLanguage\":\"en-GB\",\"potentialAction\":[{\"@type\":\"ReadAction\",\"target\":[\"https:\/\/vinilozona.lt\/parduotuve\/naujos-lp\/various-metal-ballads\/\"]}]},{\"@type\":\"ImageObject\",\"inLanguage\":\"en-GB\",\"@id\":\"https:\/\/vinilozona.lt\/parduotuve\/naujos-lp\/various-metal-ballads\/#primaryimage\",\"url\":\"https:\/\/vinilozona.lt\/wp-content\/uploads\/2023\/06\/R-7692371-1629645294-7734.jpg\",\"contentUrl\":\"https:\/\/vinilozona.lt\/wp-content\/uploads\/2023\/06\/R-7692371-1629645294-7734.jpg\",\"width\":589,\"height\":599},{\"@type\":\"BreadcrumbList\",\"@id\":\"https:\/\/vinilozona.lt\/parduotuve\/naujos-lp\/various-metal-ballads\/#breadcrumb\",\"itemListElement\":[{\"@type\":\"ListItem\",\"position\":1,\"name\":\"Home\",\"item\":\"https:\/\/vinilozona.lt\/\"},{\"@type\":\"ListItem\",\"position\":2,\"name\":\"Parduotuv\u0117\",\"item\":\"https:\/\/vinilozona.lt\/parduotuve\/\"},{\"@type\":\"ListItem\",\"position\":3,\"name\":\"Scorpions \u2013 Savage Amusement LP+CD\"}]},{\"@type\":\"WebSite\",\"@id\":\"https:\/\/vinilozona.lt\/#website\",\"url\":\"https:\/\/vinilozona.lt\/\",\"name\":\"Vinilo Zona\",\"description\":\"Nup\u016bsk dulkes ir klausyk LP\",\"potentialAction\":[{\"@type\":\"SearchAction\",\"target\":{\"@type\":\"EntryPoint\",\"urlTemplate\":\"https:\/\/vinilozona.lt\/?s={search_term_string}\"},\"query-input\":{\"@type\":\"PropertyValueSpecification\",\"valueRequired\":true,\"valueName\":\"search_term_string\"}}],\"inLanguage\":\"en-GB\"}]}<\/script>\n<!-- \/ Yoast SEO plugin. -->","yoast_head_json":{"title":"Scorpions \u2013 Savage Amusement LP+CD Vinilin\u0117 Plok\u0161tel\u0117 | Vinilozona.lt","robots":{"index":"index","follow":"follow","max-snippet":"max-snippet:-1","max-image-preview":"max-image-preview:large","max-video-preview":"max-video-preview:-1"},"canonical":"https:\/\/vinilozona.lt\/en\/parduotuve\/naujos-lp\/various-metal-ballads\/","og_locale":"en_GB","og_type":"article","og_title":"Scorpions \u2013 Savage Amusement LP+CD Vinilin\u0117 Plok\u0161tel\u0117 | Vinilozona.lt","og_description":"BMG \u2013 538150201 Series: 50th Anniversary Deluxe Editions Format:  Vinyl, LP, Album, Deluxe Edition, Reissue, Remastered, 180 Gram CD, Album, Reissue, Remastered Country: Europe Released: 2015","og_url":"https:\/\/vinilozona.lt\/en\/parduotuve\/naujos-lp\/various-metal-ballads\/","og_site_name":"Vinilo Zona","article_modified_time":"2024-09-27T08:05:18+00:00","og_image":[{"width":589,"height":599,"url":"https:\/\/vinilozona.lt\/wp-content\/uploads\/2023\/06\/R-7692371-1629645294-7734.jpg","type":"image\/jpeg"}],"twitter_card":"summary_large_image","twitter_misc":{"Estimated reading time":"1 minute"},"schema":{"@context":"https:\/\/schema.org","@graph":[{"@type":"WebPage","@id":"https:\/\/vinilozona.lt\/parduotuve\/naujos-lp\/various-metal-ballads\/","url":"https:\/\/vinilozona.lt\/parduotuve\/naujos-lp\/various-metal-ballads\/","name":"Scorpions \u2013 Savage Amusement LP+CD Vinilin\u0117 Plok\u0161tel\u0117 | Vinilozona.lt","isPartOf":{"@id":"https:\/\/vinilozona.lt\/#website"},"primaryImageOfPage":{"@id":"https:\/\/vinilozona.lt\/parduotuve\/naujos-lp\/various-metal-ballads\/#primaryimage"},"image":{"@id":"https:\/\/vinilozona.lt\/parduotuve\/naujos-lp\/various-metal-ballads\/#primaryimage"},"thumbnailUrl":"https:\/\/vinilozona.lt\/wp-content\/uploads\/2023\/06\/R-7692371-1629645294-7734.jpg","datePublished":"2024-09-28T02:10:48+00:00","dateModified":"2024-09-27T08:05:18+00:00","breadcrumb":{"@id":"https:\/\/vinilozona.lt\/parduotuve\/naujos-lp\/various-metal-ballads\/#breadcrumb"},"inLanguage":"en-GB","potentialAction":[{"@type":"ReadAction","target":["https:\/\/vinilozona.lt\/parduotuve\/naujos-lp\/various-metal-ballads\/"]}]},{"@type":"ImageObject","inLanguage":"en-GB","@id":"https:\/\/vinilozona.lt\/parduotuve\/naujos-lp\/various-metal-ballads\/#primaryimage","url":"https:\/\/vinilozona.lt\/wp-content\/uploads\/2023\/06\/R-7692371-1629645294-7734.jpg","contentUrl":"https:\/\/vinilozona.lt\/wp-content\/uploads\/2023\/06\/R-7692371-1629645294-7734.jpg","width":589,"height":599},{"@type":"BreadcrumbList","@id":"https:\/\/vinilozona.lt\/parduotuve\/naujos-lp\/various-metal-ballads\/#breadcrumb","itemListElement":[{"@type":"ListItem","position":1,"name":"Home","item":"https:\/\/vinilozona.lt\/"},{"@type":"ListItem","position":2,"name":"Parduotuv\u0117","item":"https:\/\/vinilozona.lt\/parduotuve\/"},{"@type":"ListItem","position":3,"name":"Scorpions \u2013 Savage Amusement LP+CD"}]},{"@type":"WebSite","@id":"https:\/\/vinilozona.lt\/#website","url":"https:\/\/vinilozona.lt\/","name":"Vinilo Zona","description":"Nup\u016bsk dulkes ir klausyk LP","potentialAction":[{"@type":"SearchAction","target":{"@type":"EntryPoint","urlTemplate":"https:\/\/vinilozona.lt\/?s={search_term_string}"},"query-input":{"@type":"PropertyValueSpecification","valueRequired":true,"valueName":"search_term_string"}}],"inLanguage":"en-GB"}]}},"_links":{"self":[{"href":"https:\/\/vinilozona.lt\/en\/wp-json\/wp\/v2\/product\/18861"}],"collection":[{"href":"https:\/\/vinilozona.lt\/en\/wp-json\/wp\/v2\/product"}],"about":[{"href":"https:\/\/vinilozona.lt\/en\/wp-json\/wp\/v2\/types\/product"}],"wp:featuredmedia":[{"embeddable":true,"href":"https:\/\/vinilozona.lt\/en\/wp-json\/wp\/v2\/media\/25864"}],"wp:attachment":[{"href":"https:\/\/vinilozona.lt\/en\/wp-json\/wp\/v2\/media?parent=18861"}],"wp:term":[{"taxonomy":"product_cat","embeddable":true,"href":"https:\/\/vinilozona.lt\/en\/wp-json\/wp\/v2\/product_cat?post=18861"},{"taxonomy":"product_tag","embeddable":true,"href":"https:\/\/vinilozona.lt\/en\/wp-json\/wp\/v2\/product_tag?post=18861"}],"curies":[{"name":"wp","href":"https:\/\/api.w.org\/{rel}","templated":true}]}}