{"id":18776,"date":"2026-03-10T05:01:26","date_gmt":"2026-03-10T03:01:26","guid":{"rendered":"https:\/\/vinilozona.lt\/?post_type=product&#038;p=18776"},"modified":"2026-03-10T06:39:32","modified_gmt":"2026-03-10T04:39:32","slug":"bjork-biophilia-live","status":"publish","type":"product","link":"https:\/\/vinilozona.lt\/en\/parduotuve\/naujos-lp\/bjork-biophilia-live\/","title":{"rendered":"Bj\u00f6rk \u2013 Biophilia Live"},"content":{"rendered":"<p>A1\t\tOskasteinn<br \/>\nA2\t\tThunderbolt<br \/>\nA3\t\tMoon<br \/>\nA4\t\tCrystalline<br \/>\nB1\t\tHollow<br \/>\nB2\t\tDark Matter<br \/>\nB3\t\tHidden Place<br \/>\nC1\t\tVirus<br \/>\nC2\t\tPossibly Maybe<br \/>\nC3\t\tMouth&#8217;s Cradle<br \/>\nD1\t\tIsobel<br \/>\nD2\t\tSonnets \/ Unrealities<br \/>\nD3\t\tMutual Core<br \/>\nE1\t\tCosmogony<br \/>\nE2\t\tSolstice<br \/>\nE3\t\tOne Day<br \/>\nF1\t\tNattura<br \/>\nF2\t\tDeclare Independence<br \/>\nF3\t\tSacrifice<br \/>\nF4\t\tBat Sounds<br \/>\nFeaturing \u2013 Jeremy Deller<br \/>\nDVD-1\t\tOskasteinn<br \/>\nDVD-2\t\tThunderbolt<br \/>\nDVD-3\t\tMoon<br \/>\nDVD-4\t\tCrystalline<br \/>\nDVD-5\t\tHollow<br \/>\nDVD-6\t\tDark Matter<br \/>\nDVD-7\t\tHidden Place<br \/>\nDVD-8\t\tVirus<br \/>\nDVD-9\t\tPossibly Maybe<br \/>\nDVD-10\t\tMouth&#8217;s Cradle<br \/>\nDVD-11\t\tIsobel<br \/>\nDVD-12\t\tSonnets \/ Unrealities<br \/>\nDVD-13\t\tMutual Core<br \/>\nDVD-14\t\tCosmogony<br \/>\nDVD-15\t\tSolstice<br \/>\nDVD-16\t\tOne Day<br \/>\nDVD-17\t\tNattura<br \/>\nDVD-18\t\tDeclare Independence<br \/>\nDVD-19\t\tSacrifice<br \/>\nDVD-20\t\tBat Sounds<\/p>","protected":false},"excerpt":{"rendered":"<p>One Little Indian \u2013 tplp1221<br \/>\nFormat:<br \/>\n3 x Vinyl, LP, Album<br \/>\nDVD, DVD-Video, Multichannel, Album, Stereo<br \/>\nCountry:\tUK &#038; US<br \/>\nReleased:\tNov 24, 2014<\/p>","protected":false},"featured_media":18777,"template":"","meta":[],"product_cat":[23],"product_tag":[74],"yoast_head":"<!-- This site is optimized with the Yoast SEO plugin v23.5 - https:\/\/yoast.com\/wordpress\/plugins\/seo\/ -->\n<title>Bj\u00f6rk \u2013 Biophilia Live Vinilin\u0117 Plok\u0161tel\u0117 | Vinilozona.lt<\/title>\n<meta name=\"robots\" content=\"index, follow, max-snippet:-1, max-image-preview:large, max-video-preview:-1\" \/>\n<link rel=\"canonical\" href=\"https:\/\/vinilozona.lt\/en\/parduotuve\/naujos-lp\/bjork-biophilia-live\/\" \/>\n<meta property=\"og:locale\" content=\"en_GB\" \/>\n<meta property=\"og:type\" content=\"article\" \/>\n<meta property=\"og:title\" content=\"Bj\u00f6rk \u2013 Biophilia Live Vinilin\u0117 Plok\u0161tel\u0117 | Vinilozona.lt\" \/>\n<meta property=\"og:description\" content=\"One Little Indian \u2013 tplp1221 Format:  3 x Vinyl, LP, Album DVD, DVD-Video, Multichannel, Album, Stereo Country: UK &amp; US Released: Nov 24, 2014\" \/>\n<meta property=\"og:url\" content=\"https:\/\/vinilozona.lt\/en\/parduotuve\/naujos-lp\/bjork-biophilia-live\/\" \/>\n<meta property=\"og:site_name\" content=\"Vinilo Zona\" \/>\n<meta property=\"article:modified_time\" content=\"2026-03-10T04:39:32+00:00\" \/>\n<meta property=\"og:image\" content=\"https:\/\/vinilozona.lt\/wp-content\/uploads\/2022\/04\/R-6369731-1647198351-5601.jpg\" \/>\n\t<meta property=\"og:image:width\" content=\"600\" \/>\n\t<meta property=\"og:image:height\" content=\"591\" \/>\n\t<meta property=\"og:image:type\" content=\"image\/jpeg\" \/>\n<meta name=\"twitter:card\" content=\"summary_large_image\" \/>\n<meta name=\"twitter:label1\" content=\"Estimated reading time\" \/>\n\t<meta name=\"twitter:data1\" content=\"1 minute\" \/>\n<script type=\"application\/ld+json\" class=\"yoast-schema-graph\">{\"@context\":\"https:\/\/schema.org\",\"@graph\":[{\"@type\":\"WebPage\",\"@id\":\"https:\/\/vinilozona.lt\/parduotuve\/naujos-lp\/bjork-biophilia-live\/\",\"url\":\"https:\/\/vinilozona.lt\/parduotuve\/naujos-lp\/bjork-biophilia-live\/\",\"name\":\"Bj\u00f6rk \u2013 Biophilia Live Vinilin\u0117 Plok\u0161tel\u0117 | Vinilozona.lt\",\"isPartOf\":{\"@id\":\"https:\/\/vinilozona.lt\/#website\"},\"primaryImageOfPage\":{\"@id\":\"https:\/\/vinilozona.lt\/parduotuve\/naujos-lp\/bjork-biophilia-live\/#primaryimage\"},\"image\":{\"@id\":\"https:\/\/vinilozona.lt\/parduotuve\/naujos-lp\/bjork-biophilia-live\/#primaryimage\"},\"thumbnailUrl\":\"https:\/\/vinilozona.lt\/wp-content\/uploads\/2022\/04\/R-6369731-1647198351-5601.jpg\",\"datePublished\":\"2026-03-10T03:01:26+00:00\",\"dateModified\":\"2026-03-10T04:39:32+00:00\",\"breadcrumb\":{\"@id\":\"https:\/\/vinilozona.lt\/parduotuve\/naujos-lp\/bjork-biophilia-live\/#breadcrumb\"},\"inLanguage\":\"en-GB\",\"potentialAction\":[{\"@type\":\"ReadAction\",\"target\":[\"https:\/\/vinilozona.lt\/parduotuve\/naujos-lp\/bjork-biophilia-live\/\"]}]},{\"@type\":\"ImageObject\",\"inLanguage\":\"en-GB\",\"@id\":\"https:\/\/vinilozona.lt\/parduotuve\/naujos-lp\/bjork-biophilia-live\/#primaryimage\",\"url\":\"https:\/\/vinilozona.lt\/wp-content\/uploads\/2022\/04\/R-6369731-1647198351-5601.jpg\",\"contentUrl\":\"https:\/\/vinilozona.lt\/wp-content\/uploads\/2022\/04\/R-6369731-1647198351-5601.jpg\",\"width\":600,\"height\":591},{\"@type\":\"BreadcrumbList\",\"@id\":\"https:\/\/vinilozona.lt\/parduotuve\/naujos-lp\/bjork-biophilia-live\/#breadcrumb\",\"itemListElement\":[{\"@type\":\"ListItem\",\"position\":1,\"name\":\"Home\",\"item\":\"https:\/\/vinilozona.lt\/\"},{\"@type\":\"ListItem\",\"position\":2,\"name\":\"Parduotuv\u0117\",\"item\":\"https:\/\/vinilozona.lt\/parduotuve\/\"},{\"@type\":\"ListItem\",\"position\":3,\"name\":\"Bj\u00f6rk \u2013 Biophilia Live\"}]},{\"@type\":\"WebSite\",\"@id\":\"https:\/\/vinilozona.lt\/#website\",\"url\":\"https:\/\/vinilozona.lt\/\",\"name\":\"Vinilo Zona\",\"description\":\"Nup\u016bsk dulkes ir klausyk LP\",\"potentialAction\":[{\"@type\":\"SearchAction\",\"target\":{\"@type\":\"EntryPoint\",\"urlTemplate\":\"https:\/\/vinilozona.lt\/?s={search_term_string}\"},\"query-input\":{\"@type\":\"PropertyValueSpecification\",\"valueRequired\":true,\"valueName\":\"search_term_string\"}}],\"inLanguage\":\"en-GB\"}]}<\/script>\n<!-- \/ Yoast SEO plugin. -->","yoast_head_json":{"title":"Bj\u00f6rk \u2013 Biophilia Live Vinilin\u0117 Plok\u0161tel\u0117 | Vinilozona.lt","robots":{"index":"index","follow":"follow","max-snippet":"max-snippet:-1","max-image-preview":"max-image-preview:large","max-video-preview":"max-video-preview:-1"},"canonical":"https:\/\/vinilozona.lt\/en\/parduotuve\/naujos-lp\/bjork-biophilia-live\/","og_locale":"en_GB","og_type":"article","og_title":"Bj\u00f6rk \u2013 Biophilia Live Vinilin\u0117 Plok\u0161tel\u0117 | Vinilozona.lt","og_description":"One Little Indian \u2013 tplp1221 Format:  3 x Vinyl, LP, Album DVD, DVD-Video, Multichannel, Album, Stereo Country: UK & US Released: Nov 24, 2014","og_url":"https:\/\/vinilozona.lt\/en\/parduotuve\/naujos-lp\/bjork-biophilia-live\/","og_site_name":"Vinilo Zona","article_modified_time":"2026-03-10T04:39:32+00:00","og_image":[{"width":600,"height":591,"url":"https:\/\/vinilozona.lt\/wp-content\/uploads\/2022\/04\/R-6369731-1647198351-5601.jpg","type":"image\/jpeg"}],"twitter_card":"summary_large_image","twitter_misc":{"Estimated reading time":"1 minute"},"schema":{"@context":"https:\/\/schema.org","@graph":[{"@type":"WebPage","@id":"https:\/\/vinilozona.lt\/parduotuve\/naujos-lp\/bjork-biophilia-live\/","url":"https:\/\/vinilozona.lt\/parduotuve\/naujos-lp\/bjork-biophilia-live\/","name":"Bj\u00f6rk \u2013 Biophilia Live Vinilin\u0117 Plok\u0161tel\u0117 | Vinilozona.lt","isPartOf":{"@id":"https:\/\/vinilozona.lt\/#website"},"primaryImageOfPage":{"@id":"https:\/\/vinilozona.lt\/parduotuve\/naujos-lp\/bjork-biophilia-live\/#primaryimage"},"image":{"@id":"https:\/\/vinilozona.lt\/parduotuve\/naujos-lp\/bjork-biophilia-live\/#primaryimage"},"thumbnailUrl":"https:\/\/vinilozona.lt\/wp-content\/uploads\/2022\/04\/R-6369731-1647198351-5601.jpg","datePublished":"2026-03-10T03:01:26+00:00","dateModified":"2026-03-10T04:39:32+00:00","breadcrumb":{"@id":"https:\/\/vinilozona.lt\/parduotuve\/naujos-lp\/bjork-biophilia-live\/#breadcrumb"},"inLanguage":"en-GB","potentialAction":[{"@type":"ReadAction","target":["https:\/\/vinilozona.lt\/parduotuve\/naujos-lp\/bjork-biophilia-live\/"]}]},{"@type":"ImageObject","inLanguage":"en-GB","@id":"https:\/\/vinilozona.lt\/parduotuve\/naujos-lp\/bjork-biophilia-live\/#primaryimage","url":"https:\/\/vinilozona.lt\/wp-content\/uploads\/2022\/04\/R-6369731-1647198351-5601.jpg","contentUrl":"https:\/\/vinilozona.lt\/wp-content\/uploads\/2022\/04\/R-6369731-1647198351-5601.jpg","width":600,"height":591},{"@type":"BreadcrumbList","@id":"https:\/\/vinilozona.lt\/parduotuve\/naujos-lp\/bjork-biophilia-live\/#breadcrumb","itemListElement":[{"@type":"ListItem","position":1,"name":"Home","item":"https:\/\/vinilozona.lt\/"},{"@type":"ListItem","position":2,"name":"Parduotuv\u0117","item":"https:\/\/vinilozona.lt\/parduotuve\/"},{"@type":"ListItem","position":3,"name":"Bj\u00f6rk \u2013 Biophilia Live"}]},{"@type":"WebSite","@id":"https:\/\/vinilozona.lt\/#website","url":"https:\/\/vinilozona.lt\/","name":"Vinilo Zona","description":"Nup\u016bsk dulkes ir klausyk LP","potentialAction":[{"@type":"SearchAction","target":{"@type":"EntryPoint","urlTemplate":"https:\/\/vinilozona.lt\/?s={search_term_string}"},"query-input":{"@type":"PropertyValueSpecification","valueRequired":true,"valueName":"search_term_string"}}],"inLanguage":"en-GB"}]}},"_links":{"self":[{"href":"https:\/\/vinilozona.lt\/en\/wp-json\/wp\/v2\/product\/18776"}],"collection":[{"href":"https:\/\/vinilozona.lt\/en\/wp-json\/wp\/v2\/product"}],"about":[{"href":"https:\/\/vinilozona.lt\/en\/wp-json\/wp\/v2\/types\/product"}],"wp:featuredmedia":[{"embeddable":true,"href":"https:\/\/vinilozona.lt\/en\/wp-json\/wp\/v2\/media\/18777"}],"wp:attachment":[{"href":"https:\/\/vinilozona.lt\/en\/wp-json\/wp\/v2\/media?parent=18776"}],"wp:term":[{"taxonomy":"product_cat","embeddable":true,"href":"https:\/\/vinilozona.lt\/en\/wp-json\/wp\/v2\/product_cat?post=18776"},{"taxonomy":"product_tag","embeddable":true,"href":"https:\/\/vinilozona.lt\/en\/wp-json\/wp\/v2\/product_tag?post=18776"}],"curies":[{"name":"wp","href":"https:\/\/api.w.org\/{rel}","templated":true}]}}